{"id":131,"date":"2011-09-23T13:02:34","date_gmt":"2011-09-23T23:02:34","guid":{"rendered":"http:\/\/blogsksbeedu.wpenginepowered.com\/shcalina\/?page_id=131"},"modified":"2013-05-17T15:15:36","modified_gmt":"2013-05-18T01:15:36","slug":"scripture","status":"publish","type":"page","link":"https:\/\/blogs.ksbe.edu\/shcalina\/papa-elima\/scripture\/","title":{"rendered":"Scripture"},"content":{"rendered":"<p>Students will learn their grade level scripture in English and Hawaiian.\u00a0 Their kuleana is to practice their scripture to be able to recite it from memory.\u00a0 We work on the English first, then the Hawaiian.\u00a0 Start practicing today!<\/p>\n<p>Matthew 5:16<\/p>\n<p>\u201cIn the same way, let your light shine before men, that they may see your good deeds and praise your Father in heaven.\u201d<\/p>\n<p>Mataio, mokuna &#8216;elima, pauk\u016b &#8216;umi k\u016bm\u0101 ono<\/p>\n<p>\u201cP\u0113l\u0101 \u02bboukou e ho\u02bb\u0101k\u0101ka aku ai i ko \u02bboukou m\u0101lamalama i mua o n\u0101 k\u0101naka, i \u02bbike mai ai l\u0101kou i k\u0101 \u02bboukou hana maika\u02bbi \u02bbana, a i ho\u02bbonani aku ho\u02bbi l\u0101kou i ko \u02bboukou Makua i ka lani.&#8221;<\/p>\n","protected":false},"excerpt":{"rendered":"<p>Students will learn their grade level scripture in English and Hawaiian.\u00a0 Their kuleana is to practice their scripture to be able to recite it from memory.\u00a0 We work on the English first, then the Hawaiian.\u00a0 Start practicing today! Matthew 5:16 &hellip; <a href=\"https:\/\/blogs.ksbe.edu\/shcalina\/papa-elima\/scripture\/\">Continue reading <span class=\"meta-nav\">&rarr;<\/span><\/a><\/p>\n","protected":false},"author":559,"featured_media":0,"parent":91,"menu_order":0,"comment_status":"open","ping_status":"open","template":"","meta":{"footnotes":""},"class_list":["post-131","page","type-page","status-publish","hentry"],"yoast_head":"<!-- This site is optimized with the Yoast SEO plugin v25.8 - https:\/\/yoast.com\/wordpress\/plugins\/seo\/ -->\n<title>Scripture - Shonnie Calina (Miss Shonnie)<\/title>\n<meta name=\"robots\" content=\"index, follow, max-snippet:-1, max-image-preview:large, max-video-preview:-1\" \/>\n<link rel=\"canonical\" href=\"https:\/\/blogs.ksbe.edu\/shcalina\/papa-elima\/scripture\/\" \/>\n<meta property=\"og:locale\" content=\"en_US\" \/>\n<meta property=\"og:type\" content=\"article\" \/>\n<meta property=\"og:title\" content=\"Scripture - Shonnie Calina (Miss Shonnie)\" \/>\n<meta property=\"og:description\" content=\"Students will learn their grade level scripture in English and Hawaiian.\u00a0 Their kuleana is to practice their scripture to be able to recite it from memory.\u00a0 We work on the English first, then the Hawaiian.\u00a0 Start practicing today! Matthew 5:16 &hellip; Continue reading &rarr;\" \/>\n<meta property=\"og:url\" content=\"https:\/\/blogs.ksbe.edu\/shcalina\/papa-elima\/scripture\/\" \/>\n<meta property=\"og:site_name\" content=\"Shonnie Calina (Miss Shonnie)\" \/>\n<meta property=\"article:modified_time\" content=\"2013-05-18T01:15:36+00:00\" \/>\n<meta name=\"twitter:card\" content=\"summary_large_image\" \/>\n<meta name=\"twitter:label1\" content=\"Est. reading time\" \/>\n\t<meta name=\"twitter:data1\" content=\"1 minute\" \/>\n<script type=\"application\/ld+json\" class=\"yoast-schema-graph\">{\"@context\":\"https:\/\/schema.org\",\"@graph\":[{\"@type\":\"WebPage\",\"@id\":\"https:\/\/blogs.ksbe.edu\/shcalina\/papa-elima\/scripture\/\",\"url\":\"https:\/\/blogs.ksbe.edu\/shcalina\/papa-elima\/scripture\/\",\"name\":\"Scripture - Shonnie Calina (Miss Shonnie)\",\"isPartOf\":{\"@id\":\"https:\/\/blogs.ksbe.edu\/shcalina\/#website\"},\"datePublished\":\"2011-09-23T23:02:34+00:00\",\"dateModified\":\"2013-05-18T01:15:36+00:00\",\"breadcrumb\":{\"@id\":\"https:\/\/blogs.ksbe.edu\/shcalina\/papa-elima\/scripture\/#breadcrumb\"},\"inLanguage\":\"en-US\",\"potentialAction\":[{\"@type\":\"ReadAction\",\"target\":[\"https:\/\/blogs.ksbe.edu\/shcalina\/papa-elima\/scripture\/\"]}]},{\"@type\":\"BreadcrumbList\",\"@id\":\"https:\/\/blogs.ksbe.edu\/shcalina\/papa-elima\/scripture\/#breadcrumb\",\"itemListElement\":[{\"@type\":\"ListItem\",\"position\":1,\"name\":\"Home\",\"item\":\"https:\/\/blogs.ksbe.edu\/shcalina\/\"},{\"@type\":\"ListItem\",\"position\":2,\"name\":\"Papa &#8216;Elima\",\"item\":\"https:\/\/blogs.ksbe.edu\/shcalina\/papa-elima\/\"},{\"@type\":\"ListItem\",\"position\":3,\"name\":\"Scripture\"}]},{\"@type\":\"WebSite\",\"@id\":\"https:\/\/blogs.ksbe.edu\/shcalina\/#website\",\"url\":\"https:\/\/blogs.ksbe.edu\/shcalina\/\",\"name\":\"Shonnie Calina (Miss Shonnie)\",\"description\":\"Christian Education\/Jesus Loves You!\",\"potentialAction\":[{\"@type\":\"SearchAction\",\"target\":{\"@type\":\"EntryPoint\",\"urlTemplate\":\"https:\/\/blogs.ksbe.edu\/shcalina\/?s={search_term_string}\"},\"query-input\":{\"@type\":\"PropertyValueSpecification\",\"valueRequired\":true,\"valueName\":\"search_term_string\"}}],\"inLanguage\":\"en-US\"}]}<\/script>\n<!-- \/ Yoast SEO plugin. -->","yoast_head_json":{"title":"Scripture - Shonnie Calina (Miss Shonnie)","robots":{"index":"index","follow":"follow","max-snippet":"max-snippet:-1","max-image-preview":"max-image-preview:large","max-video-preview":"max-video-preview:-1"},"canonical":"https:\/\/blogs.ksbe.edu\/shcalina\/papa-elima\/scripture\/","og_locale":"en_US","og_type":"article","og_title":"Scripture - Shonnie Calina (Miss Shonnie)","og_description":"Students will learn their grade level scripture in English and Hawaiian.\u00a0 Their kuleana is to practice their scripture to be able to recite it from memory.\u00a0 We work on the English first, then the Hawaiian.\u00a0 Start practicing today! Matthew 5:16 &hellip; Continue reading &rarr;","og_url":"https:\/\/blogs.ksbe.edu\/shcalina\/papa-elima\/scripture\/","og_site_name":"Shonnie Calina (Miss Shonnie)","article_modified_time":"2013-05-18T01:15:36+00:00","twitter_card":"summary_large_image","twitter_misc":{"Est. reading time":"1 minute"},"schema":{"@context":"https:\/\/schema.org","@graph":[{"@type":"WebPage","@id":"https:\/\/blogs.ksbe.edu\/shcalina\/papa-elima\/scripture\/","url":"https:\/\/blogs.ksbe.edu\/shcalina\/papa-elima\/scripture\/","name":"Scripture - Shonnie Calina (Miss Shonnie)","isPartOf":{"@id":"https:\/\/blogs.ksbe.edu\/shcalina\/#website"},"datePublished":"2011-09-23T23:02:34+00:00","dateModified":"2013-05-18T01:15:36+00:00","breadcrumb":{"@id":"https:\/\/blogs.ksbe.edu\/shcalina\/papa-elima\/scripture\/#breadcrumb"},"inLanguage":"en-US","potentialAction":[{"@type":"ReadAction","target":["https:\/\/blogs.ksbe.edu\/shcalina\/papa-elima\/scripture\/"]}]},{"@type":"BreadcrumbList","@id":"https:\/\/blogs.ksbe.edu\/shcalina\/papa-elima\/scripture\/#breadcrumb","itemListElement":[{"@type":"ListItem","position":1,"name":"Home","item":"https:\/\/blogs.ksbe.edu\/shcalina\/"},{"@type":"ListItem","position":2,"name":"Papa &#8216;Elima","item":"https:\/\/blogs.ksbe.edu\/shcalina\/papa-elima\/"},{"@type":"ListItem","position":3,"name":"Scripture"}]},{"@type":"WebSite","@id":"https:\/\/blogs.ksbe.edu\/shcalina\/#website","url":"https:\/\/blogs.ksbe.edu\/shcalina\/","name":"Shonnie Calina (Miss Shonnie)","description":"Christian Education\/Jesus Loves You!","potentialAction":[{"@type":"SearchAction","target":{"@type":"EntryPoint","urlTemplate":"https:\/\/blogs.ksbe.edu\/shcalina\/?s={search_term_string}"},"query-input":{"@type":"PropertyValueSpecification","valueRequired":true,"valueName":"search_term_string"}}],"inLanguage":"en-US"}]}},"_links":{"self":[{"href":"https:\/\/blogs.ksbe.edu\/shcalina\/wp-json\/wp\/v2\/pages\/131","targetHints":{"allow":["GET"]}}],"collection":[{"href":"https:\/\/blogs.ksbe.edu\/shcalina\/wp-json\/wp\/v2\/pages"}],"about":[{"href":"https:\/\/blogs.ksbe.edu\/shcalina\/wp-json\/wp\/v2\/types\/page"}],"author":[{"embeddable":true,"href":"https:\/\/blogs.ksbe.edu\/shcalina\/wp-json\/wp\/v2\/users\/559"}],"replies":[{"embeddable":true,"href":"https:\/\/blogs.ksbe.edu\/shcalina\/wp-json\/wp\/v2\/comments?post=131"}],"version-history":[{"count":0,"href":"https:\/\/blogs.ksbe.edu\/shcalina\/wp-json\/wp\/v2\/pages\/131\/revisions"}],"up":[{"embeddable":true,"href":"https:\/\/blogs.ksbe.edu\/shcalina\/wp-json\/wp\/v2\/pages\/91"}],"wp:attachment":[{"href":"https:\/\/blogs.ksbe.edu\/shcalina\/wp-json\/wp\/v2\/media?parent=131"}],"curies":[{"name":"wp","href":"https:\/\/api.w.org\/{rel}","templated":true}]}}