{"id":870,"date":"2013-02-08T13:26:50","date_gmt":"2013-02-08T23:26:50","guid":{"rendered":"http:\/\/blogsksbeedu.wpenginepowered.com\/roprais\/?page_id=870"},"modified":"2013-02-08T13:27:57","modified_gmt":"2013-02-08T23:27:57","slug":"what-stumped-the-bluejays","status":"publish","type":"page","link":"https:\/\/blogs.ksbe.edu\/roprais\/what-stumped-the-bluejays\/","title":{"rendered":"What Stumped the Bluejays"},"content":{"rendered":"<p>Click on the link below for a copy of the story.<br \/>\n<a href=\"http:\/\/blogs.ksbe.edu\/roprais\/files\/2013\/02\/What-Stumped-the-Bluejays-Story.pdf\">What Stumped the Bluejays Story<\/a><\/p>\n<p><a href=\"http:\/\/blogs.ksbe.edu\/roprais\/files\/2013\/02\/under-construction-sign.jpg\"><img loading=\"lazy\" decoding=\"async\" class=\"aligncenter size-medium wp-image-873\" alt=\"under construction sign\" src=\"http:\/\/blogs.ksbe.edu\/roprais\/files\/2013\/02\/under-construction-sign-300x245.jpg\" width=\"300\" height=\"245\" \/><\/a><\/p>\n","protected":false},"excerpt":{"rendered":"<p>Click on the link below for a copy of the story. What Stumped the Bluejays Story<\/p>\n","protected":false},"author":318,"featured_media":0,"parent":0,"menu_order":0,"comment_status":"open","ping_status":"open","template":"","meta":{"footnotes":""},"class_list":["post-870","page","type-page","status-publish","hentry"],"yoast_head":"<!-- This site is optimized with the Yoast SEO plugin v25.8 - https:\/\/yoast.com\/wordpress\/plugins\/seo\/ -->\n<title>What Stumped the Bluejays - Kumu Robin Prais, \u02bb\u014clelo Papa Pelekane 8<\/title>\n<meta name=\"robots\" content=\"index, follow, max-snippet:-1, max-image-preview:large, max-video-preview:-1\" \/>\n<link rel=\"canonical\" href=\"https:\/\/blogs.ksbe.edu\/roprais\/what-stumped-the-bluejays\/\" \/>\n<meta property=\"og:locale\" content=\"en_US\" \/>\n<meta property=\"og:type\" content=\"article\" \/>\n<meta property=\"og:title\" content=\"What Stumped the Bluejays - Kumu Robin Prais, \u02bb\u014clelo Papa Pelekane 8\" \/>\n<meta property=\"og:description\" content=\"Click on the link below for a copy of the story. What Stumped the Bluejays Story\" \/>\n<meta property=\"og:url\" content=\"https:\/\/blogs.ksbe.edu\/roprais\/what-stumped-the-bluejays\/\" \/>\n<meta property=\"og:site_name\" content=\"Kumu Robin Prais, \u02bb\u014clelo Papa Pelekane 8\" \/>\n<meta property=\"article:modified_time\" content=\"2013-02-08T23:27:57+00:00\" \/>\n<meta property=\"og:image\" content=\"http:\/\/blogs.ksbe.edu\/roprais\/files\/2013\/02\/under-construction-sign-300x245.jpg\" \/>\n<meta name=\"twitter:card\" content=\"summary_large_image\" \/>\n<script type=\"application\/ld+json\" class=\"yoast-schema-graph\">{\"@context\":\"https:\/\/schema.org\",\"@graph\":[{\"@type\":\"WebPage\",\"@id\":\"https:\/\/blogs.ksbe.edu\/roprais\/what-stumped-the-bluejays\/\",\"url\":\"https:\/\/blogs.ksbe.edu\/roprais\/what-stumped-the-bluejays\/\",\"name\":\"What Stumped the Bluejays - Kumu Robin Prais, \u02bb\u014clelo Papa Pelekane 8\",\"isPartOf\":{\"@id\":\"https:\/\/blogs.ksbe.edu\/roprais\/#website\"},\"primaryImageOfPage\":{\"@id\":\"https:\/\/blogs.ksbe.edu\/roprais\/what-stumped-the-bluejays\/#primaryimage\"},\"image\":{\"@id\":\"https:\/\/blogs.ksbe.edu\/roprais\/what-stumped-the-bluejays\/#primaryimage\"},\"thumbnailUrl\":\"http:\/\/blogs.ksbe.edu\/roprais\/files\/2013\/02\/under-construction-sign-300x245.jpg\",\"datePublished\":\"2013-02-08T23:26:50+00:00\",\"dateModified\":\"2013-02-08T23:27:57+00:00\",\"breadcrumb\":{\"@id\":\"https:\/\/blogs.ksbe.edu\/roprais\/what-stumped-the-bluejays\/#breadcrumb\"},\"inLanguage\":\"en-US\",\"potentialAction\":[{\"@type\":\"ReadAction\",\"target\":[\"https:\/\/blogs.ksbe.edu\/roprais\/what-stumped-the-bluejays\/\"]}]},{\"@type\":\"ImageObject\",\"inLanguage\":\"en-US\",\"@id\":\"https:\/\/blogs.ksbe.edu\/roprais\/what-stumped-the-bluejays\/#primaryimage\",\"url\":\"http:\/\/blogs.ksbe.edu\/roprais\/files\/2013\/02\/under-construction-sign-300x245.jpg\",\"contentUrl\":\"http:\/\/blogs.ksbe.edu\/roprais\/files\/2013\/02\/under-construction-sign-300x245.jpg\"},{\"@type\":\"BreadcrumbList\",\"@id\":\"https:\/\/blogs.ksbe.edu\/roprais\/what-stumped-the-bluejays\/#breadcrumb\",\"itemListElement\":[{\"@type\":\"ListItem\",\"position\":1,\"name\":\"Home\",\"item\":\"https:\/\/blogs.ksbe.edu\/roprais\/\"},{\"@type\":\"ListItem\",\"position\":2,\"name\":\"What Stumped the Bluejays\"}]},{\"@type\":\"WebSite\",\"@id\":\"https:\/\/blogs.ksbe.edu\/roprais\/#website\",\"url\":\"https:\/\/blogs.ksbe.edu\/roprais\/\",\"name\":\"Kumu Robin Prais, \u02bb\u014clelo Papa Pelekane 8\",\"description\":\"M\u0101lama, M\u0101kaukau, Mana&#039;o Lau L\u0101\",\"potentialAction\":[{\"@type\":\"SearchAction\",\"target\":{\"@type\":\"EntryPoint\",\"urlTemplate\":\"https:\/\/blogs.ksbe.edu\/roprais\/?s={search_term_string}\"},\"query-input\":{\"@type\":\"PropertyValueSpecification\",\"valueRequired\":true,\"valueName\":\"search_term_string\"}}],\"inLanguage\":\"en-US\"}]}<\/script>\n<!-- \/ Yoast SEO plugin. -->","yoast_head_json":{"title":"What Stumped the Bluejays - Kumu Robin Prais, \u02bb\u014clelo Papa Pelekane 8","robots":{"index":"index","follow":"follow","max-snippet":"max-snippet:-1","max-image-preview":"max-image-preview:large","max-video-preview":"max-video-preview:-1"},"canonical":"https:\/\/blogs.ksbe.edu\/roprais\/what-stumped-the-bluejays\/","og_locale":"en_US","og_type":"article","og_title":"What Stumped the Bluejays - Kumu Robin Prais, \u02bb\u014clelo Papa Pelekane 8","og_description":"Click on the link below for a copy of the story. What Stumped the Bluejays Story","og_url":"https:\/\/blogs.ksbe.edu\/roprais\/what-stumped-the-bluejays\/","og_site_name":"Kumu Robin Prais, \u02bb\u014clelo Papa Pelekane 8","article_modified_time":"2013-02-08T23:27:57+00:00","og_image":[{"url":"http:\/\/blogs.ksbe.edu\/roprais\/files\/2013\/02\/under-construction-sign-300x245.jpg","type":"","width":"","height":""}],"twitter_card":"summary_large_image","schema":{"@context":"https:\/\/schema.org","@graph":[{"@type":"WebPage","@id":"https:\/\/blogs.ksbe.edu\/roprais\/what-stumped-the-bluejays\/","url":"https:\/\/blogs.ksbe.edu\/roprais\/what-stumped-the-bluejays\/","name":"What Stumped the Bluejays - Kumu Robin Prais, \u02bb\u014clelo Papa Pelekane 8","isPartOf":{"@id":"https:\/\/blogs.ksbe.edu\/roprais\/#website"},"primaryImageOfPage":{"@id":"https:\/\/blogs.ksbe.edu\/roprais\/what-stumped-the-bluejays\/#primaryimage"},"image":{"@id":"https:\/\/blogs.ksbe.edu\/roprais\/what-stumped-the-bluejays\/#primaryimage"},"thumbnailUrl":"http:\/\/blogs.ksbe.edu\/roprais\/files\/2013\/02\/under-construction-sign-300x245.jpg","datePublished":"2013-02-08T23:26:50+00:00","dateModified":"2013-02-08T23:27:57+00:00","breadcrumb":{"@id":"https:\/\/blogs.ksbe.edu\/roprais\/what-stumped-the-bluejays\/#breadcrumb"},"inLanguage":"en-US","potentialAction":[{"@type":"ReadAction","target":["https:\/\/blogs.ksbe.edu\/roprais\/what-stumped-the-bluejays\/"]}]},{"@type":"ImageObject","inLanguage":"en-US","@id":"https:\/\/blogs.ksbe.edu\/roprais\/what-stumped-the-bluejays\/#primaryimage","url":"http:\/\/blogs.ksbe.edu\/roprais\/files\/2013\/02\/under-construction-sign-300x245.jpg","contentUrl":"http:\/\/blogs.ksbe.edu\/roprais\/files\/2013\/02\/under-construction-sign-300x245.jpg"},{"@type":"BreadcrumbList","@id":"https:\/\/blogs.ksbe.edu\/roprais\/what-stumped-the-bluejays\/#breadcrumb","itemListElement":[{"@type":"ListItem","position":1,"name":"Home","item":"https:\/\/blogs.ksbe.edu\/roprais\/"},{"@type":"ListItem","position":2,"name":"What Stumped the Bluejays"}]},{"@type":"WebSite","@id":"https:\/\/blogs.ksbe.edu\/roprais\/#website","url":"https:\/\/blogs.ksbe.edu\/roprais\/","name":"Kumu Robin Prais, \u02bb\u014clelo Papa Pelekane 8","description":"M\u0101lama, M\u0101kaukau, Mana&#039;o Lau L\u0101","potentialAction":[{"@type":"SearchAction","target":{"@type":"EntryPoint","urlTemplate":"https:\/\/blogs.ksbe.edu\/roprais\/?s={search_term_string}"},"query-input":{"@type":"PropertyValueSpecification","valueRequired":true,"valueName":"search_term_string"}}],"inLanguage":"en-US"}]}},"_links":{"self":[{"href":"https:\/\/blogs.ksbe.edu\/roprais\/wp-json\/wp\/v2\/pages\/870","targetHints":{"allow":["GET"]}}],"collection":[{"href":"https:\/\/blogs.ksbe.edu\/roprais\/wp-json\/wp\/v2\/pages"}],"about":[{"href":"https:\/\/blogs.ksbe.edu\/roprais\/wp-json\/wp\/v2\/types\/page"}],"author":[{"embeddable":true,"href":"https:\/\/blogs.ksbe.edu\/roprais\/wp-json\/wp\/v2\/users\/318"}],"replies":[{"embeddable":true,"href":"https:\/\/blogs.ksbe.edu\/roprais\/wp-json\/wp\/v2\/comments?post=870"}],"version-history":[{"count":0,"href":"https:\/\/blogs.ksbe.edu\/roprais\/wp-json\/wp\/v2\/pages\/870\/revisions"}],"wp:attachment":[{"href":"https:\/\/blogs.ksbe.edu\/roprais\/wp-json\/wp\/v2\/media?parent=870"}],"curies":[{"name":"wp","href":"https:\/\/api.w.org\/{rel}","templated":true}]}}