{"id":729,"date":"2012-10-27T09:55:50","date_gmt":"2012-10-27T19:55:50","guid":{"rendered":"http:\/\/blogsksbeedu.wpenginepowered.com\/roprais\/?page_id=729"},"modified":"2012-10-29T14:54:17","modified_gmt":"2012-10-30T00:54:17","slug":"edgar-allen-poe-unit","status":"publish","type":"page","link":"https:\/\/blogs.ksbe.edu\/roprais\/edgar-allen-poe-unit\/","title":{"rendered":"The Tell-Tale Heart Mini-Unit"},"content":{"rendered":"<p>In this mini-unit , we will be reading and completing activities related to the story, &#8220;The Tell-Tale Heart&#8221;, by Edgar Allen Poe.<\/p>\n<h1>The Tell-Tale Heart | Introduction<\/h1>\n<p>One of Edgar Allan Poe\u2019s most famous short stories, \u2018\u2018The Tell-Tale Heart,\u2019\u2019 was first published in the January, 1843 edition of James Russell Lowell\u2019s <em>The Pioneer <\/em>and was reprinted in the August 23, 1845 issue of <em>The Broadway Journal<\/em>. The story is a psychological portrait of a mad narrator who kills a man and afterward hears his victim\u2019s relentless heartbeat. While \u2018\u2018The Tell-Tale Heart\u2019\u2019 and his other short stories were not critically acclaimed during his lifetime, Poe earned respect among his peers as a competent writer, insightful literary critic, and gifted poet, particularly after the publication of his famous poem, \u2018\u2018The Raven,\u2019\u2019 in 1845.<\/p>\n<p>After Poe\u2019s death in 1849, some critics faulted his obsession with dark and depraved themes. Other critics, like George Woodberry in his 1885 study of Poe, considered \u2018\u2018The Tell-Tale Heart\u2019\u2019 merely a \u2018\u2018tale of conscience.\u2019\u2019 But this simplistic view has changed over the years as more complex views of Poe and his works have emerged. Poe is now considered a forefather of two literary genres, detective stories and science fiction, and is regarded as an important writer of psychological thrillers and horror.<\/p>\n<p>\u2018\u2018The Tell-Tale Heart\u2019\u2019 is simultaneously a horror story and psychological thriller told from a first-person perspective. It is admired as an excellent example of how a short story can produce an effect on the reader. Poe believed that all good literature must create a unity of effect on the reader and this effect must reveal truth or evoke emotions. \u2018\u2018The Tell-Tale Heart\u2019\u2019 exemplifies Poe\u2019s ability to expose the dark side of humankind and is a harbinger of novels and films dealing with psychological realism. Poe\u2019s work has influenced genres as diverse as French symbolist poetry and Hollywood horror films, and writers as diverse as Ambrose Bierce and Sir Arthur Conan Doyle. (Quoted from telltaleheart.org)<\/p>\n<p>1. Before you read and\/or listen to the story, click on the link below to preview\/print the 14 vocabulary words and their definitions.\u00a0 This will help you to better comprehend the story.<br \/>\n<a href=\"http:\/\/blogs.ksbe.edu\/roprais\/files\/2012\/10\/Story-Vocab-List3.docx\">Story Vocabulary List<\/a><\/p>\n<p>2. Click on the link below to watch a cartoon that narrates this short story of suspense and horror.\u00a0 &#8220;This animated version of <em>The Tell-Tale Heart<\/em> was made in 1953 by UPA for Columbia Pictures. The voice is narrated by James Mason. But beware \u2013 this isn\u2019t a cutesy cartoon for kids. In fact, it\u2019s pretty scary. It was the first cartoon to be X-rated (adults only) in Great Britain under the British Board of Film Censors classification system.&#8221;(learnhub.com).\u00a0 We will be reading and annotating the story in class.<br \/>\n<strong>NOTE: If you are using a school computer, go to my public folder entitled &#8220;Prais&#8221;and click on the story link.<\/strong><\/p>\n<p>Pay attention to how this animated film of the 1950&#8217;s conveys suspense and horror without the graphic violence that is used in modern suspense\/horror films, and how it gives you a visual that simply reading the story cannot do.<\/p>\n<p><strong>*You may have to right click on the link below and select &#8220;Open Link&#8221;.<\/strong><\/p>\n<p><iframe loading=\"lazy\" title=\"UPA : The tell tale heart (1954)\" width=\"640\" height=\"480\" src=\"https:\/\/www.youtube.com\/embed\/AJb150JRqpQ?feature=oembed\" frameborder=\"0\" allow=\"accelerometer; autoplay; clipboard-write; encrypted-media; gyroscope; picture-in-picture; web-share\" referrerpolicy=\"strict-origin-when-cross-origin\" allowfullscreen><\/iframe><\/p>\n<p>3. After you view the movie, answer the response\/reaction questions. Click on the link below to view\/download this assignment.<br \/>\n<a href=\"http:\/\/blogs.ksbe.edu\/roprais\/files\/2012\/10\/Animated-Version-Response1.docx\">Animated Version Response<\/a><\/p>\n<p>&nbsp;<\/p>\n<table width=\"1\" cellspacing=\"0\" cellpadding=\"0\">\n<tbody>\n<tr>\n<td valign=\"top\"><\/td>\n<td valign=\"top\"><\/td>\n<\/tr>\n<\/tbody>\n<\/table>\n<p>&nbsp;<\/p>\n","protected":false},"excerpt":{"rendered":"<p>In this mini-unit , we will be reading and completing activities related to the story, &#8220;The Tell-Tale Heart&#8221;, by Edgar Allen Poe. The Tell-Tale Heart | Introduction One of Edgar Allan Poe\u2019s most famous short stories, \u2018\u2018The Tell-Tale Heart,\u2019\u2019 was &hellip; <a href=\"https:\/\/blogs.ksbe.edu\/roprais\/edgar-allen-poe-unit\/\">Continue reading <span class=\"meta-nav\">&rarr;<\/span><\/a><\/p>\n","protected":false},"author":318,"featured_media":0,"parent":0,"menu_order":0,"comment_status":"open","ping_status":"open","template":"","meta":{"footnotes":""},"class_list":["post-729","page","type-page","status-publish","hentry"],"yoast_head":"<!-- This site is optimized with the Yoast SEO plugin v25.8 - https:\/\/yoast.com\/wordpress\/plugins\/seo\/ -->\n<title>The Tell-Tale Heart Mini-Unit - Kumu Robin Prais, \u02bb\u014clelo Papa Pelekane 8<\/title>\n<meta name=\"robots\" content=\"index, follow, max-snippet:-1, max-image-preview:large, max-video-preview:-1\" \/>\n<link rel=\"canonical\" href=\"https:\/\/blogs.ksbe.edu\/roprais\/edgar-allen-poe-unit\/\" \/>\n<meta property=\"og:locale\" content=\"en_US\" \/>\n<meta property=\"og:type\" content=\"article\" \/>\n<meta property=\"og:title\" content=\"The Tell-Tale Heart Mini-Unit - Kumu Robin Prais, \u02bb\u014clelo Papa Pelekane 8\" \/>\n<meta property=\"og:description\" content=\"In this mini-unit , we will be reading and completing activities related to the story, &#8220;The Tell-Tale Heart&#8221;, by Edgar Allen Poe. The Tell-Tale Heart | Introduction One of Edgar Allan Poe\u2019s most famous short stories, \u2018\u2018The Tell-Tale Heart,\u2019\u2019 was &hellip; Continue reading &rarr;\" \/>\n<meta property=\"og:url\" content=\"https:\/\/blogs.ksbe.edu\/roprais\/edgar-allen-poe-unit\/\" \/>\n<meta property=\"og:site_name\" content=\"Kumu Robin Prais, \u02bb\u014clelo Papa Pelekane 8\" \/>\n<meta property=\"article:modified_time\" content=\"2012-10-30T00:54:17+00:00\" \/>\n<meta name=\"twitter:card\" content=\"summary_large_image\" \/>\n<meta name=\"twitter:label1\" content=\"Est. reading time\" \/>\n\t<meta name=\"twitter:data1\" content=\"3 minutes\" \/>\n<script type=\"application\/ld+json\" class=\"yoast-schema-graph\">{\"@context\":\"https:\/\/schema.org\",\"@graph\":[{\"@type\":\"WebPage\",\"@id\":\"https:\/\/blogs.ksbe.edu\/roprais\/edgar-allen-poe-unit\/\",\"url\":\"https:\/\/blogs.ksbe.edu\/roprais\/edgar-allen-poe-unit\/\",\"name\":\"The Tell-Tale Heart Mini-Unit - Kumu Robin Prais, \u02bb\u014clelo Papa Pelekane 8\",\"isPartOf\":{\"@id\":\"https:\/\/blogs.ksbe.edu\/roprais\/#website\"},\"datePublished\":\"2012-10-27T19:55:50+00:00\",\"dateModified\":\"2012-10-30T00:54:17+00:00\",\"breadcrumb\":{\"@id\":\"https:\/\/blogs.ksbe.edu\/roprais\/edgar-allen-poe-unit\/#breadcrumb\"},\"inLanguage\":\"en-US\",\"potentialAction\":[{\"@type\":\"ReadAction\",\"target\":[\"https:\/\/blogs.ksbe.edu\/roprais\/edgar-allen-poe-unit\/\"]}]},{\"@type\":\"BreadcrumbList\",\"@id\":\"https:\/\/blogs.ksbe.edu\/roprais\/edgar-allen-poe-unit\/#breadcrumb\",\"itemListElement\":[{\"@type\":\"ListItem\",\"position\":1,\"name\":\"Home\",\"item\":\"https:\/\/blogs.ksbe.edu\/roprais\/\"},{\"@type\":\"ListItem\",\"position\":2,\"name\":\"The Tell-Tale Heart Mini-Unit\"}]},{\"@type\":\"WebSite\",\"@id\":\"https:\/\/blogs.ksbe.edu\/roprais\/#website\",\"url\":\"https:\/\/blogs.ksbe.edu\/roprais\/\",\"name\":\"Kumu Robin Prais, \u02bb\u014clelo Papa Pelekane 8\",\"description\":\"M\u0101lama, M\u0101kaukau, Mana&#039;o Lau L\u0101\",\"potentialAction\":[{\"@type\":\"SearchAction\",\"target\":{\"@type\":\"EntryPoint\",\"urlTemplate\":\"https:\/\/blogs.ksbe.edu\/roprais\/?s={search_term_string}\"},\"query-input\":{\"@type\":\"PropertyValueSpecification\",\"valueRequired\":true,\"valueName\":\"search_term_string\"}}],\"inLanguage\":\"en-US\"}]}<\/script>\n<!-- \/ Yoast SEO plugin. -->","yoast_head_json":{"title":"The Tell-Tale Heart Mini-Unit - Kumu Robin Prais, \u02bb\u014clelo Papa Pelekane 8","robots":{"index":"index","follow":"follow","max-snippet":"max-snippet:-1","max-image-preview":"max-image-preview:large","max-video-preview":"max-video-preview:-1"},"canonical":"https:\/\/blogs.ksbe.edu\/roprais\/edgar-allen-poe-unit\/","og_locale":"en_US","og_type":"article","og_title":"The Tell-Tale Heart Mini-Unit - Kumu Robin Prais, \u02bb\u014clelo Papa Pelekane 8","og_description":"In this mini-unit , we will be reading and completing activities related to the story, &#8220;The Tell-Tale Heart&#8221;, by Edgar Allen Poe. The Tell-Tale Heart | Introduction One of Edgar Allan Poe\u2019s most famous short stories, \u2018\u2018The Tell-Tale Heart,\u2019\u2019 was &hellip; Continue reading &rarr;","og_url":"https:\/\/blogs.ksbe.edu\/roprais\/edgar-allen-poe-unit\/","og_site_name":"Kumu Robin Prais, \u02bb\u014clelo Papa Pelekane 8","article_modified_time":"2012-10-30T00:54:17+00:00","twitter_card":"summary_large_image","twitter_misc":{"Est. reading time":"3 minutes"},"schema":{"@context":"https:\/\/schema.org","@graph":[{"@type":"WebPage","@id":"https:\/\/blogs.ksbe.edu\/roprais\/edgar-allen-poe-unit\/","url":"https:\/\/blogs.ksbe.edu\/roprais\/edgar-allen-poe-unit\/","name":"The Tell-Tale Heart Mini-Unit - Kumu Robin Prais, \u02bb\u014clelo Papa Pelekane 8","isPartOf":{"@id":"https:\/\/blogs.ksbe.edu\/roprais\/#website"},"datePublished":"2012-10-27T19:55:50+00:00","dateModified":"2012-10-30T00:54:17+00:00","breadcrumb":{"@id":"https:\/\/blogs.ksbe.edu\/roprais\/edgar-allen-poe-unit\/#breadcrumb"},"inLanguage":"en-US","potentialAction":[{"@type":"ReadAction","target":["https:\/\/blogs.ksbe.edu\/roprais\/edgar-allen-poe-unit\/"]}]},{"@type":"BreadcrumbList","@id":"https:\/\/blogs.ksbe.edu\/roprais\/edgar-allen-poe-unit\/#breadcrumb","itemListElement":[{"@type":"ListItem","position":1,"name":"Home","item":"https:\/\/blogs.ksbe.edu\/roprais\/"},{"@type":"ListItem","position":2,"name":"The Tell-Tale Heart Mini-Unit"}]},{"@type":"WebSite","@id":"https:\/\/blogs.ksbe.edu\/roprais\/#website","url":"https:\/\/blogs.ksbe.edu\/roprais\/","name":"Kumu Robin Prais, \u02bb\u014clelo Papa Pelekane 8","description":"M\u0101lama, M\u0101kaukau, Mana&#039;o Lau L\u0101","potentialAction":[{"@type":"SearchAction","target":{"@type":"EntryPoint","urlTemplate":"https:\/\/blogs.ksbe.edu\/roprais\/?s={search_term_string}"},"query-input":{"@type":"PropertyValueSpecification","valueRequired":true,"valueName":"search_term_string"}}],"inLanguage":"en-US"}]}},"_links":{"self":[{"href":"https:\/\/blogs.ksbe.edu\/roprais\/wp-json\/wp\/v2\/pages\/729","targetHints":{"allow":["GET"]}}],"collection":[{"href":"https:\/\/blogs.ksbe.edu\/roprais\/wp-json\/wp\/v2\/pages"}],"about":[{"href":"https:\/\/blogs.ksbe.edu\/roprais\/wp-json\/wp\/v2\/types\/page"}],"author":[{"embeddable":true,"href":"https:\/\/blogs.ksbe.edu\/roprais\/wp-json\/wp\/v2\/users\/318"}],"replies":[{"embeddable":true,"href":"https:\/\/blogs.ksbe.edu\/roprais\/wp-json\/wp\/v2\/comments?post=729"}],"version-history":[{"count":0,"href":"https:\/\/blogs.ksbe.edu\/roprais\/wp-json\/wp\/v2\/pages\/729\/revisions"}],"wp:attachment":[{"href":"https:\/\/blogs.ksbe.edu\/roprais\/wp-json\/wp\/v2\/media?parent=729"}],"curies":[{"name":"wp","href":"https:\/\/api.w.org\/{rel}","templated":true}]}}