{"id":689,"date":"2012-10-04T14:28:17","date_gmt":"2012-10-05T00:28:17","guid":{"rendered":"http:\/\/blogsksbeedu.wpenginepowered.com\/roprais\/?page_id=689"},"modified":"2012-10-04T14:28:17","modified_gmt":"2012-10-05T00:28:17","slug":"mla-formatting-assistance","status":"publish","type":"page","link":"https:\/\/blogs.ksbe.edu\/roprais\/mla-formatting-assistance\/","title":{"rendered":"MLA Formatting Assistance"},"content":{"rendered":"<p>MLA is the acronym for &#8220;Modern Language Association&#8221;.\u00a0 MLA formatting simply means adhering to a standardized set of conventions when formatting a document and presenting its content. I require my students to use MLA formatting for major written assignments,\u00a0 so they can learn and practice applying MLA formatting, which will be used in high school and perhaps college, especially when doing research papers.\u00a0 Don&#8217;t be intimidated by it.\u00a0 Once you learn how to format your papers MLA style, it is actually easy.\u00a0 There are also a lot of on-line resources available to assist you if you forget or have questions regarding this formatting approach. Below are direct links to some of these resources.<\/p>\n<p>Click here for a copy of my &#8220;MLA Formatting Quick Guide&#8221; that was given to you at the beginning of the school year.<br \/>\n<a href=\"http:\/\/blogs.ksbe.edu\/roprais\/files\/2012\/10\/MLA-Formatting-Quick-Guide.docx\">MLA Formatting Quick Guide<\/a><\/p>\n<p>Click on the link below for a good overall guide that has everything you could want to know about MLA formatting.<a href=\"https:\/\/owl.english.purdue.edu\/owl\/resource\/747\/01\/\"><br \/>\nhttps:\/\/owl.english.purdue.edu\/owl\/resource\/747\/01\/<\/a><\/p>\n<p>Click on the link below to access a free tool for formatting a Works Cited page MLA style:<a href=\"http:\/\/www.noodletools.com\/login.php\"><br \/>\nhttp:\/\/www.noodletools.com\/login.php<\/a><\/p>\n<p>&nbsp;<\/p>\n","protected":false},"excerpt":{"rendered":"<p>MLA is the acronym for &#8220;Modern Language Association&#8221;.\u00a0 MLA formatting simply means adhering to a standardized set of conventions when formatting a document and presenting its content. I require my students to use MLA formatting for major written assignments,\u00a0 so &hellip; <a href=\"https:\/\/blogs.ksbe.edu\/roprais\/mla-formatting-assistance\/\">Continue reading <span class=\"meta-nav\">&rarr;<\/span><\/a><\/p>\n","protected":false},"author":318,"featured_media":0,"parent":0,"menu_order":0,"comment_status":"open","ping_status":"open","template":"","meta":{"footnotes":""},"class_list":["post-689","page","type-page","status-publish","hentry"],"yoast_head":"<!-- This site is optimized with the Yoast SEO plugin v25.8 - https:\/\/yoast.com\/wordpress\/plugins\/seo\/ -->\n<title>MLA Formatting Assistance - Kumu Robin Prais, \u02bb\u014clelo Papa Pelekane 8<\/title>\n<meta name=\"robots\" content=\"index, follow, max-snippet:-1, max-image-preview:large, max-video-preview:-1\" \/>\n<link rel=\"canonical\" href=\"https:\/\/blogs.ksbe.edu\/roprais\/mla-formatting-assistance\/\" \/>\n<meta property=\"og:locale\" content=\"en_US\" \/>\n<meta property=\"og:type\" content=\"article\" \/>\n<meta property=\"og:title\" content=\"MLA Formatting Assistance - Kumu Robin Prais, \u02bb\u014clelo Papa Pelekane 8\" \/>\n<meta property=\"og:description\" content=\"MLA is the acronym for &#8220;Modern Language Association&#8221;.\u00a0 MLA formatting simply means adhering to a standardized set of conventions when formatting a document and presenting its content. I require my students to use MLA formatting for major written assignments,\u00a0 so &hellip; Continue reading &rarr;\" \/>\n<meta property=\"og:url\" content=\"https:\/\/blogs.ksbe.edu\/roprais\/mla-formatting-assistance\/\" \/>\n<meta property=\"og:site_name\" content=\"Kumu Robin Prais, \u02bb\u014clelo Papa Pelekane 8\" \/>\n<meta name=\"twitter:card\" content=\"summary_large_image\" \/>\n<meta name=\"twitter:label1\" content=\"Est. reading time\" \/>\n\t<meta name=\"twitter:data1\" content=\"1 minute\" \/>\n<script type=\"application\/ld+json\" class=\"yoast-schema-graph\">{\"@context\":\"https:\/\/schema.org\",\"@graph\":[{\"@type\":\"WebPage\",\"@id\":\"https:\/\/blogs.ksbe.edu\/roprais\/mla-formatting-assistance\/\",\"url\":\"https:\/\/blogs.ksbe.edu\/roprais\/mla-formatting-assistance\/\",\"name\":\"MLA Formatting Assistance - Kumu Robin Prais, \u02bb\u014clelo Papa Pelekane 8\",\"isPartOf\":{\"@id\":\"https:\/\/blogs.ksbe.edu\/roprais\/#website\"},\"datePublished\":\"2012-10-05T00:28:17+00:00\",\"breadcrumb\":{\"@id\":\"https:\/\/blogs.ksbe.edu\/roprais\/mla-formatting-assistance\/#breadcrumb\"},\"inLanguage\":\"en-US\",\"potentialAction\":[{\"@type\":\"ReadAction\",\"target\":[\"https:\/\/blogs.ksbe.edu\/roprais\/mla-formatting-assistance\/\"]}]},{\"@type\":\"BreadcrumbList\",\"@id\":\"https:\/\/blogs.ksbe.edu\/roprais\/mla-formatting-assistance\/#breadcrumb\",\"itemListElement\":[{\"@type\":\"ListItem\",\"position\":1,\"name\":\"Home\",\"item\":\"https:\/\/blogs.ksbe.edu\/roprais\/\"},{\"@type\":\"ListItem\",\"position\":2,\"name\":\"MLA Formatting Assistance\"}]},{\"@type\":\"WebSite\",\"@id\":\"https:\/\/blogs.ksbe.edu\/roprais\/#website\",\"url\":\"https:\/\/blogs.ksbe.edu\/roprais\/\",\"name\":\"Kumu Robin Prais, \u02bb\u014clelo Papa Pelekane 8\",\"description\":\"M\u0101lama, M\u0101kaukau, Mana&#039;o Lau L\u0101\",\"potentialAction\":[{\"@type\":\"SearchAction\",\"target\":{\"@type\":\"EntryPoint\",\"urlTemplate\":\"https:\/\/blogs.ksbe.edu\/roprais\/?s={search_term_string}\"},\"query-input\":{\"@type\":\"PropertyValueSpecification\",\"valueRequired\":true,\"valueName\":\"search_term_string\"}}],\"inLanguage\":\"en-US\"}]}<\/script>\n<!-- \/ Yoast SEO plugin. -->","yoast_head_json":{"title":"MLA Formatting Assistance - Kumu Robin Prais, \u02bb\u014clelo Papa Pelekane 8","robots":{"index":"index","follow":"follow","max-snippet":"max-snippet:-1","max-image-preview":"max-image-preview:large","max-video-preview":"max-video-preview:-1"},"canonical":"https:\/\/blogs.ksbe.edu\/roprais\/mla-formatting-assistance\/","og_locale":"en_US","og_type":"article","og_title":"MLA Formatting Assistance - Kumu Robin Prais, \u02bb\u014clelo Papa Pelekane 8","og_description":"MLA is the acronym for &#8220;Modern Language Association&#8221;.\u00a0 MLA formatting simply means adhering to a standardized set of conventions when formatting a document and presenting its content. I require my students to use MLA formatting for major written assignments,\u00a0 so &hellip; Continue reading &rarr;","og_url":"https:\/\/blogs.ksbe.edu\/roprais\/mla-formatting-assistance\/","og_site_name":"Kumu Robin Prais, \u02bb\u014clelo Papa Pelekane 8","twitter_card":"summary_large_image","twitter_misc":{"Est. reading time":"1 minute"},"schema":{"@context":"https:\/\/schema.org","@graph":[{"@type":"WebPage","@id":"https:\/\/blogs.ksbe.edu\/roprais\/mla-formatting-assistance\/","url":"https:\/\/blogs.ksbe.edu\/roprais\/mla-formatting-assistance\/","name":"MLA Formatting Assistance - Kumu Robin Prais, \u02bb\u014clelo Papa Pelekane 8","isPartOf":{"@id":"https:\/\/blogs.ksbe.edu\/roprais\/#website"},"datePublished":"2012-10-05T00:28:17+00:00","breadcrumb":{"@id":"https:\/\/blogs.ksbe.edu\/roprais\/mla-formatting-assistance\/#breadcrumb"},"inLanguage":"en-US","potentialAction":[{"@type":"ReadAction","target":["https:\/\/blogs.ksbe.edu\/roprais\/mla-formatting-assistance\/"]}]},{"@type":"BreadcrumbList","@id":"https:\/\/blogs.ksbe.edu\/roprais\/mla-formatting-assistance\/#breadcrumb","itemListElement":[{"@type":"ListItem","position":1,"name":"Home","item":"https:\/\/blogs.ksbe.edu\/roprais\/"},{"@type":"ListItem","position":2,"name":"MLA Formatting Assistance"}]},{"@type":"WebSite","@id":"https:\/\/blogs.ksbe.edu\/roprais\/#website","url":"https:\/\/blogs.ksbe.edu\/roprais\/","name":"Kumu Robin Prais, \u02bb\u014clelo Papa Pelekane 8","description":"M\u0101lama, M\u0101kaukau, Mana&#039;o Lau L\u0101","potentialAction":[{"@type":"SearchAction","target":{"@type":"EntryPoint","urlTemplate":"https:\/\/blogs.ksbe.edu\/roprais\/?s={search_term_string}"},"query-input":{"@type":"PropertyValueSpecification","valueRequired":true,"valueName":"search_term_string"}}],"inLanguage":"en-US"}]}},"_links":{"self":[{"href":"https:\/\/blogs.ksbe.edu\/roprais\/wp-json\/wp\/v2\/pages\/689","targetHints":{"allow":["GET"]}}],"collection":[{"href":"https:\/\/blogs.ksbe.edu\/roprais\/wp-json\/wp\/v2\/pages"}],"about":[{"href":"https:\/\/blogs.ksbe.edu\/roprais\/wp-json\/wp\/v2\/types\/page"}],"author":[{"embeddable":true,"href":"https:\/\/blogs.ksbe.edu\/roprais\/wp-json\/wp\/v2\/users\/318"}],"replies":[{"embeddable":true,"href":"https:\/\/blogs.ksbe.edu\/roprais\/wp-json\/wp\/v2\/comments?post=689"}],"version-history":[{"count":0,"href":"https:\/\/blogs.ksbe.edu\/roprais\/wp-json\/wp\/v2\/pages\/689\/revisions"}],"wp:attachment":[{"href":"https:\/\/blogs.ksbe.edu\/roprais\/wp-json\/wp\/v2\/media?parent=689"}],"curies":[{"name":"wp","href":"https:\/\/api.w.org\/{rel}","templated":true}]}}