{"id":679,"date":"2012-09-29T15:29:58","date_gmt":"2012-09-30T01:29:58","guid":{"rendered":"http:\/\/blogsksbeedu.wpenginepowered.com\/roprais\/?page_id=679"},"modified":"2016-08-08T15:41:50","modified_gmt":"2016-08-09T01:41:50","slug":"course-syllabus","status":"publish","type":"page","link":"https:\/\/blogs.ksbe.edu\/roprais\/course-syllabus\/","title":{"rendered":"Course Description"},"content":{"rendered":"<p>Attached are my Course Syllabus and Scope and Sequence so you can understand\u00a0how my class operates and what we will be learning throughout the year. (Please note that the curriculum is subject to change as needed.) Click on the link to open the document.:-)<br \/>\n<a href=\"http:\/\/blogs.ksbe.edu\/roprais\/files\/2012\/09\/Syllabus16-17.pdf\">Syllabus16-17<\/a><br \/>\n<a href=\"http:\/\/blogs.ksbe.edu\/roprais\/files\/2012\/09\/Prais-Quenga-SS16_17.doc-Google-Docs.pdf\">Prais-Quenga SS16_17.doc &#8211; Google Docs<\/a><\/p>\n","protected":false},"excerpt":{"rendered":"<p>Attached are my Course Syllabus and Scope and Sequence so you can understand\u00a0how my class operates and what we will be learning throughout the year. (Please note that the curriculum is subject to change as needed.) Click on the link &hellip; <a href=\"https:\/\/blogs.ksbe.edu\/roprais\/course-syllabus\/\">Continue reading <span class=\"meta-nav\">&rarr;<\/span><\/a><\/p>\n","protected":false},"author":318,"featured_media":0,"parent":0,"menu_order":0,"comment_status":"open","ping_status":"open","template":"","meta":{"footnotes":""},"class_list":["post-679","page","type-page","status-publish","hentry"],"yoast_head":"<!-- This site is optimized with the Yoast SEO plugin v25.8 - https:\/\/yoast.com\/wordpress\/plugins\/seo\/ -->\n<title>Course Description - Kumu Robin Prais, \u02bb\u014clelo Papa Pelekane 8<\/title>\n<meta name=\"robots\" content=\"index, follow, max-snippet:-1, max-image-preview:large, max-video-preview:-1\" \/>\n<link rel=\"canonical\" href=\"http:\/\/blogs.ksbe.edu\/roprais\/course-syllabus\/\" \/>\n<meta property=\"og:locale\" content=\"en_US\" \/>\n<meta property=\"og:type\" content=\"article\" \/>\n<meta property=\"og:title\" content=\"Course Description - Kumu Robin Prais, \u02bb\u014clelo Papa Pelekane 8\" \/>\n<meta property=\"og:description\" content=\"Attached are my Course Syllabus and Scope and Sequence so you can understand\u00a0how my class operates and what we will be learning throughout the year. (Please note that the curriculum is subject to change as needed.) Click on the link &hellip; Continue reading &rarr;\" \/>\n<meta property=\"og:url\" content=\"http:\/\/blogs.ksbe.edu\/roprais\/course-syllabus\/\" \/>\n<meta property=\"og:site_name\" content=\"Kumu Robin Prais, \u02bb\u014clelo Papa Pelekane 8\" \/>\n<meta property=\"article:modified_time\" content=\"2016-08-09T01:41:50+00:00\" \/>\n<meta name=\"twitter:card\" content=\"summary_large_image\" \/>\n<script type=\"application\/ld+json\" class=\"yoast-schema-graph\">{\"@context\":\"https:\/\/schema.org\",\"@graph\":[{\"@type\":\"WebPage\",\"@id\":\"http:\/\/blogs.ksbe.edu\/roprais\/course-syllabus\/\",\"url\":\"http:\/\/blogs.ksbe.edu\/roprais\/course-syllabus\/\",\"name\":\"Course Description - Kumu Robin Prais, \u02bb\u014clelo Papa Pelekane 8\",\"isPartOf\":{\"@id\":\"https:\/\/blogs.ksbe.edu\/roprais\/#website\"},\"datePublished\":\"2012-09-30T01:29:58+00:00\",\"dateModified\":\"2016-08-09T01:41:50+00:00\",\"breadcrumb\":{\"@id\":\"http:\/\/blogs.ksbe.edu\/roprais\/course-syllabus\/#breadcrumb\"},\"inLanguage\":\"en-US\",\"potentialAction\":[{\"@type\":\"ReadAction\",\"target\":[\"http:\/\/blogs.ksbe.edu\/roprais\/course-syllabus\/\"]}]},{\"@type\":\"BreadcrumbList\",\"@id\":\"http:\/\/blogs.ksbe.edu\/roprais\/course-syllabus\/#breadcrumb\",\"itemListElement\":[{\"@type\":\"ListItem\",\"position\":1,\"name\":\"Home\",\"item\":\"https:\/\/blogs.ksbe.edu\/roprais\/\"},{\"@type\":\"ListItem\",\"position\":2,\"name\":\"Course Description\"}]},{\"@type\":\"WebSite\",\"@id\":\"https:\/\/blogs.ksbe.edu\/roprais\/#website\",\"url\":\"https:\/\/blogs.ksbe.edu\/roprais\/\",\"name\":\"Kumu Robin Prais, \u02bb\u014clelo Papa Pelekane 8\",\"description\":\"M\u0101lama, M\u0101kaukau, Mana&#039;o Lau L\u0101\",\"potentialAction\":[{\"@type\":\"SearchAction\",\"target\":{\"@type\":\"EntryPoint\",\"urlTemplate\":\"https:\/\/blogs.ksbe.edu\/roprais\/?s={search_term_string}\"},\"query-input\":{\"@type\":\"PropertyValueSpecification\",\"valueRequired\":true,\"valueName\":\"search_term_string\"}}],\"inLanguage\":\"en-US\"}]}<\/script>\n<!-- \/ Yoast SEO plugin. -->","yoast_head_json":{"title":"Course Description - Kumu Robin Prais, \u02bb\u014clelo Papa Pelekane 8","robots":{"index":"index","follow":"follow","max-snippet":"max-snippet:-1","max-image-preview":"max-image-preview:large","max-video-preview":"max-video-preview:-1"},"canonical":"http:\/\/blogs.ksbe.edu\/roprais\/course-syllabus\/","og_locale":"en_US","og_type":"article","og_title":"Course Description - Kumu Robin Prais, \u02bb\u014clelo Papa Pelekane 8","og_description":"Attached are my Course Syllabus and Scope and Sequence so you can understand\u00a0how my class operates and what we will be learning throughout the year. (Please note that the curriculum is subject to change as needed.) Click on the link &hellip; Continue reading &rarr;","og_url":"http:\/\/blogs.ksbe.edu\/roprais\/course-syllabus\/","og_site_name":"Kumu Robin Prais, \u02bb\u014clelo Papa Pelekane 8","article_modified_time":"2016-08-09T01:41:50+00:00","twitter_card":"summary_large_image","schema":{"@context":"https:\/\/schema.org","@graph":[{"@type":"WebPage","@id":"http:\/\/blogs.ksbe.edu\/roprais\/course-syllabus\/","url":"http:\/\/blogs.ksbe.edu\/roprais\/course-syllabus\/","name":"Course Description - Kumu Robin Prais, \u02bb\u014clelo Papa Pelekane 8","isPartOf":{"@id":"https:\/\/blogs.ksbe.edu\/roprais\/#website"},"datePublished":"2012-09-30T01:29:58+00:00","dateModified":"2016-08-09T01:41:50+00:00","breadcrumb":{"@id":"http:\/\/blogs.ksbe.edu\/roprais\/course-syllabus\/#breadcrumb"},"inLanguage":"en-US","potentialAction":[{"@type":"ReadAction","target":["http:\/\/blogs.ksbe.edu\/roprais\/course-syllabus\/"]}]},{"@type":"BreadcrumbList","@id":"http:\/\/blogs.ksbe.edu\/roprais\/course-syllabus\/#breadcrumb","itemListElement":[{"@type":"ListItem","position":1,"name":"Home","item":"https:\/\/blogs.ksbe.edu\/roprais\/"},{"@type":"ListItem","position":2,"name":"Course Description"}]},{"@type":"WebSite","@id":"https:\/\/blogs.ksbe.edu\/roprais\/#website","url":"https:\/\/blogs.ksbe.edu\/roprais\/","name":"Kumu Robin Prais, \u02bb\u014clelo Papa Pelekane 8","description":"M\u0101lama, M\u0101kaukau, Mana&#039;o Lau L\u0101","potentialAction":[{"@type":"SearchAction","target":{"@type":"EntryPoint","urlTemplate":"https:\/\/blogs.ksbe.edu\/roprais\/?s={search_term_string}"},"query-input":{"@type":"PropertyValueSpecification","valueRequired":true,"valueName":"search_term_string"}}],"inLanguage":"en-US"}]}},"_links":{"self":[{"href":"https:\/\/blogs.ksbe.edu\/roprais\/wp-json\/wp\/v2\/pages\/679","targetHints":{"allow":["GET"]}}],"collection":[{"href":"https:\/\/blogs.ksbe.edu\/roprais\/wp-json\/wp\/v2\/pages"}],"about":[{"href":"https:\/\/blogs.ksbe.edu\/roprais\/wp-json\/wp\/v2\/types\/page"}],"author":[{"embeddable":true,"href":"https:\/\/blogs.ksbe.edu\/roprais\/wp-json\/wp\/v2\/users\/318"}],"replies":[{"embeddable":true,"href":"https:\/\/blogs.ksbe.edu\/roprais\/wp-json\/wp\/v2\/comments?post=679"}],"version-history":[{"count":0,"href":"https:\/\/blogs.ksbe.edu\/roprais\/wp-json\/wp\/v2\/pages\/679\/revisions"}],"wp:attachment":[{"href":"https:\/\/blogs.ksbe.edu\/roprais\/wp-json\/wp\/v2\/media?parent=679"}],"curies":[{"name":"wp","href":"https:\/\/api.w.org\/{rel}","templated":true}]}}