{"id":1164,"date":"2014-09-22T01:00:02","date_gmt":"2014-09-22T11:00:02","guid":{"rendered":"http:\/\/blogsksbeedu.wpenginepowered.com\/roprais\/?page_id=1164"},"modified":"2014-09-24T08:03:29","modified_gmt":"2014-09-24T18:03:29","slug":"career-explorations-idu","status":"publish","type":"page","link":"https:\/\/blogs.ksbe.edu\/roprais\/career-explorations-idu\/","title":{"rendered":"Career Explorations IDU"},"content":{"rendered":"<p>Click on the link\u00a0 below to view the presentation on the resume.<\/p>\n<p>&nbsp;<\/p>\n<p><a href=\"http:\/\/vimeo.com\/106538346\">RESUME KEYNOTE<\/a> from <a href=\"http:\/\/vimeo.com\/user32443401\">Robin Prais<\/a> on <a href=\"https:\/\/vimeo.com\">Vimeo<\/a>.<\/p>\n","protected":false},"excerpt":{"rendered":"<p>Click on the link\u00a0 below to view the presentation on the resume. &nbsp; RESUME KEYNOTE from Robin Prais on Vimeo.<\/p>\n","protected":false},"author":318,"featured_media":0,"parent":0,"menu_order":0,"comment_status":"open","ping_status":"open","template":"","meta":{"footnotes":""},"class_list":["post-1164","page","type-page","status-publish","hentry"],"yoast_head":"<!-- This site is optimized with the Yoast SEO plugin v25.8 - https:\/\/yoast.com\/wordpress\/plugins\/seo\/ -->\n<title>Career Explorations IDU - Kumu Robin Prais, \u02bb\u014clelo Papa Pelekane 8<\/title>\n<meta name=\"robots\" content=\"index, follow, max-snippet:-1, max-image-preview:large, max-video-preview:-1\" \/>\n<link rel=\"canonical\" href=\"http:\/\/blogs.ksbe.edu\/roprais\/career-explorations-idu\/\" \/>\n<meta property=\"og:locale\" content=\"en_US\" \/>\n<meta property=\"og:type\" content=\"article\" \/>\n<meta property=\"og:title\" content=\"Career Explorations IDU - Kumu Robin Prais, \u02bb\u014clelo Papa Pelekane 8\" \/>\n<meta property=\"og:description\" content=\"Click on the link\u00a0 below to view the presentation on the resume. &nbsp; RESUME KEYNOTE from Robin Prais on Vimeo.\" \/>\n<meta property=\"og:url\" content=\"http:\/\/blogs.ksbe.edu\/roprais\/career-explorations-idu\/\" \/>\n<meta property=\"og:site_name\" content=\"Kumu Robin Prais, \u02bb\u014clelo Papa Pelekane 8\" \/>\n<meta property=\"article:modified_time\" content=\"2014-09-24T18:03:29+00:00\" \/>\n<meta name=\"twitter:card\" content=\"summary_large_image\" \/>\n<script type=\"application\/ld+json\" class=\"yoast-schema-graph\">{\"@context\":\"https:\/\/schema.org\",\"@graph\":[{\"@type\":\"WebPage\",\"@id\":\"http:\/\/blogs.ksbe.edu\/roprais\/career-explorations-idu\/\",\"url\":\"http:\/\/blogs.ksbe.edu\/roprais\/career-explorations-idu\/\",\"name\":\"Career Explorations IDU - Kumu Robin Prais, \u02bb\u014clelo Papa Pelekane 8\",\"isPartOf\":{\"@id\":\"https:\/\/blogs.ksbe.edu\/roprais\/#website\"},\"datePublished\":\"2014-09-22T11:00:02+00:00\",\"dateModified\":\"2014-09-24T18:03:29+00:00\",\"breadcrumb\":{\"@id\":\"http:\/\/blogs.ksbe.edu\/roprais\/career-explorations-idu\/#breadcrumb\"},\"inLanguage\":\"en-US\",\"potentialAction\":[{\"@type\":\"ReadAction\",\"target\":[\"http:\/\/blogs.ksbe.edu\/roprais\/career-explorations-idu\/\"]}]},{\"@type\":\"BreadcrumbList\",\"@id\":\"http:\/\/blogs.ksbe.edu\/roprais\/career-explorations-idu\/#breadcrumb\",\"itemListElement\":[{\"@type\":\"ListItem\",\"position\":1,\"name\":\"Home\",\"item\":\"https:\/\/blogs.ksbe.edu\/roprais\/\"},{\"@type\":\"ListItem\",\"position\":2,\"name\":\"Career Explorations IDU\"}]},{\"@type\":\"WebSite\",\"@id\":\"https:\/\/blogs.ksbe.edu\/roprais\/#website\",\"url\":\"https:\/\/blogs.ksbe.edu\/roprais\/\",\"name\":\"Kumu Robin Prais, \u02bb\u014clelo Papa Pelekane 8\",\"description\":\"M\u0101lama, M\u0101kaukau, Mana&#039;o Lau L\u0101\",\"potentialAction\":[{\"@type\":\"SearchAction\",\"target\":{\"@type\":\"EntryPoint\",\"urlTemplate\":\"https:\/\/blogs.ksbe.edu\/roprais\/?s={search_term_string}\"},\"query-input\":{\"@type\":\"PropertyValueSpecification\",\"valueRequired\":true,\"valueName\":\"search_term_string\"}}],\"inLanguage\":\"en-US\"}]}<\/script>\n<!-- \/ Yoast SEO plugin. -->","yoast_head_json":{"title":"Career Explorations IDU - Kumu Robin Prais, \u02bb\u014clelo Papa Pelekane 8","robots":{"index":"index","follow":"follow","max-snippet":"max-snippet:-1","max-image-preview":"max-image-preview:large","max-video-preview":"max-video-preview:-1"},"canonical":"http:\/\/blogs.ksbe.edu\/roprais\/career-explorations-idu\/","og_locale":"en_US","og_type":"article","og_title":"Career Explorations IDU - Kumu Robin Prais, \u02bb\u014clelo Papa Pelekane 8","og_description":"Click on the link\u00a0 below to view the presentation on the resume. &nbsp; RESUME KEYNOTE from Robin Prais on Vimeo.","og_url":"http:\/\/blogs.ksbe.edu\/roprais\/career-explorations-idu\/","og_site_name":"Kumu Robin Prais, \u02bb\u014clelo Papa Pelekane 8","article_modified_time":"2014-09-24T18:03:29+00:00","twitter_card":"summary_large_image","schema":{"@context":"https:\/\/schema.org","@graph":[{"@type":"WebPage","@id":"http:\/\/blogs.ksbe.edu\/roprais\/career-explorations-idu\/","url":"http:\/\/blogs.ksbe.edu\/roprais\/career-explorations-idu\/","name":"Career Explorations IDU - Kumu Robin Prais, \u02bb\u014clelo Papa Pelekane 8","isPartOf":{"@id":"https:\/\/blogs.ksbe.edu\/roprais\/#website"},"datePublished":"2014-09-22T11:00:02+00:00","dateModified":"2014-09-24T18:03:29+00:00","breadcrumb":{"@id":"http:\/\/blogs.ksbe.edu\/roprais\/career-explorations-idu\/#breadcrumb"},"inLanguage":"en-US","potentialAction":[{"@type":"ReadAction","target":["http:\/\/blogs.ksbe.edu\/roprais\/career-explorations-idu\/"]}]},{"@type":"BreadcrumbList","@id":"http:\/\/blogs.ksbe.edu\/roprais\/career-explorations-idu\/#breadcrumb","itemListElement":[{"@type":"ListItem","position":1,"name":"Home","item":"https:\/\/blogs.ksbe.edu\/roprais\/"},{"@type":"ListItem","position":2,"name":"Career Explorations IDU"}]},{"@type":"WebSite","@id":"https:\/\/blogs.ksbe.edu\/roprais\/#website","url":"https:\/\/blogs.ksbe.edu\/roprais\/","name":"Kumu Robin Prais, \u02bb\u014clelo Papa Pelekane 8","description":"M\u0101lama, M\u0101kaukau, Mana&#039;o Lau L\u0101","potentialAction":[{"@type":"SearchAction","target":{"@type":"EntryPoint","urlTemplate":"https:\/\/blogs.ksbe.edu\/roprais\/?s={search_term_string}"},"query-input":{"@type":"PropertyValueSpecification","valueRequired":true,"valueName":"search_term_string"}}],"inLanguage":"en-US"}]}},"_links":{"self":[{"href":"https:\/\/blogs.ksbe.edu\/roprais\/wp-json\/wp\/v2\/pages\/1164","targetHints":{"allow":["GET"]}}],"collection":[{"href":"https:\/\/blogs.ksbe.edu\/roprais\/wp-json\/wp\/v2\/pages"}],"about":[{"href":"https:\/\/blogs.ksbe.edu\/roprais\/wp-json\/wp\/v2\/types\/page"}],"author":[{"embeddable":true,"href":"https:\/\/blogs.ksbe.edu\/roprais\/wp-json\/wp\/v2\/users\/318"}],"replies":[{"embeddable":true,"href":"https:\/\/blogs.ksbe.edu\/roprais\/wp-json\/wp\/v2\/comments?post=1164"}],"version-history":[{"count":0,"href":"https:\/\/blogs.ksbe.edu\/roprais\/wp-json\/wp\/v2\/pages\/1164\/revisions"}],"wp:attachment":[{"href":"https:\/\/blogs.ksbe.edu\/roprais\/wp-json\/wp\/v2\/media?parent=1164"}],"curies":[{"name":"wp","href":"https:\/\/api.w.org\/{rel}","templated":true}]}}