{"id":568,"date":"2024-01-16T11:05:12","date_gmt":"2024-01-16T21:05:12","guid":{"rendered":"https:\/\/blogsksbeedu.wpenginepowered.com\/paiealc\/?page_id=568"},"modified":"2025-03-13T11:30:29","modified_gmt":"2025-03-13T21:30:29","slug":"hawaiian-resources","status":"publish","type":"page","link":"https:\/\/blogs.ksbe.edu\/paiealc\/mea-hawa%ca%bbi\/hawaiian-resources\/","title":{"rendered":"Hawaiian Resources"},"content":{"rendered":"\n<h2 class=\"wp-block-heading\">LibGuides &#8211; By Kumu Pili<\/h2>\n\n\n\n<p><a href=\"https:\/\/charlesreedbishop.libguides.com\/c.php?g=1442286\">Ka Pae \u02bb\u0100ina o Hawai\u02bbi: Hawai\u02bbi<\/a><\/p>\n\n\n\n<p><\/p>\n\n\n\n<p>Click the images to open the links to each of these resources. <\/p>\n\n\n\n<figure class=\"wp-block-table\"><table><tbody><tr><td class=\"has-text-align-center\" data-align=\"center\"><a href=\"https:\/\/kanaeokana.net\/olelo\"><img decoding=\"async\" src=\"https:\/\/blogs.ksbe.edu\/paiealc\/files\/2024\/11\/kanaeokana.jpg\" alt=\"\"><\/a><br>And their Youtube Channel <a href=\"https:\/\/www.youtube.com\/@Kanaeokana\">https:\/\/www.youtube.com\/@Kanaeokana<\/a><\/td><td><a href=\"https:\/\/vimeo.com\/showcase\/7207972\"><img decoding=\"async\" src=\"https:\/\/blogs.ksbe.edu\/paiealc\/files\/2024\/11\/Screen_Shot_2020-09-10_at_11.49.09_AM.png\" alt=\"\"><\/a><a href=\"https:\/\/kanaeokana.net\/lei\"><img decoding=\"async\" src=\"https:\/\/blogs.ksbe.edu\/paiealc\/files\/2024\/11\/lei-anuenue-black.png\" alt=\"\"><\/a><\/td><\/tr><tr><td class=\"has-text-align-center\" data-align=\"center\"><a href=\"https:\/\/ehooululahui.maui.hawaii.edu\/?page_id=1071\"><img decoding=\"async\" src=\"https:\/\/blogs.ksbe.edu\/paiealc\/files\/2024\/11\/Ho\u02bboulu.jpg\" alt=\"\"><\/a><\/td><td><a href=\"https:\/\/ehooululahui.maui.hawaii.edu\/\">E Ho\u02bboulu L\u0101hui <\/a>is the University of Maui College website for their Hawaiian Studies &amp; Language Program. They have mo\u02bbolelo, mele, \u02bb\u014dlelo hawai\u02bbi resources and so much more.  <\/td><\/tr><tr><td class=\"has-text-align-center\" data-align=\"center\">Hulu K\u016bpuna Collections<\/td><td><a href=\"https:\/\/ulukau.org\/kaniaina\/?l=haw\">Kani\u02bbaina<\/a> by Ulukau<br><a href=\"https:\/\/evols.library.manoa.hawaii.edu\/communities\/419568a9-9303-4218-a10a-220c3fb8dd58\">Ka Leo Hawai\u02bbi<\/a> by Larry Kimura<br><a href=\"https:\/\/kaiwakiloumoku.ksbe.edu\/manaleo\">M\u0101naleo TV Program<\/a><\/td><\/tr><tr><td class=\"has-text-align-center\" data-align=\"center\"><a href=\"https:\/\/padlet.com\/hkuamoo\/hale-kuamo-o-ka-haka-ula-o-ke-elik-lani-koleke-lelo-hawai-i--j1looaj4rg6kk4rc\"><img decoding=\"async\" src=\"https:\/\/blogs.ksbe.edu\/paiealc\/files\/2024\/11\/hk-lo-ko-khuok.png\" alt=\"\"><\/a><\/td><td>Resource for Hale Kuamo\u02bbo, Ka Haka \u02bbUla o Ke\u02bbelikolani Koleke \u02bb\u014clelo Hawai\u02bbi, UHH<\/td><\/tr><tr><td class=\"has-text-align-center\" data-align=\"center\"><a href=\"https:\/\/awaiaulu.org\/\"><img decoding=\"async\" src=\"https:\/\/blogs.ksbe.edu\/paiealc\/files\/2024\/11\/Awaiaulu.jpg\" alt=\"\"><\/a><\/td><td><a href=\"https:\/\/awaiaulu.org\/\">Awaiaulu <\/a>is dedicated to<br>developing resources and<br>resource people that can bridge<br>Hawaiian knowledge from the<br>past to the present and the<br>future.<br><br>We achieve our mission and<br>purpose through the production<br>of accessible resources and the<br>development of resource people.<\/td><\/tr><tr><td class=\"has-text-align-center\" data-align=\"center\"><img decoding=\"async\" style=\"width: 1600px;\" src=\"http:\/\/blogs.ksbe.edu\/paiealc\/files\/2023\/08\/Screenshot-2023-08-28-at-10.42.53-AM.png\" alt=\"\"><br><\/td><td>\u02bb<strong>\u014clelo No\u02bbeau: Hawaiian Proverbs &amp; Poetical Sayings<\/strong><br>A collection of wise sayings collected by Mary Kawena Puku\u02bbi that depicts the expressions of long ago.<\/td><\/tr><tr><td class=\"has-text-align-center\" data-align=\"center\"><a href=\"https:\/\/ulukau.org\/\" data-type=\"URL\" data-id=\"https:\/\/ulukau.org\/\" target=\"_blank\" rel=\"noreferrer noopener\"><img loading=\"lazy\" decoding=\"async\" width=\"150\" height=\"29\" class=\"wp-image-57\" style=\"width: 150px;\" src=\"http:\/\/blogs.ksbe.edu\/paiealc\/files\/2023\/08\/Screenshot-2023-08-28-at-11.05.10-AM.png\" alt=\"\" srcset=\"https:\/\/blogs.ksbe.edu\/paiealc\/files\/2023\/08\/Screenshot-2023-08-28-at-11.05.10-AM.png 1144w, https:\/\/blogs.ksbe.edu\/paiealc\/files\/2023\/08\/Screenshot-2023-08-28-at-11.05.10-AM-300x57.png 300w, https:\/\/blogs.ksbe.edu\/paiealc\/files\/2023\/08\/Screenshot-2023-08-28-at-11.05.10-AM-1024x195.png 1024w, https:\/\/blogs.ksbe.edu\/paiealc\/files\/2023\/08\/Screenshot-2023-08-28-at-11.05.10-AM-768x146.png 768w\" sizes=\"auto, (max-width: 150px) 100vw, 150px\" \/><\/a><\/td><td><strong>Ulukau<\/strong> is a Hawaiian Electronic Library that has a plethora of information, such as Hawaiian Newpaper, Dictionaries, Books, Genealogy, \u02bb\u014clelo Hawai\u02bbi and so much more. <br><br><a href=\"https:\/\/wehewehe.org\/\" data-type=\"URL\" data-id=\"https:\/\/wehewehe.org\/\">wehewehe.org<\/a> is the direct link to the Hawaiian Dictionaries. <\/td><\/tr><tr><td class=\"has-text-align-center\" data-align=\"center\"><a href=\"https:\/\/www.papakilodatabase.com\/\" data-type=\"URL\" data-id=\"https:\/\/www.papakilodatabase.com\/\" target=\"_blank\" rel=\"noreferrer noopener\"><img loading=\"lazy\" decoding=\"async\" width=\"150\" height=\"150\" class=\"wp-image-62\" style=\"width: 150px;\" src=\"http:\/\/blogs.ksbe.edu\/paiealc\/files\/2023\/08\/download.jpg\" alt=\"\" srcset=\"https:\/\/blogs.ksbe.edu\/paiealc\/files\/2023\/08\/download.jpg 180w, https:\/\/blogs.ksbe.edu\/paiealc\/files\/2023\/08\/download-150x150.jpg 150w, https:\/\/blogs.ksbe.edu\/paiealc\/files\/2023\/08\/download-100x100.jpg 100w\" sizes=\"auto, (max-width: 150px) 100vw, 150px\" \/><\/a><\/td><td><em><strong>Papakilo Database<\/strong><\/em>, is the ongoing development of a cutting edge and comprehensive \u201cDatabase of Databases\u201d consisting of varied collections of data pertaining to historically and culturally significant places, events, and documents in Hawai&#8217;i\u2019s history. <\/td><\/tr><tr><td class=\"has-text-align-center\" data-align=\"center\">N\u0101 Puke Wehewehe \u02bb\u014clelo<\/td><td><a rel=\"noreferrer noopener\" href=\"https:\/\/hilo.hawaii.edu\/wehe\/\" data-type=\"URL\" data-id=\"https:\/\/hilo.hawaii.edu\/wehe\/\" target=\"_blank\">Wehewehe Wikiwiki<\/a> &#8211; <strong>&nbsp;<\/strong>is a website that quickly searches the dictionaries located at wehewehe.org.<br><a rel=\"noreferrer noopener\" href=\"https:\/\/www.trussel2.com\/HAW\/\" target=\"_blank\">Kepano<\/a> &#8211; is a concordance of dictionaries located at wehewehe.org.<br><a rel=\"noreferrer noopener\" href=\"https:\/\/manomano.io\/\" data-type=\"URL\" data-id=\"https:\/\/manomano.io\/\" target=\"_blank\">Manomano<\/a> &#8211; a web application that offers English translations of Hawaiian words.<\/td><\/tr><tr><td class=\"has-text-align-center\" data-align=\"center\"><a href=\"https:\/\/blogs.ksbe.edu\/kekuiapoiwa\/files\/2013\/09\/Na-Makani-o-ka-Mokupuni.pdf\">N\u0101 Makani o ka Mokupuni<\/a><\/td><td>Na Makani o ka Mokupuni<br>Compiled by<br>Roy K\u0101kulu Alameida<br>Hawaiian Studies Institute<br>May 1997<br><br><a href=\"https:\/\/coe.hawaii.edu\/kahuaao\/wind-maps-of-hawaii\/\">Wind Maps of Hawai\u2018i <\/a>according to the WInd Gourd of La\u02bbamaomao<\/td><\/tr><tr><td class=\"has-text-align-center\" data-align=\"center\"><a href=\"https:\/\/laulima.hawaii.edu\/access\/content\/user\/athomas\/winds%20and%20rains%20of%20oahu%2C%20hawaii%2C%20kauai%2C%20maui.pdf\" target=\"_blank\" rel=\"noreferrer noopener\">N\u0101 Makani me n\u0101 Ua o Hawai\u02bbi<\/a><\/td><td>Akana, Collette Leimomi. H\u0101nau ka Ua: Hawaiian Rain Names. Honolulu: Kamehameha Publishing, 2015.<br>Alameida, Roy K\u0101kulu (compiler). N\u0101 Makani o ka Mokupuni. 1997. Web. 25 Feb. 2016.<br>Pukui, Mary Kawena and Samuel H. Elbert. Hawaiian Dictionary. Honolulu: University of Hawai\u02bbi<br>Press, 1986<\/td><\/tr><tr><td class=\"has-text-align-center\" data-align=\"center\"><a href=\"https:\/\/www.huapala.org\/\"><img decoding=\"async\" src=\"https:\/\/blogs.ksbe.edu\/paiealc\/files\/2024\/01\/huapalalogo.gif\" alt=\"\"><\/a><\/td><td><strong>Hawaiian Music and Hula Archives<\/strong><br>This site is presented for the perpetuation of Hawaiian culture. Additions, pictures, suggestions, corrections, information on composers, history of songs or anecdotes on compositions are welcome.<\/td><\/tr><tr><td class=\"has-text-align-center\" data-align=\"center\"><a href=\"http:\/\/uluulu.hawaii.edu\/collections\"><img decoding=\"async\" src=\"https:\/\/blogs.ksbe.edu\/paiealc\/files\/2024\/01\/uluulu-logo.png\" alt=\"\"><\/a><\/td><td><strong>\u02bbUlu\u02bbulu Digital Archive Mission<\/strong><br>\u2018Ulu\u2018ulu aims to perpetuate and share the rich moving image heritage of Hawai\u2018i through the preservation of film and videotape related to the history and culture of Native Hawaiians and the people of Hawai\u2018i.<\/td><\/tr><tr><td class=\"has-text-align-center\" data-align=\"center\">Youtube Channels<\/td><td><a href=\"https:\/\/www.youtube.com\/playlist?list=PL16RTvTavjnqtzq8J9hPrSWHLYDQLoDzL\">Na Loea<\/a><br><a href=\"https:\/\/www.youtube.com\/playlist?list=PL5TtUplqM5Vp9kULDMIb4arKedbhw13jg\">Ka Leo \u02bb\u014ciwi<\/a><\/td><\/tr><\/tbody><\/table><\/figure>\n","protected":false},"excerpt":{"rendered":"<p>LibGuides &#8211; By Kumu Pili Ka Pae \u02bb\u0100ina o Hawai\u02bbi: Hawai\u02bbi Click the images to open the links to each of these resources. And their Youtube Channel https:\/\/www.youtube.com\/@Kanaeokana E Ho\u02bboulu L\u0101hui is the University of Maui College website for their Hawaiian Studies &amp; Language Program. They have mo\u02bbolelo, mele, \u02bb\u014dlelo hawai\u02bbi resources and so much &hellip; <\/p>\n<p class=\"link-more\"><a href=\"https:\/\/blogs.ksbe.edu\/paiealc\/mea-hawa%ca%bbi\/hawaiian-resources\/\" class=\"more-link\">Continue reading<span class=\"screen-reader-text\"> &#8220;Hawaiian Resources&#8221;<\/span><\/a><\/p>\n","protected":false},"author":1206,"featured_media":0,"parent":13,"menu_order":0,"comment_status":"closed","ping_status":"closed","template":"","meta":{"footnotes":""},"class_list":["post-568","page","type-page","status-publish","hentry"],"yoast_head":"<!-- This site is optimized with the Yoast SEO plugin v25.8 - https:\/\/yoast.com\/wordpress\/plugins\/seo\/ -->\n<title>Hawaiian Resources - Pai\u02bbea Learning Center<\/title>\n<meta name=\"robots\" content=\"index, follow, max-snippet:-1, max-image-preview:large, max-video-preview:-1\" \/>\n<link rel=\"canonical\" href=\"https:\/\/blogs.ksbe.edu\/paiealc\/mea-hawa\u02bbi\/hawaiian-resources\/\" \/>\n<meta property=\"og:locale\" content=\"en_US\" \/>\n<meta property=\"og:type\" content=\"article\" \/>\n<meta property=\"og:title\" content=\"Hawaiian Resources - Pai\u02bbea Learning Center\" \/>\n<meta property=\"og:description\" content=\"LibGuides &#8211; By Kumu Pili Ka Pae \u02bb\u0100ina o Hawai\u02bbi: Hawai\u02bbi Click the images to open the links to each of these resources. And their Youtube Channel https:\/\/www.youtube.com\/@Kanaeokana E Ho\u02bboulu L\u0101hui is the University of Maui College website for their Hawaiian Studies &amp; Language Program. They have mo\u02bbolelo, mele, \u02bb\u014dlelo hawai\u02bbi resources and so much &hellip; Continue reading &quot;Hawaiian Resources&quot;\" \/>\n<meta property=\"og:url\" content=\"https:\/\/blogs.ksbe.edu\/paiealc\/mea-hawa\u02bbi\/hawaiian-resources\/\" \/>\n<meta property=\"og:site_name\" content=\"Pai\u02bbea Learning Center\" \/>\n<meta property=\"article:modified_time\" content=\"2025-03-13T21:30:29+00:00\" \/>\n<meta property=\"og:image\" content=\"https:\/\/blogs.ksbe.edu\/paiealc\/files\/2024\/11\/kanaeokana.jpg\" \/>\n<meta name=\"twitter:card\" content=\"summary_large_image\" \/>\n<meta name=\"twitter:label1\" content=\"Est. reading time\" \/>\n\t<meta name=\"twitter:data1\" content=\"2 minutes\" \/>\n<script type=\"application\/ld+json\" class=\"yoast-schema-graph\">{\"@context\":\"https:\/\/schema.org\",\"@graph\":[{\"@type\":\"WebPage\",\"@id\":\"https:\/\/blogs.ksbe.edu\/paiealc\/mea-hawa%ca%bbi\/hawaiian-resources\/\",\"url\":\"https:\/\/blogs.ksbe.edu\/paiealc\/mea-hawa%ca%bbi\/hawaiian-resources\/\",\"name\":\"Hawaiian Resources - Pai\u02bbea Learning Center\",\"isPartOf\":{\"@id\":\"https:\/\/blogs.ksbe.edu\/paiealc\/#website\"},\"primaryImageOfPage\":{\"@id\":\"https:\/\/blogs.ksbe.edu\/paiealc\/mea-hawa%ca%bbi\/hawaiian-resources\/#primaryimage\"},\"image\":{\"@id\":\"https:\/\/blogs.ksbe.edu\/paiealc\/mea-hawa%ca%bbi\/hawaiian-resources\/#primaryimage\"},\"thumbnailUrl\":\"https:\/\/blogs.ksbe.edu\/paiealc\/files\/2024\/11\/kanaeokana.jpg\",\"datePublished\":\"2024-01-16T21:05:12+00:00\",\"dateModified\":\"2025-03-13T21:30:29+00:00\",\"breadcrumb\":{\"@id\":\"https:\/\/blogs.ksbe.edu\/paiealc\/mea-hawa%ca%bbi\/hawaiian-resources\/#breadcrumb\"},\"inLanguage\":\"en-US\",\"potentialAction\":[{\"@type\":\"ReadAction\",\"target\":[\"https:\/\/blogs.ksbe.edu\/paiealc\/mea-hawa%ca%bbi\/hawaiian-resources\/\"]}]},{\"@type\":\"ImageObject\",\"inLanguage\":\"en-US\",\"@id\":\"https:\/\/blogs.ksbe.edu\/paiealc\/mea-hawa%ca%bbi\/hawaiian-resources\/#primaryimage\",\"url\":\"https:\/\/blogs.ksbe.edu\/paiealc\/files\/2024\/11\/kanaeokana.jpg\",\"contentUrl\":\"https:\/\/blogs.ksbe.edu\/paiealc\/files\/2024\/11\/kanaeokana.jpg\"},{\"@type\":\"BreadcrumbList\",\"@id\":\"https:\/\/blogs.ksbe.edu\/paiealc\/mea-hawa%ca%bbi\/hawaiian-resources\/#breadcrumb\",\"itemListElement\":[{\"@type\":\"ListItem\",\"position\":1,\"name\":\"Home\",\"item\":\"https:\/\/blogs.ksbe.edu\/paiealc\/\"},{\"@type\":\"ListItem\",\"position\":2,\"name\":\"Mea Noi\u02bbi &#8211; Searching Resources\",\"item\":\"https:\/\/blogs.ksbe.edu\/paiealc\/mea-hawa%ca%bbi\/\"},{\"@type\":\"ListItem\",\"position\":3,\"name\":\"Hawaiian Resources\"}]},{\"@type\":\"WebSite\",\"@id\":\"https:\/\/blogs.ksbe.edu\/paiealc\/#website\",\"url\":\"https:\/\/blogs.ksbe.edu\/paiealc\/\",\"name\":\"Pai\u02bbea Learning Center\",\"description\":\"Ka Hale Waihona Puke \u02bbo Pai\u02bbea\",\"potentialAction\":[{\"@type\":\"SearchAction\",\"target\":{\"@type\":\"EntryPoint\",\"urlTemplate\":\"https:\/\/blogs.ksbe.edu\/paiealc\/?s={search_term_string}\"},\"query-input\":{\"@type\":\"PropertyValueSpecification\",\"valueRequired\":true,\"valueName\":\"search_term_string\"}}],\"inLanguage\":\"en-US\"}]}<\/script>\n<!-- \/ Yoast SEO plugin. -->","yoast_head_json":{"title":"Hawaiian Resources - Pai\u02bbea Learning Center","robots":{"index":"index","follow":"follow","max-snippet":"max-snippet:-1","max-image-preview":"max-image-preview:large","max-video-preview":"max-video-preview:-1"},"canonical":"https:\/\/blogs.ksbe.edu\/paiealc\/mea-hawa\u02bbi\/hawaiian-resources\/","og_locale":"en_US","og_type":"article","og_title":"Hawaiian Resources - Pai\u02bbea Learning Center","og_description":"LibGuides &#8211; By Kumu Pili Ka Pae \u02bb\u0100ina o Hawai\u02bbi: Hawai\u02bbi Click the images to open the links to each of these resources. And their Youtube Channel https:\/\/www.youtube.com\/@Kanaeokana E Ho\u02bboulu L\u0101hui is the University of Maui College website for their Hawaiian Studies &amp; Language Program. They have mo\u02bbolelo, mele, \u02bb\u014dlelo hawai\u02bbi resources and so much &hellip; Continue reading \"Hawaiian Resources\"","og_url":"https:\/\/blogs.ksbe.edu\/paiealc\/mea-hawa\u02bbi\/hawaiian-resources\/","og_site_name":"Pai\u02bbea Learning Center","article_modified_time":"2025-03-13T21:30:29+00:00","og_image":[{"url":"https:\/\/blogs.ksbe.edu\/paiealc\/files\/2024\/11\/kanaeokana.jpg","type":"","width":"","height":""}],"twitter_card":"summary_large_image","twitter_misc":{"Est. reading time":"2 minutes"},"schema":{"@context":"https:\/\/schema.org","@graph":[{"@type":"WebPage","@id":"https:\/\/blogs.ksbe.edu\/paiealc\/mea-hawa%ca%bbi\/hawaiian-resources\/","url":"https:\/\/blogs.ksbe.edu\/paiealc\/mea-hawa%ca%bbi\/hawaiian-resources\/","name":"Hawaiian Resources - Pai\u02bbea Learning Center","isPartOf":{"@id":"https:\/\/blogs.ksbe.edu\/paiealc\/#website"},"primaryImageOfPage":{"@id":"https:\/\/blogs.ksbe.edu\/paiealc\/mea-hawa%ca%bbi\/hawaiian-resources\/#primaryimage"},"image":{"@id":"https:\/\/blogs.ksbe.edu\/paiealc\/mea-hawa%ca%bbi\/hawaiian-resources\/#primaryimage"},"thumbnailUrl":"https:\/\/blogs.ksbe.edu\/paiealc\/files\/2024\/11\/kanaeokana.jpg","datePublished":"2024-01-16T21:05:12+00:00","dateModified":"2025-03-13T21:30:29+00:00","breadcrumb":{"@id":"https:\/\/blogs.ksbe.edu\/paiealc\/mea-hawa%ca%bbi\/hawaiian-resources\/#breadcrumb"},"inLanguage":"en-US","potentialAction":[{"@type":"ReadAction","target":["https:\/\/blogs.ksbe.edu\/paiealc\/mea-hawa%ca%bbi\/hawaiian-resources\/"]}]},{"@type":"ImageObject","inLanguage":"en-US","@id":"https:\/\/blogs.ksbe.edu\/paiealc\/mea-hawa%ca%bbi\/hawaiian-resources\/#primaryimage","url":"https:\/\/blogs.ksbe.edu\/paiealc\/files\/2024\/11\/kanaeokana.jpg","contentUrl":"https:\/\/blogs.ksbe.edu\/paiealc\/files\/2024\/11\/kanaeokana.jpg"},{"@type":"BreadcrumbList","@id":"https:\/\/blogs.ksbe.edu\/paiealc\/mea-hawa%ca%bbi\/hawaiian-resources\/#breadcrumb","itemListElement":[{"@type":"ListItem","position":1,"name":"Home","item":"https:\/\/blogs.ksbe.edu\/paiealc\/"},{"@type":"ListItem","position":2,"name":"Mea Noi\u02bbi &#8211; Searching Resources","item":"https:\/\/blogs.ksbe.edu\/paiealc\/mea-hawa%ca%bbi\/"},{"@type":"ListItem","position":3,"name":"Hawaiian Resources"}]},{"@type":"WebSite","@id":"https:\/\/blogs.ksbe.edu\/paiealc\/#website","url":"https:\/\/blogs.ksbe.edu\/paiealc\/","name":"Pai\u02bbea Learning Center","description":"Ka Hale Waihona Puke \u02bbo Pai\u02bbea","potentialAction":[{"@type":"SearchAction","target":{"@type":"EntryPoint","urlTemplate":"https:\/\/blogs.ksbe.edu\/paiealc\/?s={search_term_string}"},"query-input":{"@type":"PropertyValueSpecification","valueRequired":true,"valueName":"search_term_string"}}],"inLanguage":"en-US"}]}},"_links":{"self":[{"href":"https:\/\/blogs.ksbe.edu\/paiealc\/wp-json\/wp\/v2\/pages\/568","targetHints":{"allow":["GET"]}}],"collection":[{"href":"https:\/\/blogs.ksbe.edu\/paiealc\/wp-json\/wp\/v2\/pages"}],"about":[{"href":"https:\/\/blogs.ksbe.edu\/paiealc\/wp-json\/wp\/v2\/types\/page"}],"author":[{"embeddable":true,"href":"https:\/\/blogs.ksbe.edu\/paiealc\/wp-json\/wp\/v2\/users\/1206"}],"replies":[{"embeddable":true,"href":"https:\/\/blogs.ksbe.edu\/paiealc\/wp-json\/wp\/v2\/comments?post=568"}],"version-history":[{"count":0,"href":"https:\/\/blogs.ksbe.edu\/paiealc\/wp-json\/wp\/v2\/pages\/568\/revisions"}],"up":[{"embeddable":true,"href":"https:\/\/blogs.ksbe.edu\/paiealc\/wp-json\/wp\/v2\/pages\/13"}],"wp:attachment":[{"href":"https:\/\/blogs.ksbe.edu\/paiealc\/wp-json\/wp\/v2\/media?parent=568"}],"curies":[{"name":"wp","href":"https:\/\/api.w.org\/{rel}","templated":true}]}}