{"id":1030,"date":"2025-11-25T10:55:06","date_gmt":"2025-11-25T20:55:06","guid":{"rendered":"https:\/\/blogs.ksbe.edu\/paiealc\/?page_id=1030"},"modified":"2025-12-01T12:53:08","modified_gmt":"2025-12-01T22:53:08","slug":"la-nui","status":"publish","type":"page","link":"https:\/\/blogs.ksbe.edu\/paiealc\/la-nui\/","title":{"rendered":"L\u0101 Nui"},"content":{"rendered":"\n<h2 class=\"wp-block-heading\"><strong>L\u0101 Ho\u02bbiho\u02bbi Ea<\/strong> &#8211; July 31, 1843<\/h2>\n\n\n\n<h2 class=\"wp-block-heading\"><strong>L\u0101 K\u016b\u02bboko\u02bba<\/strong> &#8211; November 28, 1843<\/h2>\n\n\n\n<p>Symbols of Ali\u02bbi and their History<\/p>\n\n\n\n<div class=\"wp-block-columns is-layout-flex wp-container-core-columns-is-layout-9d6595d7 wp-block-columns-is-layout-flex\">\n<div class=\"wp-block-column is-layout-flow wp-block-column-is-layout-flow\" style=\"flex-basis:33.33%\">\n<figure class=\"wp-block-image size-full\"><img loading=\"lazy\" decoding=\"async\" width=\"1024\" height=\"937\" src=\"http:\/\/blogs.ksbe.edu\/paiealc\/files\/2025\/11\/Royal_Crown_of_Hawaii.svg_.png\" alt=\"\" class=\"wp-image-1034\" srcset=\"https:\/\/blogs.ksbe.edu\/paiealc\/files\/2025\/11\/Royal_Crown_of_Hawaii.svg_.png 1024w, https:\/\/blogs.ksbe.edu\/paiealc\/files\/2025\/11\/Royal_Crown_of_Hawaii.svg_-300x275.png 300w, https:\/\/blogs.ksbe.edu\/paiealc\/files\/2025\/11\/Royal_Crown_of_Hawaii.svg_-768x703.png 768w\" sizes=\"auto, (max-width: 706px) 89vw, (max-width: 767px) 82vw, 740px\" \/><\/figure>\n\n\n\n<figure class=\"wp-block-image size-full\"><img loading=\"lazy\" decoding=\"async\" width=\"1024\" height=\"783\" src=\"http:\/\/blogs.ksbe.edu\/paiealc\/files\/2025\/11\/pauahis-cape-colored.jpg\" alt=\"\" class=\"wp-image-1035\" srcset=\"https:\/\/blogs.ksbe.edu\/paiealc\/files\/2025\/11\/pauahis-cape-colored.jpg 1024w, https:\/\/blogs.ksbe.edu\/paiealc\/files\/2025\/11\/pauahis-cape-colored-300x229.jpg 300w, https:\/\/blogs.ksbe.edu\/paiealc\/files\/2025\/11\/pauahis-cape-colored-768x587.jpg 768w\" sizes=\"auto, (max-width: 706px) 89vw, (max-width: 767px) 82vw, 740px\" \/><\/figure>\n\n\n\n<figure class=\"wp-block-image size-full\"><img loading=\"lazy\" decoding=\"async\" width=\"533\" height=\"611\" src=\"https:\/\/blogs.ksbe.edu\/paiealc\/files\/2025\/11\/hae_kuokoa_18621.png\" alt=\"\" class=\"wp-image-1037\" srcset=\"https:\/\/blogs.ksbe.edu\/paiealc\/files\/2025\/11\/hae_kuokoa_18621.png 533w, https:\/\/blogs.ksbe.edu\/paiealc\/files\/2025\/11\/hae_kuokoa_18621-262x300.png 262w\" sizes=\"auto, (max-width: 533px) 100vw, 533px\" \/><\/figure>\n\n\n\n<figure class=\"wp-block-image size-full\"><img loading=\"lazy\" decoding=\"async\" width=\"203\" height=\"248\" src=\"https:\/\/blogs.ksbe.edu\/paiealc\/files\/2025\/11\/images-1.jpg\" alt=\"\" class=\"wp-image-1036\"\/><\/figure>\n\n\n\n<figure class=\"wp-block-image size-full\"><img loading=\"lazy\" decoding=\"async\" width=\"1024\" height=\"897\" src=\"https:\/\/blogs.ksbe.edu\/paiealc\/files\/2025\/12\/472693147_10170408881275234_2350349471975123618_n.jpg\" alt=\"\" class=\"wp-image-1039\" srcset=\"https:\/\/blogs.ksbe.edu\/paiealc\/files\/2025\/12\/472693147_10170408881275234_2350349471975123618_n.jpg 1024w, https:\/\/blogs.ksbe.edu\/paiealc\/files\/2025\/12\/472693147_10170408881275234_2350349471975123618_n-300x263.jpg 300w, https:\/\/blogs.ksbe.edu\/paiealc\/files\/2025\/12\/472693147_10170408881275234_2350349471975123618_n-768x673.jpg 768w\" sizes=\"auto, (max-width: 706px) 89vw, (max-width: 767px) 82vw, 740px\" \/><\/figure>\n\n\n\n<figure class=\"wp-block-image size-full\"><img loading=\"lazy\" decoding=\"async\" width=\"569\" height=\"1024\" src=\"https:\/\/blogs.ksbe.edu\/paiealc\/files\/2025\/11\/38642643_1.jpg\" alt=\"\" class=\"wp-image-1038\" srcset=\"https:\/\/blogs.ksbe.edu\/paiealc\/files\/2025\/11\/38642643_1.jpg 569w, https:\/\/blogs.ksbe.edu\/paiealc\/files\/2025\/11\/38642643_1-167x300.jpg 167w\" sizes=\"auto, (max-width: 569px) 100vw, 569px\" \/><\/figure>\n<\/div>\n\n\n\n<div class=\"wp-block-column is-layout-flow wp-block-column-is-layout-flow\" style=\"flex-basis:66.66%\">\n<h2 class=\"wp-block-heading\"><strong>Hae Kalaunu<\/strong><\/h2>\n\n\n\n<p><\/p>\n\n\n\n<p><\/p>\n\n\n\n<p><\/p>\n\n\n\n<h2 class=\"wp-block-heading\"><strong>\u02bbAhu\u02bbula<\/strong><\/h2>\n\n\n\n<p><span style=\"text-decoration: underline;\"><a href=\"https:\/\/www.google.com\/books\/edition\/Hawaiian_Feather_Work\/xtwLd_RvEfAC?hl=en&amp;gbpv=1&amp;dq=maui+moku&amp;pg=PA24&amp;printsec=frontcover\">HAWAIIAN FEATHER WORK<\/a><\/span> BY WILLIAM TO BRIGHAM.<\/p>\n\n\n\n<h2 class=\"wp-block-heading\"><strong>Hae Hawai\u02bbi<\/strong><\/h2>\n\n\n\n<p>&#8220;<a href=\"https:\/\/kawaiola.news\/moomeheu\/moolelo\/ka-hae-hawaii\/\">Ka Hae Hawai\u2018i<\/a>&#8221; by Kau\u02bbi Sai-Dudoit<\/p>\n\n\n\n<p>&#8220;<a href=\"https:\/\/evols.library.manoa.hawaii.edu\/server\/api\/core\/bitstreams\/69944031-0536-4c94-b02f-a2ec02cdcd60\/content\">Royal Standards of Hawai\u02bbi<\/a> &#8221; by Douglas V. Askman<br><\/p>\n\n\n\n<h2 class=\"wp-block-heading\"><strong>Lei Niho Palaoa<\/strong><\/h2>\n\n\n\n<p>&#8220;<a href=\"https:\/\/hawaiialive.org\/lei-niho-palaoa\/\">Lei Niho Palaoa<\/a>&#8221; by Bishop Museum<\/p>\n\n\n\n<p>&#8220;<a href=\"https:\/\/youtu.be\/VVJI97s1jC0?si=rpwW-MtrhXO9oxJM\">Palaoa Pl<\/a>&#8221; by Kamaka Pili<\/p>\n\n\n\n<h2 class=\"wp-block-heading\"><strong>Hawaiian Coat of Arms<\/strong><\/h2>\n\n\n\n<p><\/p>\n\n\n\n<p><\/p>\n\n\n\n<h2 class=\"wp-block-heading\"><strong>K\u0101hili<\/strong><\/h2>\n\n\n\n<p><\/p>\n<\/div>\n\n\n\n<div class=\"wp-block-column is-layout-flow wp-block-column-is-layout-flow\"><\/div>\n\n\n\n<div class=\"wp-block-column is-layout-flow wp-block-column-is-layout-flow\"><\/div>\n<\/div>\n\n\n\n<p><\/p>\n\n\n\n<p><\/p>\n\n\n\n<h2 class=\"wp-block-heading\"><strong>N\u0101 L\u0101 H\u0101nau o n\u0101 Ali\u02bbi<\/strong><\/h2>\n\n\n\n<ul class=\"wp-block-list\">\n<li><strong>January 2:<\/strong>&nbsp;Queen Emma<\/li>\n\n\n\n<li><strong>February 9:<\/strong>&nbsp;King Kamehameha IV&nbsp;<\/li>\n\n\n\n<li><strong>March 17:<\/strong>&nbsp;Queen Ka&#8217;ahumanu<\/li>\n\n\n\n<li><strong>March 26:<\/strong>&nbsp;Prince K\u016bhi\u014d&nbsp;<\/li>\n\n\n\n<li><strong>September 2:<\/strong>&nbsp;Queen Lili&#8217;uokalani&nbsp;<\/li>\n\n\n\n<li><strong>October 16:<\/strong>&nbsp;Princess Ka&#8217;iulani&nbsp;<\/li>\n\n\n\n<li><strong>November 16:<\/strong>&nbsp;King Kal\u0101kaua&nbsp;<\/li>\n\n\n\n<li><strong>December 19:<\/strong>&nbsp;Bernice Pauahi Bishop<\/li>\n\n\n\n<li><strong>December 31:<\/strong>&nbsp;Queen Kapi&#8217;olani&nbsp;<\/li>\n<\/ul>\n\n\n\n<p><\/p>\n","protected":false},"excerpt":{"rendered":"<p>L\u0101 Ho\u02bbiho\u02bbi Ea &#8211; July 31, 1843 L\u0101 K\u016b\u02bboko\u02bba &#8211; November 28, 1843 Symbols of Ali\u02bbi and their History Hae Kalaunu \u02bbAhu\u02bbula HAWAIIAN FEATHER WORK BY WILLIAM TO BRIGHAM. Hae Hawai\u02bbi &#8220;Ka Hae Hawai\u2018i&#8221; by Kau\u02bbi Sai-Dudoit &#8220;Royal Standards of Hawai\u02bbi &#8221; by Douglas V. Askman Lei Niho Palaoa &#8220;Lei Niho Palaoa&#8221; by Bishop Museum &hellip; <\/p>\n<p class=\"link-more\"><a href=\"https:\/\/blogs.ksbe.edu\/paiealc\/la-nui\/\" class=\"more-link\">Continue reading<span class=\"screen-reader-text\"> &#8220;L\u0101 Nui&#8221;<\/span><\/a><\/p>\n","protected":false},"author":1206,"featured_media":0,"parent":0,"menu_order":0,"comment_status":"closed","ping_status":"closed","template":"","meta":{"footnotes":""},"class_list":["post-1030","page","type-page","status-publish","hentry"],"yoast_head":"<!-- This site is optimized with the Yoast SEO plugin v25.8 - https:\/\/yoast.com\/wordpress\/plugins\/seo\/ -->\n<title>L\u0101 Nui - Pai\u02bbea Learning Center<\/title>\n<meta name=\"robots\" content=\"index, follow, max-snippet:-1, max-image-preview:large, max-video-preview:-1\" \/>\n<link rel=\"canonical\" href=\"https:\/\/blogs.ksbe.edu\/paiealc\/la-nui\/\" \/>\n<meta property=\"og:locale\" content=\"en_US\" \/>\n<meta property=\"og:type\" content=\"article\" \/>\n<meta property=\"og:title\" content=\"L\u0101 Nui - Pai\u02bbea Learning Center\" \/>\n<meta property=\"og:description\" content=\"L\u0101 Ho\u02bbiho\u02bbi Ea &#8211; July 31, 1843 L\u0101 K\u016b\u02bboko\u02bba &#8211; November 28, 1843 Symbols of Ali\u02bbi and their History Hae Kalaunu \u02bbAhu\u02bbula HAWAIIAN FEATHER WORK BY WILLIAM TO BRIGHAM. Hae Hawai\u02bbi &#8220;Ka Hae Hawai\u2018i&#8221; by Kau\u02bbi Sai-Dudoit &#8220;Royal Standards of Hawai\u02bbi &#8221; by Douglas V. Askman Lei Niho Palaoa &#8220;Lei Niho Palaoa&#8221; by Bishop Museum &hellip; Continue reading &quot;L\u0101 Nui&quot;\" \/>\n<meta property=\"og:url\" content=\"https:\/\/blogs.ksbe.edu\/paiealc\/la-nui\/\" \/>\n<meta property=\"og:site_name\" content=\"Pai\u02bbea Learning Center\" \/>\n<meta property=\"article:modified_time\" content=\"2025-12-01T22:53:08+00:00\" \/>\n<meta property=\"og:image\" content=\"https:\/\/blogs.ksbe.edu\/paiealc\/files\/2025\/11\/Royal_Crown_of_Hawaii.svg_.png\" \/>\n\t<meta property=\"og:image:width\" content=\"1024\" \/>\n\t<meta property=\"og:image:height\" content=\"937\" \/>\n\t<meta property=\"og:image:type\" content=\"image\/png\" \/>\n<meta name=\"twitter:card\" content=\"summary_large_image\" \/>\n<meta name=\"twitter:label1\" content=\"Est. reading time\" \/>\n\t<meta name=\"twitter:data1\" content=\"2 minutes\" \/>\n<script type=\"application\/ld+json\" class=\"yoast-schema-graph\">{\"@context\":\"https:\/\/schema.org\",\"@graph\":[{\"@type\":\"WebPage\",\"@id\":\"https:\/\/blogs.ksbe.edu\/paiealc\/la-nui\/\",\"url\":\"https:\/\/blogs.ksbe.edu\/paiealc\/la-nui\/\",\"name\":\"L\u0101 Nui - Pai\u02bbea Learning Center\",\"isPartOf\":{\"@id\":\"https:\/\/blogs.ksbe.edu\/paiealc\/#website\"},\"primaryImageOfPage\":{\"@id\":\"https:\/\/blogs.ksbe.edu\/paiealc\/la-nui\/#primaryimage\"},\"image\":{\"@id\":\"https:\/\/blogs.ksbe.edu\/paiealc\/la-nui\/#primaryimage\"},\"thumbnailUrl\":\"http:\/\/blogs.ksbe.edu\/paiealc\/files\/2025\/11\/Royal_Crown_of_Hawaii.svg_.png\",\"datePublished\":\"2025-11-25T20:55:06+00:00\",\"dateModified\":\"2025-12-01T22:53:08+00:00\",\"breadcrumb\":{\"@id\":\"https:\/\/blogs.ksbe.edu\/paiealc\/la-nui\/#breadcrumb\"},\"inLanguage\":\"en-US\",\"potentialAction\":[{\"@type\":\"ReadAction\",\"target\":[\"https:\/\/blogs.ksbe.edu\/paiealc\/la-nui\/\"]}]},{\"@type\":\"ImageObject\",\"inLanguage\":\"en-US\",\"@id\":\"https:\/\/blogs.ksbe.edu\/paiealc\/la-nui\/#primaryimage\",\"url\":\"https:\/\/blogs.ksbe.edu\/paiealc\/files\/2025\/11\/Royal_Crown_of_Hawaii.svg_.png\",\"contentUrl\":\"https:\/\/blogs.ksbe.edu\/paiealc\/files\/2025\/11\/Royal_Crown_of_Hawaii.svg_.png\",\"width\":1024,\"height\":937},{\"@type\":\"BreadcrumbList\",\"@id\":\"https:\/\/blogs.ksbe.edu\/paiealc\/la-nui\/#breadcrumb\",\"itemListElement\":[{\"@type\":\"ListItem\",\"position\":1,\"name\":\"Home\",\"item\":\"https:\/\/blogs.ksbe.edu\/paiealc\/\"},{\"@type\":\"ListItem\",\"position\":2,\"name\":\"L\u0101 Nui\"}]},{\"@type\":\"WebSite\",\"@id\":\"https:\/\/blogs.ksbe.edu\/paiealc\/#website\",\"url\":\"https:\/\/blogs.ksbe.edu\/paiealc\/\",\"name\":\"Pai\u02bbea Learning Center\",\"description\":\"Ka Hale Waihona Puke \u02bbo Pai\u02bbea\",\"potentialAction\":[{\"@type\":\"SearchAction\",\"target\":{\"@type\":\"EntryPoint\",\"urlTemplate\":\"https:\/\/blogs.ksbe.edu\/paiealc\/?s={search_term_string}\"},\"query-input\":{\"@type\":\"PropertyValueSpecification\",\"valueRequired\":true,\"valueName\":\"search_term_string\"}}],\"inLanguage\":\"en-US\"}]}<\/script>\n<!-- \/ Yoast SEO plugin. -->","yoast_head_json":{"title":"L\u0101 Nui - Pai\u02bbea Learning Center","robots":{"index":"index","follow":"follow","max-snippet":"max-snippet:-1","max-image-preview":"max-image-preview:large","max-video-preview":"max-video-preview:-1"},"canonical":"https:\/\/blogs.ksbe.edu\/paiealc\/la-nui\/","og_locale":"en_US","og_type":"article","og_title":"L\u0101 Nui - Pai\u02bbea Learning Center","og_description":"L\u0101 Ho\u02bbiho\u02bbi Ea &#8211; July 31, 1843 L\u0101 K\u016b\u02bboko\u02bba &#8211; November 28, 1843 Symbols of Ali\u02bbi and their History Hae Kalaunu \u02bbAhu\u02bbula HAWAIIAN FEATHER WORK BY WILLIAM TO BRIGHAM. Hae Hawai\u02bbi &#8220;Ka Hae Hawai\u2018i&#8221; by Kau\u02bbi Sai-Dudoit &#8220;Royal Standards of Hawai\u02bbi &#8221; by Douglas V. Askman Lei Niho Palaoa &#8220;Lei Niho Palaoa&#8221; by Bishop Museum &hellip; Continue reading \"L\u0101 Nui\"","og_url":"https:\/\/blogs.ksbe.edu\/paiealc\/la-nui\/","og_site_name":"Pai\u02bbea Learning Center","article_modified_time":"2025-12-01T22:53:08+00:00","og_image":[{"width":1024,"height":937,"url":"https:\/\/blogs.ksbe.edu\/paiealc\/files\/2025\/11\/Royal_Crown_of_Hawaii.svg_.png","type":"image\/png"}],"twitter_card":"summary_large_image","twitter_misc":{"Est. reading time":"2 minutes"},"schema":{"@context":"https:\/\/schema.org","@graph":[{"@type":"WebPage","@id":"https:\/\/blogs.ksbe.edu\/paiealc\/la-nui\/","url":"https:\/\/blogs.ksbe.edu\/paiealc\/la-nui\/","name":"L\u0101 Nui - Pai\u02bbea Learning Center","isPartOf":{"@id":"https:\/\/blogs.ksbe.edu\/paiealc\/#website"},"primaryImageOfPage":{"@id":"https:\/\/blogs.ksbe.edu\/paiealc\/la-nui\/#primaryimage"},"image":{"@id":"https:\/\/blogs.ksbe.edu\/paiealc\/la-nui\/#primaryimage"},"thumbnailUrl":"http:\/\/blogs.ksbe.edu\/paiealc\/files\/2025\/11\/Royal_Crown_of_Hawaii.svg_.png","datePublished":"2025-11-25T20:55:06+00:00","dateModified":"2025-12-01T22:53:08+00:00","breadcrumb":{"@id":"https:\/\/blogs.ksbe.edu\/paiealc\/la-nui\/#breadcrumb"},"inLanguage":"en-US","potentialAction":[{"@type":"ReadAction","target":["https:\/\/blogs.ksbe.edu\/paiealc\/la-nui\/"]}]},{"@type":"ImageObject","inLanguage":"en-US","@id":"https:\/\/blogs.ksbe.edu\/paiealc\/la-nui\/#primaryimage","url":"https:\/\/blogs.ksbe.edu\/paiealc\/files\/2025\/11\/Royal_Crown_of_Hawaii.svg_.png","contentUrl":"https:\/\/blogs.ksbe.edu\/paiealc\/files\/2025\/11\/Royal_Crown_of_Hawaii.svg_.png","width":1024,"height":937},{"@type":"BreadcrumbList","@id":"https:\/\/blogs.ksbe.edu\/paiealc\/la-nui\/#breadcrumb","itemListElement":[{"@type":"ListItem","position":1,"name":"Home","item":"https:\/\/blogs.ksbe.edu\/paiealc\/"},{"@type":"ListItem","position":2,"name":"L\u0101 Nui"}]},{"@type":"WebSite","@id":"https:\/\/blogs.ksbe.edu\/paiealc\/#website","url":"https:\/\/blogs.ksbe.edu\/paiealc\/","name":"Pai\u02bbea Learning Center","description":"Ka Hale Waihona Puke \u02bbo Pai\u02bbea","potentialAction":[{"@type":"SearchAction","target":{"@type":"EntryPoint","urlTemplate":"https:\/\/blogs.ksbe.edu\/paiealc\/?s={search_term_string}"},"query-input":{"@type":"PropertyValueSpecification","valueRequired":true,"valueName":"search_term_string"}}],"inLanguage":"en-US"}]}},"_links":{"self":[{"href":"https:\/\/blogs.ksbe.edu\/paiealc\/wp-json\/wp\/v2\/pages\/1030","targetHints":{"allow":["GET"]}}],"collection":[{"href":"https:\/\/blogs.ksbe.edu\/paiealc\/wp-json\/wp\/v2\/pages"}],"about":[{"href":"https:\/\/blogs.ksbe.edu\/paiealc\/wp-json\/wp\/v2\/types\/page"}],"author":[{"embeddable":true,"href":"https:\/\/blogs.ksbe.edu\/paiealc\/wp-json\/wp\/v2\/users\/1206"}],"replies":[{"embeddable":true,"href":"https:\/\/blogs.ksbe.edu\/paiealc\/wp-json\/wp\/v2\/comments?post=1030"}],"version-history":[{"count":0,"href":"https:\/\/blogs.ksbe.edu\/paiealc\/wp-json\/wp\/v2\/pages\/1030\/revisions"}],"wp:attachment":[{"href":"https:\/\/blogs.ksbe.edu\/paiealc\/wp-json\/wp\/v2\/media?parent=1030"}],"curies":[{"name":"wp","href":"https:\/\/api.w.org\/{rel}","templated":true}]}}