{"id":821,"date":"2012-11-13T09:21:49","date_gmt":"2012-11-13T19:21:49","guid":{"rendered":"http:\/\/blogsksbeedu.wpenginepowered.com\/pahanakipaepae\/?page_id=821"},"modified":"2013-05-15T15:16:35","modified_gmt":"2013-05-16T01:16:35","slug":"ks-pahana-kipaepae-genius-bar","status":"publish","type":"page","link":"https:\/\/blogs.ksbe.edu\/pahanakipaepae\/ks-pahana-kipaepae-genius-bar\/","title":{"rendered":"KS P\u0101hana K\u012bpaepae Genius Bar"},"content":{"rendered":"<h2 style=\"text-align: center;\"><a href=\"http:\/\/blogs.ksbe.edu\/pahanakipaepae\/files\/2012\/11\/Slide1.jpg\"><img loading=\"lazy\" decoding=\"async\" class=\"aligncenter size-full wp-image-825\" title=\"gb\" alt=\"\" src=\"http:\/\/blogs.ksbe.edu\/pahanakipaepae\/files\/2012\/11\/Slide1.jpg\" width=\"720\" height=\"180\" srcset=\"https:\/\/blogs.ksbe.edu\/pahanakipaepae\/files\/2012\/11\/Slide1.jpg 720w, https:\/\/blogs.ksbe.edu\/pahanakipaepae\/files\/2012\/11\/Slide1-300x75.jpg 300w\" sizes=\"auto, (max-width: 720px) 100vw, 720px\" \/><\/a>Kamehameha Genius Bar- Up and RUNNING!<\/h2>\n<p style=\"text-align: center;\">Where are we going? \u00a0To ISTE of Course! The International Society for Technology in Education or ISTE is an annual conference and exposition that will be held this year in SAN ANTONIO TEXAS from June 23nd until June 26th, 2013.<\/p>\n<p style=\"text-align: center;\">Our campus is pleased to be taking EIGHT haum\u0101na to experience this conference and to gleam from all the knowledge they will attain in San Antonio to share once back in Hawaii. For more information as to schedules, flight information, what to bring etc, please see our site <a title=\"KGB ISTE\" href=\"https:\/\/sites.google.com\/a\/hawaii.ksbe.edu\/kshiste2013\/\" target=\"_blank\">here<\/a><\/p>\n<p style=\"text-align: left;\">** Please note** Mandatory Parent meeting for haum\u0101na ISTE attendees this FRIDAY, May 17th at 5:30 pm in Keku\u02bbiapoiwa Learning Center. \u00a0See you THERE!<\/p>\n<p style=\"text-align: left;\">\n","protected":false},"excerpt":{"rendered":"<p>Kamehameha Genius Bar- Up and RUNNING! Where are we going? \u00a0To ISTE of Course! The International Society for Technology in Education or ISTE is an annual conference and exposition that will be held this year in SAN ANTONIO TEXAS from &hellip; <a href=\"https:\/\/blogs.ksbe.edu\/pahanakipaepae\/ks-pahana-kipaepae-genius-bar\/\">Continue reading <span class=\"meta-nav\">&rarr;<\/span><\/a><\/p>\n","protected":false},"author":96,"featured_media":0,"parent":0,"menu_order":0,"comment_status":"closed","ping_status":"closed","template":"","meta":{"footnotes":""},"class_list":["post-821","page","type-page","status-publish","hentry"],"yoast_head":"<!-- This site is optimized with the Yoast SEO plugin v25.8 - https:\/\/yoast.com\/wordpress\/plugins\/seo\/ -->\n<title>KS P\u0101hana K\u012bpaepae Genius Bar - P\u0101hana K\u012bpaepae<\/title>\n<meta name=\"robots\" content=\"index, follow, max-snippet:-1, max-image-preview:large, max-video-preview:-1\" \/>\n<link rel=\"canonical\" href=\"https:\/\/blogs.ksbe.edu\/pahanakipaepae\/ks-pahana-kipaepae-genius-bar\/\" \/>\n<meta property=\"og:locale\" content=\"en_US\" \/>\n<meta property=\"og:type\" content=\"article\" \/>\n<meta property=\"og:title\" content=\"KS P\u0101hana K\u012bpaepae Genius Bar - P\u0101hana K\u012bpaepae\" \/>\n<meta property=\"og:description\" content=\"Kamehameha Genius Bar- Up and RUNNING! Where are we going? \u00a0To ISTE of Course! The International Society for Technology in Education or ISTE is an annual conference and exposition that will be held this year in SAN ANTONIO TEXAS from &hellip; Continue reading &rarr;\" \/>\n<meta property=\"og:url\" content=\"https:\/\/blogs.ksbe.edu\/pahanakipaepae\/ks-pahana-kipaepae-genius-bar\/\" \/>\n<meta property=\"og:site_name\" content=\"P\u0101hana K\u012bpaepae\" \/>\n<meta property=\"article:modified_time\" content=\"2013-05-16T01:16:35+00:00\" \/>\n<meta property=\"og:image\" content=\"http:\/\/blogs.ksbe.edu\/pahanakipaepae\/files\/2012\/11\/Slide1.jpg\" \/>\n<meta name=\"twitter:card\" content=\"summary_large_image\" \/>\n<meta name=\"twitter:label1\" content=\"Est. reading time\" \/>\n\t<meta name=\"twitter:data1\" content=\"1 minute\" \/>\n<script type=\"application\/ld+json\" class=\"yoast-schema-graph\">{\"@context\":\"https:\/\/schema.org\",\"@graph\":[{\"@type\":\"WebPage\",\"@id\":\"https:\/\/blogs.ksbe.edu\/pahanakipaepae\/ks-pahana-kipaepae-genius-bar\/\",\"url\":\"https:\/\/blogs.ksbe.edu\/pahanakipaepae\/ks-pahana-kipaepae-genius-bar\/\",\"name\":\"KS P\u0101hana K\u012bpaepae Genius Bar - P\u0101hana K\u012bpaepae\",\"isPartOf\":{\"@id\":\"http:\/\/blogs.ksbe.edu\/pahanakipaepae\/#website\"},\"primaryImageOfPage\":{\"@id\":\"https:\/\/blogs.ksbe.edu\/pahanakipaepae\/ks-pahana-kipaepae-genius-bar\/#primaryimage\"},\"image\":{\"@id\":\"https:\/\/blogs.ksbe.edu\/pahanakipaepae\/ks-pahana-kipaepae-genius-bar\/#primaryimage\"},\"thumbnailUrl\":\"http:\/\/blogs.ksbe.edu\/pahanakipaepae\/files\/2012\/11\/Slide1.jpg\",\"datePublished\":\"2012-11-13T19:21:49+00:00\",\"dateModified\":\"2013-05-16T01:16:35+00:00\",\"breadcrumb\":{\"@id\":\"https:\/\/blogs.ksbe.edu\/pahanakipaepae\/ks-pahana-kipaepae-genius-bar\/#breadcrumb\"},\"inLanguage\":\"en-US\",\"potentialAction\":[{\"@type\":\"ReadAction\",\"target\":[\"https:\/\/blogs.ksbe.edu\/pahanakipaepae\/ks-pahana-kipaepae-genius-bar\/\"]}]},{\"@type\":\"ImageObject\",\"inLanguage\":\"en-US\",\"@id\":\"https:\/\/blogs.ksbe.edu\/pahanakipaepae\/ks-pahana-kipaepae-genius-bar\/#primaryimage\",\"url\":\"https:\/\/blogs.ksbe.edu\/pahanakipaepae\/files\/2012\/11\/Slide1.jpg\",\"contentUrl\":\"https:\/\/blogs.ksbe.edu\/pahanakipaepae\/files\/2012\/11\/Slide1.jpg\",\"width\":\"720\",\"height\":\"180\"},{\"@type\":\"BreadcrumbList\",\"@id\":\"https:\/\/blogs.ksbe.edu\/pahanakipaepae\/ks-pahana-kipaepae-genius-bar\/#breadcrumb\",\"itemListElement\":[{\"@type\":\"ListItem\",\"position\":1,\"name\":\"Home\",\"item\":\"http:\/\/blogs.ksbe.edu\/pahanakipaepae\/\"},{\"@type\":\"ListItem\",\"position\":2,\"name\":\"KS P\u0101hana K\u012bpaepae Genius Bar\"}]},{\"@type\":\"WebSite\",\"@id\":\"http:\/\/blogs.ksbe.edu\/pahanakipaepae\/#website\",\"url\":\"http:\/\/blogs.ksbe.edu\/pahanakipaepae\/\",\"name\":\"P\u0101hana K\u012bpaepae\",\"description\":\"1:1 Laptop Project\",\"potentialAction\":[{\"@type\":\"SearchAction\",\"target\":{\"@type\":\"EntryPoint\",\"urlTemplate\":\"http:\/\/blogs.ksbe.edu\/pahanakipaepae\/?s={search_term_string}\"},\"query-input\":{\"@type\":\"PropertyValueSpecification\",\"valueRequired\":true,\"valueName\":\"search_term_string\"}}],\"inLanguage\":\"en-US\"}]}<\/script>\n<!-- \/ Yoast SEO plugin. -->","yoast_head_json":{"title":"KS P\u0101hana K\u012bpaepae Genius Bar - P\u0101hana K\u012bpaepae","robots":{"index":"index","follow":"follow","max-snippet":"max-snippet:-1","max-image-preview":"max-image-preview:large","max-video-preview":"max-video-preview:-1"},"canonical":"https:\/\/blogs.ksbe.edu\/pahanakipaepae\/ks-pahana-kipaepae-genius-bar\/","og_locale":"en_US","og_type":"article","og_title":"KS P\u0101hana K\u012bpaepae Genius Bar - P\u0101hana K\u012bpaepae","og_description":"Kamehameha Genius Bar- Up and RUNNING! Where are we going? \u00a0To ISTE of Course! The International Society for Technology in Education or ISTE is an annual conference and exposition that will be held this year in SAN ANTONIO TEXAS from &hellip; Continue reading &rarr;","og_url":"https:\/\/blogs.ksbe.edu\/pahanakipaepae\/ks-pahana-kipaepae-genius-bar\/","og_site_name":"P\u0101hana K\u012bpaepae","article_modified_time":"2013-05-16T01:16:35+00:00","og_image":[{"url":"http:\/\/blogs.ksbe.edu\/pahanakipaepae\/files\/2012\/11\/Slide1.jpg","type":"","width":"","height":""}],"twitter_card":"summary_large_image","twitter_misc":{"Est. reading time":"1 minute"},"schema":{"@context":"https:\/\/schema.org","@graph":[{"@type":"WebPage","@id":"https:\/\/blogs.ksbe.edu\/pahanakipaepae\/ks-pahana-kipaepae-genius-bar\/","url":"https:\/\/blogs.ksbe.edu\/pahanakipaepae\/ks-pahana-kipaepae-genius-bar\/","name":"KS P\u0101hana K\u012bpaepae Genius Bar - P\u0101hana K\u012bpaepae","isPartOf":{"@id":"http:\/\/blogs.ksbe.edu\/pahanakipaepae\/#website"},"primaryImageOfPage":{"@id":"https:\/\/blogs.ksbe.edu\/pahanakipaepae\/ks-pahana-kipaepae-genius-bar\/#primaryimage"},"image":{"@id":"https:\/\/blogs.ksbe.edu\/pahanakipaepae\/ks-pahana-kipaepae-genius-bar\/#primaryimage"},"thumbnailUrl":"http:\/\/blogs.ksbe.edu\/pahanakipaepae\/files\/2012\/11\/Slide1.jpg","datePublished":"2012-11-13T19:21:49+00:00","dateModified":"2013-05-16T01:16:35+00:00","breadcrumb":{"@id":"https:\/\/blogs.ksbe.edu\/pahanakipaepae\/ks-pahana-kipaepae-genius-bar\/#breadcrumb"},"inLanguage":"en-US","potentialAction":[{"@type":"ReadAction","target":["https:\/\/blogs.ksbe.edu\/pahanakipaepae\/ks-pahana-kipaepae-genius-bar\/"]}]},{"@type":"ImageObject","inLanguage":"en-US","@id":"https:\/\/blogs.ksbe.edu\/pahanakipaepae\/ks-pahana-kipaepae-genius-bar\/#primaryimage","url":"https:\/\/blogs.ksbe.edu\/pahanakipaepae\/files\/2012\/11\/Slide1.jpg","contentUrl":"https:\/\/blogs.ksbe.edu\/pahanakipaepae\/files\/2012\/11\/Slide1.jpg","width":"720","height":"180"},{"@type":"BreadcrumbList","@id":"https:\/\/blogs.ksbe.edu\/pahanakipaepae\/ks-pahana-kipaepae-genius-bar\/#breadcrumb","itemListElement":[{"@type":"ListItem","position":1,"name":"Home","item":"http:\/\/blogs.ksbe.edu\/pahanakipaepae\/"},{"@type":"ListItem","position":2,"name":"KS P\u0101hana K\u012bpaepae Genius Bar"}]},{"@type":"WebSite","@id":"http:\/\/blogs.ksbe.edu\/pahanakipaepae\/#website","url":"http:\/\/blogs.ksbe.edu\/pahanakipaepae\/","name":"P\u0101hana K\u012bpaepae","description":"1:1 Laptop Project","potentialAction":[{"@type":"SearchAction","target":{"@type":"EntryPoint","urlTemplate":"http:\/\/blogs.ksbe.edu\/pahanakipaepae\/?s={search_term_string}"},"query-input":{"@type":"PropertyValueSpecification","valueRequired":true,"valueName":"search_term_string"}}],"inLanguage":"en-US"}]}},"_links":{"self":[{"href":"https:\/\/blogs.ksbe.edu\/pahanakipaepae\/wp-json\/wp\/v2\/pages\/821","targetHints":{"allow":["GET"]}}],"collection":[{"href":"https:\/\/blogs.ksbe.edu\/pahanakipaepae\/wp-json\/wp\/v2\/pages"}],"about":[{"href":"https:\/\/blogs.ksbe.edu\/pahanakipaepae\/wp-json\/wp\/v2\/types\/page"}],"author":[{"embeddable":true,"href":"https:\/\/blogs.ksbe.edu\/pahanakipaepae\/wp-json\/wp\/v2\/users\/96"}],"replies":[{"embeddable":true,"href":"https:\/\/blogs.ksbe.edu\/pahanakipaepae\/wp-json\/wp\/v2\/comments?post=821"}],"version-history":[{"count":0,"href":"https:\/\/blogs.ksbe.edu\/pahanakipaepae\/wp-json\/wp\/v2\/pages\/821\/revisions"}],"wp:attachment":[{"href":"https:\/\/blogs.ksbe.edu\/pahanakipaepae\/wp-json\/wp\/v2\/media?parent=821"}],"curies":[{"name":"wp","href":"https:\/\/api.w.org\/{rel}","templated":true}]}}