{"id":613,"date":"2018-06-25T08:26:51","date_gmt":"2018-06-25T18:26:51","guid":{"rendered":"http:\/\/blogsksbeedu.wpenginepowered.com\/mespence\/?page_id=613"},"modified":"2018-06-25T08:53:43","modified_gmt":"2018-06-25T18:53:43","slug":"%ca%bboiwi-e","status":"publish","type":"page","link":"https:\/\/blogs.ksbe.edu\/mespence\/%ca%bboiwi-e\/","title":{"rendered":"\u02bb\u014ciwi \u0112"},"content":{"rendered":"<p style=\"text-align: center;\">\u02bb\u014ciwi \u0112- na John Lake<\/p>\n<p>&nbsp;<\/p>\n<p>\u02bb\u014ciwi e<br \/>\n\u02bb\u014ciwi e k\u0101hea ana iwi e<br \/>\nUa \u02bbike mai nei<br \/>\nUa \u02bbike mai nei ku\u02bbu one h\u0101nau e<\/p>\n<p>Eia mai la<br \/>\nEia mai la n\u0101 kupa \u02bb\u0101ina o Hawai\u02bbi nei<br \/>\nK\u0101ko\u02bbo mai nei<br \/>\nK\u0101ko\u02bbo mai nei k\u016bpa\u02bba l\u014dkahi e<\/p>\n<p>K\u012bkilo e n\u0101 iwi<br \/>\nK\u012bkilo e n\u0101 iwi e n\u0101 mamo e<br \/>\nN\u0101 kini makamaka e<br \/>\nK\u016bpa\u02bba ke kanaka<br \/>\nK\u016bpa\u02bba ke kanaka hanohano ha\u02bbaheo e<br \/>\nK\u016b ke kanaka<br \/>\nK\u016bpa\u02bba ke kanaka hanohano ha\u02bbaheo e<\/p>\n<p><a href=\"https:\/\/www.youtube.com\/watch?v=6Bpt53CM_JY\">Link to video<\/a><\/p>\n<p>&nbsp;<\/p>\n<p>&nbsp;<\/p>\n","protected":false},"excerpt":{"rendered":"<p>\u02bb\u014ciwi \u0112- na John Lake &nbsp; \u02bb\u014ciwi e \u02bb\u014ciwi e k\u0101hea ana iwi e Ua \u02bbike mai nei Ua \u02bbike mai nei ku\u02bbu one h\u0101nau e Eia mai la Eia mai la n\u0101 kupa \u02bb\u0101ina o Hawai\u02bbi nei K\u0101ko\u02bbo mai &hellip; <a href=\"https:\/\/blogs.ksbe.edu\/mespence\/%ca%bboiwi-e\/\">Continue reading <span class=\"meta-nav\">&rarr;<\/span><\/a><\/p>\n","protected":false},"author":191,"featured_media":0,"parent":0,"menu_order":0,"comment_status":"closed","ping_status":"closed","template":"","meta":{"footnotes":""},"class_list":["post-613","page","type-page","status-publish","hentry"],"yoast_head":"<!-- This site is optimized with the Yoast SEO plugin v25.8 - https:\/\/yoast.com\/wordpress\/plugins\/seo\/ -->\n<title>\u02bb\u014ciwi \u0112 - Papa Nohona Hawai\u2018i<\/title>\n<meta name=\"robots\" content=\"index, follow, max-snippet:-1, max-image-preview:large, max-video-preview:-1\" \/>\n<link rel=\"canonical\" href=\"https:\/\/blogs.ksbe.edu\/mespence\/\u02bboiwi-e\/\" \/>\n<meta property=\"og:locale\" content=\"en_US\" \/>\n<meta property=\"og:type\" content=\"article\" \/>\n<meta property=\"og:title\" content=\"\u02bb\u014ciwi \u0112 - Papa Nohona Hawai\u2018i\" \/>\n<meta property=\"og:description\" content=\"\u02bb\u014ciwi \u0112- na John Lake &nbsp; \u02bb\u014ciwi e \u02bb\u014ciwi e k\u0101hea ana iwi e Ua \u02bbike mai nei Ua \u02bbike mai nei ku\u02bbu one h\u0101nau e Eia mai la Eia mai la n\u0101 kupa \u02bb\u0101ina o Hawai\u02bbi nei K\u0101ko\u02bbo mai &hellip; Continue reading &rarr;\" \/>\n<meta property=\"og:url\" content=\"https:\/\/blogs.ksbe.edu\/mespence\/\u02bboiwi-e\/\" \/>\n<meta property=\"og:site_name\" content=\"Papa Nohona Hawai\u2018i\" \/>\n<meta property=\"article:modified_time\" content=\"2018-06-25T18:53:43+00:00\" \/>\n<meta name=\"twitter:card\" content=\"summary_large_image\" \/>\n<meta name=\"twitter:label1\" content=\"Est. reading time\" \/>\n\t<meta name=\"twitter:data1\" content=\"1 minute\" \/>\n<script type=\"application\/ld+json\" class=\"yoast-schema-graph\">{\"@context\":\"https:\/\/schema.org\",\"@graph\":[{\"@type\":\"WebPage\",\"@id\":\"https:\/\/blogs.ksbe.edu\/mespence\/%ca%bboiwi-e\/\",\"url\":\"https:\/\/blogs.ksbe.edu\/mespence\/%ca%bboiwi-e\/\",\"name\":\"\u02bb\u014ciwi \u0112 - Papa Nohona Hawai\u2018i\",\"isPartOf\":{\"@id\":\"https:\/\/blogs.ksbe.edu\/mespence\/#website\"},\"datePublished\":\"2018-06-25T18:26:51+00:00\",\"dateModified\":\"2018-06-25T18:53:43+00:00\",\"breadcrumb\":{\"@id\":\"https:\/\/blogs.ksbe.edu\/mespence\/%ca%bboiwi-e\/#breadcrumb\"},\"inLanguage\":\"en-US\",\"potentialAction\":[{\"@type\":\"ReadAction\",\"target\":[\"https:\/\/blogs.ksbe.edu\/mespence\/%ca%bboiwi-e\/\"]}]},{\"@type\":\"BreadcrumbList\",\"@id\":\"https:\/\/blogs.ksbe.edu\/mespence\/%ca%bboiwi-e\/#breadcrumb\",\"itemListElement\":[{\"@type\":\"ListItem\",\"position\":1,\"name\":\"Home\",\"item\":\"https:\/\/blogs.ksbe.edu\/mespence\/\"},{\"@type\":\"ListItem\",\"position\":2,\"name\":\"\u02bb\u014ciwi \u0112\"}]},{\"@type\":\"WebSite\",\"@id\":\"https:\/\/blogs.ksbe.edu\/mespence\/#website\",\"url\":\"https:\/\/blogs.ksbe.edu\/mespence\/\",\"name\":\"Papa Nohona Hawai\u2018i\",\"description\":\"6th Grade Hawaiian Studies\",\"potentialAction\":[{\"@type\":\"SearchAction\",\"target\":{\"@type\":\"EntryPoint\",\"urlTemplate\":\"https:\/\/blogs.ksbe.edu\/mespence\/?s={search_term_string}\"},\"query-input\":{\"@type\":\"PropertyValueSpecification\",\"valueRequired\":true,\"valueName\":\"search_term_string\"}}],\"inLanguage\":\"en-US\"}]}<\/script>\n<!-- \/ Yoast SEO plugin. -->","yoast_head_json":{"title":"\u02bb\u014ciwi \u0112 - Papa Nohona Hawai\u2018i","robots":{"index":"index","follow":"follow","max-snippet":"max-snippet:-1","max-image-preview":"max-image-preview:large","max-video-preview":"max-video-preview:-1"},"canonical":"https:\/\/blogs.ksbe.edu\/mespence\/\u02bboiwi-e\/","og_locale":"en_US","og_type":"article","og_title":"\u02bb\u014ciwi \u0112 - Papa Nohona Hawai\u2018i","og_description":"\u02bb\u014ciwi \u0112- na John Lake &nbsp; \u02bb\u014ciwi e \u02bb\u014ciwi e k\u0101hea ana iwi e Ua \u02bbike mai nei Ua \u02bbike mai nei ku\u02bbu one h\u0101nau e Eia mai la Eia mai la n\u0101 kupa \u02bb\u0101ina o Hawai\u02bbi nei K\u0101ko\u02bbo mai &hellip; Continue reading &rarr;","og_url":"https:\/\/blogs.ksbe.edu\/mespence\/\u02bboiwi-e\/","og_site_name":"Papa Nohona Hawai\u2018i","article_modified_time":"2018-06-25T18:53:43+00:00","twitter_card":"summary_large_image","twitter_misc":{"Est. reading time":"1 minute"},"schema":{"@context":"https:\/\/schema.org","@graph":[{"@type":"WebPage","@id":"https:\/\/blogs.ksbe.edu\/mespence\/%ca%bboiwi-e\/","url":"https:\/\/blogs.ksbe.edu\/mespence\/%ca%bboiwi-e\/","name":"\u02bb\u014ciwi \u0112 - Papa Nohona Hawai\u2018i","isPartOf":{"@id":"https:\/\/blogs.ksbe.edu\/mespence\/#website"},"datePublished":"2018-06-25T18:26:51+00:00","dateModified":"2018-06-25T18:53:43+00:00","breadcrumb":{"@id":"https:\/\/blogs.ksbe.edu\/mespence\/%ca%bboiwi-e\/#breadcrumb"},"inLanguage":"en-US","potentialAction":[{"@type":"ReadAction","target":["https:\/\/blogs.ksbe.edu\/mespence\/%ca%bboiwi-e\/"]}]},{"@type":"BreadcrumbList","@id":"https:\/\/blogs.ksbe.edu\/mespence\/%ca%bboiwi-e\/#breadcrumb","itemListElement":[{"@type":"ListItem","position":1,"name":"Home","item":"https:\/\/blogs.ksbe.edu\/mespence\/"},{"@type":"ListItem","position":2,"name":"\u02bb\u014ciwi \u0112"}]},{"@type":"WebSite","@id":"https:\/\/blogs.ksbe.edu\/mespence\/#website","url":"https:\/\/blogs.ksbe.edu\/mespence\/","name":"Papa Nohona Hawai\u2018i","description":"6th Grade Hawaiian Studies","potentialAction":[{"@type":"SearchAction","target":{"@type":"EntryPoint","urlTemplate":"https:\/\/blogs.ksbe.edu\/mespence\/?s={search_term_string}"},"query-input":{"@type":"PropertyValueSpecification","valueRequired":true,"valueName":"search_term_string"}}],"inLanguage":"en-US"}]}},"_links":{"self":[{"href":"https:\/\/blogs.ksbe.edu\/mespence\/wp-json\/wp\/v2\/pages\/613","targetHints":{"allow":["GET"]}}],"collection":[{"href":"https:\/\/blogs.ksbe.edu\/mespence\/wp-json\/wp\/v2\/pages"}],"about":[{"href":"https:\/\/blogs.ksbe.edu\/mespence\/wp-json\/wp\/v2\/types\/page"}],"author":[{"embeddable":true,"href":"https:\/\/blogs.ksbe.edu\/mespence\/wp-json\/wp\/v2\/users\/191"}],"replies":[{"embeddable":true,"href":"https:\/\/blogs.ksbe.edu\/mespence\/wp-json\/wp\/v2\/comments?post=613"}],"version-history":[{"count":0,"href":"https:\/\/blogs.ksbe.edu\/mespence\/wp-json\/wp\/v2\/pages\/613\/revisions"}],"wp:attachment":[{"href":"https:\/\/blogs.ksbe.edu\/mespence\/wp-json\/wp\/v2\/media?parent=613"}],"curies":[{"name":"wp","href":"https:\/\/api.w.org\/{rel}","templated":true}]}}