{"id":479,"date":"2015-09-03T21:24:39","date_gmt":"2015-09-04T07:24:39","guid":{"rendered":"http:\/\/blogsksbeedu.wpenginepowered.com\/mespence\/?page_id=479"},"modified":"2015-11-05T16:51:04","modified_gmt":"2015-11-06T02:51:04","slug":"ka-pule-a-ka-haku","status":"publish","type":"page","link":"https:\/\/blogs.ksbe.edu\/mespence\/na-pule\/ka-pule-a-ka-haku\/","title":{"rendered":"Ka Pule a ka Haku"},"content":{"rendered":"<p>&nbsp;<\/p>\n<!--[if lt IE 9]><script>document.createElement('audio');<\/script><![endif]-->\n<audio class=\"wp-audio-shortcode\" id=\"audio-479-1\" preload=\"none\" style=\"width: 100%;\" controls=\"controls\"><source type=\"audio\/mpeg\" src=\"http:\/\/blogs.ksbe.edu\/mespence\/files\/2015\/09\/Pule-A-Ka-Haku.mp3?_=1\" \/><a href=\"http:\/\/blogs.ksbe.edu\/mespence\/files\/2015\/09\/Pule-A-Ka-Haku.mp3\">http:\/\/blogs.ksbe.edu\/mespence\/files\/2015\/09\/Pule-A-Ka-Haku.mp3<\/a><\/audio>\n<p>&nbsp;<\/p>\n<p><em>E pule k\u0101kou i ka pule a ka Haku m\u0101kaukau a pule<\/em><\/p>\n<p><em>\u00a0<\/em><\/p>\n<p>E ko m\u0101kou Makua i loko o ka lani<\/p>\n<p>E ho\u2018\u0101no \u2018ia kou inoa<\/p>\n<p>E hiki mai kou aupuni<\/p>\n<p>E m\u0101lama \u2018ia kou makemake ma ka honua nei<\/p>\n<p>E like me ia i m\u0101lama \u2018ia ma ka lani l\u0101<\/p>\n<p>E h\u0101\u2018awi mai i\u0101 m\u0101kou i k\u0113ia la<\/p>\n<p>I \u2018ai na makou no neia l\u0101<\/p>\n<p>E kala mai ho\u2018i i\u0101 m\u0101kou i k\u0101 m\u0101kou lawehala \u2018ana<\/p>\n<p>Me m\u0101kou e kala nei i ka po\u2018e i lawehala i k\u0101 m\u0101kou<\/p>\n<p>Mai ho\u2018oku\u2018u \u2018oe i\u0101 m\u0101kou i ka ho\u2018owalewale \u2018ia mai<\/p>\n<p>E ho\u2018opakele no na\u2018e i\u0101 m\u0101kou i ka \u2018ino<\/p>\n<p>No ka mea, nou ke aupuni, a me ka mana, a me ka ho\u2018onani \u2018ia a mau loa aku<\/p>\n<p>\u02bb\u0100mene.<\/p>\n","protected":false},"excerpt":{"rendered":"<p>&nbsp; &nbsp; E pule k\u0101kou i ka pule a ka Haku m\u0101kaukau a pule \u00a0 E ko m\u0101kou Makua i loko o ka lani E ho\u2018\u0101no \u2018ia kou inoa E hiki mai kou aupuni E m\u0101lama \u2018ia kou makemake ma &hellip; <a href=\"https:\/\/blogs.ksbe.edu\/mespence\/na-pule\/ka-pule-a-ka-haku\/\">Continue reading <span class=\"meta-nav\">&rarr;<\/span><\/a><\/p>\n","protected":false},"author":191,"featured_media":0,"parent":476,"menu_order":0,"comment_status":"closed","ping_status":"closed","template":"","meta":{"footnotes":""},"class_list":["post-479","page","type-page","status-publish","hentry"],"yoast_head":"<!-- This site is optimized with the Yoast SEO plugin v25.8 - https:\/\/yoast.com\/wordpress\/plugins\/seo\/ -->\n<title>Ka Pule a ka Haku - Papa Nohona Hawai\u2018i<\/title>\n<meta name=\"robots\" content=\"index, follow, max-snippet:-1, max-image-preview:large, max-video-preview:-1\" \/>\n<link rel=\"canonical\" href=\"https:\/\/blogs.ksbe.edu\/mespence\/na-pule\/ka-pule-a-ka-haku\/\" \/>\n<meta property=\"og:locale\" content=\"en_US\" \/>\n<meta property=\"og:type\" content=\"article\" \/>\n<meta property=\"og:title\" content=\"Ka Pule a ka Haku - Papa Nohona Hawai\u2018i\" \/>\n<meta property=\"og:description\" content=\"&nbsp; &nbsp; E pule k\u0101kou i ka pule a ka Haku m\u0101kaukau a pule \u00a0 E ko m\u0101kou Makua i loko o ka lani E ho\u2018\u0101no \u2018ia kou inoa E hiki mai kou aupuni E m\u0101lama \u2018ia kou makemake ma &hellip; Continue reading &rarr;\" \/>\n<meta property=\"og:url\" content=\"https:\/\/blogs.ksbe.edu\/mespence\/na-pule\/ka-pule-a-ka-haku\/\" \/>\n<meta property=\"og:site_name\" content=\"Papa Nohona Hawai\u2018i\" \/>\n<meta property=\"article:modified_time\" content=\"2015-11-06T02:51:04+00:00\" \/>\n<meta name=\"twitter:card\" content=\"summary_large_image\" \/>\n<meta name=\"twitter:label1\" content=\"Est. reading time\" \/>\n\t<meta name=\"twitter:data1\" content=\"1 minute\" \/>\n<script type=\"application\/ld+json\" class=\"yoast-schema-graph\">{\"@context\":\"https:\/\/schema.org\",\"@graph\":[{\"@type\":\"WebPage\",\"@id\":\"https:\/\/blogs.ksbe.edu\/mespence\/na-pule\/ka-pule-a-ka-haku\/\",\"url\":\"https:\/\/blogs.ksbe.edu\/mespence\/na-pule\/ka-pule-a-ka-haku\/\",\"name\":\"Ka Pule a ka Haku - Papa Nohona Hawai\u2018i\",\"isPartOf\":{\"@id\":\"https:\/\/blogs.ksbe.edu\/mespence\/#website\"},\"datePublished\":\"2015-09-04T07:24:39+00:00\",\"dateModified\":\"2015-11-06T02:51:04+00:00\",\"breadcrumb\":{\"@id\":\"https:\/\/blogs.ksbe.edu\/mespence\/na-pule\/ka-pule-a-ka-haku\/#breadcrumb\"},\"inLanguage\":\"en-US\",\"potentialAction\":[{\"@type\":\"ReadAction\",\"target\":[\"https:\/\/blogs.ksbe.edu\/mespence\/na-pule\/ka-pule-a-ka-haku\/\"]}]},{\"@type\":\"BreadcrumbList\",\"@id\":\"https:\/\/blogs.ksbe.edu\/mespence\/na-pule\/ka-pule-a-ka-haku\/#breadcrumb\",\"itemListElement\":[{\"@type\":\"ListItem\",\"position\":1,\"name\":\"Home\",\"item\":\"https:\/\/blogs.ksbe.edu\/mespence\/\"},{\"@type\":\"ListItem\",\"position\":2,\"name\":\"N\u0101 Pule\",\"item\":\"https:\/\/blogs.ksbe.edu\/mespence\/na-pule\/\"},{\"@type\":\"ListItem\",\"position\":3,\"name\":\"Ka Pule a ka Haku\"}]},{\"@type\":\"WebSite\",\"@id\":\"https:\/\/blogs.ksbe.edu\/mespence\/#website\",\"url\":\"https:\/\/blogs.ksbe.edu\/mespence\/\",\"name\":\"Papa Nohona Hawai\u2018i\",\"description\":\"6th Grade Hawaiian Studies\",\"potentialAction\":[{\"@type\":\"SearchAction\",\"target\":{\"@type\":\"EntryPoint\",\"urlTemplate\":\"https:\/\/blogs.ksbe.edu\/mespence\/?s={search_term_string}\"},\"query-input\":{\"@type\":\"PropertyValueSpecification\",\"valueRequired\":true,\"valueName\":\"search_term_string\"}}],\"inLanguage\":\"en-US\"}]}<\/script>\n<!-- \/ Yoast SEO plugin. -->","yoast_head_json":{"title":"Ka Pule a ka Haku - Papa Nohona Hawai\u2018i","robots":{"index":"index","follow":"follow","max-snippet":"max-snippet:-1","max-image-preview":"max-image-preview:large","max-video-preview":"max-video-preview:-1"},"canonical":"https:\/\/blogs.ksbe.edu\/mespence\/na-pule\/ka-pule-a-ka-haku\/","og_locale":"en_US","og_type":"article","og_title":"Ka Pule a ka Haku - Papa Nohona Hawai\u2018i","og_description":"&nbsp; &nbsp; E pule k\u0101kou i ka pule a ka Haku m\u0101kaukau a pule \u00a0 E ko m\u0101kou Makua i loko o ka lani E ho\u2018\u0101no \u2018ia kou inoa E hiki mai kou aupuni E m\u0101lama \u2018ia kou makemake ma &hellip; Continue reading &rarr;","og_url":"https:\/\/blogs.ksbe.edu\/mespence\/na-pule\/ka-pule-a-ka-haku\/","og_site_name":"Papa Nohona Hawai\u2018i","article_modified_time":"2015-11-06T02:51:04+00:00","twitter_card":"summary_large_image","twitter_misc":{"Est. reading time":"1 minute"},"schema":{"@context":"https:\/\/schema.org","@graph":[{"@type":"WebPage","@id":"https:\/\/blogs.ksbe.edu\/mespence\/na-pule\/ka-pule-a-ka-haku\/","url":"https:\/\/blogs.ksbe.edu\/mespence\/na-pule\/ka-pule-a-ka-haku\/","name":"Ka Pule a ka Haku - Papa Nohona Hawai\u2018i","isPartOf":{"@id":"https:\/\/blogs.ksbe.edu\/mespence\/#website"},"datePublished":"2015-09-04T07:24:39+00:00","dateModified":"2015-11-06T02:51:04+00:00","breadcrumb":{"@id":"https:\/\/blogs.ksbe.edu\/mespence\/na-pule\/ka-pule-a-ka-haku\/#breadcrumb"},"inLanguage":"en-US","potentialAction":[{"@type":"ReadAction","target":["https:\/\/blogs.ksbe.edu\/mespence\/na-pule\/ka-pule-a-ka-haku\/"]}]},{"@type":"BreadcrumbList","@id":"https:\/\/blogs.ksbe.edu\/mespence\/na-pule\/ka-pule-a-ka-haku\/#breadcrumb","itemListElement":[{"@type":"ListItem","position":1,"name":"Home","item":"https:\/\/blogs.ksbe.edu\/mespence\/"},{"@type":"ListItem","position":2,"name":"N\u0101 Pule","item":"https:\/\/blogs.ksbe.edu\/mespence\/na-pule\/"},{"@type":"ListItem","position":3,"name":"Ka Pule a ka Haku"}]},{"@type":"WebSite","@id":"https:\/\/blogs.ksbe.edu\/mespence\/#website","url":"https:\/\/blogs.ksbe.edu\/mespence\/","name":"Papa Nohona Hawai\u2018i","description":"6th Grade Hawaiian Studies","potentialAction":[{"@type":"SearchAction","target":{"@type":"EntryPoint","urlTemplate":"https:\/\/blogs.ksbe.edu\/mespence\/?s={search_term_string}"},"query-input":{"@type":"PropertyValueSpecification","valueRequired":true,"valueName":"search_term_string"}}],"inLanguage":"en-US"}]}},"_links":{"self":[{"href":"https:\/\/blogs.ksbe.edu\/mespence\/wp-json\/wp\/v2\/pages\/479","targetHints":{"allow":["GET"]}}],"collection":[{"href":"https:\/\/blogs.ksbe.edu\/mespence\/wp-json\/wp\/v2\/pages"}],"about":[{"href":"https:\/\/blogs.ksbe.edu\/mespence\/wp-json\/wp\/v2\/types\/page"}],"author":[{"embeddable":true,"href":"https:\/\/blogs.ksbe.edu\/mespence\/wp-json\/wp\/v2\/users\/191"}],"replies":[{"embeddable":true,"href":"https:\/\/blogs.ksbe.edu\/mespence\/wp-json\/wp\/v2\/comments?post=479"}],"version-history":[{"count":0,"href":"https:\/\/blogs.ksbe.edu\/mespence\/wp-json\/wp\/v2\/pages\/479\/revisions"}],"up":[{"embeddable":true,"href":"https:\/\/blogs.ksbe.edu\/mespence\/wp-json\/wp\/v2\/pages\/476"}],"wp:attachment":[{"href":"https:\/\/blogs.ksbe.edu\/mespence\/wp-json\/wp\/v2\/media?parent=479"}],"curies":[{"name":"wp","href":"https:\/\/api.w.org\/{rel}","templated":true}]}}