{"id":435,"date":"2015-09-03T10:11:44","date_gmt":"2015-09-03T20:11:44","guid":{"rendered":"http:\/\/blogsksbeedu.wpenginepowered.com\/mespence\/?page_id=435"},"modified":"2015-11-05T16:53:41","modified_gmt":"2015-11-06T02:53:41","slug":"e-iesu","status":"publish","type":"page","link":"https:\/\/blogs.ksbe.edu\/mespence\/e-iesu\/","title":{"rendered":"E Ies\u016b"},"content":{"rendered":"<!--[if lt IE 9]><script>document.createElement('audio');<\/script><![endif]-->\n<audio class=\"wp-audio-shortcode\" id=\"audio-435-1\" preload=\"none\" style=\"width: 100%;\" controls=\"controls\"><source type=\"audio\/mpeg\" src=\"http:\/\/blogs.ksbe.edu\/mespence\/files\/2015\/09\/E-Iesu-E-Aloha-Mai-1.mp3?_=1\" \/><a href=\"http:\/\/blogs.ksbe.edu\/mespence\/files\/2015\/09\/E-Iesu-E-Aloha-Mai-1.mp3\">http:\/\/blogs.ksbe.edu\/mespence\/files\/2015\/09\/E-Iesu-E-Aloha-Mai-1.mp3<\/a><\/audio>\n<p>E Ies\u016b, e aloha mai i\u0101 m\u0101kou.<\/p>\n<p>E Ies\u016b, e aloha mai i\u0101 m\u0101kou.<\/p>\n<p>Hui kala mai, i ko m\u0101kou mau hewa<\/p>\n<p>E Ies\u016b e aloha mai<\/p>\n<p>&nbsp;<\/p>\n<p>&nbsp;<\/p>\n<p>&nbsp;<\/p>\n<p>&nbsp;<\/p>\n<p>&nbsp;<\/p>\n<p>&nbsp;<\/p>\n<p>&nbsp;<\/p>\n<p>&nbsp;<\/p>\n","protected":false},"excerpt":{"rendered":"<p>E Ies\u016b, e aloha mai i\u0101 m\u0101kou. E Ies\u016b, e aloha mai i\u0101 m\u0101kou. Hui kala mai, i ko m\u0101kou mau hewa E Ies\u016b e aloha mai &nbsp; &nbsp; &nbsp; &nbsp; &nbsp; &nbsp; &nbsp; &nbsp;<\/p>\n","protected":false},"author":191,"featured_media":0,"parent":0,"menu_order":0,"comment_status":"closed","ping_status":"closed","template":"","meta":{"footnotes":""},"class_list":["post-435","page","type-page","status-publish","hentry"],"yoast_head":"<!-- This site is optimized with the Yoast SEO plugin v25.8 - https:\/\/yoast.com\/wordpress\/plugins\/seo\/ -->\n<title>E Ies\u016b - Papa Nohona Hawai\u2018i<\/title>\n<meta name=\"robots\" content=\"index, follow, max-snippet:-1, max-image-preview:large, max-video-preview:-1\" \/>\n<link rel=\"canonical\" href=\"http:\/\/blogs.ksbe.edu\/mespence\/e-iesu\/\" \/>\n<meta property=\"og:locale\" content=\"en_US\" \/>\n<meta property=\"og:type\" content=\"article\" \/>\n<meta property=\"og:title\" content=\"E Ies\u016b - Papa Nohona Hawai\u2018i\" \/>\n<meta property=\"og:description\" content=\"E Ies\u016b, e aloha mai i\u0101 m\u0101kou. E Ies\u016b, e aloha mai i\u0101 m\u0101kou. Hui kala mai, i ko m\u0101kou mau hewa E Ies\u016b e aloha mai &nbsp; &nbsp; &nbsp; &nbsp; &nbsp; &nbsp; &nbsp; &nbsp;\" \/>\n<meta property=\"og:url\" content=\"http:\/\/blogs.ksbe.edu\/mespence\/e-iesu\/\" \/>\n<meta property=\"og:site_name\" content=\"Papa Nohona Hawai\u2018i\" \/>\n<meta property=\"article:modified_time\" content=\"2015-11-06T02:53:41+00:00\" \/>\n<meta name=\"twitter:card\" content=\"summary_large_image\" \/>\n<script type=\"application\/ld+json\" class=\"yoast-schema-graph\">{\"@context\":\"https:\/\/schema.org\",\"@graph\":[{\"@type\":\"WebPage\",\"@id\":\"http:\/\/blogs.ksbe.edu\/mespence\/e-iesu\/\",\"url\":\"http:\/\/blogs.ksbe.edu\/mespence\/e-iesu\/\",\"name\":\"E Ies\u016b - Papa Nohona Hawai\u2018i\",\"isPartOf\":{\"@id\":\"https:\/\/blogs.ksbe.edu\/mespence\/#website\"},\"datePublished\":\"2015-09-03T20:11:44+00:00\",\"dateModified\":\"2015-11-06T02:53:41+00:00\",\"breadcrumb\":{\"@id\":\"http:\/\/blogs.ksbe.edu\/mespence\/e-iesu\/#breadcrumb\"},\"inLanguage\":\"en-US\",\"potentialAction\":[{\"@type\":\"ReadAction\",\"target\":[\"http:\/\/blogs.ksbe.edu\/mespence\/e-iesu\/\"]}]},{\"@type\":\"BreadcrumbList\",\"@id\":\"http:\/\/blogs.ksbe.edu\/mespence\/e-iesu\/#breadcrumb\",\"itemListElement\":[{\"@type\":\"ListItem\",\"position\":1,\"name\":\"Home\",\"item\":\"https:\/\/blogs.ksbe.edu\/mespence\/\"},{\"@type\":\"ListItem\",\"position\":2,\"name\":\"E Ies\u016b\"}]},{\"@type\":\"WebSite\",\"@id\":\"https:\/\/blogs.ksbe.edu\/mespence\/#website\",\"url\":\"https:\/\/blogs.ksbe.edu\/mespence\/\",\"name\":\"Papa Nohona Hawai\u2018i\",\"description\":\"6th Grade Hawaiian Studies\",\"potentialAction\":[{\"@type\":\"SearchAction\",\"target\":{\"@type\":\"EntryPoint\",\"urlTemplate\":\"https:\/\/blogs.ksbe.edu\/mespence\/?s={search_term_string}\"},\"query-input\":{\"@type\":\"PropertyValueSpecification\",\"valueRequired\":true,\"valueName\":\"search_term_string\"}}],\"inLanguage\":\"en-US\"}]}<\/script>\n<!-- \/ Yoast SEO plugin. -->","yoast_head_json":{"title":"E Ies\u016b - Papa Nohona Hawai\u2018i","robots":{"index":"index","follow":"follow","max-snippet":"max-snippet:-1","max-image-preview":"max-image-preview:large","max-video-preview":"max-video-preview:-1"},"canonical":"http:\/\/blogs.ksbe.edu\/mespence\/e-iesu\/","og_locale":"en_US","og_type":"article","og_title":"E Ies\u016b - Papa Nohona Hawai\u2018i","og_description":"E Ies\u016b, e aloha mai i\u0101 m\u0101kou. E Ies\u016b, e aloha mai i\u0101 m\u0101kou. Hui kala mai, i ko m\u0101kou mau hewa E Ies\u016b e aloha mai &nbsp; &nbsp; &nbsp; &nbsp; &nbsp; &nbsp; &nbsp; &nbsp;","og_url":"http:\/\/blogs.ksbe.edu\/mespence\/e-iesu\/","og_site_name":"Papa Nohona Hawai\u2018i","article_modified_time":"2015-11-06T02:53:41+00:00","twitter_card":"summary_large_image","schema":{"@context":"https:\/\/schema.org","@graph":[{"@type":"WebPage","@id":"http:\/\/blogs.ksbe.edu\/mespence\/e-iesu\/","url":"http:\/\/blogs.ksbe.edu\/mespence\/e-iesu\/","name":"E Ies\u016b - Papa Nohona Hawai\u2018i","isPartOf":{"@id":"https:\/\/blogs.ksbe.edu\/mespence\/#website"},"datePublished":"2015-09-03T20:11:44+00:00","dateModified":"2015-11-06T02:53:41+00:00","breadcrumb":{"@id":"http:\/\/blogs.ksbe.edu\/mespence\/e-iesu\/#breadcrumb"},"inLanguage":"en-US","potentialAction":[{"@type":"ReadAction","target":["http:\/\/blogs.ksbe.edu\/mespence\/e-iesu\/"]}]},{"@type":"BreadcrumbList","@id":"http:\/\/blogs.ksbe.edu\/mespence\/e-iesu\/#breadcrumb","itemListElement":[{"@type":"ListItem","position":1,"name":"Home","item":"https:\/\/blogs.ksbe.edu\/mespence\/"},{"@type":"ListItem","position":2,"name":"E Ies\u016b"}]},{"@type":"WebSite","@id":"https:\/\/blogs.ksbe.edu\/mespence\/#website","url":"https:\/\/blogs.ksbe.edu\/mespence\/","name":"Papa Nohona Hawai\u2018i","description":"6th Grade Hawaiian Studies","potentialAction":[{"@type":"SearchAction","target":{"@type":"EntryPoint","urlTemplate":"https:\/\/blogs.ksbe.edu\/mespence\/?s={search_term_string}"},"query-input":{"@type":"PropertyValueSpecification","valueRequired":true,"valueName":"search_term_string"}}],"inLanguage":"en-US"}]}},"_links":{"self":[{"href":"https:\/\/blogs.ksbe.edu\/mespence\/wp-json\/wp\/v2\/pages\/435","targetHints":{"allow":["GET"]}}],"collection":[{"href":"https:\/\/blogs.ksbe.edu\/mespence\/wp-json\/wp\/v2\/pages"}],"about":[{"href":"https:\/\/blogs.ksbe.edu\/mespence\/wp-json\/wp\/v2\/types\/page"}],"author":[{"embeddable":true,"href":"https:\/\/blogs.ksbe.edu\/mespence\/wp-json\/wp\/v2\/users\/191"}],"replies":[{"embeddable":true,"href":"https:\/\/blogs.ksbe.edu\/mespence\/wp-json\/wp\/v2\/comments?post=435"}],"version-history":[{"count":0,"href":"https:\/\/blogs.ksbe.edu\/mespence\/wp-json\/wp\/v2\/pages\/435\/revisions"}],"wp:attachment":[{"href":"https:\/\/blogs.ksbe.edu\/mespence\/wp-json\/wp\/v2\/media?parent=435"}],"curies":[{"name":"wp","href":"https:\/\/api.w.org\/{rel}","templated":true}]}}