{"id":283,"date":"2011-04-19T07:39:48","date_gmt":"2011-04-19T17:39:48","guid":{"rendered":"http:\/\/blogsksbeedu.wpenginepowered.com\/mespence\/?page_id=283"},"modified":"2012-09-23T13:33:46","modified_gmt":"2012-09-23T23:33:46","slug":"%e2%80%98o-iesu-no-ke-ala","status":"publish","type":"page","link":"https:\/\/blogs.ksbe.edu\/mespence\/%e2%80%98o-iesu-no-ke-ala\/","title":{"rendered":"\u2018O Ies\u016b No Ke Ala"},"content":{"rendered":"<p><a href=\"http:\/\/blogs.ksbe.edu\/mespence\/files\/2011\/04\/Kumu-Melellani-O-Iesu-No-Ke-Ala.m4a\">\u2018O Iesu No Ke Ala<\/a><\/p>\n<p>\u2018O Ies\u016b n\u014d ke ala, \u2018o Ies\u016b no ke ola, nona n\u0101 mea a pau<\/p>\n<p>\u2018O Ies\u016b no ka \u2018oia\u2018i\u2018o, \u2018o Ies\u016b n\u014d ke alaka\u2018i, nona n\u0101 mea a apau<\/p>\n<p>Hilina\u2018i mau, hilina\u2018i mau, nona n\u0101 mea a pau<\/p>\n<p>Pili mau me Ies\u016b, pili mau me Ies\u016b, nona n\u0101 mea a pau<\/p>\n<p>\u2018O Ies\u016b n\u014d n\u0101 mea a pau<\/p>\n","protected":false},"excerpt":{"rendered":"<p>\u2018O Iesu No Ke Ala \u2018O Ies\u016b n\u014d ke ala, \u2018o Ies\u016b no ke ola, nona n\u0101 mea a pau \u2018O Ies\u016b no ka \u2018oia\u2018i\u2018o, \u2018o Ies\u016b n\u014d ke alaka\u2018i, nona n\u0101 mea a apau Hilina\u2018i mau, hilina\u2018i mau, nona &hellip; <a href=\"https:\/\/blogs.ksbe.edu\/mespence\/%e2%80%98o-iesu-no-ke-ala\/\">Continue reading <span class=\"meta-nav\">&rarr;<\/span><\/a><\/p>\n","protected":false},"author":191,"featured_media":0,"parent":0,"menu_order":0,"comment_status":"open","ping_status":"open","template":"","meta":{"footnotes":""},"class_list":["post-283","page","type-page","status-publish","hentry"],"yoast_head":"<!-- This site is optimized with the Yoast SEO plugin v25.8 - https:\/\/yoast.com\/wordpress\/plugins\/seo\/ -->\n<title>\u2018O Ies\u016b No Ke Ala - Papa Nohona Hawai\u2018i<\/title>\n<meta name=\"robots\" content=\"index, follow, max-snippet:-1, max-image-preview:large, max-video-preview:-1\" \/>\n<link rel=\"canonical\" href=\"https:\/\/blogs.ksbe.edu\/mespence\/\u2018o-iesu-no-ke-ala\/\" \/>\n<meta property=\"og:locale\" content=\"en_US\" \/>\n<meta property=\"og:type\" content=\"article\" \/>\n<meta property=\"og:title\" content=\"\u2018O Ies\u016b No Ke Ala - Papa Nohona Hawai\u2018i\" \/>\n<meta property=\"og:description\" content=\"\u2018O Iesu No Ke Ala \u2018O Ies\u016b n\u014d ke ala, \u2018o Ies\u016b no ke ola, nona n\u0101 mea a pau \u2018O Ies\u016b no ka \u2018oia\u2018i\u2018o, \u2018o Ies\u016b n\u014d ke alaka\u2018i, nona n\u0101 mea a apau Hilina\u2018i mau, hilina\u2018i mau, nona &hellip; Continue reading &rarr;\" \/>\n<meta property=\"og:url\" content=\"https:\/\/blogs.ksbe.edu\/mespence\/\u2018o-iesu-no-ke-ala\/\" \/>\n<meta property=\"og:site_name\" content=\"Papa Nohona Hawai\u2018i\" \/>\n<meta property=\"article:modified_time\" content=\"2012-09-23T23:33:46+00:00\" \/>\n<meta name=\"twitter:card\" content=\"summary_large_image\" \/>\n<script type=\"application\/ld+json\" class=\"yoast-schema-graph\">{\"@context\":\"https:\/\/schema.org\",\"@graph\":[{\"@type\":\"WebPage\",\"@id\":\"https:\/\/blogs.ksbe.edu\/mespence\/%e2%80%98o-iesu-no-ke-ala\/\",\"url\":\"https:\/\/blogs.ksbe.edu\/mespence\/%e2%80%98o-iesu-no-ke-ala\/\",\"name\":\"\u2018O Ies\u016b No Ke Ala - Papa Nohona Hawai\u2018i\",\"isPartOf\":{\"@id\":\"https:\/\/blogs.ksbe.edu\/mespence\/#website\"},\"datePublished\":\"2011-04-19T17:39:48+00:00\",\"dateModified\":\"2012-09-23T23:33:46+00:00\",\"breadcrumb\":{\"@id\":\"https:\/\/blogs.ksbe.edu\/mespence\/%e2%80%98o-iesu-no-ke-ala\/#breadcrumb\"},\"inLanguage\":\"en-US\",\"potentialAction\":[{\"@type\":\"ReadAction\",\"target\":[\"https:\/\/blogs.ksbe.edu\/mespence\/%e2%80%98o-iesu-no-ke-ala\/\"]}]},{\"@type\":\"BreadcrumbList\",\"@id\":\"https:\/\/blogs.ksbe.edu\/mespence\/%e2%80%98o-iesu-no-ke-ala\/#breadcrumb\",\"itemListElement\":[{\"@type\":\"ListItem\",\"position\":1,\"name\":\"Home\",\"item\":\"https:\/\/blogs.ksbe.edu\/mespence\/\"},{\"@type\":\"ListItem\",\"position\":2,\"name\":\"\u2018O Ies\u016b No Ke Ala\"}]},{\"@type\":\"WebSite\",\"@id\":\"https:\/\/blogs.ksbe.edu\/mespence\/#website\",\"url\":\"https:\/\/blogs.ksbe.edu\/mespence\/\",\"name\":\"Papa Nohona Hawai\u2018i\",\"description\":\"6th Grade Hawaiian Studies\",\"potentialAction\":[{\"@type\":\"SearchAction\",\"target\":{\"@type\":\"EntryPoint\",\"urlTemplate\":\"https:\/\/blogs.ksbe.edu\/mespence\/?s={search_term_string}\"},\"query-input\":{\"@type\":\"PropertyValueSpecification\",\"valueRequired\":true,\"valueName\":\"search_term_string\"}}],\"inLanguage\":\"en-US\"}]}<\/script>\n<!-- \/ Yoast SEO plugin. -->","yoast_head_json":{"title":"\u2018O Ies\u016b No Ke Ala - Papa Nohona Hawai\u2018i","robots":{"index":"index","follow":"follow","max-snippet":"max-snippet:-1","max-image-preview":"max-image-preview:large","max-video-preview":"max-video-preview:-1"},"canonical":"https:\/\/blogs.ksbe.edu\/mespence\/\u2018o-iesu-no-ke-ala\/","og_locale":"en_US","og_type":"article","og_title":"\u2018O Ies\u016b No Ke Ala - Papa Nohona Hawai\u2018i","og_description":"\u2018O Iesu No Ke Ala \u2018O Ies\u016b n\u014d ke ala, \u2018o Ies\u016b no ke ola, nona n\u0101 mea a pau \u2018O Ies\u016b no ka \u2018oia\u2018i\u2018o, \u2018o Ies\u016b n\u014d ke alaka\u2018i, nona n\u0101 mea a apau Hilina\u2018i mau, hilina\u2018i mau, nona &hellip; Continue reading &rarr;","og_url":"https:\/\/blogs.ksbe.edu\/mespence\/\u2018o-iesu-no-ke-ala\/","og_site_name":"Papa Nohona Hawai\u2018i","article_modified_time":"2012-09-23T23:33:46+00:00","twitter_card":"summary_large_image","schema":{"@context":"https:\/\/schema.org","@graph":[{"@type":"WebPage","@id":"https:\/\/blogs.ksbe.edu\/mespence\/%e2%80%98o-iesu-no-ke-ala\/","url":"https:\/\/blogs.ksbe.edu\/mespence\/%e2%80%98o-iesu-no-ke-ala\/","name":"\u2018O Ies\u016b No Ke Ala - Papa Nohona Hawai\u2018i","isPartOf":{"@id":"https:\/\/blogs.ksbe.edu\/mespence\/#website"},"datePublished":"2011-04-19T17:39:48+00:00","dateModified":"2012-09-23T23:33:46+00:00","breadcrumb":{"@id":"https:\/\/blogs.ksbe.edu\/mespence\/%e2%80%98o-iesu-no-ke-ala\/#breadcrumb"},"inLanguage":"en-US","potentialAction":[{"@type":"ReadAction","target":["https:\/\/blogs.ksbe.edu\/mespence\/%e2%80%98o-iesu-no-ke-ala\/"]}]},{"@type":"BreadcrumbList","@id":"https:\/\/blogs.ksbe.edu\/mespence\/%e2%80%98o-iesu-no-ke-ala\/#breadcrumb","itemListElement":[{"@type":"ListItem","position":1,"name":"Home","item":"https:\/\/blogs.ksbe.edu\/mespence\/"},{"@type":"ListItem","position":2,"name":"\u2018O Ies\u016b No Ke Ala"}]},{"@type":"WebSite","@id":"https:\/\/blogs.ksbe.edu\/mespence\/#website","url":"https:\/\/blogs.ksbe.edu\/mespence\/","name":"Papa Nohona Hawai\u2018i","description":"6th Grade Hawaiian Studies","potentialAction":[{"@type":"SearchAction","target":{"@type":"EntryPoint","urlTemplate":"https:\/\/blogs.ksbe.edu\/mespence\/?s={search_term_string}"},"query-input":{"@type":"PropertyValueSpecification","valueRequired":true,"valueName":"search_term_string"}}],"inLanguage":"en-US"}]}},"_links":{"self":[{"href":"https:\/\/blogs.ksbe.edu\/mespence\/wp-json\/wp\/v2\/pages\/283","targetHints":{"allow":["GET"]}}],"collection":[{"href":"https:\/\/blogs.ksbe.edu\/mespence\/wp-json\/wp\/v2\/pages"}],"about":[{"href":"https:\/\/blogs.ksbe.edu\/mespence\/wp-json\/wp\/v2\/types\/page"}],"author":[{"embeddable":true,"href":"https:\/\/blogs.ksbe.edu\/mespence\/wp-json\/wp\/v2\/users\/191"}],"replies":[{"embeddable":true,"href":"https:\/\/blogs.ksbe.edu\/mespence\/wp-json\/wp\/v2\/comments?post=283"}],"version-history":[{"count":0,"href":"https:\/\/blogs.ksbe.edu\/mespence\/wp-json\/wp\/v2\/pages\/283\/revisions"}],"wp:attachment":[{"href":"https:\/\/blogs.ksbe.edu\/mespence\/wp-json\/wp\/v2\/media?parent=283"}],"curies":[{"name":"wp","href":"https:\/\/api.w.org\/{rel}","templated":true}]}}