{"id":34,"date":"2022-09-12T10:43:05","date_gmt":"2022-09-12T20:43:05","guid":{"rendered":"https:\/\/blogsksbeedu.wpenginepowered.com\/mele\/?page_id=34"},"modified":"2024-01-09T15:24:15","modified_gmt":"2024-01-10T01:24:15","slug":"e-na-punahele","status":"publish","type":"page","link":"https:\/\/blogs.ksbe.edu\/mele\/hawaiian\/e-na-punahele\/","title":{"rendered":"E N\u0101 Punahele Medley"},"content":{"rendered":"\n<p><em>Mary Kamahele Boyd<\/em><\/p>\n\n\n\n<figure class=\"wp-block-audio\"><audio controls src=\"https:\/\/blogs.ksbe.edu\/mele\/files\/2024\/01\/E-Na\u0304-Punahele-Medley.mp3\"><\/audio><\/figure>\n\n\n\n<pre class=\"wp-block-preformatted\"><strong>VERSE 1<\/strong>\nE n\u0101 punahele, e aloha k\u0101kou\nI kekahi, i kekahi.\nE n\u0101 punahele, e aloha k\u0101kou\nI kekahi, i kekahi, e \u014d.\n\n<strong>VERSE 2<\/strong>\nNo ka mea, no ke Akua\nMai ke aloha, mai ke aloha.\nNo ka mea, no ke Akua\nMai ke aloha, mai ke aloha, e \u014d.\n\n<strong>THE STEADFAST LOVE OF THE LORD<\/strong>\nThe steadfast love of the Lord never ceases,\nHis mercies never come to an end.\nThey are new ev\u02bbry morning, new ev\u02bbry morning,\nGreat is Thy faithfulness, O Lord,\nGreat is Thy faithfulness.\n\n<strong>VERSE 3<\/strong>\nE puana, e aloha k\u0101kou,\nI kekahi, i kekahi.\nE puana, e aloha k\u0101kou,\nI kekahi, i kekahi, e \u014d. \n\nTranslation:\nO beloved, love one another,\nFor love comes from God.\n- 1 John 4:8<\/pre>\n\n\n\n<div class=\"wp-block-file\"><a id=\"wp-block-file--media-9b9b4021-c0c2-4416-97e9-91509b43db31\" href=\"https:\/\/blogs.ksbe.edu\/mele\/files\/2024\/01\/E-Na\u0304-Punahele-Medley-1.mp3\">E-Na\u0304-Punahele-Medley-1<\/a><a href=\"https:\/\/blogs.ksbe.edu\/mele\/files\/2024\/01\/E-Na\u0304-Punahele-Medley-1.mp3\" class=\"wp-block-file__button wp-element-button\" download aria-describedby=\"wp-block-file--media-9b9b4021-c0c2-4416-97e9-91509b43db31\">Download<\/a><\/div>\n\n\n\n<p class=\"has-medium-font-size\"><\/p>\n\n\n\n<p><\/p>\n\n\n\n<figure class=\"wp-block-embed is-type-video is-provider-youtube wp-block-embed-youtube wp-embed-aspect-16-9 wp-has-aspect-ratio\"><div class=\"wp-block-embed__wrapper\">\n<iframe loading=\"lazy\" title=\"E Na\u0304 Punahele Medley\" width=\"584\" height=\"329\" src=\"https:\/\/www.youtube.com\/embed\/AZg9NO4QZj8?feature=oembed\" frameborder=\"0\" allow=\"accelerometer; autoplay; clipboard-write; encrypted-media; gyroscope; picture-in-picture; web-share\" referrerpolicy=\"strict-origin-when-cross-origin\" allowfullscreen><\/iframe>\n<\/div><\/figure>\n","protected":false},"excerpt":{"rendered":"<p>Mary Kamahele Boyd VERSE 1 E n\u0101 punahele, e aloha k\u0101kou I kekahi, i kekahi. E n\u0101 punahele, e aloha k\u0101kou I kekahi, i kekahi, e \u014d. VERSE 2 No ka mea, no ke Akua Mai ke aloha, mai ke &hellip; <a href=\"https:\/\/blogs.ksbe.edu\/mele\/hawaiian\/e-na-punahele\/\">Continue reading <span class=\"meta-nav\">&rarr;<\/span><\/a><\/p>\n","protected":false},"author":1,"featured_media":0,"parent":6,"menu_order":9,"comment_status":"closed","ping_status":"closed","template":"sidebar-page.php","meta":{"footnotes":""},"class_list":["post-34","page","type-page","status-publish","hentry"],"yoast_head":"<!-- This site is optimized with the Yoast SEO plugin v25.8 - https:\/\/yoast.com\/wordpress\/plugins\/seo\/ -->\n<title>E N\u0101 Punahele Medley - H\u014dkeo Mele<\/title>\n<meta name=\"robots\" content=\"index, follow, max-snippet:-1, max-image-preview:large, max-video-preview:-1\" \/>\n<link rel=\"canonical\" href=\"https:\/\/blogs.ksbe.edu\/mele\/hawaiian\/e-na-punahele\/\" \/>\n<meta property=\"og:locale\" content=\"en_US\" \/>\n<meta property=\"og:type\" content=\"article\" \/>\n<meta property=\"og:title\" content=\"E N\u0101 Punahele Medley - H\u014dkeo Mele\" \/>\n<meta property=\"og:description\" content=\"Mary Kamahele Boyd VERSE 1 E n\u0101 punahele, e aloha k\u0101kou I kekahi, i kekahi. E n\u0101 punahele, e aloha k\u0101kou I kekahi, i kekahi, e \u014d. VERSE 2 No ka mea, no ke Akua Mai ke aloha, mai ke &hellip; Continue reading &rarr;\" \/>\n<meta property=\"og:url\" content=\"https:\/\/blogs.ksbe.edu\/mele\/hawaiian\/e-na-punahele\/\" \/>\n<meta property=\"og:site_name\" content=\"H\u014dkeo Mele\" \/>\n<meta property=\"article:modified_time\" content=\"2024-01-10T01:24:15+00:00\" \/>\n<meta name=\"twitter:card\" content=\"summary_large_image\" \/>\n<meta name=\"twitter:label1\" content=\"Est. reading time\" \/>\n\t<meta name=\"twitter:data1\" content=\"1 minute\" \/>\n<script type=\"application\/ld+json\" class=\"yoast-schema-graph\">{\"@context\":\"https:\/\/schema.org\",\"@graph\":[{\"@type\":\"WebPage\",\"@id\":\"https:\/\/blogs.ksbe.edu\/mele\/hawaiian\/e-na-punahele\/\",\"url\":\"https:\/\/blogs.ksbe.edu\/mele\/hawaiian\/e-na-punahele\/\",\"name\":\"E N\u0101 Punahele Medley - H\u014dkeo Mele\",\"isPartOf\":{\"@id\":\"https:\/\/blogs.ksbe.edu\/mele\/#website\"},\"datePublished\":\"2022-09-12T20:43:05+00:00\",\"dateModified\":\"2024-01-10T01:24:15+00:00\",\"breadcrumb\":{\"@id\":\"https:\/\/blogs.ksbe.edu\/mele\/hawaiian\/e-na-punahele\/#breadcrumb\"},\"inLanguage\":\"en-US\",\"potentialAction\":[{\"@type\":\"ReadAction\",\"target\":[\"https:\/\/blogs.ksbe.edu\/mele\/hawaiian\/e-na-punahele\/\"]}]},{\"@type\":\"BreadcrumbList\",\"@id\":\"https:\/\/blogs.ksbe.edu\/mele\/hawaiian\/e-na-punahele\/#breadcrumb\",\"itemListElement\":[{\"@type\":\"ListItem\",\"position\":1,\"name\":\"Home\",\"item\":\"https:\/\/blogs.ksbe.edu\/mele\/\"},{\"@type\":\"ListItem\",\"position\":2,\"name\":\"Mele\",\"item\":\"https:\/\/blogs.ksbe.edu\/mele\/hawaiian\/\"},{\"@type\":\"ListItem\",\"position\":3,\"name\":\"E N\u0101 Punahele Medley\"}]},{\"@type\":\"WebSite\",\"@id\":\"https:\/\/blogs.ksbe.edu\/mele\/#website\",\"url\":\"https:\/\/blogs.ksbe.edu\/mele\/\",\"name\":\"H\u014dkeo Mele\",\"description\":\"KES Kap\u0101lama Mele\",\"potentialAction\":[{\"@type\":\"SearchAction\",\"target\":{\"@type\":\"EntryPoint\",\"urlTemplate\":\"https:\/\/blogs.ksbe.edu\/mele\/?s={search_term_string}\"},\"query-input\":{\"@type\":\"PropertyValueSpecification\",\"valueRequired\":true,\"valueName\":\"search_term_string\"}}],\"inLanguage\":\"en-US\"}]}<\/script>\n<!-- \/ Yoast SEO plugin. -->","yoast_head_json":{"title":"E N\u0101 Punahele Medley - H\u014dkeo Mele","robots":{"index":"index","follow":"follow","max-snippet":"max-snippet:-1","max-image-preview":"max-image-preview:large","max-video-preview":"max-video-preview:-1"},"canonical":"https:\/\/blogs.ksbe.edu\/mele\/hawaiian\/e-na-punahele\/","og_locale":"en_US","og_type":"article","og_title":"E N\u0101 Punahele Medley - H\u014dkeo Mele","og_description":"Mary Kamahele Boyd VERSE 1 E n\u0101 punahele, e aloha k\u0101kou I kekahi, i kekahi. E n\u0101 punahele, e aloha k\u0101kou I kekahi, i kekahi, e \u014d. VERSE 2 No ka mea, no ke Akua Mai ke aloha, mai ke &hellip; Continue reading &rarr;","og_url":"https:\/\/blogs.ksbe.edu\/mele\/hawaiian\/e-na-punahele\/","og_site_name":"H\u014dkeo Mele","article_modified_time":"2024-01-10T01:24:15+00:00","twitter_card":"summary_large_image","twitter_misc":{"Est. reading time":"1 minute"},"schema":{"@context":"https:\/\/schema.org","@graph":[{"@type":"WebPage","@id":"https:\/\/blogs.ksbe.edu\/mele\/hawaiian\/e-na-punahele\/","url":"https:\/\/blogs.ksbe.edu\/mele\/hawaiian\/e-na-punahele\/","name":"E N\u0101 Punahele Medley - H\u014dkeo Mele","isPartOf":{"@id":"https:\/\/blogs.ksbe.edu\/mele\/#website"},"datePublished":"2022-09-12T20:43:05+00:00","dateModified":"2024-01-10T01:24:15+00:00","breadcrumb":{"@id":"https:\/\/blogs.ksbe.edu\/mele\/hawaiian\/e-na-punahele\/#breadcrumb"},"inLanguage":"en-US","potentialAction":[{"@type":"ReadAction","target":["https:\/\/blogs.ksbe.edu\/mele\/hawaiian\/e-na-punahele\/"]}]},{"@type":"BreadcrumbList","@id":"https:\/\/blogs.ksbe.edu\/mele\/hawaiian\/e-na-punahele\/#breadcrumb","itemListElement":[{"@type":"ListItem","position":1,"name":"Home","item":"https:\/\/blogs.ksbe.edu\/mele\/"},{"@type":"ListItem","position":2,"name":"Mele","item":"https:\/\/blogs.ksbe.edu\/mele\/hawaiian\/"},{"@type":"ListItem","position":3,"name":"E N\u0101 Punahele Medley"}]},{"@type":"WebSite","@id":"https:\/\/blogs.ksbe.edu\/mele\/#website","url":"https:\/\/blogs.ksbe.edu\/mele\/","name":"H\u014dkeo Mele","description":"KES Kap\u0101lama Mele","potentialAction":[{"@type":"SearchAction","target":{"@type":"EntryPoint","urlTemplate":"https:\/\/blogs.ksbe.edu\/mele\/?s={search_term_string}"},"query-input":{"@type":"PropertyValueSpecification","valueRequired":true,"valueName":"search_term_string"}}],"inLanguage":"en-US"}]}},"_links":{"self":[{"href":"https:\/\/blogs.ksbe.edu\/mele\/wp-json\/wp\/v2\/pages\/34","targetHints":{"allow":["GET"]}}],"collection":[{"href":"https:\/\/blogs.ksbe.edu\/mele\/wp-json\/wp\/v2\/pages"}],"about":[{"href":"https:\/\/blogs.ksbe.edu\/mele\/wp-json\/wp\/v2\/types\/page"}],"author":[{"embeddable":true,"href":"https:\/\/blogs.ksbe.edu\/mele\/wp-json\/wp\/v2\/users\/1"}],"replies":[{"embeddable":true,"href":"https:\/\/blogs.ksbe.edu\/mele\/wp-json\/wp\/v2\/comments?post=34"}],"version-history":[{"count":0,"href":"https:\/\/blogs.ksbe.edu\/mele\/wp-json\/wp\/v2\/pages\/34\/revisions"}],"up":[{"embeddable":true,"href":"https:\/\/blogs.ksbe.edu\/mele\/wp-json\/wp\/v2\/pages\/6"}],"wp:attachment":[{"href":"https:\/\/blogs.ksbe.edu\/mele\/wp-json\/wp\/v2\/media?parent=34"}],"curies":[{"name":"wp","href":"https:\/\/api.w.org\/{rel}","templated":true}]}}