{"id":6,"date":"2016-02-23T15:17:17","date_gmt":"2016-02-24T01:17:17","guid":{"rendered":"http:\/\/blogsksbeedu.wpenginepowered.com\/kysoller\/?page_id=6"},"modified":"2016-04-11T10:40:01","modified_gmt":"2016-04-11T20:40:01","slug":"home","status":"publish","type":"page","link":"https:\/\/blogs.ksbe.edu\/kysoller\/home\/","title":{"rendered":"Biography"},"content":{"rendered":"<p>Aloha k\u0101kou, my name is Kyle Okalanimai &#8220;Kalani&#8221; Soller. Originally from O\u02bbahu where I was born and raised but, in 2012 my &#8216;ohana and I moved to Hawai\u02bbi island and now \u00a0reside in Hilo. I graduated from Kaimuk\u012b High School in 1988 and I went to a junior college in Costa Mesa, California from 1991 to 1993. I was a part of the\u00a0volleyball team for the school before returning to O\u02bbahu to finish my undergraduate degree\u00a0at the University of Hawai\u02bbi at M\u0101noa in 1998 in Hawaiian studies. I completed my graduate degree in Educational Technology in 2013 from Boise State University.<\/p>\n<p>My experience in working in education started in 1997 in the Kupuna\/Makua program at Lili\u02bbuokalani Elementary. It was there that I was encouraged by a kumu to pursue education as a career. \u00a0I have had several kumu positions throughout my career, starting with the Kaiapuni charter school Kamakau. I then started as a long-term sub at the immersion school, \u0100nuenue before taking a middle school kumu position for two years. I then began teaching at Kamehameha High School, Kap\u0101lama in 2004 as a Kumu &#8216;\u014clelo Hawai\u02bbi (Hawaiian Language Teacher).<\/p>\n<p>When my &#8216;ohana and I moved to Hawai\u02bbi island, I had the opportunity to work with two other divisions with KS before joining LIS, now known as Kealapono. The charge of our division is to provide direct teaching \u00a0and coaching services, work along side \u00a0and collaborate with our DOE kumu to build capacity in science, teacher resources and strategies. Another important part of kuleana (responsibility) is to raise the writing scores of our haum\u0101na (students). Strengthening the schools and communities we work with to provide a preferred future for Hawaiian children through literacy.<\/p>\n","protected":false},"excerpt":{"rendered":"<p>Aloha k\u0101kou, my name is Kyle Okalanimai &#8220;Kalani&#8221; Soller. Originally from O\u02bbahu where I was born and raised but, in 2012 my &#8216;ohana and I moved to Hawai\u02bbi island and now \u00a0reside in Hilo. I graduated from Kaimuk\u012b High School in 1988 and I went to a junior college in Costa Mesa, California from 1991 &hellip; <a href=\"https:\/\/blogs.ksbe.edu\/kysoller\/home\/\" class=\"more-link\">Continue reading <span class=\"screen-reader-text\">Biography<\/span> <span class=\"meta-nav\">&rarr;<\/span><\/a><\/p>\n","protected":false},"author":363,"featured_media":0,"parent":0,"menu_order":0,"comment_status":"closed","ping_status":"closed","template":"","meta":{"footnotes":""},"class_list":["post-6","page","type-page","status-publish","hentry"],"yoast_head":"<!-- This site is optimized with the Yoast SEO plugin v25.8 - https:\/\/yoast.com\/wordpress\/plugins\/seo\/ -->\n<title>Biography - Kalani Soller<\/title>\n<meta name=\"robots\" content=\"index, follow, max-snippet:-1, max-image-preview:large, max-video-preview:-1\" \/>\n<link rel=\"canonical\" href=\"http:\/\/blogs.ksbe.edu\/kysoller\/home\/\" \/>\n<meta property=\"og:locale\" content=\"en_US\" \/>\n<meta property=\"og:type\" content=\"article\" \/>\n<meta property=\"og:title\" content=\"Biography - Kalani Soller\" \/>\n<meta property=\"og:description\" content=\"Aloha k\u0101kou, my name is Kyle Okalanimai &#8220;Kalani&#8221; Soller. Originally from O\u02bbahu where I was born and raised but, in 2012 my &#8216;ohana and I moved to Hawai\u02bbi island and now \u00a0reside in Hilo. I graduated from Kaimuk\u012b High School in 1988 and I went to a junior college in Costa Mesa, California from 1991 &hellip; Continue reading Biography &rarr;\" \/>\n<meta property=\"og:url\" content=\"http:\/\/blogs.ksbe.edu\/kysoller\/home\/\" \/>\n<meta property=\"og:site_name\" content=\"Kalani Soller\" \/>\n<meta property=\"article:modified_time\" content=\"2016-04-11T20:40:01+00:00\" \/>\n<meta name=\"twitter:card\" content=\"summary_large_image\" \/>\n<meta name=\"twitter:label1\" content=\"Est. reading time\" \/>\n\t<meta name=\"twitter:data1\" content=\"1 minute\" \/>\n<script type=\"application\/ld+json\" class=\"yoast-schema-graph\">{\"@context\":\"https:\/\/schema.org\",\"@graph\":[{\"@type\":\"WebPage\",\"@id\":\"http:\/\/blogs.ksbe.edu\/kysoller\/home\/\",\"url\":\"http:\/\/blogs.ksbe.edu\/kysoller\/home\/\",\"name\":\"Biography - Kalani Soller\",\"isPartOf\":{\"@id\":\"https:\/\/blogs.ksbe.edu\/kysoller\/#website\"},\"datePublished\":\"2016-02-24T01:17:17+00:00\",\"dateModified\":\"2016-04-11T20:40:01+00:00\",\"breadcrumb\":{\"@id\":\"http:\/\/blogs.ksbe.edu\/kysoller\/home\/#breadcrumb\"},\"inLanguage\":\"en-US\",\"potentialAction\":[{\"@type\":\"ReadAction\",\"target\":[\"http:\/\/blogs.ksbe.edu\/kysoller\/home\/\"]}]},{\"@type\":\"BreadcrumbList\",\"@id\":\"http:\/\/blogs.ksbe.edu\/kysoller\/home\/#breadcrumb\",\"itemListElement\":[{\"@type\":\"ListItem\",\"position\":1,\"name\":\"Home\",\"item\":\"https:\/\/blogs.ksbe.edu\/kysoller\/\"},{\"@type\":\"ListItem\",\"position\":2,\"name\":\"Biography\"}]},{\"@type\":\"WebSite\",\"@id\":\"https:\/\/blogs.ksbe.edu\/kysoller\/#website\",\"url\":\"https:\/\/blogs.ksbe.edu\/kysoller\/\",\"name\":\"Kalani Soller\",\"description\":\"Kealapono Portfolio\",\"potentialAction\":[{\"@type\":\"SearchAction\",\"target\":{\"@type\":\"EntryPoint\",\"urlTemplate\":\"https:\/\/blogs.ksbe.edu\/kysoller\/?s={search_term_string}\"},\"query-input\":{\"@type\":\"PropertyValueSpecification\",\"valueRequired\":true,\"valueName\":\"search_term_string\"}}],\"inLanguage\":\"en-US\"}]}<\/script>\n<!-- \/ Yoast SEO plugin. -->","yoast_head_json":{"title":"Biography - Kalani Soller","robots":{"index":"index","follow":"follow","max-snippet":"max-snippet:-1","max-image-preview":"max-image-preview:large","max-video-preview":"max-video-preview:-1"},"canonical":"http:\/\/blogs.ksbe.edu\/kysoller\/home\/","og_locale":"en_US","og_type":"article","og_title":"Biography - Kalani Soller","og_description":"Aloha k\u0101kou, my name is Kyle Okalanimai &#8220;Kalani&#8221; Soller. Originally from O\u02bbahu where I was born and raised but, in 2012 my &#8216;ohana and I moved to Hawai\u02bbi island and now \u00a0reside in Hilo. I graduated from Kaimuk\u012b High School in 1988 and I went to a junior college in Costa Mesa, California from 1991 &hellip; Continue reading Biography &rarr;","og_url":"http:\/\/blogs.ksbe.edu\/kysoller\/home\/","og_site_name":"Kalani Soller","article_modified_time":"2016-04-11T20:40:01+00:00","twitter_card":"summary_large_image","twitter_misc":{"Est. reading time":"1 minute"},"schema":{"@context":"https:\/\/schema.org","@graph":[{"@type":"WebPage","@id":"http:\/\/blogs.ksbe.edu\/kysoller\/home\/","url":"http:\/\/blogs.ksbe.edu\/kysoller\/home\/","name":"Biography - Kalani Soller","isPartOf":{"@id":"https:\/\/blogs.ksbe.edu\/kysoller\/#website"},"datePublished":"2016-02-24T01:17:17+00:00","dateModified":"2016-04-11T20:40:01+00:00","breadcrumb":{"@id":"http:\/\/blogs.ksbe.edu\/kysoller\/home\/#breadcrumb"},"inLanguage":"en-US","potentialAction":[{"@type":"ReadAction","target":["http:\/\/blogs.ksbe.edu\/kysoller\/home\/"]}]},{"@type":"BreadcrumbList","@id":"http:\/\/blogs.ksbe.edu\/kysoller\/home\/#breadcrumb","itemListElement":[{"@type":"ListItem","position":1,"name":"Home","item":"https:\/\/blogs.ksbe.edu\/kysoller\/"},{"@type":"ListItem","position":2,"name":"Biography"}]},{"@type":"WebSite","@id":"https:\/\/blogs.ksbe.edu\/kysoller\/#website","url":"https:\/\/blogs.ksbe.edu\/kysoller\/","name":"Kalani Soller","description":"Kealapono Portfolio","potentialAction":[{"@type":"SearchAction","target":{"@type":"EntryPoint","urlTemplate":"https:\/\/blogs.ksbe.edu\/kysoller\/?s={search_term_string}"},"query-input":{"@type":"PropertyValueSpecification","valueRequired":true,"valueName":"search_term_string"}}],"inLanguage":"en-US"}]}},"_links":{"self":[{"href":"https:\/\/blogs.ksbe.edu\/kysoller\/wp-json\/wp\/v2\/pages\/6","targetHints":{"allow":["GET"]}}],"collection":[{"href":"https:\/\/blogs.ksbe.edu\/kysoller\/wp-json\/wp\/v2\/pages"}],"about":[{"href":"https:\/\/blogs.ksbe.edu\/kysoller\/wp-json\/wp\/v2\/types\/page"}],"author":[{"embeddable":true,"href":"https:\/\/blogs.ksbe.edu\/kysoller\/wp-json\/wp\/v2\/users\/363"}],"replies":[{"embeddable":true,"href":"https:\/\/blogs.ksbe.edu\/kysoller\/wp-json\/wp\/v2\/comments?post=6"}],"version-history":[{"count":0,"href":"https:\/\/blogs.ksbe.edu\/kysoller\/wp-json\/wp\/v2\/pages\/6\/revisions"}],"wp:attachment":[{"href":"https:\/\/blogs.ksbe.edu\/kysoller\/wp-json\/wp\/v2\/media?parent=6"}],"curies":[{"name":"wp","href":"https:\/\/api.w.org\/{rel}","templated":true}]}}