{"id":569,"date":"2020-04-21T18:47:50","date_gmt":"2020-04-22T04:47:50","guid":{"rendered":"http:\/\/blogsksbeedu.wpenginepowered.com\/kibrown\/?page_id=569"},"modified":"2020-08-07T22:17:36","modified_gmt":"2020-08-08T08:17:36","slug":"circle-time-songs","status":"publish","type":"page","link":"https:\/\/blogs.ksbe.edu\/kibrown\/oli-mele\/circle-time-songs\/","title":{"rendered":"Circle Time Songs"},"content":{"rendered":"\n<p>In case your keiki want to sing the songs we sing at school, here are the words to a few of them.<\/p>\n\n\n\n<div style=\"height:20px\" aria-hidden=\"true\" class=\"wp-block-spacer\"><\/div>\n\n\n\n<h2 class=\"wp-block-heading\">Hawai\u02bbi Pono \u02bb\u012a<\/h2>\n\n\n\n<figure class=\"wp-block-image size-large is-resized\"><img loading=\"lazy\" decoding=\"async\" src=\"http:\/\/blogs.ksbe.edu\/kibrown\/files\/2020\/07\/Hawai\u02bbi-Pono-\u02bbI\u0304.png\" alt=\"\" class=\"wp-image-676\" width=\"192\" height=\"453\" srcset=\"https:\/\/blogs.ksbe.edu\/kibrown\/files\/2020\/07\/Hawai\u02bbi-Pono-\u02bbI\u0304.png 384w, https:\/\/blogs.ksbe.edu\/kibrown\/files\/2020\/07\/Hawai\u02bbi-Pono-\u02bbI\u0304-127x300.png 127w\" sizes=\"auto, (max-width: 192px) 100vw, 192px\" \/><\/figure>\n\n\n\n<div style=\"height:20px\" aria-hidden=\"true\" class=\"wp-block-spacer\"><\/div>\n\n\n\n<h2 class=\"wp-block-heading\">The Days of the Week\/N\u0101 L\u0101 o ka Pule<\/h2>\n\n\n\n<figure class=\"wp-block-image size-large is-resized\"><img loading=\"lazy\" decoding=\"async\" src=\"https:\/\/blogs.ksbe.edu\/kibrown\/files\/2020\/07\/Days-of-the-week-1024x747.png\" alt=\"\" class=\"wp-image-679\" width=\"512\" height=\"374\" srcset=\"https:\/\/blogs.ksbe.edu\/kibrown\/files\/2020\/07\/Days-of-the-week-1024x747.png 1024w, https:\/\/blogs.ksbe.edu\/kibrown\/files\/2020\/07\/Days-of-the-week-300x219.png 300w, https:\/\/blogs.ksbe.edu\/kibrown\/files\/2020\/07\/Days-of-the-week-768x560.png 768w, https:\/\/blogs.ksbe.edu\/kibrown\/files\/2020\/07\/Days-of-the-week.png 1144w\" sizes=\"auto, (max-width: 512px) 100vw, 512px\" \/><figcaption>Mahalo i\u0101 Greg and Steve a me Ka \u02bbUmeke K\u0101\u02bbeo<\/figcaption><\/figure>\n\n\n\n<div style=\"height:20px\" aria-hidden=\"true\" class=\"wp-block-spacer\"><\/div>\n\n\n\n<h2 class=\"wp-block-heading\">N\u0101 Mahina o ka Makahiki<\/h2>\n\n\n\n<figure class=\"wp-block-image size-large is-resized\"><img loading=\"lazy\" decoding=\"async\" src=\"http:\/\/blogs.ksbe.edu\/kibrown\/files\/2020\/07\/Months-of-the-year.png\" alt=\"\" class=\"wp-image-678\" width=\"410\" height=\"495\" srcset=\"https:\/\/blogs.ksbe.edu\/kibrown\/files\/2020\/07\/Months-of-the-year.png 820w, https:\/\/blogs.ksbe.edu\/kibrown\/files\/2020\/07\/Months-of-the-year-248x300.png 248w, https:\/\/blogs.ksbe.edu\/kibrown\/files\/2020\/07\/Months-of-the-year-768x927.png 768w\" sizes=\"auto, (max-width: 410px) 100vw, 410px\" \/><figcaption>Mahalo hou i\u0101 Greg and Steve a me Ka \u02bbUmeke K\u0101\u02bbeo!<\/figcaption><\/figure>\n\n\n\n<div style=\"height:20px\" aria-hidden=\"true\" class=\"wp-block-spacer\"><\/div>\n\n\n\n<figure class=\"wp-block-embed-youtube wp-block-embed is-type-video is-provider-youtube wp-embed-aspect-16-9 wp-has-aspect-ratio\"><div class=\"wp-block-embed__wrapper\">\n<iframe loading=\"lazy\" title=\"Oiwitv- k\u016b ha\u02bbaheo kareoke lyrics\" width=\"604\" height=\"340\" src=\"https:\/\/www.youtube.com\/embed\/F48O1qMi4ww?feature=oembed\" frameborder=\"0\" allow=\"accelerometer; autoplay; clipboard-write; encrypted-media; gyroscope; picture-in-picture; web-share\" referrerpolicy=\"strict-origin-when-cross-origin\" allowfullscreen><\/iframe>\n<\/div><figcaption>In case you wanted this mele too, this video includes the words. (Our keiki only learned the chorus part, not the verses.)<\/figcaption><\/figure>\n\n\n\n<p><\/p>\n","protected":false},"excerpt":{"rendered":"<p>In case your keiki want to sing the songs we sing at school, here are the words to a few of them. Hawai\u02bbi Pono \u02bb\u012a The Days of the Week\/N\u0101 L\u0101 o ka Pule N\u0101 Mahina o ka Makahiki<\/p>\n","protected":false},"author":444,"featured_media":0,"parent":263,"menu_order":4,"comment_status":"closed","ping_status":"closed","template":"","meta":{"footnotes":""},"class_list":["post-569","page","type-page","status-publish","hentry"],"yoast_head":"<!-- This site is optimized with the Yoast SEO plugin v25.8 - https:\/\/yoast.com\/wordpress\/plugins\/seo\/ -->\n<title>Circle Time Songs - Keaukaha Papa Honu<\/title>\n<meta name=\"robots\" content=\"index, follow, max-snippet:-1, max-image-preview:large, max-video-preview:-1\" \/>\n<link rel=\"canonical\" href=\"https:\/\/blogs.ksbe.edu\/kibrown\/oli-mele\/circle-time-songs\/\" \/>\n<meta property=\"og:locale\" content=\"en_US\" \/>\n<meta property=\"og:type\" content=\"article\" \/>\n<meta property=\"og:title\" content=\"Circle Time Songs - Keaukaha Papa Honu\" \/>\n<meta property=\"og:description\" content=\"In case your keiki want to sing the songs we sing at school, here are the words to a few of them. Hawai\u02bbi Pono \u02bb\u012a The Days of the Week\/N\u0101 L\u0101 o ka Pule N\u0101 Mahina o ka Makahiki\" \/>\n<meta property=\"og:url\" content=\"https:\/\/blogs.ksbe.edu\/kibrown\/oli-mele\/circle-time-songs\/\" \/>\n<meta property=\"og:site_name\" content=\"Keaukaha Papa Honu\" \/>\n<meta property=\"article:modified_time\" content=\"2020-08-08T08:17:36+00:00\" \/>\n<meta property=\"og:image\" content=\"https:\/\/blogs.ksbe.edu\/kibrown\/files\/2020\/07\/Days-of-the-week-1024x747.png\" \/>\n<meta name=\"twitter:card\" content=\"summary_large_image\" \/>\n<script type=\"application\/ld+json\" class=\"yoast-schema-graph\">{\"@context\":\"https:\/\/schema.org\",\"@graph\":[{\"@type\":\"WebPage\",\"@id\":\"https:\/\/blogs.ksbe.edu\/kibrown\/oli-mele\/circle-time-songs\/\",\"url\":\"https:\/\/blogs.ksbe.edu\/kibrown\/oli-mele\/circle-time-songs\/\",\"name\":\"Circle Time Songs - Keaukaha Papa Honu\",\"isPartOf\":{\"@id\":\"https:\/\/blogs.ksbe.edu\/kibrown\/#website\"},\"primaryImageOfPage\":{\"@id\":\"https:\/\/blogs.ksbe.edu\/kibrown\/oli-mele\/circle-time-songs\/#primaryimage\"},\"image\":{\"@id\":\"https:\/\/blogs.ksbe.edu\/kibrown\/oli-mele\/circle-time-songs\/#primaryimage\"},\"thumbnailUrl\":\"https:\/\/blogs.ksbe.edu\/kibrown\/files\/2020\/07\/Days-of-the-week-1024x747.png\",\"datePublished\":\"2020-04-22T04:47:50+00:00\",\"dateModified\":\"2020-08-08T08:17:36+00:00\",\"breadcrumb\":{\"@id\":\"https:\/\/blogs.ksbe.edu\/kibrown\/oli-mele\/circle-time-songs\/#breadcrumb\"},\"inLanguage\":\"en-US\",\"potentialAction\":[{\"@type\":\"ReadAction\",\"target\":[\"https:\/\/blogs.ksbe.edu\/kibrown\/oli-mele\/circle-time-songs\/\"]}]},{\"@type\":\"ImageObject\",\"inLanguage\":\"en-US\",\"@id\":\"https:\/\/blogs.ksbe.edu\/kibrown\/oli-mele\/circle-time-songs\/#primaryimage\",\"url\":\"https:\/\/blogs.ksbe.edu\/kibrown\/files\/2020\/07\/Days-of-the-week-1024x747.png\",\"contentUrl\":\"https:\/\/blogs.ksbe.edu\/kibrown\/files\/2020\/07\/Days-of-the-week-1024x747.png\"},{\"@type\":\"BreadcrumbList\",\"@id\":\"https:\/\/blogs.ksbe.edu\/kibrown\/oli-mele\/circle-time-songs\/#breadcrumb\",\"itemListElement\":[{\"@type\":\"ListItem\",\"position\":1,\"name\":\"Home\",\"item\":\"https:\/\/blogs.ksbe.edu\/kibrown\/\"},{\"@type\":\"ListItem\",\"position\":2,\"name\":\"Oli &amp; Mele\",\"item\":\"https:\/\/blogs.ksbe.edu\/kibrown\/oli-mele\/\"},{\"@type\":\"ListItem\",\"position\":3,\"name\":\"Circle Time Songs\"}]},{\"@type\":\"WebSite\",\"@id\":\"https:\/\/blogs.ksbe.edu\/kibrown\/#website\",\"url\":\"https:\/\/blogs.ksbe.edu\/kibrown\/\",\"name\":\"Keaukaha Papa Honu\",\"description\":\"E komo mai!\",\"potentialAction\":[{\"@type\":\"SearchAction\",\"target\":{\"@type\":\"EntryPoint\",\"urlTemplate\":\"https:\/\/blogs.ksbe.edu\/kibrown\/?s={search_term_string}\"},\"query-input\":{\"@type\":\"PropertyValueSpecification\",\"valueRequired\":true,\"valueName\":\"search_term_string\"}}],\"inLanguage\":\"en-US\"}]}<\/script>\n<!-- \/ Yoast SEO plugin. -->","yoast_head_json":{"title":"Circle Time Songs - Keaukaha Papa Honu","robots":{"index":"index","follow":"follow","max-snippet":"max-snippet:-1","max-image-preview":"max-image-preview:large","max-video-preview":"max-video-preview:-1"},"canonical":"https:\/\/blogs.ksbe.edu\/kibrown\/oli-mele\/circle-time-songs\/","og_locale":"en_US","og_type":"article","og_title":"Circle Time Songs - Keaukaha Papa Honu","og_description":"In case your keiki want to sing the songs we sing at school, here are the words to a few of them. Hawai\u02bbi Pono \u02bb\u012a The Days of the Week\/N\u0101 L\u0101 o ka Pule N\u0101 Mahina o ka Makahiki","og_url":"https:\/\/blogs.ksbe.edu\/kibrown\/oli-mele\/circle-time-songs\/","og_site_name":"Keaukaha Papa Honu","article_modified_time":"2020-08-08T08:17:36+00:00","og_image":[{"url":"https:\/\/blogs.ksbe.edu\/kibrown\/files\/2020\/07\/Days-of-the-week-1024x747.png","type":"","width":"","height":""}],"twitter_card":"summary_large_image","schema":{"@context":"https:\/\/schema.org","@graph":[{"@type":"WebPage","@id":"https:\/\/blogs.ksbe.edu\/kibrown\/oli-mele\/circle-time-songs\/","url":"https:\/\/blogs.ksbe.edu\/kibrown\/oli-mele\/circle-time-songs\/","name":"Circle Time Songs - Keaukaha Papa Honu","isPartOf":{"@id":"https:\/\/blogs.ksbe.edu\/kibrown\/#website"},"primaryImageOfPage":{"@id":"https:\/\/blogs.ksbe.edu\/kibrown\/oli-mele\/circle-time-songs\/#primaryimage"},"image":{"@id":"https:\/\/blogs.ksbe.edu\/kibrown\/oli-mele\/circle-time-songs\/#primaryimage"},"thumbnailUrl":"https:\/\/blogs.ksbe.edu\/kibrown\/files\/2020\/07\/Days-of-the-week-1024x747.png","datePublished":"2020-04-22T04:47:50+00:00","dateModified":"2020-08-08T08:17:36+00:00","breadcrumb":{"@id":"https:\/\/blogs.ksbe.edu\/kibrown\/oli-mele\/circle-time-songs\/#breadcrumb"},"inLanguage":"en-US","potentialAction":[{"@type":"ReadAction","target":["https:\/\/blogs.ksbe.edu\/kibrown\/oli-mele\/circle-time-songs\/"]}]},{"@type":"ImageObject","inLanguage":"en-US","@id":"https:\/\/blogs.ksbe.edu\/kibrown\/oli-mele\/circle-time-songs\/#primaryimage","url":"https:\/\/blogs.ksbe.edu\/kibrown\/files\/2020\/07\/Days-of-the-week-1024x747.png","contentUrl":"https:\/\/blogs.ksbe.edu\/kibrown\/files\/2020\/07\/Days-of-the-week-1024x747.png"},{"@type":"BreadcrumbList","@id":"https:\/\/blogs.ksbe.edu\/kibrown\/oli-mele\/circle-time-songs\/#breadcrumb","itemListElement":[{"@type":"ListItem","position":1,"name":"Home","item":"https:\/\/blogs.ksbe.edu\/kibrown\/"},{"@type":"ListItem","position":2,"name":"Oli &amp; Mele","item":"https:\/\/blogs.ksbe.edu\/kibrown\/oli-mele\/"},{"@type":"ListItem","position":3,"name":"Circle Time Songs"}]},{"@type":"WebSite","@id":"https:\/\/blogs.ksbe.edu\/kibrown\/#website","url":"https:\/\/blogs.ksbe.edu\/kibrown\/","name":"Keaukaha Papa Honu","description":"E komo mai!","potentialAction":[{"@type":"SearchAction","target":{"@type":"EntryPoint","urlTemplate":"https:\/\/blogs.ksbe.edu\/kibrown\/?s={search_term_string}"},"query-input":{"@type":"PropertyValueSpecification","valueRequired":true,"valueName":"search_term_string"}}],"inLanguage":"en-US"}]}},"_links":{"self":[{"href":"https:\/\/blogs.ksbe.edu\/kibrown\/wp-json\/wp\/v2\/pages\/569","targetHints":{"allow":["GET"]}}],"collection":[{"href":"https:\/\/blogs.ksbe.edu\/kibrown\/wp-json\/wp\/v2\/pages"}],"about":[{"href":"https:\/\/blogs.ksbe.edu\/kibrown\/wp-json\/wp\/v2\/types\/page"}],"author":[{"embeddable":true,"href":"https:\/\/blogs.ksbe.edu\/kibrown\/wp-json\/wp\/v2\/users\/444"}],"replies":[{"embeddable":true,"href":"https:\/\/blogs.ksbe.edu\/kibrown\/wp-json\/wp\/v2\/comments?post=569"}],"version-history":[{"count":0,"href":"https:\/\/blogs.ksbe.edu\/kibrown\/wp-json\/wp\/v2\/pages\/569\/revisions"}],"up":[{"embeddable":true,"href":"https:\/\/blogs.ksbe.edu\/kibrown\/wp-json\/wp\/v2\/pages\/263"}],"wp:attachment":[{"href":"https:\/\/blogs.ksbe.edu\/kibrown\/wp-json\/wp\/v2\/media?parent=569"}],"curies":[{"name":"wp","href":"https:\/\/api.w.org\/{rel}","templated":true}]}}