{"id":276,"date":"2014-11-25T16:11:06","date_gmt":"2014-11-26T02:11:06","guid":{"rendered":"http:\/\/blogsksbeedu.wpenginepowered.com\/kibrown\/?page_id=276"},"modified":"2020-03-31T16:21:34","modified_gmt":"2020-04-01T02:21:34","slug":"oli-mahalo-lana-ka-mana%ca%bbo","status":"publish","type":"page","link":"https:\/\/blogs.ksbe.edu\/kibrown\/oli-mele\/oli-mahalo-lana-ka-mana%ca%bbo\/","title":{"rendered":"Oli Mahalo &amp; Lana Ka Mana\u02bbo"},"content":{"rendered":"<p><strong>Oli Mahalo&nbsp;&nbsp;&nbsp;&nbsp;&nbsp;&nbsp;&nbsp;&nbsp;&nbsp; <\/strong>(haku \u02bbia e Kehau Camara)<\/p>\n<p>\u02bbUhola \u02bbia ka makaloa l\u0101&nbsp;&nbsp;&nbsp;&nbsp;&nbsp;&nbsp;&nbsp;&nbsp;&nbsp;&nbsp;&nbsp;&nbsp;&nbsp;&nbsp;&nbsp;&nbsp;&nbsp;&nbsp;&nbsp;&nbsp;&nbsp;&nbsp; <em>The makaloa mat has been unfolded<\/em><\/p>\n<p>P\u016b\u02bbai i ke aloha l\u0101&nbsp;&nbsp;&nbsp;&nbsp;&nbsp;&nbsp;&nbsp;&nbsp;&nbsp;&nbsp;&nbsp;&nbsp;&nbsp;&nbsp;&nbsp;&nbsp;&nbsp;&nbsp;&nbsp;&nbsp;&nbsp;&nbsp;&nbsp;&nbsp;&nbsp;&nbsp;&nbsp;&nbsp;&nbsp;&nbsp;&nbsp;&nbsp;&nbsp;&nbsp;&nbsp; <em>Food is shared in love<\/em><\/p>\n<p>K\u016bka\u02bbi \u02bbia ka h\u0101 loa l\u0101 &nbsp; &nbsp; &nbsp; &nbsp; &nbsp; &nbsp; &nbsp;&nbsp;&nbsp;&nbsp;&nbsp;&nbsp;&nbsp;&nbsp;&nbsp;&nbsp;&nbsp;&nbsp;&nbsp;&nbsp;&nbsp; <em>The great breath is exchanged<\/em><\/p>\n<p>P\u0101wehi mai n\u0101 lehua&nbsp;&nbsp;&nbsp;&nbsp;&nbsp;&nbsp;&nbsp;&nbsp;&nbsp;&nbsp;&nbsp;&nbsp;&nbsp;&nbsp;&nbsp;&nbsp;&nbsp;&nbsp;&nbsp;&nbsp;&nbsp;&nbsp;&nbsp;&nbsp;&nbsp;&nbsp;&nbsp;&nbsp; <em>The Lehua honors and adores<\/em><\/p>\n<p>Mai ka ho\u02bboku\u02bbi a ka h\u0101l\u0101wai l\u0101&nbsp;&nbsp;&nbsp;&nbsp;&nbsp;&nbsp;&nbsp;&nbsp;&nbsp; <em>From<\/em><em> zenith to horizon<\/em><\/p>\n<p>Mahalo e Ke Akua*&nbsp;&nbsp;&nbsp;&nbsp;&nbsp;&nbsp;&nbsp;&nbsp;&nbsp;&nbsp;&nbsp;&nbsp;&nbsp;&nbsp;&nbsp;&nbsp;&nbsp;&nbsp;&nbsp;&nbsp;&nbsp;&nbsp;&nbsp;&nbsp;&nbsp;&nbsp;&nbsp;&nbsp;&nbsp;&nbsp;&nbsp;&nbsp;&nbsp; <em>Gratitude to God<\/em><\/p>\n<p>Mahalo e n\u0101 k\u016bpuna l\u0101 \u02bbe\u0101&nbsp;&nbsp;&nbsp;&nbsp;&nbsp;&nbsp;&nbsp;&nbsp;&nbsp;&nbsp;&nbsp;&nbsp;&nbsp;&nbsp;&nbsp;&nbsp;&nbsp; <em>Gratitude to our ancestors<\/em><\/p>\n<p>Mahalo me ke aloha l\u0101&nbsp;&nbsp;&nbsp;&nbsp;&nbsp;&nbsp;&nbsp;&nbsp;&nbsp;&nbsp;&nbsp;&nbsp;&nbsp;&nbsp;&nbsp;&nbsp;&nbsp;&nbsp;&nbsp;&nbsp;&nbsp;&nbsp;&nbsp;&nbsp; <em>Gratitude with love<\/em><\/p>\n<p>Mahalo me ke aloha l\u0101&nbsp;&nbsp;&nbsp;&nbsp;&nbsp;&nbsp;&nbsp;&nbsp;&nbsp;&nbsp;&nbsp;&nbsp;&nbsp;&nbsp;&nbsp;&nbsp;&nbsp;&nbsp;&nbsp;&nbsp;&nbsp;&nbsp;&nbsp;&nbsp; <em>Gratitude with love<\/em><\/p>\n<p>*<em>Mahalo e n\u0101 akua<\/em> was changed to <em>Mahalo e Ke Akua<\/em> with the permission of the composer for Kamehameha Elementary School&#8217;s use.<\/p>\n<!--[if lt IE 9]><script>document.createElement('audio');<\/script><![endif]-->\n<audio class=\"wp-audio-shortcode\" id=\"audio-276-1\" preload=\"none\" style=\"width: 100%;\" controls=\"controls\"><source type=\"audio\/mpeg\" src=\"http:\/\/blogs.ksbe.edu\/kibrown\/files\/2014\/11\/oli_mahalo.mp3?_=1\" \/><a href=\"http:\/\/blogs.ksbe.edu\/kibrown\/files\/2014\/11\/oli_mahalo.mp3\">http:\/\/blogs.ksbe.edu\/kibrown\/files\/2014\/11\/oli_mahalo.mp3<\/a><\/audio>\n<p>&nbsp;<\/p>\n<p><strong>Lana Ka Mana\u02bbo<\/strong><\/p>\n<p>Lana ka mana\u02bbo i n\u0113ia hui \u02bbana&nbsp;&nbsp;&nbsp;&nbsp;&nbsp;&nbsp;&nbsp;&nbsp;&nbsp; <em>Thoughts well up as we come together<\/em><\/p>\n<p>Nei p\u014dmaika\u02bbi o Ka Haku aloha&nbsp;&nbsp;&nbsp;&nbsp;&nbsp;&nbsp;&nbsp;&nbsp; <em>It is a blessing from our beloved Lord<\/em><\/p>\n<p>Ke aloha ho\u02bbohau\u02bboli pu\u02bbuwai&nbsp;&nbsp;&nbsp;&nbsp;&nbsp;&nbsp;&nbsp;&nbsp;&nbsp;&nbsp;&nbsp; <em>An expression of love that brings joy to the heart<\/em><\/p>\n<p>Waiwai ka mehana o ka hui \u02bbana&nbsp;&nbsp;&nbsp;&nbsp;&nbsp; <em>A richness from the warmth of all who gather<\/em><\/p>\n<p>Ke Akua p\u016b a hui hou k\u0101kou! &nbsp;&nbsp;&nbsp;&nbsp;&nbsp;&nbsp;&nbsp;&nbsp;&nbsp;&nbsp;&nbsp;&nbsp; <em>God be with you until we meet again!<\/em><\/p>\n<p>Ke Akua p\u016b a hui hou k\u0101kou!&nbsp;&nbsp;&nbsp;&nbsp;&nbsp;&nbsp;&nbsp;&nbsp;&nbsp;&nbsp;&nbsp;&nbsp;&nbsp; <em>God be with you until we meet again!<\/em><\/p>\n<audio class=\"wp-audio-shortcode\" id=\"audio-276-2\" preload=\"none\" style=\"width: 100%;\" controls=\"controls\"><source type=\"audio\/mpeg\" src=\"http:\/\/blogs.ksbe.edu\/kibrown\/files\/2014\/11\/lana-ka-mana_o.mp3?_=2\" \/><a href=\"http:\/\/blogs.ksbe.edu\/kibrown\/files\/2014\/11\/lana-ka-mana_o.mp3\">http:\/\/blogs.ksbe.edu\/kibrown\/files\/2014\/11\/lana-ka-mana_o.mp3<\/a><\/audio>\n","protected":false},"excerpt":{"rendered":"<p>Oli Mahalo&nbsp;&nbsp;&nbsp;&nbsp;&nbsp;&nbsp;&nbsp;&nbsp;&nbsp; (haku \u02bbia e Kehau Camara) \u02bbUhola \u02bbia ka makaloa l\u0101&nbsp;&nbsp;&nbsp;&nbsp;&nbsp;&nbsp;&nbsp;&nbsp;&nbsp;&nbsp;&nbsp;&nbsp;&nbsp;&nbsp;&nbsp;&nbsp;&nbsp;&nbsp;&nbsp;&nbsp;&nbsp;&nbsp; The makaloa mat has been unfolded P\u016b\u02bbai i ke aloha l\u0101&nbsp;&nbsp;&nbsp;&nbsp;&nbsp;&nbsp;&nbsp;&nbsp;&nbsp;&nbsp;&nbsp;&nbsp;&nbsp;&nbsp;&nbsp;&nbsp;&nbsp;&nbsp;&nbsp;&nbsp;&nbsp;&nbsp;&nbsp;&nbsp;&nbsp;&nbsp;&nbsp;&nbsp;&nbsp;&nbsp;&nbsp;&nbsp;&nbsp;&nbsp;&nbsp; Food is shared in love K\u016bka\u02bbi \u02bbia ka h\u0101 loa l\u0101 &nbsp; &nbsp; &nbsp; &nbsp; &nbsp; &nbsp; &nbsp;&nbsp;&nbsp;&nbsp;&nbsp;&nbsp;&nbsp;&nbsp;&nbsp;&nbsp;&nbsp;&nbsp;&nbsp;&nbsp;&nbsp; The great breath is exchanged P\u0101wehi mai n\u0101 lehua&nbsp;&nbsp;&nbsp;&nbsp;&nbsp;&nbsp;&nbsp;&nbsp;&nbsp;&nbsp;&nbsp;&nbsp;&nbsp;&nbsp;&nbsp;&nbsp;&nbsp;&nbsp;&nbsp;&nbsp;&nbsp;&nbsp;&nbsp;&nbsp;&nbsp;&nbsp;&nbsp;&nbsp; The Lehua honors and adores &hellip; <a href=\"https:\/\/blogs.ksbe.edu\/kibrown\/oli-mele\/oli-mahalo-lana-ka-mana%ca%bbo\/\" class=\"more-link\">Continue reading <span class=\"screen-reader-text\">Oli Mahalo &amp; Lana Ka Mana\u02bbo<\/span> <span class=\"meta-nav\">&rarr;<\/span><\/a><\/p>\n","protected":false},"author":444,"featured_media":0,"parent":263,"menu_order":0,"comment_status":"closed","ping_status":"open","template":"","meta":{"footnotes":""},"class_list":["post-276","page","type-page","status-publish","hentry"],"yoast_head":"<!-- This site is optimized with the Yoast SEO plugin v25.8 - https:\/\/yoast.com\/wordpress\/plugins\/seo\/ -->\n<title>Oli Mahalo &amp; Lana Ka Mana\u02bbo - Keaukaha Papa Honu<\/title>\n<meta name=\"robots\" content=\"index, follow, max-snippet:-1, max-image-preview:large, max-video-preview:-1\" \/>\n<link rel=\"canonical\" href=\"http:\/\/blogs.ksbe.edu\/kibrown\/oli-mele\/oli-mahalo-lana-ka-mana\u02bbo\/\" \/>\n<meta property=\"og:locale\" content=\"en_US\" \/>\n<meta property=\"og:type\" content=\"article\" \/>\n<meta property=\"og:title\" content=\"Oli Mahalo &amp; Lana Ka Mana\u02bbo - Keaukaha Papa Honu\" \/>\n<meta property=\"og:description\" content=\"Oli Mahalo&nbsp;&nbsp;&nbsp;&nbsp;&nbsp;&nbsp;&nbsp;&nbsp;&nbsp; (haku \u02bbia e Kehau Camara) \u02bbUhola \u02bbia ka makaloa l\u0101&nbsp;&nbsp;&nbsp;&nbsp;&nbsp;&nbsp;&nbsp;&nbsp;&nbsp;&nbsp;&nbsp;&nbsp;&nbsp;&nbsp;&nbsp;&nbsp;&nbsp;&nbsp;&nbsp;&nbsp;&nbsp;&nbsp; The makaloa mat has been unfolded P\u016b\u02bbai i ke aloha l\u0101&nbsp;&nbsp;&nbsp;&nbsp;&nbsp;&nbsp;&nbsp;&nbsp;&nbsp;&nbsp;&nbsp;&nbsp;&nbsp;&nbsp;&nbsp;&nbsp;&nbsp;&nbsp;&nbsp;&nbsp;&nbsp;&nbsp;&nbsp;&nbsp;&nbsp;&nbsp;&nbsp;&nbsp;&nbsp;&nbsp;&nbsp;&nbsp;&nbsp;&nbsp;&nbsp; Food is shared in love K\u016bka\u02bbi \u02bbia ka h\u0101 loa l\u0101 &nbsp; &nbsp; &nbsp; &nbsp; &nbsp; &nbsp; &nbsp;&nbsp;&nbsp;&nbsp;&nbsp;&nbsp;&nbsp;&nbsp;&nbsp;&nbsp;&nbsp;&nbsp;&nbsp;&nbsp;&nbsp; The great breath is exchanged P\u0101wehi mai n\u0101 lehua&nbsp;&nbsp;&nbsp;&nbsp;&nbsp;&nbsp;&nbsp;&nbsp;&nbsp;&nbsp;&nbsp;&nbsp;&nbsp;&nbsp;&nbsp;&nbsp;&nbsp;&nbsp;&nbsp;&nbsp;&nbsp;&nbsp;&nbsp;&nbsp;&nbsp;&nbsp;&nbsp;&nbsp; The Lehua honors and adores &hellip; Continue reading Oli Mahalo &amp; Lana Ka Mana\u02bbo &rarr;\" \/>\n<meta property=\"og:url\" content=\"http:\/\/blogs.ksbe.edu\/kibrown\/oli-mele\/oli-mahalo-lana-ka-mana\u02bbo\/\" \/>\n<meta property=\"og:site_name\" content=\"Keaukaha Papa Honu\" \/>\n<meta property=\"article:modified_time\" content=\"2020-04-01T02:21:34+00:00\" \/>\n<meta name=\"twitter:card\" content=\"summary_large_image\" \/>\n<meta name=\"twitter:label1\" content=\"Est. reading time\" \/>\n\t<meta name=\"twitter:data1\" content=\"3 minutes\" \/>\n<script type=\"application\/ld+json\" class=\"yoast-schema-graph\">{\"@context\":\"https:\/\/schema.org\",\"@graph\":[{\"@type\":\"WebPage\",\"@id\":\"http:\/\/blogs.ksbe.edu\/kibrown\/oli-mele\/oli-mahalo-lana-ka-mana%ca%bbo\/\",\"url\":\"http:\/\/blogs.ksbe.edu\/kibrown\/oli-mele\/oli-mahalo-lana-ka-mana%ca%bbo\/\",\"name\":\"Oli Mahalo &amp; Lana Ka Mana\u02bbo - Keaukaha Papa Honu\",\"isPartOf\":{\"@id\":\"https:\/\/blogs.ksbe.edu\/kibrown\/#website\"},\"datePublished\":\"2014-11-26T02:11:06+00:00\",\"dateModified\":\"2020-04-01T02:21:34+00:00\",\"breadcrumb\":{\"@id\":\"http:\/\/blogs.ksbe.edu\/kibrown\/oli-mele\/oli-mahalo-lana-ka-mana%ca%bbo\/#breadcrumb\"},\"inLanguage\":\"en-US\",\"potentialAction\":[{\"@type\":\"ReadAction\",\"target\":[\"http:\/\/blogs.ksbe.edu\/kibrown\/oli-mele\/oli-mahalo-lana-ka-mana%ca%bbo\/\"]}]},{\"@type\":\"BreadcrumbList\",\"@id\":\"http:\/\/blogs.ksbe.edu\/kibrown\/oli-mele\/oli-mahalo-lana-ka-mana%ca%bbo\/#breadcrumb\",\"itemListElement\":[{\"@type\":\"ListItem\",\"position\":1,\"name\":\"Home\",\"item\":\"https:\/\/blogs.ksbe.edu\/kibrown\/\"},{\"@type\":\"ListItem\",\"position\":2,\"name\":\"Oli &amp; Mele\",\"item\":\"http:\/\/blogs.ksbe.edu\/kibrown\/oli-mele\/\"},{\"@type\":\"ListItem\",\"position\":3,\"name\":\"Oli Mahalo &amp; Lana Ka Mana\u02bbo\"}]},{\"@type\":\"WebSite\",\"@id\":\"https:\/\/blogs.ksbe.edu\/kibrown\/#website\",\"url\":\"https:\/\/blogs.ksbe.edu\/kibrown\/\",\"name\":\"Keaukaha Papa Honu\",\"description\":\"E komo mai!\",\"potentialAction\":[{\"@type\":\"SearchAction\",\"target\":{\"@type\":\"EntryPoint\",\"urlTemplate\":\"https:\/\/blogs.ksbe.edu\/kibrown\/?s={search_term_string}\"},\"query-input\":{\"@type\":\"PropertyValueSpecification\",\"valueRequired\":true,\"valueName\":\"search_term_string\"}}],\"inLanguage\":\"en-US\"}]}<\/script>\n<!-- \/ Yoast SEO plugin. -->","yoast_head_json":{"title":"Oli Mahalo &amp; Lana Ka Mana\u02bbo - Keaukaha Papa Honu","robots":{"index":"index","follow":"follow","max-snippet":"max-snippet:-1","max-image-preview":"max-image-preview:large","max-video-preview":"max-video-preview:-1"},"canonical":"http:\/\/blogs.ksbe.edu\/kibrown\/oli-mele\/oli-mahalo-lana-ka-mana\u02bbo\/","og_locale":"en_US","og_type":"article","og_title":"Oli Mahalo &amp; Lana Ka Mana\u02bbo - Keaukaha Papa Honu","og_description":"Oli Mahalo&nbsp;&nbsp;&nbsp;&nbsp;&nbsp;&nbsp;&nbsp;&nbsp;&nbsp; (haku \u02bbia e Kehau Camara) \u02bbUhola \u02bbia ka makaloa l\u0101&nbsp;&nbsp;&nbsp;&nbsp;&nbsp;&nbsp;&nbsp;&nbsp;&nbsp;&nbsp;&nbsp;&nbsp;&nbsp;&nbsp;&nbsp;&nbsp;&nbsp;&nbsp;&nbsp;&nbsp;&nbsp;&nbsp; The makaloa mat has been unfolded P\u016b\u02bbai i ke aloha l\u0101&nbsp;&nbsp;&nbsp;&nbsp;&nbsp;&nbsp;&nbsp;&nbsp;&nbsp;&nbsp;&nbsp;&nbsp;&nbsp;&nbsp;&nbsp;&nbsp;&nbsp;&nbsp;&nbsp;&nbsp;&nbsp;&nbsp;&nbsp;&nbsp;&nbsp;&nbsp;&nbsp;&nbsp;&nbsp;&nbsp;&nbsp;&nbsp;&nbsp;&nbsp;&nbsp; Food is shared in love K\u016bka\u02bbi \u02bbia ka h\u0101 loa l\u0101 &nbsp; &nbsp; &nbsp; &nbsp; &nbsp; &nbsp; &nbsp;&nbsp;&nbsp;&nbsp;&nbsp;&nbsp;&nbsp;&nbsp;&nbsp;&nbsp;&nbsp;&nbsp;&nbsp;&nbsp;&nbsp; The great breath is exchanged P\u0101wehi mai n\u0101 lehua&nbsp;&nbsp;&nbsp;&nbsp;&nbsp;&nbsp;&nbsp;&nbsp;&nbsp;&nbsp;&nbsp;&nbsp;&nbsp;&nbsp;&nbsp;&nbsp;&nbsp;&nbsp;&nbsp;&nbsp;&nbsp;&nbsp;&nbsp;&nbsp;&nbsp;&nbsp;&nbsp;&nbsp; The Lehua honors and adores &hellip; Continue reading Oli Mahalo &amp; Lana Ka Mana\u02bbo &rarr;","og_url":"http:\/\/blogs.ksbe.edu\/kibrown\/oli-mele\/oli-mahalo-lana-ka-mana\u02bbo\/","og_site_name":"Keaukaha Papa Honu","article_modified_time":"2020-04-01T02:21:34+00:00","twitter_card":"summary_large_image","twitter_misc":{"Est. reading time":"3 minutes"},"schema":{"@context":"https:\/\/schema.org","@graph":[{"@type":"WebPage","@id":"http:\/\/blogs.ksbe.edu\/kibrown\/oli-mele\/oli-mahalo-lana-ka-mana%ca%bbo\/","url":"http:\/\/blogs.ksbe.edu\/kibrown\/oli-mele\/oli-mahalo-lana-ka-mana%ca%bbo\/","name":"Oli Mahalo &amp; Lana Ka Mana\u02bbo - Keaukaha Papa Honu","isPartOf":{"@id":"https:\/\/blogs.ksbe.edu\/kibrown\/#website"},"datePublished":"2014-11-26T02:11:06+00:00","dateModified":"2020-04-01T02:21:34+00:00","breadcrumb":{"@id":"http:\/\/blogs.ksbe.edu\/kibrown\/oli-mele\/oli-mahalo-lana-ka-mana%ca%bbo\/#breadcrumb"},"inLanguage":"en-US","potentialAction":[{"@type":"ReadAction","target":["http:\/\/blogs.ksbe.edu\/kibrown\/oli-mele\/oli-mahalo-lana-ka-mana%ca%bbo\/"]}]},{"@type":"BreadcrumbList","@id":"http:\/\/blogs.ksbe.edu\/kibrown\/oli-mele\/oli-mahalo-lana-ka-mana%ca%bbo\/#breadcrumb","itemListElement":[{"@type":"ListItem","position":1,"name":"Home","item":"https:\/\/blogs.ksbe.edu\/kibrown\/"},{"@type":"ListItem","position":2,"name":"Oli &amp; Mele","item":"http:\/\/blogs.ksbe.edu\/kibrown\/oli-mele\/"},{"@type":"ListItem","position":3,"name":"Oli Mahalo &amp; Lana Ka Mana\u02bbo"}]},{"@type":"WebSite","@id":"https:\/\/blogs.ksbe.edu\/kibrown\/#website","url":"https:\/\/blogs.ksbe.edu\/kibrown\/","name":"Keaukaha Papa Honu","description":"E komo mai!","potentialAction":[{"@type":"SearchAction","target":{"@type":"EntryPoint","urlTemplate":"https:\/\/blogs.ksbe.edu\/kibrown\/?s={search_term_string}"},"query-input":{"@type":"PropertyValueSpecification","valueRequired":true,"valueName":"search_term_string"}}],"inLanguage":"en-US"}]}},"_links":{"self":[{"href":"https:\/\/blogs.ksbe.edu\/kibrown\/wp-json\/wp\/v2\/pages\/276","targetHints":{"allow":["GET"]}}],"collection":[{"href":"https:\/\/blogs.ksbe.edu\/kibrown\/wp-json\/wp\/v2\/pages"}],"about":[{"href":"https:\/\/blogs.ksbe.edu\/kibrown\/wp-json\/wp\/v2\/types\/page"}],"author":[{"embeddable":true,"href":"https:\/\/blogs.ksbe.edu\/kibrown\/wp-json\/wp\/v2\/users\/444"}],"replies":[{"embeddable":true,"href":"https:\/\/blogs.ksbe.edu\/kibrown\/wp-json\/wp\/v2\/comments?post=276"}],"version-history":[{"count":0,"href":"https:\/\/blogs.ksbe.edu\/kibrown\/wp-json\/wp\/v2\/pages\/276\/revisions"}],"up":[{"embeddable":true,"href":"https:\/\/blogs.ksbe.edu\/kibrown\/wp-json\/wp\/v2\/pages\/263"}],"wp:attachment":[{"href":"https:\/\/blogs.ksbe.edu\/kibrown\/wp-json\/wp\/v2\/media?parent=276"}],"curies":[{"name":"wp","href":"https:\/\/api.w.org\/{rel}","templated":true}]}}