{"id":42,"date":"2020-03-10T16:18:16","date_gmt":"2020-03-11T02:18:16","guid":{"rendered":"http:\/\/blogsksbeedu.wpenginepowered.com\/hanawale\/?page_id=42"},"modified":"2021-06-28T09:25:48","modified_gmt":"2021-06-28T19:25:48","slug":"coronavirus-updates","status":"publish","type":"page","link":"https:\/\/blogs.ksbe.edu\/khsdl\/","title":{"rendered":""},"content":{"rendered":"<div id=\"blog_561\"><article id=\"post-390\" class=\"hentry entry entry_full\"><div class=\"entry_content entry-content\"><div class=\"one_half\">Updated 6.2.21<\/div>\n<div class=\"one_half\"><iframe loading=\"lazy\" src=\"https:\/\/docs.google.com\/presentation\/d\/e\/2PACX-1vRjVXfvQCo-ioFQaRQ3X5yn3t75hmfmv2pP6cilOgDPJuGWaISN73oEoYwqHT7L5Io_2DkvPDTJKvfI\/embed?start=false&amp;loop=false&amp;delayms=60000\" width=\"1632\" height=\"300\" frameborder=\"0\" allowfullscreen=\"allowfullscreen\"><\/iframe><\/div>\n<div class=\"one_half last\"><iframe loading=\"lazy\" src=\"https:\/\/docs.google.com\/presentation\/d\/e\/2PACX-1vRopRivogY06NLuEqEH60j7B2azYFjtuDbLbsyneoBzXCheLyc-nGAUoWBL-s36KzMveD-u7_zemOqb\/embed?start=false&amp;loop=false&amp;delayms=3000\" width=\"960\" height=\"300\" frameborder=\"0\" allowfullscreen=\"allowfullscreen\"><\/iframe><\/div>\n<div><\/div>\n<\/div><\/article><\/div>\n<a href=\"https:\/\/blogs.ksbe.edu\/khsdl\/category\/haumana-%ca%bbohana\/general-updates-haumana\/\">View Previous Posts in This Section<\/a><\/p>\n<div class=\"toggle\"><h4 class=\"toggle_title\" style=\"font-size:25px\"><i class=\"toggle_icon\" style=\"font-size:15px\"><\/i>ACCESS TO CAMPUS<\/h4><div class=\"toggle_content\"><div id=\"blog_965\"><article id=\"post-386\" class=\"hentry entry entry_full\"><div class=\"entry_content entry-content\"><p><a href=\"https:\/\/www.ksbe.edu\/health_updates\/kapalama\/access_and_transportation\/\">Access to Campus<\/a><\/p>\n<p><a href=\"https:\/\/forms.office.com\/Pages\/ResponsePage.aspx?id=lV46XStzb0mgzMXLA5HsgVuvf_Jxi51Kia8C7lYbVKlUMlpIWENTQjhKMDNKTUFESUZTTVJBU0hMRS4u\">Wellness Check<\/a><\/p>\n<p>&nbsp;<\/p>\n<p><strong>All Gate Hours for 4<sup>th<\/sup> Quarter 2021\u00a0 (<\/strong><strong>Effective 4\/7\/21)<\/strong><\/p>\n<p><strong>\u00a0<\/strong><\/p>\n<h2><strong>\u00a0<\/strong><strong>Main Gate\u00a0<\/strong><\/h2>\n<p>Open 24\/7<\/p>\n<p>&nbsp;<\/p>\n<h2><strong>Puna Gate<\/strong><\/h2>\n<p><em>Monday-Thursday<\/em><\/p>\n<p>6:30 a.m. to 8:30 a.m.<\/p>\n<p>&nbsp;<\/p>\n<p><em>Friday<\/em><\/p>\n<p>6:30 a.m. to 8:00 a.m.<\/p>\n<p>&nbsp;<\/p>\n<p><em>Monday-Friday<\/em><\/p>\n<p>2:30 p.m. to 7:00 p.m.<\/p>\n<p>&nbsp;<\/p>\n<p><u>Closed Saturday, Sunday and Holidays<\/u><\/p>\n<p>&nbsp;<\/p>\n<h2><strong>Makanani Gate <\/strong><\/h2>\n<p><em>Monday-Thursday<\/em><\/p>\n<p>6:30 a.m. to 7:45 a.m.<\/p>\n<p>&nbsp;<\/p>\n<p>2:30 p.m. to 3:45 p.m.<\/p>\n<p>&nbsp;<\/p>\n<p><u>Closed Friday, Saturday, Sunday and Holidays<\/u><\/p>\n<h2><\/h2>\n<p>&nbsp;<\/p>\n<\/div><\/article><\/div>\n<a href=\"https:\/\/blogs.ksbe.edu\/khsdl\/category\/haumana-%ca%bbohana\/access-to-campus-school-closure-haumana\/\">View Previous Posts in This Section<\/a><br \/><\/div><\/div>\n<div class=\"toggle\"><h4 class=\"toggle_title\" style=\"font-size:25px\"><i class=\"toggle_icon\" style=\"font-size:15px\"><\/i>SAFETY PROTOCOLS AND EXPECTATIONS<\/h4><div class=\"toggle_content\"><div id=\"blog_919\"><article id=\"post-576\" class=\"hentry entry entry_full\"><div class=\"entry_content entry-content\"><p><a href=\"https:\/\/www.ksbe.edu\/health_updates\/kapalama\/\">KS Health Updates<\/a><\/p>\n<p><a href=\"https:\/\/forms.office.com\/Pages\/ResponsePage.aspx?id=lV46XStzb0mgzMXLA5HsgVuvf_Jxi51Kia8C7lYbVKlUMlpIWENTQjhKMDNKTUFESUZTTVJBU0hMRS4u\">Daily Student Wellness Check<\/a><\/p>\n<p><a href=\"https:\/\/www.ksbe.edu\/health_updates\/kapalama\/health_and_safety\/\">Health and Safety<\/a><\/p>\n<p><a href=\"https:\/\/www.ksbe.edu\/health_updates\/kapalama\/access_and_transportation\/\">Campus Access and Bus Transportation<\/a><\/p>\n<p><a href=\"https:\/\/www.ksbe.edu\/health_updates\/kapalama\/athletics\/\">Athletics<\/a><\/p>\n<p><a href=\"https:\/\/www.ksbe.edu\/health_updates\/kapalama\/activities\/\">Activities and Events<\/a><\/p>\n<p><a href=\"https:\/\/www.ksbe.edu\/health_updates\/kapalama\/student_travel\/\">Student Travel<\/a><\/p>\n<p><a href=\"https:\/\/www.ksbe.edu\/health_updates\/kapalama\/symptoms_and_testing\/\">What To Do if COVID Symptoms Develop<\/a><\/p>\n<p><a href=\"https:\/\/www.ksbe.edu\/health_updates\/kapalama\/returning_after_symptoms\/\">Returning to School After COVID Symptoms<\/a><\/p>\n<p><a href=\"https:\/\/www.ksbe.edu\/health_updates\/kapalama\/positive_case\/\">What Happens When There is a Positive Case at KS<\/a><\/p>\n<p><a href=\"https:\/\/www.ksbe.edu\/health_updates\/kapalama\/student_exposure_faq\/\">Student Exposure FAQ<\/a><\/p>\n<p><a href=\"https:\/\/www.ksbe.edu\/health_updates\/kapalama\/resources\/\">Resources<\/a><\/p>\n<\/div><\/article><\/div>\n<a href=\"https:\/\/blogs.ksbe.edu\/khsdl\/category\/haumana-%ca%bbohana\/khs-distance-learning-plan-haumana\/\">View Previous Posts in This Section<\/a><br \/><\/div><\/div>\n<div class=\"toggle\"><h4 class=\"toggle_title\" style=\"font-size:25px\"><i class=\"toggle_icon\" style=\"font-size:15px\"><\/i>STUDENT SUPPORT<\/h4><div class=\"toggle_content\"><div id=\"blog_265\"><article id=\"post-384\" class=\"hentry entry entry_full\"><div class=\"entry_content entry-content\"><p>Kamehameha Schools Kap\u0101lama will continue to provide various supports for students and \u02bbohana during this time of distance learning.\u00a0\u00a0It is our honor and privilege to partner with our \u02bbohana to provide the care and support our haum\u0101na need to realize their potential and to empower resilience and success.\u00a0 Rest assured that our staff will be available during school hours to assist you and your \u02bbohana with any academic and social-emotional needs.\u00a0 (<a href=\"https:\/\/docs.google.com\/presentation\/d\/1QZOq8PT4xjJyTiyu6dBbU9Cg2pfaQ8ooNi8xAorAeOc\/edit?usp=sharing\">Whom to Contact slidedeck<\/a>)<\/p>\n<p><strong>Social &amp; Emotional Well-Being<\/strong><\/p>\n<p>Social and emotional well-being supports the\u00a0development of the whole self, including a healthy balance of mental, social\/emotional and physical well-being.\u00a0\u00a0Focus involves strengthening effective mindsets and behaviors and effective coping skills during times of challenge and conflict.\u00a0 The grade level counselor will be your first point of contact. (<a href=\"https:\/\/www.nationwidechildrens.org\/giving\/on-our-sleeves\/find-help\/state-resources\/hawaii\">Link to Resources in Your Community<\/a>)<\/p>\n<p><strong>Academics<\/strong><\/p>\n<p>The first line of student support will be your respective kumu.\u00a0 Kumu can be reached via KS email, through dedicated online Office Hours, as well as through the kumu\u2019s designated instructional platform.\u00a0 If additional supports are needed, please email your child\u2019s assigned grade level counselor who will be able to assess the situation and refer your child to the appropriate supports.\u00a0 Please note that teachers and counselors will have the ability to setup videoconference sessions, as needed.<\/p>\n<\/div><\/article><\/div>\n<a href=\"https:\/\/blogs.ksbe.edu\/khsdl\/category\/haumana-%ca%bbohana\/student-support-haumana\/\">View Previous Posts in This Section<\/a><br \/><\/div><\/div>\n<div class=\"toggle\"><h4 class=\"toggle_title\" style=\"font-size:25px\"><i class=\"toggle_icon\" style=\"font-size:15px\"><\/i>TECHNICAL SUPPORT<\/h4><div class=\"toggle_content\"><div id=\"blog_296\"><article id=\"post-378\" class=\"hentry entry entry_full\"><div class=\"entry_content entry-content\"><p>Updated 8.14.2020<\/p>\n<p>For laptop and technology-related problems or issue or basic troubleshooting, please contact the Wahi Lolouila (PRC):<\/p>\n<ol>\n<li>Submit an\u00a0<a href=\"https:\/\/docs.google.com\/forms\/d\/e\/1FAIpQLSdOnqkGoL6ufc-2W2SjKY2AVSFztlLfNmSznb4PqcEUO_D2mg\/viewform?usp=sf_link\">Online Request for Tech Support<\/a>\u00a0 (preferred method)\u00a0<strong>OR<\/strong><\/li>\n<li>Email:\u00a0\u00a0<a href=\"mailto:kekoilipi@ksbe.edu\">kekoilipi@ksbe.edu<\/a>\u00a0\u00a0<strong>OR<\/strong><\/li>\n<li>Phone:\u00a0 808-842-8086 (Grades 9 &amp; 11) <strong>or<\/strong> 808-842-8950 (Grades 10 &amp; 12)<\/li>\n<li><a href=\"https:\/\/blogs.ksbe.edu\/kekoilipi\/quick-fixes-new\/\">Ke Ko\u02bbi Lipi Website &amp; Quick Fixes<\/a><\/li>\n<\/ol>\n<p>For Canvas &amp; digital learning support:<\/p>\n<ol>\n<li><a href=\"http:\/\/www.ksbe.edu\/digital\/ohanahelp\/\">\u02bbOhana Help Desk<\/a><\/li>\n<li>Email: <a href=\"mailto:ohanatechhelp@ksbe.edu\">ohanatechhelp@ksbe.edu<\/a><\/li>\n<li>Phone: (808) 842-8822<\/li>\n<\/ol>\n<p>&nbsp;<\/p>\n<p class=\"p1\"><span class=\"s1\"><i>Reminders for Using your Laptop<\/i><\/span><\/p>\n<ul class=\"ul1\">\n<li class=\"li2\"><span class=\"s1\">Make sure you can access all of your work and materials from home<\/span><\/li>\n<li class=\"li2\"><span class=\"s1\">Do not deplete your laptop\u02bbs battery completely.<span class=\"Apple-converted-space\">\u00a0\u00a0<\/span>Doing so may affect your laptop\u02bbs performance and connectivity<\/span><\/li>\n<li>Carrying your MacBook Air by the display will cause damage to the screen.\u00a0 Please carry your device closed from location to another<\/li>\n<li class=\"li2\"><span class=\"s1\">All school policies, including the\u00a0<a href=\"https:\/\/blogs.ksbe.edu\/kekoilipi\/files\/2010\/07\/LaptopGuidelines2017_Rev071417.pdf\">technology use guidelines<\/a>, are in effect while using your laptop<\/span><\/li>\n<\/ul>\n<p class=\"xmsonormal\"><i>** Currently, we are not issuing loaners due to health risks and campus closure. We are constantly evaluating the situation with administration and will update you if this changes. We are committed to helping you find alternatives that will assist you in getting your school work completed.<\/i><\/p>\n<p><a href=\"https:\/\/drive.google.com\/file\/d\/1xCYnNNMbwaujDvkZEPVSy-ltfwZqrWGl\/view?usp=sharing\">Getting Started with Zoom (instructions)<\/a><\/p>\n<p>&nbsp;<\/p>\n<\/div><\/article><\/div>\n<a href=\"https:\/\/blogs.ksbe.edu\/khsdl\/category\/haumana-%ca%bbohana\/technical-support-haumana\/\">View Previous Posts in This Section<\/a><br \/><\/div><\/div>\n<div class=\"toggle\"><h4 class=\"toggle_title\" style=\"font-size:25px\"><i class=\"toggle_icon\" style=\"font-size:15px\"><\/i>BOARDING COMMUNITY<\/h4><div class=\"toggle_content\"><div id=\"blog_687\"><article id=\"post-479\" class=\"hentry entry entry_full\"><div class=\"entry_content entry-content\"><p>Please click here for the most up to date information regarding the boarding program: <a href=\"https:\/\/www.ksbe.edu\/boarding\/\">https:\/\/www.ksbe.edu\/boarding\/<\/a><\/p>\n<\/div><\/article><\/div>\n<a href=\"https:\/\/blogs.ksbe.edu\/khsdl\/category\/haumana-%ca%bbohana\/boarding-community-haumana\/\">View Previous Posts in This Section<\/a><br \/><\/div><\/div>\n<div class=\"toggle\"><h4 class=\"toggle_title\" style=\"font-size:25px\"><i class=\"toggle_icon\" style=\"font-size:15px\"><\/i>\u02bbOHANA RESOURCES &amp; SERVICES<\/h4><div class=\"toggle_content\"><div id=\"blog_287\"><article id=\"post-370\" class=\"hentry entry entry_full\"><div class=\"entry_content entry-content\"><h5>Updated 6.28.21<\/h5>\n<h2><span style=\"text-decoration: underline;\"><strong>School Resources<\/strong><\/span><\/h2>\n<p><a href=\"https:\/\/drive.google.com\/file\/d\/1UArkOEHw7CWBe0yRt69q7iFkKPM-kjLD\/view?usp=sharing\">2020 &#8211; 2021 Student and Parent Handbook<\/a><\/p>\n<p><a href=\"http:\/\/www.ksbe.edu\">KS Website<\/a><\/p>\n<p><a href=\"https:\/\/blogs.ksbe.edu\/midkiff\/\">Midkiff Learning Center<\/a><\/p>\n<p><a href=\"https:\/\/docs.google.com\/forms\/d\/e\/1FAIpQLSfvB3ewbO2WevlKCA0InhYF50Zl3LXfmD8qsrw0ckSRiRxDmg\/viewform\">Borrow a Book from Midkiff<\/a><\/p>\n<h2><\/h2>\n<h2><span style=\"text-decoration: underline;\"><strong>School Services<\/strong><\/span><\/h2>\n<p><strong>School Store:<\/strong><\/p>\n<p>Re-Opening July 6, 2021 for in-person shopping<\/p>\n<ul>\n<li>face masks and social distancing required<\/li>\n<li>two families (each from the same household) will be allowed in the store at a time<\/li>\n<li>dressing rooms will remain closed (no try-ons)<\/li>\n<li>Sales final on all apparel<\/li>\n<li>freshmen do not need PE uniforms until second semester.\u00a0 If students opted for swimming, PE uniforms are not required.<\/li>\n<li><a href=\"https:\/\/kapalama.wixsite.com\/schoolstore\">School Store Website<\/a><\/li>\n<li>Hours: M &#8211; F 7:30am &#8211; 3:00pm<\/li>\n<\/ul>\n<p>Phone: (808) 842-8991<\/p>\n<p>&nbsp;<\/p>\n<p>&nbsp;<\/p>\n<h2><\/h2>\n<h2><span style=\"text-decoration: underline;\"><strong>COVID-19 Resources<\/strong><\/span><\/h2>\n<p>There are a variety of resources for families to support students through the concerns about the COVID-19 virus and physical distancing. First, be aware of your own emotional response during this time, and do take time to process these feelings within your support system.<\/p>\n<p><strong>Social-Emotional Resources<\/strong><\/p>\n<ul>\n<li><a href=\"https:\/\/www.rulerapproach.org\/coronavirus-covid-19-resources-webinars\/\">Yale Center for Emotional Intelligence \u2013 RULER<\/a>\u00a0(<em>updated 4.6.2020<\/em>)<\/li>\n<li><a href=\"https:\/\/en.unesco.org\/covid19\/educationresponse\/solutions\">UNESCO Distance Learning Solutions<\/a>\u00a0(<em>updated 4.3.2020<\/em>)<\/li>\n<li><a href=\"https:\/\/confidentparentsconfidentkids.org\/\">Confident Parents, Confident Kids<\/a>\u00a0(<em>updated 4.3.2020<\/em>)<\/li>\n<li><a href=\"https:\/\/www.nationwidechildrens.org\/giving\/on-our-sleeves\/find-help\/state-resources\/hawaii\">NationwideChildrens.org<\/a>\u00a0<em>(updated 4.2.2020)\u00a0<\/em><\/li>\n<\/ul>\n<p>Below are some additional suggestions for supporting children in anticipation of change\u00a0and to reduce anxiety and support their wellness and resilience:<\/p>\n<p><a href=\"https:\/\/www.iolani.org\/uploaded\/PDF\/Talking_to_children_about_COVID-19_A_Parent_Resource.pdf\" target=\"_blank\" rel=\"noreferrer noopener\">Talking to children about COVID-19 A Parent Resource (PDF)<\/a><br \/>\n<a href=\"https:\/\/www.iolani.org\/uploaded\/PDF\/Talking_with_Children_During_Infectious_Disease_Outbreaks.pdf\" target=\"_blank\" rel=\"noreferrer noopener\">Talking with Children During Infectious Disease Outbreaks (PDF)<\/a><\/p>\n<p>&nbsp;<\/p>\n<p><strong>COVID Health and Safety Resources<\/strong><\/p>\n<p><a href=\"https:\/\/www.ksbe.edu\/back_to_school\/kapalama\/\">Back-to-School Website<\/a><\/p>\n<p><a href=\"https:\/\/kaipuolono.ksbe.edu\/coronavirus_updates\/safety_measures?utm_source=Kamehameha+Schools+All+Staff&amp;utm_campaign=8145558729-COR_AhaKuliaMessage_Jul2020_Reopening_AllStaf&amp;utm_medium=email&amp;utm_term=0_dab68d1277-8145558729-49621041\">Ka Ipu o Lono Safety Measures<\/a><\/p>\n<p><a href=\"https:\/\/protect2.fireeye.com\/v1\/url?k=5fc33eeb-01556fac-5fc30e5c-8680d8d86cc5-026a570028d81f74&amp;q=1&amp;e=8061ee70-d2f3-4bfa-8c37-fcf55169f595&amp;u=https%3A%2F%2Fksbe.us1.list-manage.com%2Ftrack%2Fclick%3Fu%3D8aeed5a90cb1b85382469824f%26id%3Df5f85edc1e%26e%3D361a9cc76d\">Recognizing Symptoms of COVID-19<\/a><\/p>\n<p><a href=\"https:\/\/www.ksbe.edu\/health_updates\/kapalama\/student_travel\/\">Student Travel<\/a><\/p>\n<h2><\/h2>\n<h2><strong>\u00a0<\/strong><\/h2>\n<\/div><\/article><\/div>\n<a href=\"https:\/\/blogs.ksbe.edu\/khsdl\/category\/haumana-%ca%bbohana\/%ca%bbohana-resources-haumana\/\">View Previous Posts in This Section<\/a><br \/><\/div><\/div>\n<div class=\"toggle\"><h4 class=\"toggle_title\" style=\"font-size:25px\"><i class=\"toggle_icon\" style=\"font-size:15px\"><\/i>WARRIOR WORD<\/h4><div class=\"toggle_content\"><div id=\"blog_83\"><article id=\"post-380\" class=\"hentry entry entry_full\"><div class=\"entry_content entry-content\"><p>Coming Soon!<\/p>\n<\/div><\/article><\/div>\n<a href=\"https:\/\/blogs.ksbe.edu\/khsdl\/category\/haumana-%ca%bbohana\/warrior-word-haumana\/\">View Previous Posts in This Section<\/a><br \/><\/div><\/div>\n<div class=\"toggle\"><h4 class=\"toggle_title\" style=\"font-size:25px\"><i class=\"toggle_icon\" style=\"font-size:15px\"><\/i>SCHOOL COMMUNICATIONS<\/h4><div class=\"toggle_content\"><div id=\"blog_45\"><article id=\"post-372\" class=\"hentry entry entry_full\"><div class=\"entry_content entry-content\"><p>&nbsp;<\/p>\n<p>&nbsp;<\/p>\n<p>&nbsp;<\/p>\n<p>&nbsp;<\/p>\n<\/div><\/article><\/div>\n<a href=\"https:\/\/blogs.ksbe.edu\/khsdl\/category\/haumana-%ca%bbohana\/school-communications-haumana\/\">View Previous Posts in This Section<\/a><br \/><\/div><\/div>\n","protected":false},"excerpt":{"rendered":"<p>View Previous Posts in This Section<\/p>\n","protected":false},"author":399,"featured_media":0,"parent":0,"menu_order":0,"comment_status":"closed","ping_status":"closed","template":"template_rightsidebar.php","meta":{"footnotes":""},"class_list":["post-42","page","type-page","status-publish","hentry"],"yoast_head":"<!-- This site is optimized with the Yoast SEO plugin v25.8 - https:\/\/yoast.com\/wordpress\/plugins\/seo\/ -->\n<title>- KHS Distance Learning<\/title>\n<meta name=\"robots\" content=\"index, follow, max-snippet:-1, max-image-preview:large, max-video-preview:-1\" \/>\n<link rel=\"canonical\" href=\"https:\/\/blogs.ksbe.edu\/khsdl\/\" \/>\n<meta property=\"og:locale\" content=\"en_US\" \/>\n<meta property=\"og:type\" content=\"article\" \/>\n<meta property=\"og:title\" content=\"- KHS Distance Learning\" \/>\n<meta property=\"og:description\" content=\"View Previous Posts in This Section\" \/>\n<meta property=\"og:url\" content=\"https:\/\/blogs.ksbe.edu\/khsdl\/\" \/>\n<meta property=\"og:site_name\" content=\"KHS Distance Learning\" \/>\n<meta property=\"article:modified_time\" content=\"2021-06-28T19:25:48+00:00\" \/>\n<meta name=\"twitter:card\" content=\"summary_large_image\" \/>\n<meta name=\"twitter:label1\" content=\"Est. reading time\" \/>\n\t<meta name=\"twitter:data1\" content=\"2 minutes\" \/>\n<script type=\"application\/ld+json\" class=\"yoast-schema-graph\">{\"@context\":\"https:\/\/schema.org\",\"@graph\":[{\"@type\":\"WebPage\",\"@id\":\"https:\/\/blogs.ksbe.edu\/khsdl\/\",\"url\":\"https:\/\/blogs.ksbe.edu\/khsdl\/\",\"name\":\"- KHS Distance Learning\",\"isPartOf\":{\"@id\":\"https:\/\/blogs.ksbe.edu\/khsdl\/#website\"},\"datePublished\":\"2020-03-11T02:18:16+00:00\",\"dateModified\":\"2021-06-28T19:25:48+00:00\",\"inLanguage\":\"en-US\",\"potentialAction\":[{\"@type\":\"ReadAction\",\"target\":[\"https:\/\/blogs.ksbe.edu\/khsdl\/\"]}]},{\"@type\":\"WebSite\",\"@id\":\"https:\/\/blogs.ksbe.edu\/khsdl\/#website\",\"url\":\"https:\/\/blogs.ksbe.edu\/khsdl\/\",\"name\":\"KHS Distance Learning\",\"description\":\"Updates for n\u0101 haum\u0101na, n\u0101 \u02bbohana a me n\u0101 kumu\",\"potentialAction\":[{\"@type\":\"SearchAction\",\"target\":{\"@type\":\"EntryPoint\",\"urlTemplate\":\"https:\/\/blogs.ksbe.edu\/khsdl\/?s={search_term_string}\"},\"query-input\":{\"@type\":\"PropertyValueSpecification\",\"valueRequired\":true,\"valueName\":\"search_term_string\"}}],\"inLanguage\":\"en-US\"}]}<\/script>\n<!-- \/ Yoast SEO plugin. -->","yoast_head_json":{"title":"- KHS Distance Learning","robots":{"index":"index","follow":"follow","max-snippet":"max-snippet:-1","max-image-preview":"max-image-preview:large","max-video-preview":"max-video-preview:-1"},"canonical":"https:\/\/blogs.ksbe.edu\/khsdl\/","og_locale":"en_US","og_type":"article","og_title":"- KHS Distance Learning","og_description":"View Previous Posts in This Section","og_url":"https:\/\/blogs.ksbe.edu\/khsdl\/","og_site_name":"KHS Distance Learning","article_modified_time":"2021-06-28T19:25:48+00:00","twitter_card":"summary_large_image","twitter_misc":{"Est. reading time":"2 minutes"},"schema":{"@context":"https:\/\/schema.org","@graph":[{"@type":"WebPage","@id":"https:\/\/blogs.ksbe.edu\/khsdl\/","url":"https:\/\/blogs.ksbe.edu\/khsdl\/","name":"- KHS Distance Learning","isPartOf":{"@id":"https:\/\/blogs.ksbe.edu\/khsdl\/#website"},"datePublished":"2020-03-11T02:18:16+00:00","dateModified":"2021-06-28T19:25:48+00:00","inLanguage":"en-US","potentialAction":[{"@type":"ReadAction","target":["https:\/\/blogs.ksbe.edu\/khsdl\/"]}]},{"@type":"WebSite","@id":"https:\/\/blogs.ksbe.edu\/khsdl\/#website","url":"https:\/\/blogs.ksbe.edu\/khsdl\/","name":"KHS Distance Learning","description":"Updates for n\u0101 haum\u0101na, n\u0101 \u02bbohana a me n\u0101 kumu","potentialAction":[{"@type":"SearchAction","target":{"@type":"EntryPoint","urlTemplate":"https:\/\/blogs.ksbe.edu\/khsdl\/?s={search_term_string}"},"query-input":{"@type":"PropertyValueSpecification","valueRequired":true,"valueName":"search_term_string"}}],"inLanguage":"en-US"}]}},"_links":{"self":[{"href":"https:\/\/blogs.ksbe.edu\/khsdl\/wp-json\/wp\/v2\/pages\/42","targetHints":{"allow":["GET"]}}],"collection":[{"href":"https:\/\/blogs.ksbe.edu\/khsdl\/wp-json\/wp\/v2\/pages"}],"about":[{"href":"https:\/\/blogs.ksbe.edu\/khsdl\/wp-json\/wp\/v2\/types\/page"}],"author":[{"embeddable":true,"href":"https:\/\/blogs.ksbe.edu\/khsdl\/wp-json\/wp\/v2\/users\/399"}],"replies":[{"embeddable":true,"href":"https:\/\/blogs.ksbe.edu\/khsdl\/wp-json\/wp\/v2\/comments?post=42"}],"version-history":[{"count":0,"href":"https:\/\/blogs.ksbe.edu\/khsdl\/wp-json\/wp\/v2\/pages\/42\/revisions"}],"wp:attachment":[{"href":"https:\/\/blogs.ksbe.edu\/khsdl\/wp-json\/wp\/v2\/media?parent=42"}],"curies":[{"name":"wp","href":"https:\/\/api.w.org\/{rel}","templated":true}]}}