{"id":70,"date":"2014-04-22T10:00:35","date_gmt":"2014-04-22T20:00:35","guid":{"rendered":"http:\/\/blogsksbeedu.wpenginepowered.com\/kes46specials\/?page_id=70"},"modified":"2019-09-29T17:30:23","modified_gmt":"2019-09-30T03:30:23","slug":"kes-philosophy-and-goals","status":"publish","type":"page","link":"https:\/\/blogs.ksbe.edu\/kes56specials\/kes-philosophy-and-goals\/","title":{"rendered":"KES Philosophy and Goals"},"content":{"rendered":"<p class=\"entry-title\" style=\"font-weight: bold; text-align: center;\"><img loading=\"lazy\" decoding=\"async\" class=\"aligncenter size-full wp-image-52\" src=\"http:\/\/blogs.ksbe.edu\/kes56specials\/files\/2014\/04\/Kamehameha_Schools_logo.png\" alt=\"\" width=\"162\" height=\"212\" \/><\/p>\n<h3><\/h3>\n<h3><strong>Ke Kula Ha\u2018aha\u2018a \u2018o Kamehameha ma Kap\u0101lama\u00a0<\/strong><\/h3>\n<h3><strong><em>Learning\u00a0<\/em>Philosophy<\/strong><\/h3>\n<div class=\"entry-content\" style=\"color: #333333;\">\n<p>Ke Kula Ha\u2018aha\u2018a \u2018o Kap\u0101lama ma Kap\u0101lama is a nurturing and dynamic community where haum\u0101na integrate their learning with pono and na\u2018auao in service to their \u2018ohana, kai\u0101ulu, l\u0101hui, and honua. Students are m\u0101kaukau to appreciate the importance of their past, understand their role in the present, and think creatively and critically to thrive in an ever changing global environment.<\/p>\n<h3><strong><span style=\"color: #000000;\"><em>Teaching\u00a0<\/em>Philosophy<\/span><\/strong><\/h3>\n<p>We are committed to the mission of Ke Ali\u2018i Pauahi as we promote the academic, spiritual, physical growth and well-being of each unique individual to become good and industrious contributors to our honua. Teachers provide a rich integrated curriculum, which values hands-on and individualized experiences in a nurturing environment. Teachers challenge students to construct meaning through deliberate dialogue and discussion whereas the children question, consider multiple perspectives, problem solve and innovate. Together teachers and students use assessment data to reflect upon.<\/p>\n<\/div>\n","protected":false},"excerpt":{"rendered":"<p>Ke Kula Ha\u2018aha\u2018a \u2018o Kamehameha ma Kap\u0101lama\u00a0 Learning\u00a0Philosophy Ke Kula Ha\u2018aha\u2018a \u2018o Kap\u0101lama ma Kap\u0101lama is a nurturing and dynamic community where haum\u0101na integrate their learning with pono and na\u2018auao in service to their \u2018ohana, kai\u0101ulu, l\u0101hui, and honua. Students are m\u0101kaukau to appreciate the importance of their past, understand their role in the present, &hellip; <a href=\"https:\/\/blogs.ksbe.edu\/kes56specials\/kes-philosophy-and-goals\/\" class=\"more-link\">Continue reading <span class=\"screen-reader-text\">KES Philosophy and Goals<\/span><\/a><\/p>\n","protected":false},"author":893,"featured_media":0,"parent":0,"menu_order":0,"comment_status":"closed","ping_status":"closed","template":"","meta":{"footnotes":""},"class_list":["post-70","page","type-page","status-publish","hentry"],"yoast_head":"<!-- This site is optimized with the Yoast SEO plugin v25.8 - https:\/\/yoast.com\/wordpress\/plugins\/seo\/ -->\n<title>KES Philosophy and Goals - KES 5-6 Specials<\/title>\n<meta name=\"robots\" content=\"index, follow, max-snippet:-1, max-image-preview:large, max-video-preview:-1\" \/>\n<link rel=\"canonical\" href=\"https:\/\/blogs.ksbe.edu\/kes56specials\/kes-philosophy-and-goals\/\" \/>\n<meta property=\"og:locale\" content=\"en_US\" \/>\n<meta property=\"og:type\" content=\"article\" \/>\n<meta property=\"og:title\" content=\"KES Philosophy and Goals - KES 5-6 Specials\" \/>\n<meta property=\"og:description\" content=\"Ke Kula Ha\u2018aha\u2018a \u2018o Kamehameha ma Kap\u0101lama\u00a0 Learning\u00a0Philosophy Ke Kula Ha\u2018aha\u2018a \u2018o Kap\u0101lama ma Kap\u0101lama is a nurturing and dynamic community where haum\u0101na integrate their learning with pono and na\u2018auao in service to their \u2018ohana, kai\u0101ulu, l\u0101hui, and honua. Students are m\u0101kaukau to appreciate the importance of their past, understand their role in the present, &hellip; Continue reading KES Philosophy and Goals\" \/>\n<meta property=\"og:url\" content=\"https:\/\/blogs.ksbe.edu\/kes56specials\/kes-philosophy-and-goals\/\" \/>\n<meta property=\"og:site_name\" content=\"KES 5-6 Specials\" \/>\n<meta property=\"article:modified_time\" content=\"2019-09-30T03:30:23+00:00\" \/>\n<meta property=\"og:image\" content=\"http:\/\/blogs.ksbe.edu\/kes56specials\/files\/2014\/04\/Kamehameha_Schools_logo.png\" \/>\n<meta name=\"twitter:card\" content=\"summary_large_image\" \/>\n<meta name=\"twitter:label1\" content=\"Est. reading time\" \/>\n\t<meta name=\"twitter:data1\" content=\"1 minute\" \/>\n<script type=\"application\/ld+json\" class=\"yoast-schema-graph\">{\"@context\":\"https:\/\/schema.org\",\"@graph\":[{\"@type\":\"WebPage\",\"@id\":\"https:\/\/blogs.ksbe.edu\/kes56specials\/kes-philosophy-and-goals\/\",\"url\":\"https:\/\/blogs.ksbe.edu\/kes56specials\/kes-philosophy-and-goals\/\",\"name\":\"KES Philosophy and Goals - KES 5-6 Specials\",\"isPartOf\":{\"@id\":\"https:\/\/blogs.ksbe.edu\/kes56specials\/#website\"},\"primaryImageOfPage\":{\"@id\":\"https:\/\/blogs.ksbe.edu\/kes56specials\/kes-philosophy-and-goals\/#primaryimage\"},\"image\":{\"@id\":\"https:\/\/blogs.ksbe.edu\/kes56specials\/kes-philosophy-and-goals\/#primaryimage\"},\"thumbnailUrl\":\"http:\/\/blogs.ksbe.edu\/kes56specials\/files\/2014\/04\/Kamehameha_Schools_logo.png\",\"datePublished\":\"2014-04-22T20:00:35+00:00\",\"dateModified\":\"2019-09-30T03:30:23+00:00\",\"breadcrumb\":{\"@id\":\"https:\/\/blogs.ksbe.edu\/kes56specials\/kes-philosophy-and-goals\/#breadcrumb\"},\"inLanguage\":\"en-US\",\"potentialAction\":[{\"@type\":\"ReadAction\",\"target\":[\"https:\/\/blogs.ksbe.edu\/kes56specials\/kes-philosophy-and-goals\/\"]}]},{\"@type\":\"ImageObject\",\"inLanguage\":\"en-US\",\"@id\":\"https:\/\/blogs.ksbe.edu\/kes56specials\/kes-philosophy-and-goals\/#primaryimage\",\"url\":\"https:\/\/blogs.ksbe.edu\/kes56specials\/files\/2014\/04\/Kamehameha_Schools_logo.png\",\"contentUrl\":\"https:\/\/blogs.ksbe.edu\/kes56specials\/files\/2014\/04\/Kamehameha_Schools_logo.png\",\"width\":162,\"height\":212},{\"@type\":\"BreadcrumbList\",\"@id\":\"https:\/\/blogs.ksbe.edu\/kes56specials\/kes-philosophy-and-goals\/#breadcrumb\",\"itemListElement\":[{\"@type\":\"ListItem\",\"position\":1,\"name\":\"Home\",\"item\":\"https:\/\/blogs.ksbe.edu\/kes56specials\/\"},{\"@type\":\"ListItem\",\"position\":2,\"name\":\"KES Philosophy and Goals\"}]},{\"@type\":\"WebSite\",\"@id\":\"https:\/\/blogs.ksbe.edu\/kes56specials\/#website\",\"url\":\"https:\/\/blogs.ksbe.edu\/kes56specials\/\",\"name\":\"KES 5-6 Specials\",\"description\":\"In recognizing our kuleana to take care of our \u2018\u0101ina and reflect upon our kuana\u2018ike with its limited resources, we now have this blog to serve as our 5-6 Specials Handbook.\",\"publisher\":{\"@id\":\"https:\/\/blogs.ksbe.edu\/kes56specials\/#organization\"},\"potentialAction\":[{\"@type\":\"SearchAction\",\"target\":{\"@type\":\"EntryPoint\",\"urlTemplate\":\"https:\/\/blogs.ksbe.edu\/kes56specials\/?s={search_term_string}\"},\"query-input\":{\"@type\":\"PropertyValueSpecification\",\"valueRequired\":true,\"valueName\":\"search_term_string\"}}],\"inLanguage\":\"en-US\"},{\"@type\":\"Organization\",\"@id\":\"https:\/\/blogs.ksbe.edu\/kes56specials\/#organization\",\"name\":\"KES 5-6 Specials\",\"url\":\"https:\/\/blogs.ksbe.edu\/kes56specials\/\",\"logo\":{\"@type\":\"ImageObject\",\"inLanguage\":\"en-US\",\"@id\":\"https:\/\/blogs.ksbe.edu\/kes56specials\/#\/schema\/logo\/image\/\",\"url\":\"https:\/\/blogs.ksbe.edu\/kes56specials\/files\/2019\/10\/cropped-grades-5-6-specials-1.jpg\",\"contentUrl\":\"https:\/\/blogs.ksbe.edu\/kes56specials\/files\/2019\/10\/cropped-grades-5-6-specials-1.jpg\",\"width\":248,\"height\":148,\"caption\":\"KES 5-6 Specials\"},\"image\":{\"@id\":\"https:\/\/blogs.ksbe.edu\/kes56specials\/#\/schema\/logo\/image\/\"}}]}<\/script>\n<!-- \/ Yoast SEO plugin. -->","yoast_head_json":{"title":"KES Philosophy and Goals - KES 5-6 Specials","robots":{"index":"index","follow":"follow","max-snippet":"max-snippet:-1","max-image-preview":"max-image-preview:large","max-video-preview":"max-video-preview:-1"},"canonical":"https:\/\/blogs.ksbe.edu\/kes56specials\/kes-philosophy-and-goals\/","og_locale":"en_US","og_type":"article","og_title":"KES Philosophy and Goals - KES 5-6 Specials","og_description":"Ke Kula Ha\u2018aha\u2018a \u2018o Kamehameha ma Kap\u0101lama\u00a0 Learning\u00a0Philosophy Ke Kula Ha\u2018aha\u2018a \u2018o Kap\u0101lama ma Kap\u0101lama is a nurturing and dynamic community where haum\u0101na integrate their learning with pono and na\u2018auao in service to their \u2018ohana, kai\u0101ulu, l\u0101hui, and honua. Students are m\u0101kaukau to appreciate the importance of their past, understand their role in the present, &hellip; Continue reading KES Philosophy and Goals","og_url":"https:\/\/blogs.ksbe.edu\/kes56specials\/kes-philosophy-and-goals\/","og_site_name":"KES 5-6 Specials","article_modified_time":"2019-09-30T03:30:23+00:00","og_image":[{"url":"http:\/\/blogs.ksbe.edu\/kes56specials\/files\/2014\/04\/Kamehameha_Schools_logo.png","type":"","width":"","height":""}],"twitter_card":"summary_large_image","twitter_misc":{"Est. reading time":"1 minute"},"schema":{"@context":"https:\/\/schema.org","@graph":[{"@type":"WebPage","@id":"https:\/\/blogs.ksbe.edu\/kes56specials\/kes-philosophy-and-goals\/","url":"https:\/\/blogs.ksbe.edu\/kes56specials\/kes-philosophy-and-goals\/","name":"KES Philosophy and Goals - KES 5-6 Specials","isPartOf":{"@id":"https:\/\/blogs.ksbe.edu\/kes56specials\/#website"},"primaryImageOfPage":{"@id":"https:\/\/blogs.ksbe.edu\/kes56specials\/kes-philosophy-and-goals\/#primaryimage"},"image":{"@id":"https:\/\/blogs.ksbe.edu\/kes56specials\/kes-philosophy-and-goals\/#primaryimage"},"thumbnailUrl":"http:\/\/blogs.ksbe.edu\/kes56specials\/files\/2014\/04\/Kamehameha_Schools_logo.png","datePublished":"2014-04-22T20:00:35+00:00","dateModified":"2019-09-30T03:30:23+00:00","breadcrumb":{"@id":"https:\/\/blogs.ksbe.edu\/kes56specials\/kes-philosophy-and-goals\/#breadcrumb"},"inLanguage":"en-US","potentialAction":[{"@type":"ReadAction","target":["https:\/\/blogs.ksbe.edu\/kes56specials\/kes-philosophy-and-goals\/"]}]},{"@type":"ImageObject","inLanguage":"en-US","@id":"https:\/\/blogs.ksbe.edu\/kes56specials\/kes-philosophy-and-goals\/#primaryimage","url":"https:\/\/blogs.ksbe.edu\/kes56specials\/files\/2014\/04\/Kamehameha_Schools_logo.png","contentUrl":"https:\/\/blogs.ksbe.edu\/kes56specials\/files\/2014\/04\/Kamehameha_Schools_logo.png","width":162,"height":212},{"@type":"BreadcrumbList","@id":"https:\/\/blogs.ksbe.edu\/kes56specials\/kes-philosophy-and-goals\/#breadcrumb","itemListElement":[{"@type":"ListItem","position":1,"name":"Home","item":"https:\/\/blogs.ksbe.edu\/kes56specials\/"},{"@type":"ListItem","position":2,"name":"KES Philosophy and Goals"}]},{"@type":"WebSite","@id":"https:\/\/blogs.ksbe.edu\/kes56specials\/#website","url":"https:\/\/blogs.ksbe.edu\/kes56specials\/","name":"KES 5-6 Specials","description":"In recognizing our kuleana to take care of our \u2018\u0101ina and reflect upon our kuana\u2018ike with its limited resources, we now have this blog to serve as our 5-6 Specials Handbook.","publisher":{"@id":"https:\/\/blogs.ksbe.edu\/kes56specials\/#organization"},"potentialAction":[{"@type":"SearchAction","target":{"@type":"EntryPoint","urlTemplate":"https:\/\/blogs.ksbe.edu\/kes56specials\/?s={search_term_string}"},"query-input":{"@type":"PropertyValueSpecification","valueRequired":true,"valueName":"search_term_string"}}],"inLanguage":"en-US"},{"@type":"Organization","@id":"https:\/\/blogs.ksbe.edu\/kes56specials\/#organization","name":"KES 5-6 Specials","url":"https:\/\/blogs.ksbe.edu\/kes56specials\/","logo":{"@type":"ImageObject","inLanguage":"en-US","@id":"https:\/\/blogs.ksbe.edu\/kes56specials\/#\/schema\/logo\/image\/","url":"https:\/\/blogs.ksbe.edu\/kes56specials\/files\/2019\/10\/cropped-grades-5-6-specials-1.jpg","contentUrl":"https:\/\/blogs.ksbe.edu\/kes56specials\/files\/2019\/10\/cropped-grades-5-6-specials-1.jpg","width":248,"height":148,"caption":"KES 5-6 Specials"},"image":{"@id":"https:\/\/blogs.ksbe.edu\/kes56specials\/#\/schema\/logo\/image\/"}}]}},"_links":{"self":[{"href":"https:\/\/blogs.ksbe.edu\/kes56specials\/wp-json\/wp\/v2\/pages\/70","targetHints":{"allow":["GET"]}}],"collection":[{"href":"https:\/\/blogs.ksbe.edu\/kes56specials\/wp-json\/wp\/v2\/pages"}],"about":[{"href":"https:\/\/blogs.ksbe.edu\/kes56specials\/wp-json\/wp\/v2\/types\/page"}],"author":[{"embeddable":true,"href":"https:\/\/blogs.ksbe.edu\/kes56specials\/wp-json\/wp\/v2\/users\/893"}],"replies":[{"embeddable":true,"href":"https:\/\/blogs.ksbe.edu\/kes56specials\/wp-json\/wp\/v2\/comments?post=70"}],"version-history":[{"count":0,"href":"https:\/\/blogs.ksbe.edu\/kes56specials\/wp-json\/wp\/v2\/pages\/70\/revisions"}],"wp:attachment":[{"href":"https:\/\/blogs.ksbe.edu\/kes56specials\/wp-json\/wp\/v2\/media?parent=70"}],"curies":[{"name":"wp","href":"https:\/\/api.w.org\/{rel}","templated":true}]}}