{"id":482,"date":"2018-07-25T11:21:31","date_gmt":"2018-07-25T21:21:31","guid":{"rendered":"http:\/\/blogsksbeedu.wpenginepowered.com\/kelucas\/?page_id=482"},"modified":"2020-02-04T07:49:17","modified_gmt":"2020-02-04T17:49:17","slug":"2-na-kinohi-origins","status":"publish","type":"page","link":"https:\/\/blogs.ksbe.edu\/kelucas\/papa-mo%ca%bbomeheu-hawai%ca%bbi\/2-na-kinohi-origins\/","title":{"rendered":"1 N\u0101 Kinohi: Origins"},"content":{"rendered":"<p><strong>THE KUMULIPO<br \/>\nLECTURE PDF<\/strong>:\u00a0<a href=\"http:\/\/blogs.ksbe.edu\/kelucas\/files\/2018\/08\/Ke-KumulipoResized.pdf\">Ke Kumulipo<\/a><\/p>\n<p><strong>LINK<\/strong>:\u00a0<a href=\"http:\/\/tinyurl.com\/kumulipo\">http:\/\/tinyurl.com\/kumulipo<\/a><\/p>\n<p><strong>LINK<\/strong>:\u00a0<a href=\"http:\/\/tinyurl.com\/kumulipo1\">http:\/\/tinyurl.com\/kumulipo1<\/a><\/p>\n<p><b>HA\u02bbAWINA: <\/b><a href=\"http:\/\/blogs.ksbe.edu\/kelucas\/papa-mo%ca%bbomeheu-hawai%ca%bbi\/2-na-kinohi-origins\/kumulipo-3\/\" rel=\"attachment wp-att-1586\">#KeKumulipo<\/a><\/p>\n<p><strong>_____________________________________________________________________________<\/strong><\/p>\n<p><strong>THE MO\u02bbOLELO OF H\u0100LOA<br \/>\n<\/strong><strong>LECTURE PDF<\/strong>: <a href=\"http:\/\/blogs.ksbe.edu\/kelucas\/files\/2019\/08\/The-Mo\u02bbolelo-of-Ha\u0304loa.pdf\">The Mo\u02bbolelo of Ha\u0304loa<\/a><\/p>\n<p><strong>HA\u02bbAWINA: <\/strong><a href=\"http:\/\/blogs.ksbe.edu\/kelucas\/papa-mo%ca%bbomeheu-hawai%ca%bbi\/2-na-kinohi-origins\/ka-mo%ca%bbolelo-o-haloa\/\" rel=\"attachment wp-att-1604\">Ka Mo\u02bbolelo o H\u0101loa Storyboard<\/a><\/p>\n<p><strong>_____________________________________________________________________________<\/strong><\/p>\n<p><strong>THE FIRST MAN MENTIONED IN HAWAI\u02bbI<br \/>\n<\/strong><strong>READING<\/strong>:\u00a0<a href=\"http:\/\/blogs.ksbe.edu\/kelucas\/files\/2018\/07\/TheFirstManMentionedInHawaii-SKamakau.pdf\">The First Man Mentioned in Hawai\u02bbi &#8211; Samuel Kamakau<\/a><\/p>\n<p><strong>THE ORIGIN OF HAWAI\u02bbI NEI<br \/>\nREADING<\/strong>:\u00a0<a href=\"http:\/\/blogs.ksbe.edu\/kelucas\/papa-mo%ca%bbomeheu-hawai%ca%bbi\/3-ka-pae-%ca%bbaina-o-hawai%ca%bbi-the-hawaiian-islands\/the-origin-of-hawaii-nei\/\" target=\"_blank\" rel=\"attachment noopener wp-att-643 noreferrer\">The Origin of Hawaii Nei<\/a><\/p>\n<p><strong>\u02bbO W\u0100KEA NOHO I\u0100 PAPAH\u0100NAUMOKU<br \/>\n<\/strong><strong>PDF<\/strong>: <a href=\"http:\/\/blogs.ksbe.edu\/kelucas\/papa-mo%ca%bbomeheu-hawai%ca%bbi\/2-na-kinohi-origins\/%ca%bbo-wakea-noho-ia-papahanaumoku-3\/\" rel=\"attachment wp-att-1598\">\u02bbO Wa\u0304kea Noho Ia\u0304 Papaha\u0304naumoku<\/a><br \/>\n<strong>AUDIO<\/strong>:\u00a0<a href=\"https:\/\/www.youtube.com\/watch?v=Qe3gu4e5K8U\">https:\/\/www.youtube.com\/watch?v=Qe3gu4e5K8U<\/a><\/p>\n<hr \/>\n<p><span style=\"text-decoration: underline;\"><strong>END OF UNIT ASSESSMENT<\/strong><\/span><\/p>\n<p><strong>N\u0100 KINOHI WS: <a href=\"http:\/\/blogs.ksbe.edu\/kelucas\/papa-mo%ca%bbomeheu-hawai%ca%bbi\/2-na-kinohi-origins\/na-kinohi-ws-1\/\" rel=\"attachment wp-att-1602\">Na\u0304 Kinohi WS<\/a><\/strong><\/p>\n<p><strong>UNIT PROJECT GRADING RUBRIC: <a href=\"http:\/\/blogs.ksbe.edu\/kelucas\/papa-mo%ca%bbomeheu-hawai%ca%bbi\/2-na-kinohi-origins\/pena-rubric-7\/\" rel=\"attachment wp-att-1608\">Pena I Ka Mo\u02bbolelo Rubric<\/a><\/strong><\/p>\n<p><strong>QR CODE HOW TO: <a href=\"https:\/\/www.youtube.com\/watch?v=o04B5Ar4R_g&amp;feature=youtu.be\">https:\/\/www.youtube.com\/watch?v=o04B5Ar4R_g&amp;feature=youtu.be<\/a><\/strong><\/p>\n","protected":false},"excerpt":{"rendered":"<p>THE KUMULIPO LECTURE PDF:\u00a0Ke Kumulipo LINK:\u00a0http:\/\/tinyurl.com\/kumulipo LINK:\u00a0http:\/\/tinyurl.com\/kumulipo1 HA\u02bbAWINA: #KeKumulipo _____________________________________________________________________________ THE MO\u02bbOLELO OF H\u0100LOA LECTURE PDF: The Mo\u02bbolelo of Ha\u0304loa HA\u02bbAWINA: Ka Mo\u02bbolelo o H\u0101loa Storyboard _____________________________________________________________________________ THE FIRST MAN MENTIONED IN HAWAI\u02bbI READING:\u00a0The First Man Mentioned in Hawai\u02bbi &#8211; &hellip; <a href=\"https:\/\/blogs.ksbe.edu\/kelucas\/papa-mo%ca%bbomeheu-hawai%ca%bbi\/2-na-kinohi-origins\/\">Continue reading <span class=\"meta-nav\">&rarr;<\/span><\/a><\/p>\n","protected":false},"author":1087,"featured_media":0,"parent":423,"menu_order":3,"comment_status":"closed","ping_status":"closed","template":"","meta":{"footnotes":""},"class_list":["post-482","page","type-page","status-publish","hentry"],"yoast_head":"<!-- This site is optimized with the Yoast SEO plugin v25.8 - https:\/\/yoast.com\/wordpress\/plugins\/seo\/ -->\n<title>1 N\u0101 Kinohi: Origins - Kumu K\u0113hau Lucas<\/title>\n<meta name=\"robots\" content=\"index, follow, max-snippet:-1, max-image-preview:large, max-video-preview:-1\" \/>\n<link rel=\"canonical\" href=\"https:\/\/blogs.ksbe.edu\/kelucas\/papa-mo\u02bbomeheu-hawai\u02bbi\/2-na-kinohi-origins\/\" \/>\n<meta property=\"og:locale\" content=\"en_US\" \/>\n<meta property=\"og:type\" content=\"article\" \/>\n<meta property=\"og:title\" content=\"1 N\u0101 Kinohi: Origins - Kumu K\u0113hau Lucas\" \/>\n<meta property=\"og:description\" content=\"THE KUMULIPO LECTURE PDF:\u00a0Ke Kumulipo LINK:\u00a0http:\/\/tinyurl.com\/kumulipo LINK:\u00a0http:\/\/tinyurl.com\/kumulipo1 HA\u02bbAWINA: #KeKumulipo _____________________________________________________________________________ THE MO\u02bbOLELO OF H\u0100LOA LECTURE PDF: The Mo\u02bbolelo of Ha\u0304loa HA\u02bbAWINA: Ka Mo\u02bbolelo o H\u0101loa Storyboard _____________________________________________________________________________ THE FIRST MAN MENTIONED IN HAWAI\u02bbI READING:\u00a0The First Man Mentioned in Hawai\u02bbi &#8211; &hellip; Continue reading &rarr;\" \/>\n<meta property=\"og:url\" content=\"https:\/\/blogs.ksbe.edu\/kelucas\/papa-mo\u02bbomeheu-hawai\u02bbi\/2-na-kinohi-origins\/\" \/>\n<meta property=\"og:site_name\" content=\"Kumu K\u0113hau Lucas\" \/>\n<meta property=\"article:modified_time\" content=\"2020-02-04T17:49:17+00:00\" \/>\n<meta name=\"twitter:card\" content=\"summary_large_image\" \/>\n<meta name=\"twitter:label1\" content=\"Est. reading time\" \/>\n\t<meta name=\"twitter:data1\" content=\"1 minute\" \/>\n<script type=\"application\/ld+json\" class=\"yoast-schema-graph\">{\"@context\":\"https:\/\/schema.org\",\"@graph\":[{\"@type\":\"WebPage\",\"@id\":\"https:\/\/blogs.ksbe.edu\/kelucas\/papa-mo%ca%bbomeheu-hawai%ca%bbi\/2-na-kinohi-origins\/\",\"url\":\"https:\/\/blogs.ksbe.edu\/kelucas\/papa-mo%ca%bbomeheu-hawai%ca%bbi\/2-na-kinohi-origins\/\",\"name\":\"1 N\u0101 Kinohi: Origins - Kumu K\u0113hau Lucas\",\"isPartOf\":{\"@id\":\"https:\/\/blogs.ksbe.edu\/kelucas\/#website\"},\"datePublished\":\"2018-07-25T21:21:31+00:00\",\"dateModified\":\"2020-02-04T17:49:17+00:00\",\"breadcrumb\":{\"@id\":\"https:\/\/blogs.ksbe.edu\/kelucas\/papa-mo%ca%bbomeheu-hawai%ca%bbi\/2-na-kinohi-origins\/#breadcrumb\"},\"inLanguage\":\"en-US\",\"potentialAction\":[{\"@type\":\"ReadAction\",\"target\":[\"https:\/\/blogs.ksbe.edu\/kelucas\/papa-mo%ca%bbomeheu-hawai%ca%bbi\/2-na-kinohi-origins\/\"]}]},{\"@type\":\"BreadcrumbList\",\"@id\":\"https:\/\/blogs.ksbe.edu\/kelucas\/papa-mo%ca%bbomeheu-hawai%ca%bbi\/2-na-kinohi-origins\/#breadcrumb\",\"itemListElement\":[{\"@type\":\"ListItem\",\"position\":1,\"name\":\"Home\",\"item\":\"https:\/\/blogs.ksbe.edu\/kelucas\/\"},{\"@type\":\"ListItem\",\"position\":2,\"name\":\"Mo\u02bbomeheu Hawai\u02bbi\",\"item\":\"https:\/\/blogs.ksbe.edu\/kelucas\/papa-mo%ca%bbomeheu-hawai%ca%bbi\/\"},{\"@type\":\"ListItem\",\"position\":3,\"name\":\"1 N\u0101 Kinohi: Origins\"}]},{\"@type\":\"WebSite\",\"@id\":\"https:\/\/blogs.ksbe.edu\/kelucas\/#website\",\"url\":\"https:\/\/blogs.ksbe.edu\/kelucas\/\",\"name\":\"Kumu K\u0113hau Lucas\",\"description\":\"Ke Kula Ki\u02bbeki\u02bbe \u02bbo Kamehameha ma \u02bbA\u02bbapueo\",\"potentialAction\":[{\"@type\":\"SearchAction\",\"target\":{\"@type\":\"EntryPoint\",\"urlTemplate\":\"https:\/\/blogs.ksbe.edu\/kelucas\/?s={search_term_string}\"},\"query-input\":{\"@type\":\"PropertyValueSpecification\",\"valueRequired\":true,\"valueName\":\"search_term_string\"}}],\"inLanguage\":\"en-US\"}]}<\/script>\n<!-- \/ Yoast SEO plugin. -->","yoast_head_json":{"title":"1 N\u0101 Kinohi: Origins - Kumu K\u0113hau Lucas","robots":{"index":"index","follow":"follow","max-snippet":"max-snippet:-1","max-image-preview":"max-image-preview:large","max-video-preview":"max-video-preview:-1"},"canonical":"https:\/\/blogs.ksbe.edu\/kelucas\/papa-mo\u02bbomeheu-hawai\u02bbi\/2-na-kinohi-origins\/","og_locale":"en_US","og_type":"article","og_title":"1 N\u0101 Kinohi: Origins - Kumu K\u0113hau Lucas","og_description":"THE KUMULIPO LECTURE PDF:\u00a0Ke Kumulipo LINK:\u00a0http:\/\/tinyurl.com\/kumulipo LINK:\u00a0http:\/\/tinyurl.com\/kumulipo1 HA\u02bbAWINA: #KeKumulipo _____________________________________________________________________________ THE MO\u02bbOLELO OF H\u0100LOA LECTURE PDF: The Mo\u02bbolelo of Ha\u0304loa HA\u02bbAWINA: Ka Mo\u02bbolelo o H\u0101loa Storyboard _____________________________________________________________________________ THE FIRST MAN MENTIONED IN HAWAI\u02bbI READING:\u00a0The First Man Mentioned in Hawai\u02bbi &#8211; &hellip; Continue reading &rarr;","og_url":"https:\/\/blogs.ksbe.edu\/kelucas\/papa-mo\u02bbomeheu-hawai\u02bbi\/2-na-kinohi-origins\/","og_site_name":"Kumu K\u0113hau Lucas","article_modified_time":"2020-02-04T17:49:17+00:00","twitter_card":"summary_large_image","twitter_misc":{"Est. reading time":"1 minute"},"schema":{"@context":"https:\/\/schema.org","@graph":[{"@type":"WebPage","@id":"https:\/\/blogs.ksbe.edu\/kelucas\/papa-mo%ca%bbomeheu-hawai%ca%bbi\/2-na-kinohi-origins\/","url":"https:\/\/blogs.ksbe.edu\/kelucas\/papa-mo%ca%bbomeheu-hawai%ca%bbi\/2-na-kinohi-origins\/","name":"1 N\u0101 Kinohi: Origins - Kumu K\u0113hau Lucas","isPartOf":{"@id":"https:\/\/blogs.ksbe.edu\/kelucas\/#website"},"datePublished":"2018-07-25T21:21:31+00:00","dateModified":"2020-02-04T17:49:17+00:00","breadcrumb":{"@id":"https:\/\/blogs.ksbe.edu\/kelucas\/papa-mo%ca%bbomeheu-hawai%ca%bbi\/2-na-kinohi-origins\/#breadcrumb"},"inLanguage":"en-US","potentialAction":[{"@type":"ReadAction","target":["https:\/\/blogs.ksbe.edu\/kelucas\/papa-mo%ca%bbomeheu-hawai%ca%bbi\/2-na-kinohi-origins\/"]}]},{"@type":"BreadcrumbList","@id":"https:\/\/blogs.ksbe.edu\/kelucas\/papa-mo%ca%bbomeheu-hawai%ca%bbi\/2-na-kinohi-origins\/#breadcrumb","itemListElement":[{"@type":"ListItem","position":1,"name":"Home","item":"https:\/\/blogs.ksbe.edu\/kelucas\/"},{"@type":"ListItem","position":2,"name":"Mo\u02bbomeheu Hawai\u02bbi","item":"https:\/\/blogs.ksbe.edu\/kelucas\/papa-mo%ca%bbomeheu-hawai%ca%bbi\/"},{"@type":"ListItem","position":3,"name":"1 N\u0101 Kinohi: Origins"}]},{"@type":"WebSite","@id":"https:\/\/blogs.ksbe.edu\/kelucas\/#website","url":"https:\/\/blogs.ksbe.edu\/kelucas\/","name":"Kumu K\u0113hau Lucas","description":"Ke Kula Ki\u02bbeki\u02bbe \u02bbo Kamehameha ma \u02bbA\u02bbapueo","potentialAction":[{"@type":"SearchAction","target":{"@type":"EntryPoint","urlTemplate":"https:\/\/blogs.ksbe.edu\/kelucas\/?s={search_term_string}"},"query-input":{"@type":"PropertyValueSpecification","valueRequired":true,"valueName":"search_term_string"}}],"inLanguage":"en-US"}]}},"_links":{"self":[{"href":"https:\/\/blogs.ksbe.edu\/kelucas\/wp-json\/wp\/v2\/pages\/482","targetHints":{"allow":["GET"]}}],"collection":[{"href":"https:\/\/blogs.ksbe.edu\/kelucas\/wp-json\/wp\/v2\/pages"}],"about":[{"href":"https:\/\/blogs.ksbe.edu\/kelucas\/wp-json\/wp\/v2\/types\/page"}],"author":[{"embeddable":true,"href":"https:\/\/blogs.ksbe.edu\/kelucas\/wp-json\/wp\/v2\/users\/1087"}],"replies":[{"embeddable":true,"href":"https:\/\/blogs.ksbe.edu\/kelucas\/wp-json\/wp\/v2\/comments?post=482"}],"version-history":[{"count":0,"href":"https:\/\/blogs.ksbe.edu\/kelucas\/wp-json\/wp\/v2\/pages\/482\/revisions"}],"up":[{"embeddable":true,"href":"https:\/\/blogs.ksbe.edu\/kelucas\/wp-json\/wp\/v2\/pages\/423"}],"wp:attachment":[{"href":"https:\/\/blogs.ksbe.edu\/kelucas\/wp-json\/wp\/v2\/media?parent=482"}],"curies":[{"name":"wp","href":"https:\/\/api.w.org\/{rel}","templated":true}]}}