{"id":1202,"date":"2014-10-22T11:35:10","date_gmt":"2014-10-22T21:35:10","guid":{"rendered":"http:\/\/blogsksbeedu.wpenginepowered.com\/kawengle\/?page_id=1202"},"modified":"2016-09-26T20:17:21","modified_gmt":"2016-09-27T06:17:21","slug":"oli","status":"publish","type":"page","link":"https:\/\/blogs.ksbe.edu\/kawengle\/oli\/","title":{"rendered":"N\u0101 Oli"},"content":{"rendered":"<p>&nbsp;<\/p>\n<!--[if lt IE 9]><script>document.createElement('audio');<\/script><![endif]-->\n<audio class=\"wp-audio-shortcode\" id=\"audio-1202-1\" preload=\"none\" style=\"width: 100%;\" controls=\"controls\"><source type=\"audio\/mpeg\" src=\"http:\/\/blogs.ksbe.edu\/kawengle\/files\/2014\/10\/Na-\u02bbAumakua-2014-10-22-11.45-AM.mp3?_=1\" \/><a href=\"http:\/\/blogs.ksbe.edu\/kawengle\/files\/2014\/10\/Na-\u02bbAumakua-2014-10-22-11.45-AM.mp3\">http:\/\/blogs.ksbe.edu\/kawengle\/files\/2014\/10\/Na-\u02bbAumakua-2014-10-22-11.45-AM.mp3<\/a><\/audio>\n<p><strong><em><u>N\u0101 \u2018Aum\u0101kua<\/u><\/em><\/strong><\/p>\n<p><em>\u00a0<\/em><strong><em>N\u0101 \u2018Aum\u0101kua mai ka l\u0101 hiki a ka l\u0101 kau,<\/em><\/strong><\/p>\n<p><strong><em>Mai kaho\u2018oku\u2018i a ka h\u0101l\u0101wai,<\/em><\/strong><\/p>\n<p><strong><em>N\u0101 \u2018Aum\u0101kua i\u0101 ka hina kua, i\u0101 ka hina alo,<\/em><\/strong><\/p>\n<p><strong><em>I\u0101 ka\u2018a \u2018\u0101kau i ka lani,<\/em><\/strong><\/p>\n<p><strong><em>O k\u012bh\u0101 i ka lani,<\/em><\/strong><\/p>\n<p><strong><em>\u2018Ow\u0113 i ka lani,<\/em><\/strong><\/p>\n<p><strong><em>Nunulu i ka lani,<\/em><\/strong><\/p>\n<p><strong><em>K\u0101holo i ka lani,<\/em><\/strong><\/p>\n<p><strong><em>Eia ka pulapula a \u2018oukou \u2018o *________________<\/em><\/strong><\/p>\n<p><strong><em>E m\u0101lama \u2018oukou i\u0101 m\u0101kou.<\/em><\/strong><\/p>\n<p><strong><em>E ulu i ka lani,<\/em><\/strong><\/p>\n<p><strong><em>E ulu i ka honua,<\/em><\/strong><\/p>\n<p><strong><em>E ulu i ka pae \u2018\u0101ina o Hawai\u2018i,<\/em><\/strong><\/p>\n<p><strong><em>E h\u014d mai ka \u2018ike,<\/em><\/strong><\/p>\n<p><strong><em>E h\u014d mai ka ikaika,<\/em><\/strong><\/p>\n<p><strong><em>E h\u014d mai ke akamai,<\/em><\/strong><\/p>\n<p><strong><em>E h\u014d mai ka maopopo pono,<\/em><\/strong><\/p>\n<p><strong><em>E h\u014d mai ka \u2018ike p\u0101p\u0101lua,<\/em><\/strong><\/p>\n<p><strong><em>E h\u014d mai ka mana.<\/em><\/strong><\/p>\n<p><strong><em>\u00a0 \u00a0 \u00a0 \u00a0 \u00a0 \u00a0 \u00a0 \u00a0 \u00a0 \u00a0 \u00a0 \u00a0 \u00a0 \u00a0 \u00a0 \u00a0 \u00a0 \u00a0 \u00a0 \u00a0 \u00a0 \u00a0 \u00a0 \u00a0 \u00a0 \u00a0 \u00a0 \u00a0 \u00a0 \u00a0 \u00a0 \u00a0 \u00a0 \u00a0 \u00a0 \u00a0 \u00a0 \u00a0 \u00a0 \u00a0 \u00a0 \u00a0 \u00a0 \u00a0 \u00a0 \u00a0 \u00a0 \u00a0 \u00a0 \u00a0 \u00a0 \u00a0 \u00a0 \u00a0 \u00a0 *\u00a0 n\u0101 \u2018\u014diwi o Hawai\u2018i<\/em><\/strong><\/p>\n<p><strong><em>\u00a0 \u00a0 \u00a0 \u00a0 \u00a0 \u00a0 \u00a0 \u00a0 \u00a0 \u00a0 \u00a0 \u00a0 \u00a0 \u00a0 \u00a0 \u00a0 \u00a0 \u00a0 \u00a0 \u00a0 \u00a0 \u00a0 \u00a0 \u00a0 \u00a0 \u00a0 \u00a0 \u00a0 \u00a0 \u00a0 \u00a0 \u00a0 \u00a0 \u00a0 \u00a0 \u00a0 \u00a0 \u00a0 \u00a0 \u00a0 \u00a0 \u00a0 \u00a0 \u00a0 \u00a0 \u00a0 \u00a0 \u00a0 \u00a0 \u00a0 \u00a0 \u00a0 \u00a0 \u00a0 \u00a0 *\u00a0 n\u0101 mamo a Pauahi<\/em><\/strong><\/p>\n<p><strong><em>\u00a0 \u00a0 \u00a0 \u00a0 \u00a0 \u00a0 \u00a0 \u00a0 \u00a0 \u00a0 \u00a0 \u00a0 \u00a0 \u00a0 \u00a0 \u00a0 \u00a0 \u00a0 \u00a0 \u00a0 \u00a0 \u00a0 \u00a0 \u00a0 \u00a0 \u00a0 \u00a0 \u00a0 \u00a0 \u00a0 \u00a0 \u00a0 \u00a0 \u00a0 \u00a0 \u00a0 \u00a0 \u00a0 \u00a0 \u00a0 \u00a0 \u00a0 \u00a0 \u00a0 \u00a0 \u00a0 \u00a0 \u00a0 \u00a0 \u00a0 \u00a0 \u00a0 \u00a0 \u00a0 \u00a0 *\u00a0 ka papa \u2018I\u2019iwi<\/em><\/strong><\/p>\n<p>\u02bbO Lono \u02bboe<\/p>\n<audio class=\"wp-audio-shortcode\" id=\"audio-1202-2\" preload=\"none\" style=\"width: 100%;\" controls=\"controls\"><source type=\"audio\/mpeg\" src=\"http:\/\/blogs.ksbe.edu\/kawengle\/files\/2014\/10\/\u02bbO-Lono-\u02bboe-2014-10-22-11.31-AM.mp3?_=2\" \/><a href=\"http:\/\/blogs.ksbe.edu\/kawengle\/files\/2014\/10\/\u02bbO-Lono-\u02bboe-2014-10-22-11.31-AM.mp3\">http:\/\/blogs.ksbe.edu\/kawengle\/files\/2014\/10\/\u02bbO-Lono-\u02bboe-2014-10-22-11.31-AM.mp3<\/a><\/audio>\n<p><strong>\u02bbO Lono \u02bbOe\u00a0<\/strong>(Hula Kolani)<\/p>\n<p>1.\u02bbO Lono \u02bboe<\/p>\n<p>He ua la, he ua,<\/p>\n<p>He ua pi\u2018i mai<\/p>\n<p>Noenoe h\u0101lau,<\/p>\n<p>H\u0101lau loa o Lono<\/p>\n<p>\u2018O Lono \u02bboe;<\/p>\n<p>&nbsp;<\/p>\n<ol start=\"2\">\n<li>P\u0101\u2018\u0101 \u2018\u0101 n\u0101 pali<\/li>\n<\/ol>\n<p>I ka hana a \u2018\u012akuw\u0101<\/p>\n<p>Poh\u0101 k\u014d\u2018ele\u2018ele.<\/p>\n<p>A Weleh\u016b ka malama,<\/p>\n<p>Noho i Makali\u2018i;<\/p>\n<p>&nbsp;<\/p>\n<ol start=\"3\">\n<li>Li\u2018ili\u2018i ka hana.<\/li>\n<\/ol>\n<p>Aia a \u2018e\u2018eu,<\/p>\n<p>He \u2018eu n\u014d ka l\u0101 hiki.<\/p>\n<p>Hiki mai ka lani.<\/p>\n<p>Nauweuwe ka honua,<\/p>\n<p>&nbsp;<\/p>\n<ol start=\"4\">\n<li>I ka hana ke \u2018\u014dla\u2018i nui;<\/li>\n<\/ol>\n<p>Moe pono \u02bbole ko\u2018u p\u014d<\/p>\n<p>N\u0101 niho \u2018ai kalakala,<\/p>\n<p>(I) ka hana a ka niuhi,<\/p>\n<p>A mau i ke kai loa.<\/p>\n<p>He loa o ka hikina<\/p>\n<p>&nbsp;<\/p>\n<p>A ua noa, a ua noa.<\/p>\n<p>*This oli is from the Unwritten Literature of Hawai\u02bbi (p. 216)<\/p>\n<p>This chant talks of the Makahiki season, which takes place during the months of \u02bb\u012akuw\u0101, Weleh\u016b and Makali\u2018i. This season was a time when the people rested from unnecessary labor devoted themselves to festivals, games, and the special religious observances.<\/p>\n<ul>\n<li>\u2018\u012akuw\u0101 is said to have been so named from its being the season of thunderstorms.<\/li>\n<li>Makali\u2018i was not only the name of a month and the name applied to the Pleiades, but was also a name given for the cool, rainy season.<\/li>\n<\/ul>\n<p>*This oli will be incorporated into our celebration of Makahiki. It will be chanted during the opening on the week of November<\/p>\n<p>&nbsp;<\/p>\n<p>&nbsp;<\/p>\n<p>&nbsp;<\/p>\n","protected":false},"excerpt":{"rendered":"<p>&nbsp; N\u0101 \u2018Aum\u0101kua \u00a0N\u0101 \u2018Aum\u0101kua mai ka l\u0101 hiki a ka l\u0101 kau, Mai kaho\u2018oku\u2018i a ka h\u0101l\u0101wai, N\u0101 \u2018Aum\u0101kua i\u0101 ka hina kua, i\u0101 ka hina alo, I\u0101 ka\u2018a \u2018\u0101kau i ka lani, O k\u012bh\u0101 i ka lani, \u2018Ow\u0113 &hellip; <a href=\"https:\/\/blogs.ksbe.edu\/kawengle\/oli\/\">Continue reading <span class=\"meta-nav\">&rarr;<\/span><\/a><\/p>\n","protected":false},"author":103,"featured_media":0,"parent":0,"menu_order":0,"comment_status":"open","ping_status":"open","template":"","meta":{"footnotes":""},"class_list":["post-1202","page","type-page","status-publish","hentry"],"yoast_head":"<!-- This site is optimized with the Yoast SEO plugin v25.8 - https:\/\/yoast.com\/wordpress\/plugins\/seo\/ -->\n<title>N\u0101 Oli - Kumu Ka&#039;umi Wengler<\/title>\n<meta name=\"robots\" content=\"index, follow, max-snippet:-1, max-image-preview:large, max-video-preview:-1\" \/>\n<link rel=\"canonical\" href=\"https:\/\/blogs.ksbe.edu\/kawengle\/oli\/\" \/>\n<meta property=\"og:locale\" content=\"en_US\" \/>\n<meta property=\"og:type\" content=\"article\" \/>\n<meta property=\"og:title\" content=\"N\u0101 Oli - Kumu Ka&#039;umi Wengler\" \/>\n<meta property=\"og:description\" content=\"&nbsp; N\u0101 \u2018Aum\u0101kua \u00a0N\u0101 \u2018Aum\u0101kua mai ka l\u0101 hiki a ka l\u0101 kau, Mai kaho\u2018oku\u2018i a ka h\u0101l\u0101wai, N\u0101 \u2018Aum\u0101kua i\u0101 ka hina kua, i\u0101 ka hina alo, I\u0101 ka\u2018a \u2018\u0101kau i ka lani, O k\u012bh\u0101 i ka lani, \u2018Ow\u0113 &hellip; Continue reading &rarr;\" \/>\n<meta property=\"og:url\" content=\"https:\/\/blogs.ksbe.edu\/kawengle\/oli\/\" \/>\n<meta property=\"og:site_name\" content=\"Kumu Ka&#039;umi Wengler\" \/>\n<meta property=\"article:modified_time\" content=\"2016-09-27T06:17:21+00:00\" \/>\n<meta name=\"twitter:card\" content=\"summary_large_image\" \/>\n<meta name=\"twitter:label1\" content=\"Est. reading time\" \/>\n\t<meta name=\"twitter:data1\" content=\"2 minutes\" \/>\n<script type=\"application\/ld+json\" class=\"yoast-schema-graph\">{\"@context\":\"https:\/\/schema.org\",\"@graph\":[{\"@type\":\"WebPage\",\"@id\":\"https:\/\/blogs.ksbe.edu\/kawengle\/oli\/\",\"url\":\"https:\/\/blogs.ksbe.edu\/kawengle\/oli\/\",\"name\":\"N\u0101 Oli - Kumu Ka&#039;umi Wengler\",\"isPartOf\":{\"@id\":\"https:\/\/blogs.ksbe.edu\/kawengle\/#website\"},\"datePublished\":\"2014-10-22T21:35:10+00:00\",\"dateModified\":\"2016-09-27T06:17:21+00:00\",\"breadcrumb\":{\"@id\":\"https:\/\/blogs.ksbe.edu\/kawengle\/oli\/#breadcrumb\"},\"inLanguage\":\"en-US\",\"potentialAction\":[{\"@type\":\"ReadAction\",\"target\":[\"https:\/\/blogs.ksbe.edu\/kawengle\/oli\/\"]}]},{\"@type\":\"BreadcrumbList\",\"@id\":\"https:\/\/blogs.ksbe.edu\/kawengle\/oli\/#breadcrumb\",\"itemListElement\":[{\"@type\":\"ListItem\",\"position\":1,\"name\":\"Home\",\"item\":\"https:\/\/blogs.ksbe.edu\/kawengle\/\"},{\"@type\":\"ListItem\",\"position\":2,\"name\":\"N\u0101 Oli\"}]},{\"@type\":\"WebSite\",\"@id\":\"https:\/\/blogs.ksbe.edu\/kawengle\/#website\",\"url\":\"https:\/\/blogs.ksbe.edu\/kawengle\/\",\"name\":\"Kumu Ka&#039;umi Wengler\",\"description\":\"Hawaiian Language Blog\",\"potentialAction\":[{\"@type\":\"SearchAction\",\"target\":{\"@type\":\"EntryPoint\",\"urlTemplate\":\"https:\/\/blogs.ksbe.edu\/kawengle\/?s={search_term_string}\"},\"query-input\":{\"@type\":\"PropertyValueSpecification\",\"valueRequired\":true,\"valueName\":\"search_term_string\"}}],\"inLanguage\":\"en-US\"}]}<\/script>\n<!-- \/ Yoast SEO plugin. -->","yoast_head_json":{"title":"N\u0101 Oli - Kumu Ka&#039;umi Wengler","robots":{"index":"index","follow":"follow","max-snippet":"max-snippet:-1","max-image-preview":"max-image-preview:large","max-video-preview":"max-video-preview:-1"},"canonical":"https:\/\/blogs.ksbe.edu\/kawengle\/oli\/","og_locale":"en_US","og_type":"article","og_title":"N\u0101 Oli - Kumu Ka&#039;umi Wengler","og_description":"&nbsp; N\u0101 \u2018Aum\u0101kua \u00a0N\u0101 \u2018Aum\u0101kua mai ka l\u0101 hiki a ka l\u0101 kau, Mai kaho\u2018oku\u2018i a ka h\u0101l\u0101wai, N\u0101 \u2018Aum\u0101kua i\u0101 ka hina kua, i\u0101 ka hina alo, I\u0101 ka\u2018a \u2018\u0101kau i ka lani, O k\u012bh\u0101 i ka lani, \u2018Ow\u0113 &hellip; Continue reading &rarr;","og_url":"https:\/\/blogs.ksbe.edu\/kawengle\/oli\/","og_site_name":"Kumu Ka&#039;umi Wengler","article_modified_time":"2016-09-27T06:17:21+00:00","twitter_card":"summary_large_image","twitter_misc":{"Est. reading time":"2 minutes"},"schema":{"@context":"https:\/\/schema.org","@graph":[{"@type":"WebPage","@id":"https:\/\/blogs.ksbe.edu\/kawengle\/oli\/","url":"https:\/\/blogs.ksbe.edu\/kawengle\/oli\/","name":"N\u0101 Oli - Kumu Ka&#039;umi Wengler","isPartOf":{"@id":"https:\/\/blogs.ksbe.edu\/kawengle\/#website"},"datePublished":"2014-10-22T21:35:10+00:00","dateModified":"2016-09-27T06:17:21+00:00","breadcrumb":{"@id":"https:\/\/blogs.ksbe.edu\/kawengle\/oli\/#breadcrumb"},"inLanguage":"en-US","potentialAction":[{"@type":"ReadAction","target":["https:\/\/blogs.ksbe.edu\/kawengle\/oli\/"]}]},{"@type":"BreadcrumbList","@id":"https:\/\/blogs.ksbe.edu\/kawengle\/oli\/#breadcrumb","itemListElement":[{"@type":"ListItem","position":1,"name":"Home","item":"https:\/\/blogs.ksbe.edu\/kawengle\/"},{"@type":"ListItem","position":2,"name":"N\u0101 Oli"}]},{"@type":"WebSite","@id":"https:\/\/blogs.ksbe.edu\/kawengle\/#website","url":"https:\/\/blogs.ksbe.edu\/kawengle\/","name":"Kumu Ka&#039;umi Wengler","description":"Hawaiian Language Blog","potentialAction":[{"@type":"SearchAction","target":{"@type":"EntryPoint","urlTemplate":"https:\/\/blogs.ksbe.edu\/kawengle\/?s={search_term_string}"},"query-input":{"@type":"PropertyValueSpecification","valueRequired":true,"valueName":"search_term_string"}}],"inLanguage":"en-US"}]}},"_links":{"self":[{"href":"https:\/\/blogs.ksbe.edu\/kawengle\/wp-json\/wp\/v2\/pages\/1202","targetHints":{"allow":["GET"]}}],"collection":[{"href":"https:\/\/blogs.ksbe.edu\/kawengle\/wp-json\/wp\/v2\/pages"}],"about":[{"href":"https:\/\/blogs.ksbe.edu\/kawengle\/wp-json\/wp\/v2\/types\/page"}],"author":[{"embeddable":true,"href":"https:\/\/blogs.ksbe.edu\/kawengle\/wp-json\/wp\/v2\/users\/103"}],"replies":[{"embeddable":true,"href":"https:\/\/blogs.ksbe.edu\/kawengle\/wp-json\/wp\/v2\/comments?post=1202"}],"version-history":[{"count":0,"href":"https:\/\/blogs.ksbe.edu\/kawengle\/wp-json\/wp\/v2\/pages\/1202\/revisions"}],"wp:attachment":[{"href":"https:\/\/blogs.ksbe.edu\/kawengle\/wp-json\/wp\/v2\/media?parent=1202"}],"curies":[{"name":"wp","href":"https:\/\/api.w.org\/{rel}","templated":true}]}}