{"id":280,"date":"2015-07-12T20:38:26","date_gmt":"2015-07-13T06:38:26","guid":{"rendered":"http:\/\/blogsksbeedu.wpenginepowered.com\/kaulualoha\/?page_id=280"},"modified":"2015-07-12T20:38:26","modified_gmt":"2015-07-13T06:38:26","slug":"oli-mahalo-gratitude-chant","status":"publish","type":"page","link":"https:\/\/blogs.ksbe.edu\/kaulualoha\/oli-mahalo-gratitude-chant\/","title":{"rendered":"Oli Mahalo &#8211; Gratitude Chant"},"content":{"rendered":"<h4 class=\"p1\" style=\"text-align: center;\"><span style=\"text-decoration: underline; color: #0000ff;\">Oli Mahalo &#8211; Gratitude Chant<\/span><\/h4>\n<p class=\"p1\" style=\"text-align: center;\">By: Kehau Camara<\/p>\n<!--[if lt IE 9]><script>document.createElement('audio');<\/script><![endif]-->\n<audio class=\"wp-audio-shortcode\" id=\"audio-280-1\" preload=\"none\" style=\"width: 100%;\" controls=\"controls\"><source type=\"audio\/mpeg\" src=\"http:\/\/blogs.ksbe.edu\/kaulualoha\/files\/2015\/07\/oli_mahalo-2.mp3?_=1\" \/><a href=\"http:\/\/blogs.ksbe.edu\/kaulualoha\/files\/2015\/07\/oli_mahalo-2.mp3\">http:\/\/blogs.ksbe.edu\/kaulualoha\/files\/2015\/07\/oli_mahalo-2.mp3<\/a><\/audio>\n<p class=\"p1\" style=\"text-align: center;\"><span class=\"s1\">\u02bbUhola \u02bbia ka makaloa l\u0101<br \/>\n<\/span><span class=\"s1\">P\u016b\u02bbai i ke aloha l\u0101<br \/>\n<\/span><span class=\"s1\">K\u016bka\u02bbi \u02bbia ka h\u0101 loa l\u0101<br \/>\n<\/span><span class=\"s1\">P\u0101wehi mai n\u0101 lehua<br \/>\n<\/span><span class=\"s1\">Mai ka ho\u02bboku\u02bbi a ka h\u0101l\u0101wai l\u0101<br \/>\n<\/span><span class=\"s1\">Mahalo e Ke Akua*<br \/>\n<\/span><span class=\"s1\">Mahalo e n\u0101 kupuna l\u0101 \u02bbe\u0101<br \/>\n<\/span><span class=\"s1\">Mahalo me ke aloha l\u0101<br \/>\n<\/span><span class=\"s1\">Mahalo me ke aloha l\u0101<\/span><\/p>\n<p class=\"p1\" style=\"text-align: center;\">&#8212;&#8212;&#8212;&#8212;&#8212;&#8212;&#8212;&#8212;&#8212;&#8212;&#8212;&#8212;&#8212;&#8212;&#8212;&#8212;&#8212;&#8212;&#8212;-<\/p>\n<p class=\"p1\" style=\"text-align: center;\"><span class=\"s1\">The makaloa mat has been unfolded<br \/>\n<\/span><span class=\"s1\">Food is shared in love<br \/>\n<\/span><span class=\"s1\">The great breath is exchanged<br \/>\n<\/span><span class=\"s1\">The Lehua honors and adores<br \/>\n<\/span><span class=\"s1\">From zenith to horizon<br \/>\n<\/span><span class=\"s1\">Gratitude to God<br \/>\n<\/span><span class=\"s1\">Gratitude to our ancestors<br \/>\n<\/span><span class=\"s1\">Gratitude with love<br \/>\n<\/span><span class=\"s1\">Gratitude with love<\/span><\/p>\n","protected":false},"excerpt":{"rendered":"<p>Oli Mahalo &#8211; Gratitude Chant By: Kehau Camara \u02bbUhola \u02bbia ka makaloa l\u0101 P\u016b\u02bbai i ke aloha l\u0101 K\u016bka\u02bbi \u02bbia ka h\u0101 loa l\u0101 P\u0101wehi mai n\u0101 lehua Mai ka ho\u02bboku\u02bbi a ka h\u0101l\u0101wai l\u0101 Mahalo e Ke Akua* Mahalo e n\u0101 kupuna l\u0101 \u02bbe\u0101 Mahalo me ke aloha l\u0101 Mahalo me ke aloha l\u0101 &hellip; <a href=\"https:\/\/blogs.ksbe.edu\/kaulualoha\/oli-mahalo-gratitude-chant\/\" class=\"more-link\">Continue reading <span class=\"screen-reader-text\">Oli Mahalo &#8211; Gratitude Chant<\/span> <span class=\"meta-nav\">&rarr;<\/span><\/a><\/p>\n","protected":false},"author":893,"featured_media":0,"parent":0,"menu_order":0,"comment_status":"closed","ping_status":"open","template":"","meta":{"footnotes":""},"class_list":["post-280","page","type-page","status-publish","hentry"],"yoast_head":"<!-- This site is optimized with the Yoast SEO plugin v25.8 - https:\/\/yoast.com\/wordpress\/plugins\/seo\/ -->\n<title>Oli Mahalo - Gratitude Chant - Ka Ulu Aloha<\/title>\n<meta name=\"robots\" content=\"index, follow, max-snippet:-1, max-image-preview:large, max-video-preview:-1\" \/>\n<link rel=\"canonical\" href=\"https:\/\/blogs.ksbe.edu\/kaulualoha\/oli-mahalo-gratitude-chant\/\" \/>\n<meta property=\"og:locale\" content=\"en_US\" \/>\n<meta property=\"og:type\" content=\"article\" \/>\n<meta property=\"og:title\" content=\"Oli Mahalo - Gratitude Chant - Ka Ulu Aloha\" \/>\n<meta property=\"og:description\" content=\"Oli Mahalo &#8211; Gratitude Chant By: Kehau Camara \u02bbUhola \u02bbia ka makaloa l\u0101 P\u016b\u02bbai i ke aloha l\u0101 K\u016bka\u02bbi \u02bbia ka h\u0101 loa l\u0101 P\u0101wehi mai n\u0101 lehua Mai ka ho\u02bboku\u02bbi a ka h\u0101l\u0101wai l\u0101 Mahalo e Ke Akua* Mahalo e n\u0101 kupuna l\u0101 \u02bbe\u0101 Mahalo me ke aloha l\u0101 Mahalo me ke aloha l\u0101 &hellip; Continue reading Oli Mahalo &#8211; Gratitude Chant &rarr;\" \/>\n<meta property=\"og:url\" content=\"https:\/\/blogs.ksbe.edu\/kaulualoha\/oli-mahalo-gratitude-chant\/\" \/>\n<meta property=\"og:site_name\" content=\"Ka Ulu Aloha\" \/>\n<meta name=\"twitter:card\" content=\"summary_large_image\" \/>\n<meta name=\"twitter:label1\" content=\"Est. reading time\" \/>\n\t<meta name=\"twitter:data1\" content=\"1 minute\" \/>\n<script type=\"application\/ld+json\" class=\"yoast-schema-graph\">{\"@context\":\"https:\/\/schema.org\",\"@graph\":[{\"@type\":\"WebPage\",\"@id\":\"https:\/\/blogs.ksbe.edu\/kaulualoha\/oli-mahalo-gratitude-chant\/\",\"url\":\"https:\/\/blogs.ksbe.edu\/kaulualoha\/oli-mahalo-gratitude-chant\/\",\"name\":\"Oli Mahalo - Gratitude Chant - Ka Ulu Aloha\",\"isPartOf\":{\"@id\":\"https:\/\/blogs.ksbe.edu\/kaulualoha\/#website\"},\"datePublished\":\"2015-07-13T06:38:26+00:00\",\"breadcrumb\":{\"@id\":\"https:\/\/blogs.ksbe.edu\/kaulualoha\/oli-mahalo-gratitude-chant\/#breadcrumb\"},\"inLanguage\":\"en-US\",\"potentialAction\":[{\"@type\":\"ReadAction\",\"target\":[\"https:\/\/blogs.ksbe.edu\/kaulualoha\/oli-mahalo-gratitude-chant\/\"]}]},{\"@type\":\"BreadcrumbList\",\"@id\":\"https:\/\/blogs.ksbe.edu\/kaulualoha\/oli-mahalo-gratitude-chant\/#breadcrumb\",\"itemListElement\":[{\"@type\":\"ListItem\",\"position\":1,\"name\":\"Home\",\"item\":\"https:\/\/blogs.ksbe.edu\/kaulualoha\/\"},{\"@type\":\"ListItem\",\"position\":2,\"name\":\"Oli Mahalo &#8211; Gratitude Chant\"}]},{\"@type\":\"WebSite\",\"@id\":\"https:\/\/blogs.ksbe.edu\/kaulualoha\/#website\",\"url\":\"https:\/\/blogs.ksbe.edu\/kaulualoha\/\",\"name\":\"Ka Ulu Aloha\",\"description\":\"Kamehameha Schools Kap\u0101lama Middle School\",\"potentialAction\":[{\"@type\":\"SearchAction\",\"target\":{\"@type\":\"EntryPoint\",\"urlTemplate\":\"https:\/\/blogs.ksbe.edu\/kaulualoha\/?s={search_term_string}\"},\"query-input\":{\"@type\":\"PropertyValueSpecification\",\"valueRequired\":true,\"valueName\":\"search_term_string\"}}],\"inLanguage\":\"en-US\"}]}<\/script>\n<!-- \/ Yoast SEO plugin. -->","yoast_head_json":{"title":"Oli Mahalo - Gratitude Chant - Ka Ulu Aloha","robots":{"index":"index","follow":"follow","max-snippet":"max-snippet:-1","max-image-preview":"max-image-preview:large","max-video-preview":"max-video-preview:-1"},"canonical":"https:\/\/blogs.ksbe.edu\/kaulualoha\/oli-mahalo-gratitude-chant\/","og_locale":"en_US","og_type":"article","og_title":"Oli Mahalo - Gratitude Chant - Ka Ulu Aloha","og_description":"Oli Mahalo &#8211; Gratitude Chant By: Kehau Camara \u02bbUhola \u02bbia ka makaloa l\u0101 P\u016b\u02bbai i ke aloha l\u0101 K\u016bka\u02bbi \u02bbia ka h\u0101 loa l\u0101 P\u0101wehi mai n\u0101 lehua Mai ka ho\u02bboku\u02bbi a ka h\u0101l\u0101wai l\u0101 Mahalo e Ke Akua* Mahalo e n\u0101 kupuna l\u0101 \u02bbe\u0101 Mahalo me ke aloha l\u0101 Mahalo me ke aloha l\u0101 &hellip; Continue reading Oli Mahalo &#8211; Gratitude Chant &rarr;","og_url":"https:\/\/blogs.ksbe.edu\/kaulualoha\/oli-mahalo-gratitude-chant\/","og_site_name":"Ka Ulu Aloha","twitter_card":"summary_large_image","twitter_misc":{"Est. reading time":"1 minute"},"schema":{"@context":"https:\/\/schema.org","@graph":[{"@type":"WebPage","@id":"https:\/\/blogs.ksbe.edu\/kaulualoha\/oli-mahalo-gratitude-chant\/","url":"https:\/\/blogs.ksbe.edu\/kaulualoha\/oli-mahalo-gratitude-chant\/","name":"Oli Mahalo - Gratitude Chant - Ka Ulu Aloha","isPartOf":{"@id":"https:\/\/blogs.ksbe.edu\/kaulualoha\/#website"},"datePublished":"2015-07-13T06:38:26+00:00","breadcrumb":{"@id":"https:\/\/blogs.ksbe.edu\/kaulualoha\/oli-mahalo-gratitude-chant\/#breadcrumb"},"inLanguage":"en-US","potentialAction":[{"@type":"ReadAction","target":["https:\/\/blogs.ksbe.edu\/kaulualoha\/oli-mahalo-gratitude-chant\/"]}]},{"@type":"BreadcrumbList","@id":"https:\/\/blogs.ksbe.edu\/kaulualoha\/oli-mahalo-gratitude-chant\/#breadcrumb","itemListElement":[{"@type":"ListItem","position":1,"name":"Home","item":"https:\/\/blogs.ksbe.edu\/kaulualoha\/"},{"@type":"ListItem","position":2,"name":"Oli Mahalo &#8211; Gratitude Chant"}]},{"@type":"WebSite","@id":"https:\/\/blogs.ksbe.edu\/kaulualoha\/#website","url":"https:\/\/blogs.ksbe.edu\/kaulualoha\/","name":"Ka Ulu Aloha","description":"Kamehameha Schools Kap\u0101lama Middle School","potentialAction":[{"@type":"SearchAction","target":{"@type":"EntryPoint","urlTemplate":"https:\/\/blogs.ksbe.edu\/kaulualoha\/?s={search_term_string}"},"query-input":{"@type":"PropertyValueSpecification","valueRequired":true,"valueName":"search_term_string"}}],"inLanguage":"en-US"}]}},"_links":{"self":[{"href":"https:\/\/blogs.ksbe.edu\/kaulualoha\/wp-json\/wp\/v2\/pages\/280","targetHints":{"allow":["GET"]}}],"collection":[{"href":"https:\/\/blogs.ksbe.edu\/kaulualoha\/wp-json\/wp\/v2\/pages"}],"about":[{"href":"https:\/\/blogs.ksbe.edu\/kaulualoha\/wp-json\/wp\/v2\/types\/page"}],"author":[{"embeddable":true,"href":"https:\/\/blogs.ksbe.edu\/kaulualoha\/wp-json\/wp\/v2\/users\/893"}],"replies":[{"embeddable":true,"href":"https:\/\/blogs.ksbe.edu\/kaulualoha\/wp-json\/wp\/v2\/comments?post=280"}],"version-history":[{"count":0,"href":"https:\/\/blogs.ksbe.edu\/kaulualoha\/wp-json\/wp\/v2\/pages\/280\/revisions"}],"wp:attachment":[{"href":"https:\/\/blogs.ksbe.edu\/kaulualoha\/wp-json\/wp\/v2\/media?parent=280"}],"curies":[{"name":"wp","href":"https:\/\/api.w.org\/{rel}","templated":true}]}}