{"id":270,"date":"2015-07-12T20:18:39","date_gmt":"2015-07-13T06:18:39","guid":{"rendered":"http:\/\/blogsksbeedu.wpenginepowered.com\/kaulualoha\/?page_id=270"},"modified":"2015-07-12T20:39:46","modified_gmt":"2015-07-13T06:39:46","slug":"ho%ca%bbonani-ka-makua-mau-doxology","status":"publish","type":"page","link":"https:\/\/blogs.ksbe.edu\/kaulualoha\/ho%ca%bbonani-ka-makua-mau-doxology\/","title":{"rendered":"Ho\u02bbonani Ka Makua Mau &#8211; Doxology"},"content":{"rendered":"<h4 style=\"text-align: center;\"><span style=\"text-decoration: underline; color: #0000ff;\">Ho\u02bbonani Ka Makua Mau &#8211; Doxology<\/span><\/h4>\n<p style=\"text-align: center;\">Sung by N\u0101 \u02bb\u014cpio singers (KMS)<\/p>\n<!--[if lt IE 9]><script>document.createElement('audio');<\/script><![endif]-->\n<audio class=\"wp-audio-shortcode\" id=\"audio-270-1\" preload=\"none\" style=\"width: 100%;\" controls=\"controls\"><source type=\"audio\/mpeg\" src=\"http:\/\/blogs.ksbe.edu\/kaulualoha\/files\/2015\/07\/hoonani_i_ka_akua_mau.mp3?_=1\" \/><a href=\"http:\/\/blogs.ksbe.edu\/kaulualoha\/files\/2015\/07\/hoonani_i_ka_akua_mau.mp3\">http:\/\/blogs.ksbe.edu\/kaulualoha\/files\/2015\/07\/hoonani_i_ka_akua_mau.mp3<\/a><\/audio>\n<p style=\"text-align: center;\">Ho\u02bbonani i ka Makua Mau,<br \/>\nKe Keiki me ka \u02bbUhane n\u014d,<br \/>\nKe Akua Mau ho\u02bbomaika\u02bbi p\u016b,<br \/>\nK\u014d k\u0113ia ao, k\u014d k\u0113l\u0101 ao.<br \/>\n\u0100mene.<\/p>\n<p style=\"text-align: center;\">&#8212;&#8212;&#8212;&#8212;&#8212;&#8212;&#8212;&#8212;&#8212;&#8212;&#8212;&#8212;&#8212;&#8212;&#8212;-<\/p>\n<p style=\"text-align: center;\">Praise God from whom all blessings flow,<br \/>\nPraise Him all creatures here below,<br \/>\nPraise Him above ye heavenly host,<br \/>\nPraise Father, Son and Holy Ghost.<br \/>\nAmen.<\/p>\n","protected":false},"excerpt":{"rendered":"<p>Ho\u02bbonani Ka Makua Mau &#8211; Doxology Sung by N\u0101 \u02bb\u014cpio singers (KMS) Ho\u02bbonani i ka Makua Mau, Ke Keiki me ka \u02bbUhane n\u014d, Ke Akua Mau ho\u02bbomaika\u02bbi p\u016b, K\u014d k\u0113ia ao, k\u014d k\u0113l\u0101 ao. \u0100mene. &#8212;&#8212;&#8212;&#8212;&#8212;&#8212;&#8212;&#8212;&#8212;&#8212;&#8212;&#8212;&#8212;&#8212;&#8212;- Praise God from whom all blessings flow, Praise Him all creatures here below, Praise Him above ye heavenly host, &hellip; <a href=\"https:\/\/blogs.ksbe.edu\/kaulualoha\/ho%ca%bbonani-ka-makua-mau-doxology\/\" class=\"more-link\">Continue reading <span class=\"screen-reader-text\">Ho\u02bbonani Ka Makua Mau &#8211; Doxology<\/span> <span class=\"meta-nav\">&rarr;<\/span><\/a><\/p>\n","protected":false},"author":893,"featured_media":0,"parent":0,"menu_order":0,"comment_status":"closed","ping_status":"open","template":"","meta":{"footnotes":""},"class_list":["post-270","page","type-page","status-publish","hentry"],"yoast_head":"<!-- This site is optimized with the Yoast SEO plugin v25.8 - https:\/\/yoast.com\/wordpress\/plugins\/seo\/ -->\n<title>Ho\u02bbonani Ka Makua Mau - Doxology - Ka Ulu Aloha<\/title>\n<meta name=\"robots\" content=\"index, follow, max-snippet:-1, max-image-preview:large, max-video-preview:-1\" \/>\n<link rel=\"canonical\" href=\"https:\/\/blogs.ksbe.edu\/kaulualoha\/ho\u02bbonani-ka-makua-mau-doxology\/\" \/>\n<meta property=\"og:locale\" content=\"en_US\" \/>\n<meta property=\"og:type\" content=\"article\" \/>\n<meta property=\"og:title\" content=\"Ho\u02bbonani Ka Makua Mau - Doxology - Ka Ulu Aloha\" \/>\n<meta property=\"og:description\" content=\"Ho\u02bbonani Ka Makua Mau &#8211; Doxology Sung by N\u0101 \u02bb\u014cpio singers (KMS) Ho\u02bbonani i ka Makua Mau, Ke Keiki me ka \u02bbUhane n\u014d, Ke Akua Mau ho\u02bbomaika\u02bbi p\u016b, K\u014d k\u0113ia ao, k\u014d k\u0113l\u0101 ao. \u0100mene. &#8212;&#8212;&#8212;&#8212;&#8212;&#8212;&#8212;&#8212;&#8212;&#8212;&#8212;&#8212;&#8212;&#8212;&#8212;- Praise God from whom all blessings flow, Praise Him all creatures here below, Praise Him above ye heavenly host, &hellip; Continue reading Ho\u02bbonani Ka Makua Mau &#8211; Doxology &rarr;\" \/>\n<meta property=\"og:url\" content=\"https:\/\/blogs.ksbe.edu\/kaulualoha\/ho\u02bbonani-ka-makua-mau-doxology\/\" \/>\n<meta property=\"og:site_name\" content=\"Ka Ulu Aloha\" \/>\n<meta property=\"article:modified_time\" content=\"2015-07-13T06:39:46+00:00\" \/>\n<meta name=\"twitter:card\" content=\"summary_large_image\" \/>\n<script type=\"application\/ld+json\" class=\"yoast-schema-graph\">{\"@context\":\"https:\/\/schema.org\",\"@graph\":[{\"@type\":\"WebPage\",\"@id\":\"https:\/\/blogs.ksbe.edu\/kaulualoha\/ho%ca%bbonani-ka-makua-mau-doxology\/\",\"url\":\"https:\/\/blogs.ksbe.edu\/kaulualoha\/ho%ca%bbonani-ka-makua-mau-doxology\/\",\"name\":\"Ho\u02bbonani Ka Makua Mau - Doxology - Ka Ulu Aloha\",\"isPartOf\":{\"@id\":\"https:\/\/blogs.ksbe.edu\/kaulualoha\/#website\"},\"datePublished\":\"2015-07-13T06:18:39+00:00\",\"dateModified\":\"2015-07-13T06:39:46+00:00\",\"breadcrumb\":{\"@id\":\"https:\/\/blogs.ksbe.edu\/kaulualoha\/ho%ca%bbonani-ka-makua-mau-doxology\/#breadcrumb\"},\"inLanguage\":\"en-US\",\"potentialAction\":[{\"@type\":\"ReadAction\",\"target\":[\"https:\/\/blogs.ksbe.edu\/kaulualoha\/ho%ca%bbonani-ka-makua-mau-doxology\/\"]}]},{\"@type\":\"BreadcrumbList\",\"@id\":\"https:\/\/blogs.ksbe.edu\/kaulualoha\/ho%ca%bbonani-ka-makua-mau-doxology\/#breadcrumb\",\"itemListElement\":[{\"@type\":\"ListItem\",\"position\":1,\"name\":\"Home\",\"item\":\"https:\/\/blogs.ksbe.edu\/kaulualoha\/\"},{\"@type\":\"ListItem\",\"position\":2,\"name\":\"Ho\u02bbonani Ka Makua Mau &#8211; Doxology\"}]},{\"@type\":\"WebSite\",\"@id\":\"https:\/\/blogs.ksbe.edu\/kaulualoha\/#website\",\"url\":\"https:\/\/blogs.ksbe.edu\/kaulualoha\/\",\"name\":\"Ka Ulu Aloha\",\"description\":\"Kamehameha Schools Kap\u0101lama Middle School\",\"potentialAction\":[{\"@type\":\"SearchAction\",\"target\":{\"@type\":\"EntryPoint\",\"urlTemplate\":\"https:\/\/blogs.ksbe.edu\/kaulualoha\/?s={search_term_string}\"},\"query-input\":{\"@type\":\"PropertyValueSpecification\",\"valueRequired\":true,\"valueName\":\"search_term_string\"}}],\"inLanguage\":\"en-US\"}]}<\/script>\n<!-- \/ Yoast SEO plugin. -->","yoast_head_json":{"title":"Ho\u02bbonani Ka Makua Mau - Doxology - Ka Ulu Aloha","robots":{"index":"index","follow":"follow","max-snippet":"max-snippet:-1","max-image-preview":"max-image-preview:large","max-video-preview":"max-video-preview:-1"},"canonical":"https:\/\/blogs.ksbe.edu\/kaulualoha\/ho\u02bbonani-ka-makua-mau-doxology\/","og_locale":"en_US","og_type":"article","og_title":"Ho\u02bbonani Ka Makua Mau - Doxology - Ka Ulu Aloha","og_description":"Ho\u02bbonani Ka Makua Mau &#8211; Doxology Sung by N\u0101 \u02bb\u014cpio singers (KMS) Ho\u02bbonani i ka Makua Mau, Ke Keiki me ka \u02bbUhane n\u014d, Ke Akua Mau ho\u02bbomaika\u02bbi p\u016b, K\u014d k\u0113ia ao, k\u014d k\u0113l\u0101 ao. \u0100mene. &#8212;&#8212;&#8212;&#8212;&#8212;&#8212;&#8212;&#8212;&#8212;&#8212;&#8212;&#8212;&#8212;&#8212;&#8212;- Praise God from whom all blessings flow, Praise Him all creatures here below, Praise Him above ye heavenly host, &hellip; Continue reading Ho\u02bbonani Ka Makua Mau &#8211; Doxology &rarr;","og_url":"https:\/\/blogs.ksbe.edu\/kaulualoha\/ho\u02bbonani-ka-makua-mau-doxology\/","og_site_name":"Ka Ulu Aloha","article_modified_time":"2015-07-13T06:39:46+00:00","twitter_card":"summary_large_image","schema":{"@context":"https:\/\/schema.org","@graph":[{"@type":"WebPage","@id":"https:\/\/blogs.ksbe.edu\/kaulualoha\/ho%ca%bbonani-ka-makua-mau-doxology\/","url":"https:\/\/blogs.ksbe.edu\/kaulualoha\/ho%ca%bbonani-ka-makua-mau-doxology\/","name":"Ho\u02bbonani Ka Makua Mau - Doxology - Ka Ulu Aloha","isPartOf":{"@id":"https:\/\/blogs.ksbe.edu\/kaulualoha\/#website"},"datePublished":"2015-07-13T06:18:39+00:00","dateModified":"2015-07-13T06:39:46+00:00","breadcrumb":{"@id":"https:\/\/blogs.ksbe.edu\/kaulualoha\/ho%ca%bbonani-ka-makua-mau-doxology\/#breadcrumb"},"inLanguage":"en-US","potentialAction":[{"@type":"ReadAction","target":["https:\/\/blogs.ksbe.edu\/kaulualoha\/ho%ca%bbonani-ka-makua-mau-doxology\/"]}]},{"@type":"BreadcrumbList","@id":"https:\/\/blogs.ksbe.edu\/kaulualoha\/ho%ca%bbonani-ka-makua-mau-doxology\/#breadcrumb","itemListElement":[{"@type":"ListItem","position":1,"name":"Home","item":"https:\/\/blogs.ksbe.edu\/kaulualoha\/"},{"@type":"ListItem","position":2,"name":"Ho\u02bbonani Ka Makua Mau &#8211; Doxology"}]},{"@type":"WebSite","@id":"https:\/\/blogs.ksbe.edu\/kaulualoha\/#website","url":"https:\/\/blogs.ksbe.edu\/kaulualoha\/","name":"Ka Ulu Aloha","description":"Kamehameha Schools Kap\u0101lama Middle School","potentialAction":[{"@type":"SearchAction","target":{"@type":"EntryPoint","urlTemplate":"https:\/\/blogs.ksbe.edu\/kaulualoha\/?s={search_term_string}"},"query-input":{"@type":"PropertyValueSpecification","valueRequired":true,"valueName":"search_term_string"}}],"inLanguage":"en-US"}]}},"_links":{"self":[{"href":"https:\/\/blogs.ksbe.edu\/kaulualoha\/wp-json\/wp\/v2\/pages\/270","targetHints":{"allow":["GET"]}}],"collection":[{"href":"https:\/\/blogs.ksbe.edu\/kaulualoha\/wp-json\/wp\/v2\/pages"}],"about":[{"href":"https:\/\/blogs.ksbe.edu\/kaulualoha\/wp-json\/wp\/v2\/types\/page"}],"author":[{"embeddable":true,"href":"https:\/\/blogs.ksbe.edu\/kaulualoha\/wp-json\/wp\/v2\/users\/893"}],"replies":[{"embeddable":true,"href":"https:\/\/blogs.ksbe.edu\/kaulualoha\/wp-json\/wp\/v2\/comments?post=270"}],"version-history":[{"count":0,"href":"https:\/\/blogs.ksbe.edu\/kaulualoha\/wp-json\/wp\/v2\/pages\/270\/revisions"}],"wp:attachment":[{"href":"https:\/\/blogs.ksbe.edu\/kaulualoha\/wp-json\/wp\/v2\/media?parent=270"}],"curies":[{"name":"wp","href":"https:\/\/api.w.org\/{rel}","templated":true}]}}