{"id":262,"date":"2015-07-12T20:10:16","date_gmt":"2015-07-13T06:10:16","guid":{"rendered":"http:\/\/blogsksbeedu.wpenginepowered.com\/kaulualoha\/?page_id=262"},"modified":"2015-07-12T20:52:15","modified_gmt":"2015-07-13T06:52:15","slug":"hanohano-kapalama","status":"publish","type":"page","link":"https:\/\/blogs.ksbe.edu\/kaulualoha\/hanohano-kapalama\/","title":{"rendered":"Hanohano Kap\u0101lama"},"content":{"rendered":"<h4 style=\"text-align: center;\"><span style=\"text-decoration: underline;\"><span style=\"color: #0000ff; text-decoration: underline;\">HANOHANO KAP\u0100LAMA<\/span><\/span><\/h4>\n<!--[if lt IE 9]><script>document.createElement('audio');<\/script><![endif]-->\n<audio class=\"wp-audio-shortcode\" id=\"audio-262-1\" preload=\"none\" style=\"width: 100%;\" controls=\"controls\"><source type=\"audio\/mpeg\" src=\"http:\/\/blogs.ksbe.edu\/kaulualoha\/files\/2015\/07\/HanohanoKapalamaTeaching-2.m4a?_=1\" \/><a href=\"http:\/\/blogs.ksbe.edu\/kaulualoha\/files\/2015\/07\/HanohanoKapalamaTeaching-2.m4a\">http:\/\/blogs.ksbe.edu\/kaulualoha\/files\/2015\/07\/HanohanoKapalamaTeaching-2.m4a<\/a><\/audio>\n<p style=\"text-align: center;\">Hanohano Kap\u0101lama i ka la\u02bbi e<br \/>\nI ka ua K\u016bkalahale,<br \/>\nKa \u02bbolu o ka \u02bbOlauniu \u0113<br \/>\nKahi o n\u0101 mo\u02bbopuna a Kana\u02bbiaupuni*<br \/>\nEia m\u0101kou n\u0101 pua a Pauahi \u0113<br \/>\nMe ka ha\u02bbaha\u02bba i ke Akua<br \/>\nPuni i ka ulu aloha**\u0113<br \/>\nE m\u0101lama mau i ka h\u0101 Hawai\u02bbi<br \/>\nE Ola!<br \/>\nOla n\u0101 \u02bb\u014diwi Hawai\u02bbi<br \/>\nE Ola!<br \/>\nOla n\u0101 \u02bb\u014diwi Hawai\u02bbi***<br \/>\n&#8212;&#8212;&#8212;&#8212;&#8212;&#8212;&#8212;&#8212;&#8212;&#8212;&#8212;&#8212;&#8212;&#8212;&#8212;&#8212;&#8211;<\/p>\n<p style=\"text-align: center;\">Majestic is Kap\u0101lama in the calm<br \/>\nIn the K\u016bkalahale rain,<br \/>\nThe comfort of the \u02bb\u014clauniu breeze<br \/>\nPlace of the descendants of Kana\u02bbiaupuni<br \/>\nHere we are the children of Pauahi<br \/>\nWith humility to God<br \/>\nEmbraced by the abundance of love<br \/>\nForever protecting all things Hawaiian<br \/>\nLive!<br \/>\nThe Hawaiian race lives on!<br \/>\nLive!<br \/>\nThe Hawaiian race lives on!<\/p>\n<p>*Kana\u02bbiaupuni refers to Kamehameha I, the conqueror who united the eight major islands under one rule.<br \/>\n**ulu aloha refers to the p\u016b\u02bbulu (academic teams) at Kamehameha Middle School.<br \/>\n***This line refers to Charles Reed Bishop\u2019s note that one of the reasons why Pauahi established the Kamehameha schools is because she saw the decline of the Hawaiian population.<br \/>\nNa Leimomi Akana, Zeoma Akau, Kyle Atabay, Brad Cooper, Kealoha Ho\u02bbomana-Heffernan, Lilinoe Ka\u02bbahanui i haku, 29 Nowemapa 2004.<\/p>\n","protected":false},"excerpt":{"rendered":"<p>HANOHANO KAP\u0100LAMA Hanohano Kap\u0101lama i ka la\u02bbi e I ka ua K\u016bkalahale, Ka \u02bbolu o ka \u02bbOlauniu \u0113 Kahi o n\u0101 mo\u02bbopuna a Kana\u02bbiaupuni* Eia m\u0101kou n\u0101 pua a Pauahi \u0113 Me ka ha\u02bbaha\u02bba i ke Akua Puni i ka ulu aloha**\u0113 E m\u0101lama mau i ka h\u0101 Hawai\u02bbi E Ola! Ola n\u0101 \u02bb\u014diwi Hawai\u02bbi &hellip; <a href=\"https:\/\/blogs.ksbe.edu\/kaulualoha\/hanohano-kapalama\/\" class=\"more-link\">Continue reading <span class=\"screen-reader-text\">Hanohano Kap\u0101lama<\/span> <span class=\"meta-nav\">&rarr;<\/span><\/a><\/p>\n","protected":false},"author":893,"featured_media":0,"parent":0,"menu_order":0,"comment_status":"closed","ping_status":"open","template":"","meta":{"footnotes":""},"class_list":["post-262","page","type-page","status-publish","hentry"],"yoast_head":"<!-- This site is optimized with the Yoast SEO plugin v25.8 - https:\/\/yoast.com\/wordpress\/plugins\/seo\/ -->\n<title>Hanohano Kap\u0101lama - Ka Ulu Aloha<\/title>\n<meta name=\"robots\" content=\"index, follow, max-snippet:-1, max-image-preview:large, max-video-preview:-1\" \/>\n<link rel=\"canonical\" href=\"https:\/\/blogs.ksbe.edu\/kaulualoha\/hanohano-kapalama\/\" \/>\n<meta property=\"og:locale\" content=\"en_US\" \/>\n<meta property=\"og:type\" content=\"article\" \/>\n<meta property=\"og:title\" content=\"Hanohano Kap\u0101lama - Ka Ulu Aloha\" \/>\n<meta property=\"og:description\" content=\"HANOHANO KAP\u0100LAMA Hanohano Kap\u0101lama i ka la\u02bbi e I ka ua K\u016bkalahale, Ka \u02bbolu o ka \u02bbOlauniu \u0113 Kahi o n\u0101 mo\u02bbopuna a Kana\u02bbiaupuni* Eia m\u0101kou n\u0101 pua a Pauahi \u0113 Me ka ha\u02bbaha\u02bba i ke Akua Puni i ka ulu aloha**\u0113 E m\u0101lama mau i ka h\u0101 Hawai\u02bbi E Ola! Ola n\u0101 \u02bb\u014diwi Hawai\u02bbi &hellip; Continue reading Hanohano Kap\u0101lama &rarr;\" \/>\n<meta property=\"og:url\" content=\"https:\/\/blogs.ksbe.edu\/kaulualoha\/hanohano-kapalama\/\" \/>\n<meta property=\"og:site_name\" content=\"Ka Ulu Aloha\" \/>\n<meta property=\"article:modified_time\" content=\"2015-07-13T06:52:15+00:00\" \/>\n<meta name=\"twitter:card\" content=\"summary_large_image\" \/>\n<meta name=\"twitter:label1\" content=\"Est. reading time\" \/>\n\t<meta name=\"twitter:data1\" content=\"1 minute\" \/>\n<script type=\"application\/ld+json\" class=\"yoast-schema-graph\">{\"@context\":\"https:\/\/schema.org\",\"@graph\":[{\"@type\":\"WebPage\",\"@id\":\"https:\/\/blogs.ksbe.edu\/kaulualoha\/hanohano-kapalama\/\",\"url\":\"https:\/\/blogs.ksbe.edu\/kaulualoha\/hanohano-kapalama\/\",\"name\":\"Hanohano Kap\u0101lama - Ka Ulu Aloha\",\"isPartOf\":{\"@id\":\"https:\/\/blogs.ksbe.edu\/kaulualoha\/#website\"},\"datePublished\":\"2015-07-13T06:10:16+00:00\",\"dateModified\":\"2015-07-13T06:52:15+00:00\",\"breadcrumb\":{\"@id\":\"https:\/\/blogs.ksbe.edu\/kaulualoha\/hanohano-kapalama\/#breadcrumb\"},\"inLanguage\":\"en-US\",\"potentialAction\":[{\"@type\":\"ReadAction\",\"target\":[\"https:\/\/blogs.ksbe.edu\/kaulualoha\/hanohano-kapalama\/\"]}]},{\"@type\":\"BreadcrumbList\",\"@id\":\"https:\/\/blogs.ksbe.edu\/kaulualoha\/hanohano-kapalama\/#breadcrumb\",\"itemListElement\":[{\"@type\":\"ListItem\",\"position\":1,\"name\":\"Home\",\"item\":\"https:\/\/blogs.ksbe.edu\/kaulualoha\/\"},{\"@type\":\"ListItem\",\"position\":2,\"name\":\"Hanohano Kap\u0101lama\"}]},{\"@type\":\"WebSite\",\"@id\":\"https:\/\/blogs.ksbe.edu\/kaulualoha\/#website\",\"url\":\"https:\/\/blogs.ksbe.edu\/kaulualoha\/\",\"name\":\"Ka Ulu Aloha\",\"description\":\"Kamehameha Schools Kap\u0101lama Middle School\",\"potentialAction\":[{\"@type\":\"SearchAction\",\"target\":{\"@type\":\"EntryPoint\",\"urlTemplate\":\"https:\/\/blogs.ksbe.edu\/kaulualoha\/?s={search_term_string}\"},\"query-input\":{\"@type\":\"PropertyValueSpecification\",\"valueRequired\":true,\"valueName\":\"search_term_string\"}}],\"inLanguage\":\"en-US\"}]}<\/script>\n<!-- \/ Yoast SEO plugin. -->","yoast_head_json":{"title":"Hanohano Kap\u0101lama - Ka Ulu Aloha","robots":{"index":"index","follow":"follow","max-snippet":"max-snippet:-1","max-image-preview":"max-image-preview:large","max-video-preview":"max-video-preview:-1"},"canonical":"https:\/\/blogs.ksbe.edu\/kaulualoha\/hanohano-kapalama\/","og_locale":"en_US","og_type":"article","og_title":"Hanohano Kap\u0101lama - Ka Ulu Aloha","og_description":"HANOHANO KAP\u0100LAMA Hanohano Kap\u0101lama i ka la\u02bbi e I ka ua K\u016bkalahale, Ka \u02bbolu o ka \u02bbOlauniu \u0113 Kahi o n\u0101 mo\u02bbopuna a Kana\u02bbiaupuni* Eia m\u0101kou n\u0101 pua a Pauahi \u0113 Me ka ha\u02bbaha\u02bba i ke Akua Puni i ka ulu aloha**\u0113 E m\u0101lama mau i ka h\u0101 Hawai\u02bbi E Ola! Ola n\u0101 \u02bb\u014diwi Hawai\u02bbi &hellip; Continue reading Hanohano Kap\u0101lama &rarr;","og_url":"https:\/\/blogs.ksbe.edu\/kaulualoha\/hanohano-kapalama\/","og_site_name":"Ka Ulu Aloha","article_modified_time":"2015-07-13T06:52:15+00:00","twitter_card":"summary_large_image","twitter_misc":{"Est. reading time":"1 minute"},"schema":{"@context":"https:\/\/schema.org","@graph":[{"@type":"WebPage","@id":"https:\/\/blogs.ksbe.edu\/kaulualoha\/hanohano-kapalama\/","url":"https:\/\/blogs.ksbe.edu\/kaulualoha\/hanohano-kapalama\/","name":"Hanohano Kap\u0101lama - Ka Ulu Aloha","isPartOf":{"@id":"https:\/\/blogs.ksbe.edu\/kaulualoha\/#website"},"datePublished":"2015-07-13T06:10:16+00:00","dateModified":"2015-07-13T06:52:15+00:00","breadcrumb":{"@id":"https:\/\/blogs.ksbe.edu\/kaulualoha\/hanohano-kapalama\/#breadcrumb"},"inLanguage":"en-US","potentialAction":[{"@type":"ReadAction","target":["https:\/\/blogs.ksbe.edu\/kaulualoha\/hanohano-kapalama\/"]}]},{"@type":"BreadcrumbList","@id":"https:\/\/blogs.ksbe.edu\/kaulualoha\/hanohano-kapalama\/#breadcrumb","itemListElement":[{"@type":"ListItem","position":1,"name":"Home","item":"https:\/\/blogs.ksbe.edu\/kaulualoha\/"},{"@type":"ListItem","position":2,"name":"Hanohano Kap\u0101lama"}]},{"@type":"WebSite","@id":"https:\/\/blogs.ksbe.edu\/kaulualoha\/#website","url":"https:\/\/blogs.ksbe.edu\/kaulualoha\/","name":"Ka Ulu Aloha","description":"Kamehameha Schools Kap\u0101lama Middle School","potentialAction":[{"@type":"SearchAction","target":{"@type":"EntryPoint","urlTemplate":"https:\/\/blogs.ksbe.edu\/kaulualoha\/?s={search_term_string}"},"query-input":{"@type":"PropertyValueSpecification","valueRequired":true,"valueName":"search_term_string"}}],"inLanguage":"en-US"}]}},"_links":{"self":[{"href":"https:\/\/blogs.ksbe.edu\/kaulualoha\/wp-json\/wp\/v2\/pages\/262","targetHints":{"allow":["GET"]}}],"collection":[{"href":"https:\/\/blogs.ksbe.edu\/kaulualoha\/wp-json\/wp\/v2\/pages"}],"about":[{"href":"https:\/\/blogs.ksbe.edu\/kaulualoha\/wp-json\/wp\/v2\/types\/page"}],"author":[{"embeddable":true,"href":"https:\/\/blogs.ksbe.edu\/kaulualoha\/wp-json\/wp\/v2\/users\/893"}],"replies":[{"embeddable":true,"href":"https:\/\/blogs.ksbe.edu\/kaulualoha\/wp-json\/wp\/v2\/comments?post=262"}],"version-history":[{"count":0,"href":"https:\/\/blogs.ksbe.edu\/kaulualoha\/wp-json\/wp\/v2\/pages\/262\/revisions"}],"wp:attachment":[{"href":"https:\/\/blogs.ksbe.edu\/kaulualoha\/wp-json\/wp\/v2\/media?parent=262"}],"curies":[{"name":"wp","href":"https:\/\/api.w.org\/{rel}","templated":true}]}}