{"id":200,"date":"2015-05-28T22:44:23","date_gmt":"2015-05-29T08:44:23","guid":{"rendered":"http:\/\/blogsksbeedu.wpenginepowered.com\/kaulualoha\/?page_id=200"},"modified":"2018-05-02T09:02:07","modified_gmt":"2018-05-02T19:02:07","slug":"pu%ca%bbulu-olona","status":"publish","type":"page","link":"https:\/\/blogs.ksbe.edu\/kaulualoha\/pu%ca%bbulu-olona\/","title":{"rendered":"P\u016b\u02bbulu Olon\u0101"},"content":{"rendered":"<p><span class=\"s1\" style=\"color: #ff6600;\"><b><a href=\"http:\/\/blogs.ksbe.edu\/kaulualoha\/files\/2018\/05\/Olona\u0304.png\"><img loading=\"lazy\" decoding=\"async\" class=\"wp-image-354  alignleft\" src=\"http:\/\/blogs.ksbe.edu\/kaulualoha\/files\/2018\/05\/Olona\u0304.png\" alt=\"\" width=\"109\" height=\"154\" \/><\/a>P\u016b\u02bbulu Olon\u0101<\/b><\/span><span class=\"s2\"><br \/>\nThe olon\u0101 symbolizes commitment. The bark of the olon\u0101 continues to be highly valued by Hawaiians because of its strong, durable nature. The Hawaiian value associated with the olon\u0101 is kuleana (responsibility). We envision a community of dedicated learners that uniquely contribute to the well-being of the l\u0101hui (Hawaiian population).<\/span><\/p>\n","protected":false},"excerpt":{"rendered":"<p>P\u016b\u02bbulu Olon\u0101 The olon\u0101 symbolizes commitment. The bark of the olon\u0101 continues to be highly valued by Hawaiians because of its strong, durable nature. The Hawaiian value associated with the olon\u0101 is kuleana (responsibility). We envision a community of dedicated learners that uniquely contribute to the well-being of the l\u0101hui (Hawaiian population).<\/p>\n","protected":false},"author":893,"featured_media":0,"parent":0,"menu_order":0,"comment_status":"closed","ping_status":"open","template":"","meta":{"footnotes":""},"class_list":["post-200","page","type-page","status-publish","hentry"],"yoast_head":"<!-- This site is optimized with the Yoast SEO plugin v25.8 - https:\/\/yoast.com\/wordpress\/plugins\/seo\/ -->\n<title>P\u016b\u02bbulu Olon\u0101 - Ka Ulu Aloha<\/title>\n<meta name=\"robots\" content=\"index, follow, max-snippet:-1, max-image-preview:large, max-video-preview:-1\" \/>\n<link rel=\"canonical\" href=\"http:\/\/blogs.ksbe.edu\/kaulualoha\/pu\u02bbulu-olona\/\" \/>\n<meta property=\"og:locale\" content=\"en_US\" \/>\n<meta property=\"og:type\" content=\"article\" \/>\n<meta property=\"og:title\" content=\"P\u016b\u02bbulu Olon\u0101 - Ka Ulu Aloha\" \/>\n<meta property=\"og:description\" content=\"P\u016b\u02bbulu Olon\u0101 The olon\u0101 symbolizes commitment. The bark of the olon\u0101 continues to be highly valued by Hawaiians because of its strong, durable nature. The Hawaiian value associated with the olon\u0101 is kuleana (responsibility). We envision a community of dedicated learners that uniquely contribute to the well-being of the l\u0101hui (Hawaiian population).\" \/>\n<meta property=\"og:url\" content=\"http:\/\/blogs.ksbe.edu\/kaulualoha\/pu\u02bbulu-olona\/\" \/>\n<meta property=\"og:site_name\" content=\"Ka Ulu Aloha\" \/>\n<meta property=\"article:modified_time\" content=\"2018-05-02T19:02:07+00:00\" \/>\n<meta name=\"twitter:card\" content=\"summary_large_image\" \/>\n<script type=\"application\/ld+json\" class=\"yoast-schema-graph\">{\"@context\":\"https:\/\/schema.org\",\"@graph\":[{\"@type\":\"WebPage\",\"@id\":\"http:\/\/blogs.ksbe.edu\/kaulualoha\/pu%ca%bbulu-olona\/\",\"url\":\"http:\/\/blogs.ksbe.edu\/kaulualoha\/pu%ca%bbulu-olona\/\",\"name\":\"P\u016b\u02bbulu Olon\u0101 - Ka Ulu Aloha\",\"isPartOf\":{\"@id\":\"https:\/\/blogs.ksbe.edu\/kaulualoha\/#website\"},\"datePublished\":\"2015-05-29T08:44:23+00:00\",\"dateModified\":\"2018-05-02T19:02:07+00:00\",\"breadcrumb\":{\"@id\":\"http:\/\/blogs.ksbe.edu\/kaulualoha\/pu%ca%bbulu-olona\/#breadcrumb\"},\"inLanguage\":\"en-US\",\"potentialAction\":[{\"@type\":\"ReadAction\",\"target\":[\"http:\/\/blogs.ksbe.edu\/kaulualoha\/pu%ca%bbulu-olona\/\"]}]},{\"@type\":\"BreadcrumbList\",\"@id\":\"http:\/\/blogs.ksbe.edu\/kaulualoha\/pu%ca%bbulu-olona\/#breadcrumb\",\"itemListElement\":[{\"@type\":\"ListItem\",\"position\":1,\"name\":\"Home\",\"item\":\"https:\/\/blogs.ksbe.edu\/kaulualoha\/\"},{\"@type\":\"ListItem\",\"position\":2,\"name\":\"P\u016b\u02bbulu Olon\u0101\"}]},{\"@type\":\"WebSite\",\"@id\":\"https:\/\/blogs.ksbe.edu\/kaulualoha\/#website\",\"url\":\"https:\/\/blogs.ksbe.edu\/kaulualoha\/\",\"name\":\"Ka Ulu Aloha\",\"description\":\"Kamehameha Schools Kap\u0101lama Middle School\",\"potentialAction\":[{\"@type\":\"SearchAction\",\"target\":{\"@type\":\"EntryPoint\",\"urlTemplate\":\"https:\/\/blogs.ksbe.edu\/kaulualoha\/?s={search_term_string}\"},\"query-input\":{\"@type\":\"PropertyValueSpecification\",\"valueRequired\":true,\"valueName\":\"search_term_string\"}}],\"inLanguage\":\"en-US\"}]}<\/script>\n<!-- \/ Yoast SEO plugin. -->","yoast_head_json":{"title":"P\u016b\u02bbulu Olon\u0101 - Ka Ulu Aloha","robots":{"index":"index","follow":"follow","max-snippet":"max-snippet:-1","max-image-preview":"max-image-preview:large","max-video-preview":"max-video-preview:-1"},"canonical":"http:\/\/blogs.ksbe.edu\/kaulualoha\/pu\u02bbulu-olona\/","og_locale":"en_US","og_type":"article","og_title":"P\u016b\u02bbulu Olon\u0101 - Ka Ulu Aloha","og_description":"P\u016b\u02bbulu Olon\u0101 The olon\u0101 symbolizes commitment. The bark of the olon\u0101 continues to be highly valued by Hawaiians because of its strong, durable nature. The Hawaiian value associated with the olon\u0101 is kuleana (responsibility). We envision a community of dedicated learners that uniquely contribute to the well-being of the l\u0101hui (Hawaiian population).","og_url":"http:\/\/blogs.ksbe.edu\/kaulualoha\/pu\u02bbulu-olona\/","og_site_name":"Ka Ulu Aloha","article_modified_time":"2018-05-02T19:02:07+00:00","twitter_card":"summary_large_image","schema":{"@context":"https:\/\/schema.org","@graph":[{"@type":"WebPage","@id":"http:\/\/blogs.ksbe.edu\/kaulualoha\/pu%ca%bbulu-olona\/","url":"http:\/\/blogs.ksbe.edu\/kaulualoha\/pu%ca%bbulu-olona\/","name":"P\u016b\u02bbulu Olon\u0101 - Ka Ulu Aloha","isPartOf":{"@id":"https:\/\/blogs.ksbe.edu\/kaulualoha\/#website"},"datePublished":"2015-05-29T08:44:23+00:00","dateModified":"2018-05-02T19:02:07+00:00","breadcrumb":{"@id":"http:\/\/blogs.ksbe.edu\/kaulualoha\/pu%ca%bbulu-olona\/#breadcrumb"},"inLanguage":"en-US","potentialAction":[{"@type":"ReadAction","target":["http:\/\/blogs.ksbe.edu\/kaulualoha\/pu%ca%bbulu-olona\/"]}]},{"@type":"BreadcrumbList","@id":"http:\/\/blogs.ksbe.edu\/kaulualoha\/pu%ca%bbulu-olona\/#breadcrumb","itemListElement":[{"@type":"ListItem","position":1,"name":"Home","item":"https:\/\/blogs.ksbe.edu\/kaulualoha\/"},{"@type":"ListItem","position":2,"name":"P\u016b\u02bbulu Olon\u0101"}]},{"@type":"WebSite","@id":"https:\/\/blogs.ksbe.edu\/kaulualoha\/#website","url":"https:\/\/blogs.ksbe.edu\/kaulualoha\/","name":"Ka Ulu Aloha","description":"Kamehameha Schools Kap\u0101lama Middle School","potentialAction":[{"@type":"SearchAction","target":{"@type":"EntryPoint","urlTemplate":"https:\/\/blogs.ksbe.edu\/kaulualoha\/?s={search_term_string}"},"query-input":{"@type":"PropertyValueSpecification","valueRequired":true,"valueName":"search_term_string"}}],"inLanguage":"en-US"}]}},"_links":{"self":[{"href":"https:\/\/blogs.ksbe.edu\/kaulualoha\/wp-json\/wp\/v2\/pages\/200","targetHints":{"allow":["GET"]}}],"collection":[{"href":"https:\/\/blogs.ksbe.edu\/kaulualoha\/wp-json\/wp\/v2\/pages"}],"about":[{"href":"https:\/\/blogs.ksbe.edu\/kaulualoha\/wp-json\/wp\/v2\/types\/page"}],"author":[{"embeddable":true,"href":"https:\/\/blogs.ksbe.edu\/kaulualoha\/wp-json\/wp\/v2\/users\/893"}],"replies":[{"embeddable":true,"href":"https:\/\/blogs.ksbe.edu\/kaulualoha\/wp-json\/wp\/v2\/comments?post=200"}],"version-history":[{"count":0,"href":"https:\/\/blogs.ksbe.edu\/kaulualoha\/wp-json\/wp\/v2\/pages\/200\/revisions"}],"wp:attachment":[{"href":"https:\/\/blogs.ksbe.edu\/kaulualoha\/wp-json\/wp\/v2\/media?parent=200"}],"curies":[{"name":"wp","href":"https:\/\/api.w.org\/{rel}","templated":true}]}}