{"id":911,"date":"2016-09-10T13:29:55","date_gmt":"2016-09-10T23:29:55","guid":{"rendered":"http:\/\/blogsksbeedu.wpenginepowered.com\/jasilva\/?page_id=911"},"modified":"2016-09-10T13:32:23","modified_gmt":"2016-09-10T23:32:23","slug":"e-na-kini","status":"publish","type":"page","link":"https:\/\/blogs.ksbe.edu\/jasilva\/na-mele\/e-na-kini\/","title":{"rendered":"E N\u0101 Kini"},"content":{"rendered":"<p>by Ernest Kala<\/p>\n<p>Faster:<\/p>\n<!--[if lt IE 9]><script>document.createElement('audio');<\/script><![endif]-->\n<audio class=\"wp-audio-shortcode\" id=\"audio-911-1\" preload=\"none\" style=\"width: 100%;\" controls=\"controls\"><source type=\"audio\/mpeg\" src=\"http:\/\/blogs.ksbe.edu\/jasilva\/files\/2016\/09\/E-Na\u0304-Kini-fast-mp3.mp3?_=1\" \/><a href=\"http:\/\/blogs.ksbe.edu\/jasilva\/files\/2016\/09\/E-Na\u0304-Kini-fast-mp3.mp3\">http:\/\/blogs.ksbe.edu\/jasilva\/files\/2016\/09\/E-Na\u0304-Kini-fast-mp3.mp3<\/a><\/audio>\n<p>Slower:<\/p>\n<audio class=\"wp-audio-shortcode\" id=\"audio-911-2\" preload=\"none\" style=\"width: 100%;\" controls=\"controls\"><source type=\"audio\/mpeg\" src=\"http:\/\/blogs.ksbe.edu\/jasilva\/files\/2016\/09\/E-Na\u0304-Kini-slow-mp3.mp3?_=2\" \/><a href=\"http:\/\/blogs.ksbe.edu\/jasilva\/files\/2016\/09\/E-Na\u0304-Kini-slow-mp3.mp3\">http:\/\/blogs.ksbe.edu\/jasilva\/files\/2016\/09\/E-Na\u0304-Kini-slow-mp3.mp3<\/a><\/audio>\n<p>E n\u0101 kini o ka \u2018\u0101ina e ala mai, a e ala p\u016b<\/p>\n<p>E n\u0101 mamo o Hawai\u2018i nei e ala mai, a e ala p\u016b,<\/p>\n<p>A i mua n\u0101 p\u014dki\u2018i a inu i ka wai \u2018awa\u2018awa,<\/p>\n<p>A e mau ka lanakila, e n\u0101 kini o ka \u2018\u0101ina,<\/p>\n<p>E n\u0101 mamo o Hawai\u2018i nei e ala mai, a e ala p\u016b.<\/p>\n<p>&nbsp;<\/p>\n<p>Chorus:<\/p>\n<p>I ka lawe, lawe a lilo,<\/p>\n<p>I ka pono, pono a mau,<\/p>\n<p>Paio no ka pono \u0113, e n\u0101 kini o ka \u2018\u0101ina<\/p>\n<p>I ka lawe, lawe a lilo<\/p>\n<p>I ka pono, pono a mau<\/p>\n<p>Ua mau ke ea o ka \u2018\u0101ina i ka pono,<\/p>\n<p>Ua mau ke ea o ka \u2018\u0101ina i ka pono.<\/p>\n<p>&nbsp;<\/p>\n<p>E n\u0101 mokupuni o Hawai\u2018i nei e ala mai, a e ala p\u016b<\/p>\n<p>E n\u0101 mano kini a lehu e ala mai, a e ala p\u016b,<\/p>\n<p>Mai Hawai\u2018i o Keawe a Kaua\u2018i o Manokalani,<\/p>\n<p>\u2018Onipa\u2019a mau, \u2018onipa\u2018a mau<\/p>\n<p>E n\u0101 mokupuni o Hawai\u2018i nei,<\/p>\n<p>E n\u0101 mamo kini a lehu e ala mai, a e ala p\u016b.<\/p>\n<p><em>\u00a0<\/em><\/p>\n<p><em>O people of the land rise up!!, And rise up together!!,<\/em><\/p>\n<p><em>O Hawaiian descendants rise up!!, And rise up together!!<\/em><\/p>\n<p><em>And the younger generations move forward and drink the bitter water,<\/em><\/p>\n<p><em>The victory lives always, O people of the land,<\/em><\/p>\n<p><em>O descendants of Hawai\u2019i, rise up!!! (rise up together!!)<\/em><\/p>\n<p><em>\u00a0<\/em><\/p>\n<p><em>Acquire, acquire and receive,<\/em><\/p>\n<p><em>The rights, rights forever,<\/em><\/p>\n<p><em>Fight for the rights, O people of the land.<\/em><\/p>\n<p><em>Acquire, acquire and receive.<\/em><\/p>\n<p><em>The rights, rights forever,<\/em><\/p>\n<p><em>The life of the land is preserved in righteousness.<\/em><\/p>\n<p><em>The life of the land is preserved in righteousness.<\/em><\/p>\n<p><em>\u00a0<\/em><\/p>\n<p><em>O islands of Hawai\u2019i rise up!! And rise up together!!<\/em><\/p>\n<p><em>O numerous multitude and masses rise up!!, And rise up together!!<\/em><\/p>\n<p><em>From Hawai\u2019i of Keawe to Kaua\u2019i of Manokalanipo,<\/em><\/p>\n<p><em>Steadfast always, steadfast always,<\/em><\/p>\n<p><em>O islands of Hawai\u2019i,<\/em><\/p>\n<p><em>O numerous multitudes and masses rise up!!, And rise up together!!<\/em><\/p>\n","protected":false},"excerpt":{"rendered":"<p>by Ernest Kala Faster: Slower: E n\u0101 kini o ka \u2018\u0101ina e ala mai, a e ala p\u016b E n\u0101 mamo o Hawai\u2018i nei e ala mai, a e ala p\u016b, A i mua n\u0101 p\u014dki\u2018i a inu i ka &hellip; <a href=\"https:\/\/blogs.ksbe.edu\/jasilva\/na-mele\/e-na-kini\/\">Continue reading <span class=\"meta-nav\">&rarr;<\/span><\/a><\/p>\n","protected":false},"author":162,"featured_media":0,"parent":909,"menu_order":0,"comment_status":"closed","ping_status":"closed","template":"","meta":{"footnotes":""},"class_list":["post-911","page","type-page","status-publish","hentry"],"yoast_head":"<!-- This site is optimized with the Yoast SEO plugin v25.8 - https:\/\/yoast.com\/wordpress\/plugins\/seo\/ -->\n<title>E N\u0101 Kini - Kumu Pumehana Silva<\/title>\n<meta name=\"robots\" content=\"index, follow, max-snippet:-1, max-image-preview:large, max-video-preview:-1\" \/>\n<link rel=\"canonical\" href=\"https:\/\/blogs.ksbe.edu\/jasilva\/na-mele\/e-na-kini\/\" \/>\n<meta property=\"og:locale\" content=\"en_US\" \/>\n<meta property=\"og:type\" content=\"article\" \/>\n<meta property=\"og:title\" content=\"E N\u0101 Kini - Kumu Pumehana Silva\" \/>\n<meta property=\"og:description\" content=\"by Ernest Kala Faster: Slower: E n\u0101 kini o ka \u2018\u0101ina e ala mai, a e ala p\u016b E n\u0101 mamo o Hawai\u2018i nei e ala mai, a e ala p\u016b, A i mua n\u0101 p\u014dki\u2018i a inu i ka &hellip; Continue reading &rarr;\" \/>\n<meta property=\"og:url\" content=\"https:\/\/blogs.ksbe.edu\/jasilva\/na-mele\/e-na-kini\/\" \/>\n<meta property=\"og:site_name\" content=\"Kumu Pumehana Silva\" \/>\n<meta property=\"article:modified_time\" content=\"2016-09-10T23:32:23+00:00\" \/>\n<meta name=\"twitter:card\" content=\"summary_large_image\" \/>\n<meta name=\"twitter:label1\" content=\"Est. reading time\" \/>\n\t<meta name=\"twitter:data1\" content=\"2 minutes\" \/>\n<script type=\"application\/ld+json\" class=\"yoast-schema-graph\">{\"@context\":\"https:\/\/schema.org\",\"@graph\":[{\"@type\":\"WebPage\",\"@id\":\"https:\/\/blogs.ksbe.edu\/jasilva\/na-mele\/e-na-kini\/\",\"url\":\"https:\/\/blogs.ksbe.edu\/jasilva\/na-mele\/e-na-kini\/\",\"name\":\"E N\u0101 Kini - Kumu Pumehana Silva\",\"isPartOf\":{\"@id\":\"http:\/\/blogs.ksbe.edu\/jasilva\/#website\"},\"datePublished\":\"2016-09-10T23:29:55+00:00\",\"dateModified\":\"2016-09-10T23:32:23+00:00\",\"breadcrumb\":{\"@id\":\"https:\/\/blogs.ksbe.edu\/jasilva\/na-mele\/e-na-kini\/#breadcrumb\"},\"inLanguage\":\"en-US\",\"potentialAction\":[{\"@type\":\"ReadAction\",\"target\":[\"https:\/\/blogs.ksbe.edu\/jasilva\/na-mele\/e-na-kini\/\"]}]},{\"@type\":\"BreadcrumbList\",\"@id\":\"https:\/\/blogs.ksbe.edu\/jasilva\/na-mele\/e-na-kini\/#breadcrumb\",\"itemListElement\":[{\"@type\":\"ListItem\",\"position\":1,\"name\":\"Home\",\"item\":\"http:\/\/blogs.ksbe.edu\/jasilva\/\"},{\"@type\":\"ListItem\",\"position\":2,\"name\":\"N\u0101 Mele\",\"item\":\"https:\/\/blogs.ksbe.edu\/jasilva\/na-mele\/\"},{\"@type\":\"ListItem\",\"position\":3,\"name\":\"E N\u0101 Kini\"}]},{\"@type\":\"WebSite\",\"@id\":\"http:\/\/blogs.ksbe.edu\/jasilva\/#website\",\"url\":\"http:\/\/blogs.ksbe.edu\/jasilva\/\",\"name\":\"Kumu Pumehana Silva\",\"description\":\"M\u014dhala i ka wai ka maka o ka pua. Flowers thrive where there is water, as people thrive where the conditions are good.\",\"potentialAction\":[{\"@type\":\"SearchAction\",\"target\":{\"@type\":\"EntryPoint\",\"urlTemplate\":\"http:\/\/blogs.ksbe.edu\/jasilva\/?s={search_term_string}\"},\"query-input\":{\"@type\":\"PropertyValueSpecification\",\"valueRequired\":true,\"valueName\":\"search_term_string\"}}],\"inLanguage\":\"en-US\"}]}<\/script>\n<!-- \/ Yoast SEO plugin. -->","yoast_head_json":{"title":"E N\u0101 Kini - Kumu Pumehana Silva","robots":{"index":"index","follow":"follow","max-snippet":"max-snippet:-1","max-image-preview":"max-image-preview:large","max-video-preview":"max-video-preview:-1"},"canonical":"https:\/\/blogs.ksbe.edu\/jasilva\/na-mele\/e-na-kini\/","og_locale":"en_US","og_type":"article","og_title":"E N\u0101 Kini - Kumu Pumehana Silva","og_description":"by Ernest Kala Faster: Slower: E n\u0101 kini o ka \u2018\u0101ina e ala mai, a e ala p\u016b E n\u0101 mamo o Hawai\u2018i nei e ala mai, a e ala p\u016b, A i mua n\u0101 p\u014dki\u2018i a inu i ka &hellip; Continue reading &rarr;","og_url":"https:\/\/blogs.ksbe.edu\/jasilva\/na-mele\/e-na-kini\/","og_site_name":"Kumu Pumehana Silva","article_modified_time":"2016-09-10T23:32:23+00:00","twitter_card":"summary_large_image","twitter_misc":{"Est. reading time":"2 minutes"},"schema":{"@context":"https:\/\/schema.org","@graph":[{"@type":"WebPage","@id":"https:\/\/blogs.ksbe.edu\/jasilva\/na-mele\/e-na-kini\/","url":"https:\/\/blogs.ksbe.edu\/jasilva\/na-mele\/e-na-kini\/","name":"E N\u0101 Kini - Kumu Pumehana Silva","isPartOf":{"@id":"http:\/\/blogs.ksbe.edu\/jasilva\/#website"},"datePublished":"2016-09-10T23:29:55+00:00","dateModified":"2016-09-10T23:32:23+00:00","breadcrumb":{"@id":"https:\/\/blogs.ksbe.edu\/jasilva\/na-mele\/e-na-kini\/#breadcrumb"},"inLanguage":"en-US","potentialAction":[{"@type":"ReadAction","target":["https:\/\/blogs.ksbe.edu\/jasilva\/na-mele\/e-na-kini\/"]}]},{"@type":"BreadcrumbList","@id":"https:\/\/blogs.ksbe.edu\/jasilva\/na-mele\/e-na-kini\/#breadcrumb","itemListElement":[{"@type":"ListItem","position":1,"name":"Home","item":"http:\/\/blogs.ksbe.edu\/jasilva\/"},{"@type":"ListItem","position":2,"name":"N\u0101 Mele","item":"https:\/\/blogs.ksbe.edu\/jasilva\/na-mele\/"},{"@type":"ListItem","position":3,"name":"E N\u0101 Kini"}]},{"@type":"WebSite","@id":"http:\/\/blogs.ksbe.edu\/jasilva\/#website","url":"http:\/\/blogs.ksbe.edu\/jasilva\/","name":"Kumu Pumehana Silva","description":"M\u014dhala i ka wai ka maka o ka pua. Flowers thrive where there is water, as people thrive where the conditions are good.","potentialAction":[{"@type":"SearchAction","target":{"@type":"EntryPoint","urlTemplate":"http:\/\/blogs.ksbe.edu\/jasilva\/?s={search_term_string}"},"query-input":{"@type":"PropertyValueSpecification","valueRequired":true,"valueName":"search_term_string"}}],"inLanguage":"en-US"}]}},"_links":{"self":[{"href":"https:\/\/blogs.ksbe.edu\/jasilva\/wp-json\/wp\/v2\/pages\/911","targetHints":{"allow":["GET"]}}],"collection":[{"href":"https:\/\/blogs.ksbe.edu\/jasilva\/wp-json\/wp\/v2\/pages"}],"about":[{"href":"https:\/\/blogs.ksbe.edu\/jasilva\/wp-json\/wp\/v2\/types\/page"}],"author":[{"embeddable":true,"href":"https:\/\/blogs.ksbe.edu\/jasilva\/wp-json\/wp\/v2\/users\/162"}],"replies":[{"embeddable":true,"href":"https:\/\/blogs.ksbe.edu\/jasilva\/wp-json\/wp\/v2\/comments?post=911"}],"version-history":[{"count":0,"href":"https:\/\/blogs.ksbe.edu\/jasilva\/wp-json\/wp\/v2\/pages\/911\/revisions"}],"up":[{"embeddable":true,"href":"https:\/\/blogs.ksbe.edu\/jasilva\/wp-json\/wp\/v2\/pages\/909"}],"wp:attachment":[{"href":"https:\/\/blogs.ksbe.edu\/jasilva\/wp-json\/wp\/v2\/media?parent=911"}],"curies":[{"name":"wp","href":"https:\/\/api.w.org\/{rel}","templated":true}]}}