{"id":2,"date":"2007-08-28T17:12:26","date_gmt":"2007-08-29T03:12:26","guid":{"rendered":""},"modified":"2015-08-11T10:26:04","modified_gmt":"2015-08-11T20:26:04","slug":"about","status":"publish","type":"page","link":"https:\/\/blogs.ksbe.edu\/jasilva\/about\/","title":{"rendered":"About"},"content":{"rendered":"<p><a href=\"http:\/\/blogs.ksbe.edu\/jasilva\/files\/2007\/08\/roxy_me2010.jpg\"><img loading=\"lazy\" decoding=\"async\" class=\"alignleft size-thumbnail wp-image-163\" title=\"roxy_me2010\" src=\"http:\/\/blogs.ksbe.edu\/jasilva\/files\/2007\/08\/roxy_me2010-150x150.jpg\" alt=\"\" width=\"150\" height=\"150\" \/><\/a>Aloha,<\/p>\n<p>Kumu Roxanne Kala and myself, Kumu Pumehana Silva, have been blessed to have worked together for many years and now though we are in separate buildings, we continue to serve Pauahi&#8217;s pua. I am thankful for such wonderful friendships that have been developed here at Kamehameha and look forward to serving in a different capacity.<\/p>\n<p><a href=\"http:\/\/blogs.ksbe.edu\/jasilva\/files\/2007\/08\/IMG_0776.jpg\"><img loading=\"lazy\" decoding=\"async\" src=\"http:\/\/blogs.ksbe.edu\/jasilva\/files\/2007\/08\/IMG_0776-150x150.jpg\" alt=\"IMG_0776\" width=\"150\" height=\"150\" class=\"alignleft size-thumbnail wp-image-870\" \/><\/a><\/p>\n<p>Beginning the school year 2015 &#8211; 2016, I will be teaching the Papa Nohona Hawai\u2018i class. I look forward to assisting in building a strong kahua or foundation for our keiki here at the Kula Ha\u2018aha\u2018a. I come from a family of many teachers, both cultural practitioners and school teachers. My \u02bbohana comes from the moku of H\u0101m\u0101kua, from Kalop\u0101 to Waipi\u02bbo. I love this island of Hawai\u02bbi and my goal is to help our keiki build pilina (relationships) to their \u02bbohana, to their l\u0101hui, to their \u02bb\u0101ina, and to ke Akua. I strongly believe that Heavenly Father has guided each of us to where we are today and I pray that I will be able to serve both Him and the keiki well.<\/p>\n","protected":false},"excerpt":{"rendered":"<p>Aloha, Kumu Roxanne Kala and myself, Kumu Pumehana Silva, have been blessed to have worked together for many years and now though we are in separate buildings, we continue to serve Pauahi&#8217;s pua. I am thankful for such wonderful friendships &hellip; <a href=\"https:\/\/blogs.ksbe.edu\/jasilva\/about\/\">Continue reading <span class=\"meta-nav\">&rarr;<\/span><\/a><\/p>\n","protected":false},"author":162,"featured_media":0,"parent":0,"menu_order":0,"comment_status":"open","ping_status":"open","template":"","meta":{"footnotes":""},"class_list":["post-2","page","type-page","status-publish","hentry"],"yoast_head":"<!-- This site is optimized with the Yoast SEO plugin v25.8 - https:\/\/yoast.com\/wordpress\/plugins\/seo\/ -->\n<title>About - Kumu Pumehana Silva<\/title>\n<meta name=\"robots\" content=\"index, follow, max-snippet:-1, max-image-preview:large, max-video-preview:-1\" \/>\n<link rel=\"canonical\" href=\"https:\/\/blogs.ksbe.edu\/jasilva\/about\/\" \/>\n<meta property=\"og:locale\" content=\"en_US\" \/>\n<meta property=\"og:type\" content=\"article\" \/>\n<meta property=\"og:title\" content=\"About - Kumu Pumehana Silva\" \/>\n<meta property=\"og:description\" content=\"Aloha, Kumu Roxanne Kala and myself, Kumu Pumehana Silva, have been blessed to have worked together for many years and now though we are in separate buildings, we continue to serve Pauahi&#8217;s pua. I am thankful for such wonderful friendships &hellip; Continue reading &rarr;\" \/>\n<meta property=\"og:url\" content=\"https:\/\/blogs.ksbe.edu\/jasilva\/about\/\" \/>\n<meta property=\"og:site_name\" content=\"Kumu Pumehana Silva\" \/>\n<meta property=\"article:modified_time\" content=\"2015-08-11T20:26:04+00:00\" \/>\n<meta property=\"og:image\" content=\"http:\/\/blogs.ksbe.edu\/jasilva\/files\/2007\/08\/roxy_me2010-150x150.jpg\" \/>\n<meta name=\"twitter:card\" content=\"summary_large_image\" \/>\n<meta name=\"twitter:label1\" content=\"Est. reading time\" \/>\n\t<meta name=\"twitter:data1\" content=\"1 minute\" \/>\n<script type=\"application\/ld+json\" class=\"yoast-schema-graph\">{\"@context\":\"https:\/\/schema.org\",\"@graph\":[{\"@type\":\"WebPage\",\"@id\":\"https:\/\/blogs.ksbe.edu\/jasilva\/about\/\",\"url\":\"https:\/\/blogs.ksbe.edu\/jasilva\/about\/\",\"name\":\"About - Kumu Pumehana Silva\",\"isPartOf\":{\"@id\":\"http:\/\/blogs.ksbe.edu\/jasilva\/#website\"},\"primaryImageOfPage\":{\"@id\":\"https:\/\/blogs.ksbe.edu\/jasilva\/about\/#primaryimage\"},\"image\":{\"@id\":\"https:\/\/blogs.ksbe.edu\/jasilva\/about\/#primaryimage\"},\"thumbnailUrl\":\"http:\/\/blogs.ksbe.edu\/jasilva\/files\/2007\/08\/roxy_me2010-150x150.jpg\",\"datePublished\":\"2007-08-29T03:12:26+00:00\",\"dateModified\":\"2015-08-11T20:26:04+00:00\",\"breadcrumb\":{\"@id\":\"https:\/\/blogs.ksbe.edu\/jasilva\/about\/#breadcrumb\"},\"inLanguage\":\"en-US\",\"potentialAction\":[{\"@type\":\"ReadAction\",\"target\":[\"https:\/\/blogs.ksbe.edu\/jasilva\/about\/\"]}]},{\"@type\":\"ImageObject\",\"inLanguage\":\"en-US\",\"@id\":\"https:\/\/blogs.ksbe.edu\/jasilva\/about\/#primaryimage\",\"url\":\"https:\/\/blogs.ksbe.edu\/jasilva\/files\/2007\/08\/roxy_me2010.jpg\",\"contentUrl\":\"https:\/\/blogs.ksbe.edu\/jasilva\/files\/2007\/08\/roxy_me2010.jpg\",\"width\":\"320\",\"height\":\"213\"},{\"@type\":\"BreadcrumbList\",\"@id\":\"https:\/\/blogs.ksbe.edu\/jasilva\/about\/#breadcrumb\",\"itemListElement\":[{\"@type\":\"ListItem\",\"position\":1,\"name\":\"Home\",\"item\":\"http:\/\/blogs.ksbe.edu\/jasilva\/\"},{\"@type\":\"ListItem\",\"position\":2,\"name\":\"About\"}]},{\"@type\":\"WebSite\",\"@id\":\"http:\/\/blogs.ksbe.edu\/jasilva\/#website\",\"url\":\"http:\/\/blogs.ksbe.edu\/jasilva\/\",\"name\":\"Kumu Pumehana Silva\",\"description\":\"M\u014dhala i ka wai ka maka o ka pua. Flowers thrive where there is water, as people thrive where the conditions are good.\",\"potentialAction\":[{\"@type\":\"SearchAction\",\"target\":{\"@type\":\"EntryPoint\",\"urlTemplate\":\"http:\/\/blogs.ksbe.edu\/jasilva\/?s={search_term_string}\"},\"query-input\":{\"@type\":\"PropertyValueSpecification\",\"valueRequired\":true,\"valueName\":\"search_term_string\"}}],\"inLanguage\":\"en-US\"}]}<\/script>\n<!-- \/ Yoast SEO plugin. -->","yoast_head_json":{"title":"About - Kumu Pumehana Silva","robots":{"index":"index","follow":"follow","max-snippet":"max-snippet:-1","max-image-preview":"max-image-preview:large","max-video-preview":"max-video-preview:-1"},"canonical":"https:\/\/blogs.ksbe.edu\/jasilva\/about\/","og_locale":"en_US","og_type":"article","og_title":"About - Kumu Pumehana Silva","og_description":"Aloha, Kumu Roxanne Kala and myself, Kumu Pumehana Silva, have been blessed to have worked together for many years and now though we are in separate buildings, we continue to serve Pauahi&#8217;s pua. I am thankful for such wonderful friendships &hellip; Continue reading &rarr;","og_url":"https:\/\/blogs.ksbe.edu\/jasilva\/about\/","og_site_name":"Kumu Pumehana Silva","article_modified_time":"2015-08-11T20:26:04+00:00","og_image":[{"url":"http:\/\/blogs.ksbe.edu\/jasilva\/files\/2007\/08\/roxy_me2010-150x150.jpg","type":"","width":"","height":""}],"twitter_card":"summary_large_image","twitter_misc":{"Est. reading time":"1 minute"},"schema":{"@context":"https:\/\/schema.org","@graph":[{"@type":"WebPage","@id":"https:\/\/blogs.ksbe.edu\/jasilva\/about\/","url":"https:\/\/blogs.ksbe.edu\/jasilva\/about\/","name":"About - Kumu Pumehana Silva","isPartOf":{"@id":"http:\/\/blogs.ksbe.edu\/jasilva\/#website"},"primaryImageOfPage":{"@id":"https:\/\/blogs.ksbe.edu\/jasilva\/about\/#primaryimage"},"image":{"@id":"https:\/\/blogs.ksbe.edu\/jasilva\/about\/#primaryimage"},"thumbnailUrl":"http:\/\/blogs.ksbe.edu\/jasilva\/files\/2007\/08\/roxy_me2010-150x150.jpg","datePublished":"2007-08-29T03:12:26+00:00","dateModified":"2015-08-11T20:26:04+00:00","breadcrumb":{"@id":"https:\/\/blogs.ksbe.edu\/jasilva\/about\/#breadcrumb"},"inLanguage":"en-US","potentialAction":[{"@type":"ReadAction","target":["https:\/\/blogs.ksbe.edu\/jasilva\/about\/"]}]},{"@type":"ImageObject","inLanguage":"en-US","@id":"https:\/\/blogs.ksbe.edu\/jasilva\/about\/#primaryimage","url":"https:\/\/blogs.ksbe.edu\/jasilva\/files\/2007\/08\/roxy_me2010.jpg","contentUrl":"https:\/\/blogs.ksbe.edu\/jasilva\/files\/2007\/08\/roxy_me2010.jpg","width":"320","height":"213"},{"@type":"BreadcrumbList","@id":"https:\/\/blogs.ksbe.edu\/jasilva\/about\/#breadcrumb","itemListElement":[{"@type":"ListItem","position":1,"name":"Home","item":"http:\/\/blogs.ksbe.edu\/jasilva\/"},{"@type":"ListItem","position":2,"name":"About"}]},{"@type":"WebSite","@id":"http:\/\/blogs.ksbe.edu\/jasilva\/#website","url":"http:\/\/blogs.ksbe.edu\/jasilva\/","name":"Kumu Pumehana Silva","description":"M\u014dhala i ka wai ka maka o ka pua. Flowers thrive where there is water, as people thrive where the conditions are good.","potentialAction":[{"@type":"SearchAction","target":{"@type":"EntryPoint","urlTemplate":"http:\/\/blogs.ksbe.edu\/jasilva\/?s={search_term_string}"},"query-input":{"@type":"PropertyValueSpecification","valueRequired":true,"valueName":"search_term_string"}}],"inLanguage":"en-US"}]}},"_links":{"self":[{"href":"https:\/\/blogs.ksbe.edu\/jasilva\/wp-json\/wp\/v2\/pages\/2","targetHints":{"allow":["GET"]}}],"collection":[{"href":"https:\/\/blogs.ksbe.edu\/jasilva\/wp-json\/wp\/v2\/pages"}],"about":[{"href":"https:\/\/blogs.ksbe.edu\/jasilva\/wp-json\/wp\/v2\/types\/page"}],"author":[{"embeddable":true,"href":"https:\/\/blogs.ksbe.edu\/jasilva\/wp-json\/wp\/v2\/users\/162"}],"replies":[{"embeddable":true,"href":"https:\/\/blogs.ksbe.edu\/jasilva\/wp-json\/wp\/v2\/comments?post=2"}],"version-history":[{"count":0,"href":"https:\/\/blogs.ksbe.edu\/jasilva\/wp-json\/wp\/v2\/pages\/2\/revisions"}],"wp:attachment":[{"href":"https:\/\/blogs.ksbe.edu\/jasilva\/wp-json\/wp\/v2\/media?parent=2"}],"curies":[{"name":"wp","href":"https:\/\/api.w.org\/{rel}","templated":true}]}}