{"id":2,"date":"2013-08-06T13:49:18","date_gmt":"2013-08-06T23:49:18","guid":{"rendered":"http:\/\/blogsksbeedu.wpenginepowered.com\/ekkaniau\/?page_id=2"},"modified":"2013-08-06T13:47:18","modified_gmt":"2013-08-06T23:47:18","slug":"sample-page","status":"publish","type":"page","link":"https:\/\/blogs.ksbe.edu\/ekkaniau\/","title":{"rendered":"\u02bbO au iho n\u014d!"},"content":{"rendered":"<p><a href=\"http:\/\/blogs.ksbe.edu\/ekkaniau\/files\/2011\/12\/photo.jpg\"><img loading=\"lazy\" decoding=\"async\" class=\"alignnone size-medium wp-image-18\" title=\"photo\" alt=\"\" src=\"http:\/\/blogs.ksbe.edu\/ekkaniau\/files\/2011\/12\/photo-300x225.jpg\" width=\"300\" height=\"225\" srcset=\"https:\/\/blogs.ksbe.edu\/ekkaniau\/files\/2011\/12\/photo-300x225.jpg 300w, https:\/\/blogs.ksbe.edu\/ekkaniau\/files\/2011\/12\/photo.jpg 960w\" sizes=\"auto, (max-width: 300px) 100vw, 300px\" \/><\/a><br \/>\nJ. Ekela Kaniaupio-Crozier<br \/>\nHawaiian Protocol Facilitator<br \/>\nKamehameha Schools Maui<br \/>\n270 \u02bbA\u02bbapueo Parkway<br \/>\nPukalani, HI 96768<br \/>\ntelephone (808) 572-3237<br \/>\nfax (808) 572-7062<\/p>\n<p>Aloha mai k\u0101kou!<br \/>\nMahalo no kou kipa \u02bbana mai i ka\u02bbu blog.\u00a0 \u02bbO au ke Kahu M\u0101lama Loina Hawai\u02bbi ma nei Kula \u02bbo Kamehameha.\u00a0 No H\u0101lawa Uka, O\u02bbahu mai au.\u00a0 \u02bbO Keaunui a me Kaniaupio n\u0101 \u02bbohana o ku\u02bbu po\u02bbe m\u0101kua, no laila \u02bbo ka \u02bb\u0101ina \u02bbo Hau\u02bbula a me Maunawili ko l\u0101ua \u02bb\u0101ina h\u0101nau.<br \/>\nUa puka aku au mai ke Kulanui \u02bbo Hawai\u02bbi ma M\u0101noa me ke kekele \u02bb\u014dlelo Hawai\u02bbi a me ka palapala no ke a\u02bbo \u02bbana aku i n\u0101 \u02bb\u014dlelo \u02bb\u0113 ma ke kula ki\u02bbeki\u02bbe.\u00a0 No laila ua a\u02bbo akula au i ka \u02bb\u014dlelo Hawai\u02bbi ma n\u0101 kula like\u02bbole, e la\u02bba, Ke Kula \u02bbo Kana Lui, Ke Kula M\u0101kua \u02bbo Kaimuk\u012b a me Kaiser, Ke Kula \u02bbo Kamehameha ma Kap\u0101lama,\u00a0 Ke Kulanui \u02bbo Hawai\u02bbi ma M\u0101noa, Leeward a me Maui.\u00a0 A eia kekahi, ua ho\u02bbokumu au i kekahi mau papahana a\u02bbo \u02bb\u014dlelo Hawai\u02bbi a puni ka pae\u02bb\u0101ina \u02bbo Hawai\u02bbi, \u02bbo ia ho\u02bbi \u02bbo Leo Kai\u0101ulu a me Kul\u0101iwi, he polokalamu k\u012bw\u012b n\u014d ia.<br \/>\n\u02bbO au ka Hope Kahu o ka \u02bbEkalesia \u02bbo Kupaianaha ma Wailuku.\u00a0 \u02bbO P\u014dmaika\u02bbi Kaniaupio-Crozier ka\u02bbu k\u0101ne.\u00a0 He manekia m\u0101lama \u02bb\u0101ina \u02bbo ia no Pu\u02bbu Kukui ma Maui nei.\u00a0 \u02bbEkolu a\u02bbu keiki a\u02bbu e aloha nui ai. \u02bbO Keonilei ka\u02bbu hiapo, \u02bbo Kuanoni ka\u02bbu keiki k\u0101ne ho&#8217;okahi a \u02bbo Kaleialoha ka\u02bbu muli loa.\u00a0 Aia ke ki\u02bbi o Kuanoni a me Kaleialoha ma luna nei. \u00a0Eia kekahi, i \u02bbApelila i h\u0101nau \u02bbia ai ku\u02bbu mo\u02bbopuna mua loa, \u02bbo River-Jordan Kaleohoneokalanakila. \u00a0\u02bbO ia ka mea makamae aloha nui \u02bbia i ku\u02bbu mau maka. \u00a0Ho\u02bbomaika\u02bbi aku au i Ke Akua no ku\u02bbu \u02bbohana.<br \/>\nIn\u0101 he mau mana\u02bbo paha kou, e h\u014d\u02bb\u012bke wale mai a i \u02bbole in\u0101 he mau n\u012bnau, e n\u012bnau wale mai!<br \/>\nKe Akua p\u016b me \u02bboukou a pau.<\/p>\n<p>&nbsp;<\/p>\n","protected":false},"excerpt":{"rendered":"<p>J. Ekela Kaniaupio-Crozier Hawaiian Protocol Facilitator Kamehameha Schools Maui 270 \u02bbA\u02bbapueo Parkway Pukalani, HI 96768 telephone (808) 572-3237 fax (808) 572-7062 Aloha mai k\u0101kou! Mahalo no kou kipa \u02bbana mai i ka\u02bbu blog.\u00a0 \u02bbO au ke Kahu M\u0101lama Loina Hawai\u02bbi ma nei Kula \u02bbo Kamehameha.\u00a0 No H\u0101lawa Uka, O\u02bbahu mai au.\u00a0 \u02bbO Keaunui a me [&hellip;]<\/p>\n","protected":false},"author":630,"featured_media":0,"parent":0,"menu_order":0,"comment_status":"closed","ping_status":"closed","template":"","meta":{"footnotes":""},"class_list":["post-2","page","type-page","status-publish","hentry"],"yoast_head":"<!-- This site is optimized with the Yoast SEO plugin v25.8 - https:\/\/yoast.com\/wordpress\/plugins\/seo\/ -->\n<title>\u02bbO au iho n\u014d! - Ekela Kaniaupio-Crozier<\/title>\n<meta name=\"robots\" content=\"index, follow, max-snippet:-1, max-image-preview:large, max-video-preview:-1\" \/>\n<link rel=\"canonical\" href=\"https:\/\/blogs.ksbe.edu\/ekkaniau\/\" \/>\n<meta property=\"og:locale\" content=\"en_US\" \/>\n<meta property=\"og:type\" content=\"article\" \/>\n<meta property=\"og:title\" content=\"\u02bbO au iho n\u014d! - Ekela Kaniaupio-Crozier\" \/>\n<meta property=\"og:description\" content=\"J. Ekela Kaniaupio-Crozier Hawaiian Protocol Facilitator Kamehameha Schools Maui 270 \u02bbA\u02bbapueo Parkway Pukalani, HI 96768 telephone (808) 572-3237 fax (808) 572-7062 Aloha mai k\u0101kou! Mahalo no kou kipa \u02bbana mai i ka\u02bbu blog.\u00a0 \u02bbO au ke Kahu M\u0101lama Loina Hawai\u02bbi ma nei Kula \u02bbo Kamehameha.\u00a0 No H\u0101lawa Uka, O\u02bbahu mai au.\u00a0 \u02bbO Keaunui a me [&hellip;]\" \/>\n<meta property=\"og:url\" content=\"https:\/\/blogs.ksbe.edu\/ekkaniau\/\" \/>\n<meta property=\"og:site_name\" content=\"Ekela Kaniaupio-Crozier\" \/>\n<meta property=\"og:image\" content=\"http:\/\/blogs.ksbe.edu\/ekkaniau\/files\/2011\/12\/photo-300x225.jpg\" \/>\n<meta name=\"twitter:card\" content=\"summary_large_image\" \/>\n<meta name=\"twitter:label1\" content=\"Est. reading time\" \/>\n\t<meta name=\"twitter:data1\" content=\"2 minutes\" \/>\n<script type=\"application\/ld+json\" class=\"yoast-schema-graph\">{\"@context\":\"https:\/\/schema.org\",\"@graph\":[{\"@type\":\"WebPage\",\"@id\":\"https:\/\/blogs.ksbe.edu\/ekkaniau\/\",\"url\":\"https:\/\/blogs.ksbe.edu\/ekkaniau\/\",\"name\":\"\u02bbO au iho n\u014d! - Ekela Kaniaupio-Crozier\",\"isPartOf\":{\"@id\":\"https:\/\/blogs.ksbe.edu\/ekkaniau\/#website\"},\"primaryImageOfPage\":{\"@id\":\"https:\/\/blogs.ksbe.edu\/ekkaniau\/#primaryimage\"},\"image\":{\"@id\":\"https:\/\/blogs.ksbe.edu\/ekkaniau\/#primaryimage\"},\"thumbnailUrl\":\"http:\/\/blogs.ksbe.edu\/ekkaniau\/files\/2011\/12\/photo-300x225.jpg\",\"datePublished\":\"2013-08-06T23:49:18+00:00\",\"breadcrumb\":{\"@id\":\"https:\/\/blogs.ksbe.edu\/ekkaniau\/#breadcrumb\"},\"inLanguage\":\"en-US\",\"potentialAction\":[{\"@type\":\"ReadAction\",\"target\":[\"https:\/\/blogs.ksbe.edu\/ekkaniau\/\"]}]},{\"@type\":\"ImageObject\",\"inLanguage\":\"en-US\",\"@id\":\"https:\/\/blogs.ksbe.edu\/ekkaniau\/#primaryimage\",\"url\":\"https:\/\/blogs.ksbe.edu\/ekkaniau\/files\/2011\/12\/photo.jpg\",\"contentUrl\":\"https:\/\/blogs.ksbe.edu\/ekkaniau\/files\/2011\/12\/photo.jpg\",\"width\":\"960\",\"height\":\"720\"},{\"@type\":\"BreadcrumbList\",\"@id\":\"https:\/\/blogs.ksbe.edu\/ekkaniau\/#breadcrumb\",\"itemListElement\":[{\"@type\":\"ListItem\",\"position\":1,\"name\":\"Home\",\"item\":\"https:\/\/blogs.ksbe.edu\/ekkaniau\/\"},{\"@type\":\"ListItem\",\"position\":2,\"name\":\"\u02bbO au iho n\u014d!\"}]},{\"@type\":\"WebSite\",\"@id\":\"https:\/\/blogs.ksbe.edu\/ekkaniau\/#website\",\"url\":\"https:\/\/blogs.ksbe.edu\/ekkaniau\/\",\"name\":\"Ekela Kaniaupio-Crozier\",\"description\":\"Kumu Ekela\",\"potentialAction\":[{\"@type\":\"SearchAction\",\"target\":{\"@type\":\"EntryPoint\",\"urlTemplate\":\"https:\/\/blogs.ksbe.edu\/ekkaniau\/?s={search_term_string}\"},\"query-input\":{\"@type\":\"PropertyValueSpecification\",\"valueRequired\":true,\"valueName\":\"search_term_string\"}}],\"inLanguage\":\"en-US\"}]}<\/script>\n<!-- \/ Yoast SEO plugin. -->","yoast_head_json":{"title":"\u02bbO au iho n\u014d! - Ekela Kaniaupio-Crozier","robots":{"index":"index","follow":"follow","max-snippet":"max-snippet:-1","max-image-preview":"max-image-preview:large","max-video-preview":"max-video-preview:-1"},"canonical":"https:\/\/blogs.ksbe.edu\/ekkaniau\/","og_locale":"en_US","og_type":"article","og_title":"\u02bbO au iho n\u014d! - Ekela Kaniaupio-Crozier","og_description":"J. Ekela Kaniaupio-Crozier Hawaiian Protocol Facilitator Kamehameha Schools Maui 270 \u02bbA\u02bbapueo Parkway Pukalani, HI 96768 telephone (808) 572-3237 fax (808) 572-7062 Aloha mai k\u0101kou! Mahalo no kou kipa \u02bbana mai i ka\u02bbu blog.\u00a0 \u02bbO au ke Kahu M\u0101lama Loina Hawai\u02bbi ma nei Kula \u02bbo Kamehameha.\u00a0 No H\u0101lawa Uka, O\u02bbahu mai au.\u00a0 \u02bbO Keaunui a me [&hellip;]","og_url":"https:\/\/blogs.ksbe.edu\/ekkaniau\/","og_site_name":"Ekela Kaniaupio-Crozier","og_image":[{"url":"http:\/\/blogs.ksbe.edu\/ekkaniau\/files\/2011\/12\/photo-300x225.jpg","type":"","width":"","height":""}],"twitter_card":"summary_large_image","twitter_misc":{"Est. reading time":"2 minutes"},"schema":{"@context":"https:\/\/schema.org","@graph":[{"@type":"WebPage","@id":"https:\/\/blogs.ksbe.edu\/ekkaniau\/","url":"https:\/\/blogs.ksbe.edu\/ekkaniau\/","name":"\u02bbO au iho n\u014d! - Ekela Kaniaupio-Crozier","isPartOf":{"@id":"https:\/\/blogs.ksbe.edu\/ekkaniau\/#website"},"primaryImageOfPage":{"@id":"https:\/\/blogs.ksbe.edu\/ekkaniau\/#primaryimage"},"image":{"@id":"https:\/\/blogs.ksbe.edu\/ekkaniau\/#primaryimage"},"thumbnailUrl":"http:\/\/blogs.ksbe.edu\/ekkaniau\/files\/2011\/12\/photo-300x225.jpg","datePublished":"2013-08-06T23:49:18+00:00","breadcrumb":{"@id":"https:\/\/blogs.ksbe.edu\/ekkaniau\/#breadcrumb"},"inLanguage":"en-US","potentialAction":[{"@type":"ReadAction","target":["https:\/\/blogs.ksbe.edu\/ekkaniau\/"]}]},{"@type":"ImageObject","inLanguage":"en-US","@id":"https:\/\/blogs.ksbe.edu\/ekkaniau\/#primaryimage","url":"https:\/\/blogs.ksbe.edu\/ekkaniau\/files\/2011\/12\/photo.jpg","contentUrl":"https:\/\/blogs.ksbe.edu\/ekkaniau\/files\/2011\/12\/photo.jpg","width":"960","height":"720"},{"@type":"BreadcrumbList","@id":"https:\/\/blogs.ksbe.edu\/ekkaniau\/#breadcrumb","itemListElement":[{"@type":"ListItem","position":1,"name":"Home","item":"https:\/\/blogs.ksbe.edu\/ekkaniau\/"},{"@type":"ListItem","position":2,"name":"\u02bbO au iho n\u014d!"}]},{"@type":"WebSite","@id":"https:\/\/blogs.ksbe.edu\/ekkaniau\/#website","url":"https:\/\/blogs.ksbe.edu\/ekkaniau\/","name":"Ekela Kaniaupio-Crozier","description":"Kumu Ekela","potentialAction":[{"@type":"SearchAction","target":{"@type":"EntryPoint","urlTemplate":"https:\/\/blogs.ksbe.edu\/ekkaniau\/?s={search_term_string}"},"query-input":{"@type":"PropertyValueSpecification","valueRequired":true,"valueName":"search_term_string"}}],"inLanguage":"en-US"}]}},"_links":{"self":[{"href":"https:\/\/blogs.ksbe.edu\/ekkaniau\/wp-json\/wp\/v2\/pages\/2","targetHints":{"allow":["GET"]}}],"collection":[{"href":"https:\/\/blogs.ksbe.edu\/ekkaniau\/wp-json\/wp\/v2\/pages"}],"about":[{"href":"https:\/\/blogs.ksbe.edu\/ekkaniau\/wp-json\/wp\/v2\/types\/page"}],"author":[{"embeddable":true,"href":"https:\/\/blogs.ksbe.edu\/ekkaniau\/wp-json\/wp\/v2\/users\/630"}],"replies":[{"embeddable":true,"href":"https:\/\/blogs.ksbe.edu\/ekkaniau\/wp-json\/wp\/v2\/comments?post=2"}],"version-history":[{"count":0,"href":"https:\/\/blogs.ksbe.edu\/ekkaniau\/wp-json\/wp\/v2\/pages\/2\/revisions"}],"wp:attachment":[{"href":"https:\/\/blogs.ksbe.edu\/ekkaniau\/wp-json\/wp\/v2\/media?parent=2"}],"curies":[{"name":"wp","href":"https:\/\/api.w.org\/{rel}","templated":true}]}}