{"id":265,"date":"2013-07-05T16:01:12","date_gmt":"2013-07-06T02:01:12","guid":{"rendered":"http:\/\/blogsksbeedu.wpenginepowered.com\/alohaainaproject\/?page_id=265"},"modified":"2023-04-24T11:42:45","modified_gmt":"2023-04-24T21:42:45","slug":"oli-mahalo","status":"publish","type":"page","link":"https:\/\/blogs.ksbe.edu\/alohaainaproject\/oli-mahalo\/","title":{"rendered":"Oli Mahalo"},"content":{"rendered":"<p>Composed by: Kehau Smith<\/p>\n<p>Oli Mahalo<br \/>\n<a href=\"http:\/\/blogs.ksbe.edu\/alohaainaproject\/files\/2013\/07\/Oli-Mahalo.mp3\">.<\/a><\/p>\n<table border=\"1\" width=\"100%\" cellpadding=\"0\">\n<tbody>\n<tr>\n<td valign=\"top\" width=\"37%\"><i>\u02bbU hola \u02bbia ka maka loa la<\/i><\/p>\n<p><i>P\u016b\u02bbai ke aloha la<\/i><\/p>\n<p><i>K\u016bka\u02bbi \u02bbia ka H\u0101loa la<\/i><\/p>\n<p><i><br \/>\nP\u0101 wehi mai n\u0101 lehua<\/i><\/p>\n<p><i>Mai ka ho\u02bboku\u02bbi a ka h\u0101l\u0101wai la<\/i><\/p>\n<p><i><br \/>\nMahalo, e ke akua<\/i><\/p>\n<p><i>Mahalo, e n\u0101 k\u016bpuna la ea<\/i><\/p>\n<p><i>Mahalo, me ke aloha la<\/i><\/p>\n<p><i>Mahalo, me ke aloha la<\/i><\/td>\n<td valign=\"top\" width=\"61%\">To spread forth, open up the most fine quality mat<\/p>\n<p>Exchange\/share as potluck or aloha<\/p>\n<p>Exchange as greetings (between man and wife and descendants)<\/p>\n<p>To adorn with the <i>lehua<\/i> flower<\/p>\n<p>From East to West; sunrise to sunset, we are discoverers, navigators, take care of our <i>\u02bb\u0101ina<\/i><\/p>\n<p>We thank our creators<\/p>\n<p>We thank our ancestors<\/p>\n<p>We thank you with love<\/p>\n<p>We thank you with love<\/td>\n<\/tr>\n<\/tbody>\n<\/table>\n<p>BACKGROUND<\/p>\n<p>This <i>oli<\/i> was composed as a greeting of thanks for hospitality, love, generosity and knowledge that is given to us. It also gives thanks to the beauty of the islands and our people. <i>H\u0101loa<\/i> is ever-lasting breath. The <i>kalo<\/i> plant is considered our ancestor that is cherished and preserved. <i>Makaloa<\/i> is the finest mat woven. It is considered higher quality that <i>lau hala<\/i>. The message is that it is important for us to practice being \u201cthankful\u201d every day.<\/p>\n","protected":false},"excerpt":{"rendered":"<p>Composed by: Kehau Smith Oli Mahalo . \u02bbU hola \u02bbia ka maka loa la P\u016b\u02bbai ke aloha la K\u016bka\u02bbi \u02bbia ka H\u0101loa la P\u0101 wehi mai n\u0101 lehua Mai ka ho\u02bboku\u02bbi a ka h\u0101l\u0101wai la Mahalo, e ke akua Mahalo, &hellip; <a href=\"https:\/\/blogs.ksbe.edu\/alohaainaproject\/oli-mahalo\/\">Continue reading <span class=\"meta-nav\">&rarr;<\/span><\/a><\/p>\n","protected":false},"author":23,"featured_media":0,"parent":0,"menu_order":0,"comment_status":"closed","ping_status":"closed","template":"sidebar-page.php","meta":{"footnotes":""},"class_list":["post-265","page","type-page","status-publish","hentry"],"yoast_head":"<!-- This site is optimized with the Yoast SEO plugin v25.8 - https:\/\/yoast.com\/wordpress\/plugins\/seo\/ -->\n<title>Oli Mahalo - Aloha \u02bb\u0100ina Project<\/title>\n<meta name=\"robots\" content=\"index, follow, max-snippet:-1, max-image-preview:large, max-video-preview:-1\" \/>\n<link rel=\"canonical\" href=\"https:\/\/blogs.ksbe.edu\/alohaainaproject\/oli-mahalo\/\" \/>\n<meta property=\"og:locale\" content=\"en_US\" \/>\n<meta property=\"og:type\" content=\"article\" \/>\n<meta property=\"og:title\" content=\"Oli Mahalo - Aloha \u02bb\u0100ina Project\" \/>\n<meta property=\"og:description\" content=\"Composed by: Kehau Smith Oli Mahalo . \u02bbU hola \u02bbia ka maka loa la P\u016b\u02bbai ke aloha la K\u016bka\u02bbi \u02bbia ka H\u0101loa la P\u0101 wehi mai n\u0101 lehua Mai ka ho\u02bboku\u02bbi a ka h\u0101l\u0101wai la Mahalo, e ke akua Mahalo, &hellip; Continue reading &rarr;\" \/>\n<meta property=\"og:url\" content=\"https:\/\/blogs.ksbe.edu\/alohaainaproject\/oli-mahalo\/\" \/>\n<meta property=\"og:site_name\" content=\"Aloha \u02bb\u0100ina Project\" \/>\n<meta property=\"article:modified_time\" content=\"2023-04-24T21:42:45+00:00\" \/>\n<meta name=\"twitter:card\" content=\"summary_large_image\" \/>\n<meta name=\"twitter:label1\" content=\"Est. reading time\" \/>\n\t<meta name=\"twitter:data1\" content=\"1 minute\" \/>\n<script type=\"application\/ld+json\" class=\"yoast-schema-graph\">{\"@context\":\"https:\/\/schema.org\",\"@graph\":[{\"@type\":\"WebPage\",\"@id\":\"https:\/\/blogs.ksbe.edu\/alohaainaproject\/oli-mahalo\/\",\"url\":\"https:\/\/blogs.ksbe.edu\/alohaainaproject\/oli-mahalo\/\",\"name\":\"Oli Mahalo - Aloha \u02bb\u0100ina Project\",\"isPartOf\":{\"@id\":\"https:\/\/blogs.ksbe.edu\/alohaainaproject\/#website\"},\"datePublished\":\"2013-07-06T02:01:12+00:00\",\"dateModified\":\"2023-04-24T21:42:45+00:00\",\"breadcrumb\":{\"@id\":\"https:\/\/blogs.ksbe.edu\/alohaainaproject\/oli-mahalo\/#breadcrumb\"},\"inLanguage\":\"en-US\",\"potentialAction\":[{\"@type\":\"ReadAction\",\"target\":[\"https:\/\/blogs.ksbe.edu\/alohaainaproject\/oli-mahalo\/\"]}]},{\"@type\":\"BreadcrumbList\",\"@id\":\"https:\/\/blogs.ksbe.edu\/alohaainaproject\/oli-mahalo\/#breadcrumb\",\"itemListElement\":[{\"@type\":\"ListItem\",\"position\":1,\"name\":\"Home\",\"item\":\"https:\/\/blogs.ksbe.edu\/alohaainaproject\/\"},{\"@type\":\"ListItem\",\"position\":2,\"name\":\"Oli Mahalo\"}]},{\"@type\":\"WebSite\",\"@id\":\"https:\/\/blogs.ksbe.edu\/alohaainaproject\/#website\",\"url\":\"https:\/\/blogs.ksbe.edu\/alohaainaproject\/\",\"name\":\"Aloha \u02bb\u0100ina Project\",\"description\":\"The Aloha \u02bb\u0100ina Project supports KES Nani Ke Ao Nei Curriculum development.\",\"potentialAction\":[{\"@type\":\"SearchAction\",\"target\":{\"@type\":\"EntryPoint\",\"urlTemplate\":\"https:\/\/blogs.ksbe.edu\/alohaainaproject\/?s={search_term_string}\"},\"query-input\":{\"@type\":\"PropertyValueSpecification\",\"valueRequired\":true,\"valueName\":\"search_term_string\"}}],\"inLanguage\":\"en-US\"}]}<\/script>\n<!-- \/ Yoast SEO plugin. -->","yoast_head_json":{"title":"Oli Mahalo - Aloha \u02bb\u0100ina Project","robots":{"index":"index","follow":"follow","max-snippet":"max-snippet:-1","max-image-preview":"max-image-preview:large","max-video-preview":"max-video-preview:-1"},"canonical":"https:\/\/blogs.ksbe.edu\/alohaainaproject\/oli-mahalo\/","og_locale":"en_US","og_type":"article","og_title":"Oli Mahalo - Aloha \u02bb\u0100ina Project","og_description":"Composed by: Kehau Smith Oli Mahalo . \u02bbU hola \u02bbia ka maka loa la P\u016b\u02bbai ke aloha la K\u016bka\u02bbi \u02bbia ka H\u0101loa la P\u0101 wehi mai n\u0101 lehua Mai ka ho\u02bboku\u02bbi a ka h\u0101l\u0101wai la Mahalo, e ke akua Mahalo, &hellip; Continue reading &rarr;","og_url":"https:\/\/blogs.ksbe.edu\/alohaainaproject\/oli-mahalo\/","og_site_name":"Aloha \u02bb\u0100ina Project","article_modified_time":"2023-04-24T21:42:45+00:00","twitter_card":"summary_large_image","twitter_misc":{"Est. reading time":"1 minute"},"schema":{"@context":"https:\/\/schema.org","@graph":[{"@type":"WebPage","@id":"https:\/\/blogs.ksbe.edu\/alohaainaproject\/oli-mahalo\/","url":"https:\/\/blogs.ksbe.edu\/alohaainaproject\/oli-mahalo\/","name":"Oli Mahalo - Aloha \u02bb\u0100ina Project","isPartOf":{"@id":"https:\/\/blogs.ksbe.edu\/alohaainaproject\/#website"},"datePublished":"2013-07-06T02:01:12+00:00","dateModified":"2023-04-24T21:42:45+00:00","breadcrumb":{"@id":"https:\/\/blogs.ksbe.edu\/alohaainaproject\/oli-mahalo\/#breadcrumb"},"inLanguage":"en-US","potentialAction":[{"@type":"ReadAction","target":["https:\/\/blogs.ksbe.edu\/alohaainaproject\/oli-mahalo\/"]}]},{"@type":"BreadcrumbList","@id":"https:\/\/blogs.ksbe.edu\/alohaainaproject\/oli-mahalo\/#breadcrumb","itemListElement":[{"@type":"ListItem","position":1,"name":"Home","item":"https:\/\/blogs.ksbe.edu\/alohaainaproject\/"},{"@type":"ListItem","position":2,"name":"Oli Mahalo"}]},{"@type":"WebSite","@id":"https:\/\/blogs.ksbe.edu\/alohaainaproject\/#website","url":"https:\/\/blogs.ksbe.edu\/alohaainaproject\/","name":"Aloha \u02bb\u0100ina Project","description":"The Aloha \u02bb\u0100ina Project supports KES Nani Ke Ao Nei Curriculum development.","potentialAction":[{"@type":"SearchAction","target":{"@type":"EntryPoint","urlTemplate":"https:\/\/blogs.ksbe.edu\/alohaainaproject\/?s={search_term_string}"},"query-input":{"@type":"PropertyValueSpecification","valueRequired":true,"valueName":"search_term_string"}}],"inLanguage":"en-US"}]}},"_links":{"self":[{"href":"https:\/\/blogs.ksbe.edu\/alohaainaproject\/wp-json\/wp\/v2\/pages\/265","targetHints":{"allow":["GET"]}}],"collection":[{"href":"https:\/\/blogs.ksbe.edu\/alohaainaproject\/wp-json\/wp\/v2\/pages"}],"about":[{"href":"https:\/\/blogs.ksbe.edu\/alohaainaproject\/wp-json\/wp\/v2\/types\/page"}],"author":[{"embeddable":true,"href":"https:\/\/blogs.ksbe.edu\/alohaainaproject\/wp-json\/wp\/v2\/users\/23"}],"replies":[{"embeddable":true,"href":"https:\/\/blogs.ksbe.edu\/alohaainaproject\/wp-json\/wp\/v2\/comments?post=265"}],"version-history":[{"count":0,"href":"https:\/\/blogs.ksbe.edu\/alohaainaproject\/wp-json\/wp\/v2\/pages\/265\/revisions"}],"wp:attachment":[{"href":"https:\/\/blogs.ksbe.edu\/alohaainaproject\/wp-json\/wp\/v2\/media?parent=265"}],"curies":[{"name":"wp","href":"https:\/\/api.w.org\/{rel}","templated":true}]}}