{"id":119,"date":"2011-09-23T12:37:47","date_gmt":"2011-09-23T22:37:47","guid":{"rendered":"http:\/\/blogsksbeedu.wpenginepowered.com\/shcalina\/?page_id=119"},"modified":"2013-05-17T15:11:40","modified_gmt":"2013-05-18T01:11:40","slug":"scripture","status":"publish","type":"page","link":"http:\/\/blogs.ksbe.edu\/shcalina\/papa-elua\/scripture\/","title":{"rendered":"Scripture"},"content":{"rendered":"<p>Students will learn their grade level scripture in English and Hawaiian.\u00a0 Their kuleana is to practice their scripture to be able to recite it from memory.\u00a0 We work on the English first, then the Hawaiian.\u00a0 Start practicing today!<\/p>\n<p>Luke 2:52<\/p>\n<p>\u201cAnd Jesus grew in wisdom and stature, and in favor with God and men.\u201d<\/p>\n<p>Luka, mokuna &#8216;elua, pauk\u016b kanalima k\u016bm\u0101 lua<\/p>\n<p>&#8220;A nui a\u02bbela ka na\u02bbauao, a me ke kino o Ies\u016b, a me ke aloha \u02bbia e ke Akua a me n\u0101 k\u0101naka.&#8221;<\/p>\n","protected":false},"excerpt":{"rendered":"<p>Students will learn their grade level scripture in English and Hawaiian.\u00a0 Their kuleana is to practice their scripture to be able to recite it from memory.\u00a0 We work on the English first, then the Hawaiian.\u00a0 Start practicing today! Luke 2:52 &hellip; <a href=\"http:\/\/blogs.ksbe.edu\/shcalina\/papa-elua\/scripture\/\">Continue reading <span class=\"meta-nav\">&rarr;<\/span><\/a><\/p>\n","protected":false},"author":559,"featured_media":0,"parent":85,"menu_order":0,"comment_status":"open","ping_status":"open","template":"","meta":{"footnotes":""},"class_list":["post-119","page","type-page","status-publish","hentry"],"yoast_head":"<!-- This site is optimized with the Yoast SEO plugin v25.8 - https:\/\/yoast.com\/wordpress\/plugins\/seo\/ -->\n<title>Scripture - Shonnie Calina (Miss Shonnie)<\/title>\n<meta name=\"robots\" content=\"index, follow, max-snippet:-1, max-image-preview:large, max-video-preview:-1\" \/>\n<link rel=\"canonical\" href=\"http:\/\/blogs.ksbe.edu\/shcalina\/papa-elua\/scripture\/\" \/>\n<meta property=\"og:locale\" content=\"en_US\" \/>\n<meta property=\"og:type\" content=\"article\" \/>\n<meta property=\"og:title\" content=\"Scripture - Shonnie Calina (Miss Shonnie)\" \/>\n<meta property=\"og:description\" content=\"Students will learn their grade level scripture in English and Hawaiian.\u00a0 Their kuleana is to practice their scripture to be able to recite it from memory.\u00a0 We work on the English first, then the Hawaiian.\u00a0 Start practicing today! Luke 2:52 &hellip; Continue reading &rarr;\" \/>\n<meta property=\"og:url\" content=\"http:\/\/blogs.ksbe.edu\/shcalina\/papa-elua\/scripture\/\" \/>\n<meta property=\"og:site_name\" content=\"Shonnie Calina (Miss Shonnie)\" \/>\n<meta property=\"article:modified_time\" content=\"2013-05-18T01:11:40+00:00\" \/>\n<meta name=\"twitter:card\" content=\"summary_large_image\" \/>\n<script type=\"application\/ld+json\" class=\"yoast-schema-graph\">{\"@context\":\"https:\/\/schema.org\",\"@graph\":[{\"@type\":\"WebPage\",\"@id\":\"http:\/\/blogs.ksbe.edu\/shcalina\/papa-elua\/scripture\/\",\"url\":\"http:\/\/blogs.ksbe.edu\/shcalina\/papa-elua\/scripture\/\",\"name\":\"Scripture - Shonnie Calina (Miss Shonnie)\",\"isPartOf\":{\"@id\":\"https:\/\/blogs.ksbe.edu\/shcalina\/#website\"},\"datePublished\":\"2011-09-23T22:37:47+00:00\",\"dateModified\":\"2013-05-18T01:11:40+00:00\",\"breadcrumb\":{\"@id\":\"http:\/\/blogs.ksbe.edu\/shcalina\/papa-elua\/scripture\/#breadcrumb\"},\"inLanguage\":\"en-US\",\"potentialAction\":[{\"@type\":\"ReadAction\",\"target\":[\"http:\/\/blogs.ksbe.edu\/shcalina\/papa-elua\/scripture\/\"]}]},{\"@type\":\"BreadcrumbList\",\"@id\":\"http:\/\/blogs.ksbe.edu\/shcalina\/papa-elua\/scripture\/#breadcrumb\",\"itemListElement\":[{\"@type\":\"ListItem\",\"position\":1,\"name\":\"Home\",\"item\":\"https:\/\/blogs.ksbe.edu\/shcalina\/\"},{\"@type\":\"ListItem\",\"position\":2,\"name\":\"Papa &#8216;Elua\",\"item\":\"https:\/\/blogs.ksbe.edu\/shcalina\/papa-elua\/\"},{\"@type\":\"ListItem\",\"position\":3,\"name\":\"Scripture\"}]},{\"@type\":\"WebSite\",\"@id\":\"https:\/\/blogs.ksbe.edu\/shcalina\/#website\",\"url\":\"https:\/\/blogs.ksbe.edu\/shcalina\/\",\"name\":\"Shonnie Calina (Miss Shonnie)\",\"description\":\"Christian Education\/Jesus Loves You!\",\"potentialAction\":[{\"@type\":\"SearchAction\",\"target\":{\"@type\":\"EntryPoint\",\"urlTemplate\":\"https:\/\/blogs.ksbe.edu\/shcalina\/?s={search_term_string}\"},\"query-input\":{\"@type\":\"PropertyValueSpecification\",\"valueRequired\":true,\"valueName\":\"search_term_string\"}}],\"inLanguage\":\"en-US\"}]}<\/script>\n<!-- \/ Yoast SEO plugin. -->","yoast_head_json":{"title":"Scripture - Shonnie Calina (Miss Shonnie)","robots":{"index":"index","follow":"follow","max-snippet":"max-snippet:-1","max-image-preview":"max-image-preview:large","max-video-preview":"max-video-preview:-1"},"canonical":"http:\/\/blogs.ksbe.edu\/shcalina\/papa-elua\/scripture\/","og_locale":"en_US","og_type":"article","og_title":"Scripture - Shonnie Calina (Miss Shonnie)","og_description":"Students will learn their grade level scripture in English and Hawaiian.\u00a0 Their kuleana is to practice their scripture to be able to recite it from memory.\u00a0 We work on the English first, then the Hawaiian.\u00a0 Start practicing today! Luke 2:52 &hellip; Continue reading &rarr;","og_url":"http:\/\/blogs.ksbe.edu\/shcalina\/papa-elua\/scripture\/","og_site_name":"Shonnie Calina (Miss Shonnie)","article_modified_time":"2013-05-18T01:11:40+00:00","twitter_card":"summary_large_image","schema":{"@context":"https:\/\/schema.org","@graph":[{"@type":"WebPage","@id":"http:\/\/blogs.ksbe.edu\/shcalina\/papa-elua\/scripture\/","url":"http:\/\/blogs.ksbe.edu\/shcalina\/papa-elua\/scripture\/","name":"Scripture - Shonnie Calina (Miss Shonnie)","isPartOf":{"@id":"https:\/\/blogs.ksbe.edu\/shcalina\/#website"},"datePublished":"2011-09-23T22:37:47+00:00","dateModified":"2013-05-18T01:11:40+00:00","breadcrumb":{"@id":"http:\/\/blogs.ksbe.edu\/shcalina\/papa-elua\/scripture\/#breadcrumb"},"inLanguage":"en-US","potentialAction":[{"@type":"ReadAction","target":["http:\/\/blogs.ksbe.edu\/shcalina\/papa-elua\/scripture\/"]}]},{"@type":"BreadcrumbList","@id":"http:\/\/blogs.ksbe.edu\/shcalina\/papa-elua\/scripture\/#breadcrumb","itemListElement":[{"@type":"ListItem","position":1,"name":"Home","item":"https:\/\/blogs.ksbe.edu\/shcalina\/"},{"@type":"ListItem","position":2,"name":"Papa &#8216;Elua","item":"https:\/\/blogs.ksbe.edu\/shcalina\/papa-elua\/"},{"@type":"ListItem","position":3,"name":"Scripture"}]},{"@type":"WebSite","@id":"https:\/\/blogs.ksbe.edu\/shcalina\/#website","url":"https:\/\/blogs.ksbe.edu\/shcalina\/","name":"Shonnie Calina (Miss Shonnie)","description":"Christian Education\/Jesus Loves You!","potentialAction":[{"@type":"SearchAction","target":{"@type":"EntryPoint","urlTemplate":"https:\/\/blogs.ksbe.edu\/shcalina\/?s={search_term_string}"},"query-input":{"@type":"PropertyValueSpecification","valueRequired":true,"valueName":"search_term_string"}}],"inLanguage":"en-US"}]}},"_links":{"self":[{"href":"http:\/\/blogs.ksbe.edu\/shcalina\/wp-json\/wp\/v2\/pages\/119","targetHints":{"allow":["GET"]}}],"collection":[{"href":"http:\/\/blogs.ksbe.edu\/shcalina\/wp-json\/wp\/v2\/pages"}],"about":[{"href":"http:\/\/blogs.ksbe.edu\/shcalina\/wp-json\/wp\/v2\/types\/page"}],"author":[{"embeddable":true,"href":"http:\/\/blogs.ksbe.edu\/shcalina\/wp-json\/wp\/v2\/users\/559"}],"replies":[{"embeddable":true,"href":"http:\/\/blogs.ksbe.edu\/shcalina\/wp-json\/wp\/v2\/comments?post=119"}],"version-history":[{"count":0,"href":"http:\/\/blogs.ksbe.edu\/shcalina\/wp-json\/wp\/v2\/pages\/119\/revisions"}],"up":[{"embeddable":true,"href":"http:\/\/blogs.ksbe.edu\/shcalina\/wp-json\/wp\/v2\/pages\/85"}],"wp:attachment":[{"href":"http:\/\/blogs.ksbe.edu\/shcalina\/wp-json\/wp\/v2\/media?parent=119"}],"curies":[{"name":"wp","href":"https:\/\/api.w.org\/{rel}","templated":true}]}}