{"id":565,"date":"2012-08-20T16:35:46","date_gmt":"2012-08-21T02:35:46","guid":{"rendered":"http:\/\/blogsksbeedu.wpenginepowered.com\/pahanakipaepae\/?page_id=565"},"modified":"2013-01-30T09:14:03","modified_gmt":"2013-01-30T19:14:03","slug":"web-tools","status":"publish","type":"page","link":"http:\/\/blogs.ksbe.edu\/pahanakipaepae\/web-tools\/","title":{"rendered":"Web Tools"},"content":{"rendered":"<p>Welina mai e n\u0101 kumu o Ke Kula Ki\u02bbeki\u02bbe o Kamehameha Hawai\u02bbi, Click the tool name below to learn more about it.\u00a0 If there are tools you would like to use but do not see them listed please contact <a href=\"mailto:  adakina@ksbe.edu\">Keali\u02bbi<\/a> or <a href=\"mailto:  krmartin.ksbe.edu\">Kristi<\/a>for assitance.\u00a0 Please view the\u00a0<a href=\"http:\/\/blogs.ksbe.edu\/pahanakipaepae\/files\/2012\/08\/social-media-guidelines.pdf\">Social Media \/ Web 2.0 Use Guidelines<\/a> before incorporating into your courses.<\/p>\n<p>Approved Web Tools:<\/p>\n<ul>\n<li>Photo Sharing:\u00a0 <a title=\"Photo Sharing:  Flicker\" href=\"http:\/\/www.flickr.com\/\">Flicker<\/a><\/li>\n<li>Video Hosting:\u00a0 <a title=\"Video Hosting:  Vimeo\" href=\"http:\/\/vimeo.com\/\">Vimeo<\/a><\/li>\n<li>Video Hosting:\u00a0 <a title=\"Video Hosting:  YouTube Education\" href=\"http:\/\/www.youtube.com\/education\">YouTube Education<\/a><\/li>\n<li>ePortfolio:\u00a0 <a title=\"ePortfolio:  Live Binders\" href=\"http:\/\/www.livebinders.com\/\">Live Binders<\/a><\/li>\n<li>Media Hosting:\u00a0 <a title=\"Media Hosting:  VoiceThread\" href=\"http:\/\/voicethread.com\/\">VoiceThread<\/a><\/li>\n<li>Blogs:\u00a0 <a title=\"Blogs:  Edublogs\" href=\"http:\/\/edublogs.org\/\">Edublogs<\/a><\/li>\n<li>Audio\/Video Chat:\u00a0 <a title=\"Audio\/Video Chat:  Skype\" href=\"http:\/\/www.skype.com\/intl\/en-us\/home\">Skype<\/a><\/li>\n<li>Presentation:\u00a0 <a title=\"Presentation: Museum Box\" href=\"http:\/\/museumbox.e2bn.org\/\">Museum Box<\/a><\/li>\n<li>Presentation:\u00a0 <a title=\"Presentation:  Prezi Education\" href=\"http:\/\/edu.prezi.com\/\">Prezi Education<\/a><\/li>\n<li>Video Slideshow:\u00a0 <a href=\"http:\/\/animoto.com\/education\">Animoto Education<\/a><\/li>\n<li>Comic Creator:\u00a0 <a href=\"http:\/\/www.makebeliefscomix.com\/\">Make Belief Comix<\/a><\/li>\n<li>Wiki:\u00a0 <a href=\"http:\/\/www.wikispaces.com\/content\/teacher\">Wikispaces<\/a><\/li>\n<li>Microblogging:\u00a0 <a title=\"Microblogging:  Twitter\" href=\"https:\/\/twitter.com\/\">Twitter<\/a><\/li>\n<li>Social Networking:\u00a0 <a title=\"Social Networking:  Edmodo\" href=\"http:\/\/kamehameha.edmodo.com\/\">Edmodo<\/a>\u00a0\u00a0\u00a0 Kamehameha Schools Code mk1uuc<\/li>\n<li>Cloud Creator:\u00a0<a title=\"Cloud Creator:  Tagxedo\" href=\"http:\/\/www.tagxedo.com\/\"> Tagxedo<\/a><\/li>\n<li>Cloud Creator:\u00a0 <a title=\"Cloud Creator:  Wordle\" href=\"http:\/\/www.wordle.net\/\">Wordle<\/a><\/li>\n<li>Collaborative\/Productivity:\u00a0 <a title=\"Collaborative\/Productivity:  Google Drive(Docs)\" href=\"http:\/\/support.google.com\/docs\/bin\/answer.py?hl=en&amp;answer=49008\">Google Drive (Docs)<\/a><\/li>\n<li>Collaborative\/Productivity:\u00a0 <a title=\"Collaboritive\/Productivity:  Google Sites\" href=\"http:\/\/www.google.com\/sites\/help\/intl\/en\/overview.html\">Google Sites<\/a><\/li>\n<li>Social Publishing:\u00a0 <a title=\"Social Publishing:  Scribd\" href=\"http:\/\/www.scribd.com\/\">Scribd<\/a><\/li>\n<li>Social Publishing:\u00a0 <a title=\"Social Publishing:  Glogster\" href=\"http:\/\/edu.glogster.com\/\">Glogster<\/a><\/li>\n<li>Screencasting:\u00a0 <a title=\"Screencasting:  Jing\" href=\"http:\/\/www.techsmith.com\/jing.html\">Jing<\/a><\/li>\n<\/ul>\n<p>Other Web Tools:<\/p>\n<ul>\n<li>Back-channel:\u00a0 <a href=\"http:\/\/knitterchat.com\">KnitterChat<\/a><\/li>\n<li>Programming:\u00a0 <a href=\"http:\/\/scratch.mit.edu\/\">Scratch<\/a><\/li>\n<li>Avatars:\u00a0 <a href=\"https:\/\/en.gravatar.com\/\">Gravatar<\/a><\/li>\n<li>Avatars:\u00a0 <a href=\"http:\/\/www.voki.com\/\">Voki<\/a><\/li>\n<li>Information gather: \u00a0<a href=\"http:\/\/www.doodlebuzz.com\/\">Doodlebuzz<\/a><\/li>\n<li>Answer Engins: <a href=\"http:\/\/m.wolframalpha.com\/\">WolframlAlpha<\/a><\/li>\n<li>Science tool: \u00a0<a href=\"http:\/\/www.algodoo.com\/wiki\/Home\">Algodoo<\/a><\/li>\n<li>Arc Video Tool: \u00a0<a href=\"http:\/\/www.cabrillo.edu\/~dbrown\/tracker\/\">Tracker<\/a><\/li>\n<li>programming: \u00a0<a href=\"http:\/\/scratched.media.mit.edu\/\">Scratch Ed<\/a><\/li>\n<li>Social Networking: \u00a0<a href=\"http:\/\/www.classtools.net\/fb\/home\/page\">Fakebook<\/a><\/li>\n<li>Infographics: \u00a0<a href=\"http:\/\/www.pixelmator.com\/\">Pixeimator<\/a><\/li>\n<li>Infographics: \u00a0<a href=\"http:\/\/inkscape.org\/\">Inkscape<\/a><\/li>\n<li>Infographics: \u00a0<a href=\"http:\/\/visual.ly\/\">Visual.ly<\/a><\/li>\n<li>Infographics: \u00a0<a href=\"http:\/\/piktochart.com\/\">Piktochart<\/a><\/li>\n<li>Math: \u00a0<a href=\"http:\/\/www.ixl.com\/\">IXL<\/a><\/li>\n<li>Assessment: <a href=\"http:\/\/www.socrative.com\/\">Socrative<\/a>,<a href=\"http:\/\/www.polleverywhere.com\/\"><br \/>\n<\/a><\/li>\n<li>Assessment:\u00a0 <a href=\"http:\/\/www.polleverywhere.com\/\">Poll Anywhere<\/a>,<\/li>\n<li>Assessment: Google Surveys and forms withnyou tube, , notability,<\/li>\n<li>Assessment:\u00a0 <a href=\"http:\/\/techyes.net\/\">techyes<\/a><\/li>\n<li>Assessment: \u00a0<a href=\"http:\/\/www.quia.com\/\">Quia<\/a><\/li>\n<li>White Board: \u00a0<a href=\"http:\/\/www.educreations.com\/\">Educreations<\/a><\/li>\n<li>Flash Player: \u00a0Rover<\/li>\n<li>Blogs: Blogger, Kid Blog<\/li>\n<li>Social Networking: \u00a0<a href=\"http:\/\/www.epals.com\/\">ePals<\/a><\/li>\n<li>Video Resources: \u00a0<a href=\"http:\/\/www.safarimontage.com\/\">Safari Montage<\/a><\/li>\n<li>i rubric, rubistar, rubrician.com,webtools4u2use<\/li>\n<li>Visual Creator: \u00a0<a href=\"http:\/\/www.inspiration.com\/Kidspiration\">Kidspiriation<\/a><\/li>\n<li>Class Collaboration: \u00a0<a href=\"http:\/\/www.collaborizeclassroom.com\/\">Collaborize Classrooms<\/a><\/li>\n<li>Easy Meeting Scheduling:\u00a0 <a href=\"http:\/\/www.doodle.com\/\">Doodle<\/a><\/li>\n<li>Quick interactive video:\u00a0 <a href=\"http:\/\/www.educreations.com\/\">Educreations<\/a><\/li>\n<li>Voice Recording:\u00a0 <a href=\"http:\/\/www.vocaroo.com\">Vocaroo<\/a><\/li>\n<li>Quiz Grading:\u00a0 <a href=\"http:\/\/www.flubaroo.com\">Flubaroo<\/a><\/li>\n<li>Email Yourself:\u00a0 <a href=\"http:\/\/www.futureme.org\/\">Futureme<\/a><\/li>\n<li>Back-channel:\u00a0 <a href=\"http:\/\/www.corkboard.me\">Corkboard<\/a><\/li>\n<\/ul>\n<p>Resources:<\/p>\n<ul>\n<li><a href=\"http:\/\/www.globalonlineacademy.org\/\">Global Online Academy<\/a><\/li>\n<li><a href=\"http:\/\/blogs.kqed.org\/mindshift\/2011\/02\/ten-surprising-truths-about-video-games-and-learning\/\">Ten Surprising Truths about Video Games and Learning<\/a><\/li>\n<li><a href=\"http:\/\/www.oercommons.org\/\">Open Educational Resources<\/a><\/li>\n<li><a href=\"http:\/\/www.educause.edu\/ero\/article\/open-letter-students-youre-game-changer-next-generation-learning\">An Open Letter to Students: \u00a0You&#8217;re theGame Changer in Next Generation Learning<\/a><\/li>\n<li><a href=\"https:\/\/wiki.mozilla.org\/Badges\">digital badging<\/a><\/li>\n<li>liberal arts<\/li>\n<li><a href=\"http:\/\/www.netsmartz.org\/Educators\">Net Smartz Workshop<\/a><\/li>\n<li><a href=\"http:\/\/www.ideapaint.com\">Idea Paint<\/a><\/li>\n<\/ul>\n<p>&nbsp;<\/p>\n","protected":false},"excerpt":{"rendered":"<p>Welina mai e n\u0101 kumu o Ke Kula Ki\u02bbeki\u02bbe o Kamehameha Hawai\u02bbi, Click the tool name below to learn more about it.\u00a0 If there are tools you would like to use but do not see them listed please contact Keali\u02bbi &hellip; <a href=\"http:\/\/blogs.ksbe.edu\/pahanakipaepae\/web-tools\/\">Continue reading <span class=\"meta-nav\">&rarr;<\/span><\/a><\/p>\n","protected":false},"author":96,"featured_media":0,"parent":0,"menu_order":0,"comment_status":"closed","ping_status":"closed","template":"","meta":{"footnotes":""},"class_list":["post-565","page","type-page","status-publish","hentry"],"yoast_head":"<!-- This site is optimized with the Yoast SEO plugin v25.8 - https:\/\/yoast.com\/wordpress\/plugins\/seo\/ -->\n<title>Web Tools - P\u0101hana K\u012bpaepae<\/title>\n<meta name=\"robots\" content=\"index, follow, max-snippet:-1, max-image-preview:large, max-video-preview:-1\" \/>\n<link rel=\"canonical\" href=\"http:\/\/blogs.ksbe.edu\/pahanakipaepae\/web-tools\/\" \/>\n<meta property=\"og:locale\" content=\"en_US\" \/>\n<meta property=\"og:type\" content=\"article\" \/>\n<meta property=\"og:title\" content=\"Web Tools - P\u0101hana K\u012bpaepae\" \/>\n<meta property=\"og:description\" content=\"Welina mai e n\u0101 kumu o Ke Kula Ki\u02bbeki\u02bbe o Kamehameha Hawai\u02bbi, Click the tool name below to learn more about it.\u00a0 If there are tools you would like to use but do not see them listed please contact Keali\u02bbi &hellip; Continue reading &rarr;\" \/>\n<meta property=\"og:url\" content=\"http:\/\/blogs.ksbe.edu\/pahanakipaepae\/web-tools\/\" \/>\n<meta property=\"og:site_name\" content=\"P\u0101hana K\u012bpaepae\" \/>\n<meta property=\"article:modified_time\" content=\"2013-01-30T19:14:03+00:00\" \/>\n<meta name=\"twitter:card\" content=\"summary_large_image\" \/>\n<meta name=\"twitter:label1\" content=\"Est. reading time\" \/>\n\t<meta name=\"twitter:data1\" content=\"1 minute\" \/>\n<script type=\"application\/ld+json\" class=\"yoast-schema-graph\">{\"@context\":\"https:\/\/schema.org\",\"@graph\":[{\"@type\":\"WebPage\",\"@id\":\"http:\/\/blogs.ksbe.edu\/pahanakipaepae\/web-tools\/\",\"url\":\"http:\/\/blogs.ksbe.edu\/pahanakipaepae\/web-tools\/\",\"name\":\"Web Tools - P\u0101hana K\u012bpaepae\",\"isPartOf\":{\"@id\":\"http:\/\/blogs.ksbe.edu\/pahanakipaepae\/#website\"},\"datePublished\":\"2012-08-21T02:35:46+00:00\",\"dateModified\":\"2013-01-30T19:14:03+00:00\",\"breadcrumb\":{\"@id\":\"http:\/\/blogs.ksbe.edu\/pahanakipaepae\/web-tools\/#breadcrumb\"},\"inLanguage\":\"en-US\",\"potentialAction\":[{\"@type\":\"ReadAction\",\"target\":[\"http:\/\/blogs.ksbe.edu\/pahanakipaepae\/web-tools\/\"]}]},{\"@type\":\"BreadcrumbList\",\"@id\":\"http:\/\/blogs.ksbe.edu\/pahanakipaepae\/web-tools\/#breadcrumb\",\"itemListElement\":[{\"@type\":\"ListItem\",\"position\":1,\"name\":\"Home\",\"item\":\"http:\/\/blogs.ksbe.edu\/pahanakipaepae\/\"},{\"@type\":\"ListItem\",\"position\":2,\"name\":\"Web Tools\"}]},{\"@type\":\"WebSite\",\"@id\":\"http:\/\/blogs.ksbe.edu\/pahanakipaepae\/#website\",\"url\":\"http:\/\/blogs.ksbe.edu\/pahanakipaepae\/\",\"name\":\"P\u0101hana K\u012bpaepae\",\"description\":\"1:1 Laptop Project\",\"potentialAction\":[{\"@type\":\"SearchAction\",\"target\":{\"@type\":\"EntryPoint\",\"urlTemplate\":\"http:\/\/blogs.ksbe.edu\/pahanakipaepae\/?s={search_term_string}\"},\"query-input\":{\"@type\":\"PropertyValueSpecification\",\"valueRequired\":true,\"valueName\":\"search_term_string\"}}],\"inLanguage\":\"en-US\"}]}<\/script>\n<!-- \/ Yoast SEO plugin. -->","yoast_head_json":{"title":"Web Tools - P\u0101hana K\u012bpaepae","robots":{"index":"index","follow":"follow","max-snippet":"max-snippet:-1","max-image-preview":"max-image-preview:large","max-video-preview":"max-video-preview:-1"},"canonical":"http:\/\/blogs.ksbe.edu\/pahanakipaepae\/web-tools\/","og_locale":"en_US","og_type":"article","og_title":"Web Tools - P\u0101hana K\u012bpaepae","og_description":"Welina mai e n\u0101 kumu o Ke Kula Ki\u02bbeki\u02bbe o Kamehameha Hawai\u02bbi, Click the tool name below to learn more about it.\u00a0 If there are tools you would like to use but do not see them listed please contact Keali\u02bbi &hellip; Continue reading &rarr;","og_url":"http:\/\/blogs.ksbe.edu\/pahanakipaepae\/web-tools\/","og_site_name":"P\u0101hana K\u012bpaepae","article_modified_time":"2013-01-30T19:14:03+00:00","twitter_card":"summary_large_image","twitter_misc":{"Est. reading time":"1 minute"},"schema":{"@context":"https:\/\/schema.org","@graph":[{"@type":"WebPage","@id":"http:\/\/blogs.ksbe.edu\/pahanakipaepae\/web-tools\/","url":"http:\/\/blogs.ksbe.edu\/pahanakipaepae\/web-tools\/","name":"Web Tools - P\u0101hana K\u012bpaepae","isPartOf":{"@id":"http:\/\/blogs.ksbe.edu\/pahanakipaepae\/#website"},"datePublished":"2012-08-21T02:35:46+00:00","dateModified":"2013-01-30T19:14:03+00:00","breadcrumb":{"@id":"http:\/\/blogs.ksbe.edu\/pahanakipaepae\/web-tools\/#breadcrumb"},"inLanguage":"en-US","potentialAction":[{"@type":"ReadAction","target":["http:\/\/blogs.ksbe.edu\/pahanakipaepae\/web-tools\/"]}]},{"@type":"BreadcrumbList","@id":"http:\/\/blogs.ksbe.edu\/pahanakipaepae\/web-tools\/#breadcrumb","itemListElement":[{"@type":"ListItem","position":1,"name":"Home","item":"http:\/\/blogs.ksbe.edu\/pahanakipaepae\/"},{"@type":"ListItem","position":2,"name":"Web Tools"}]},{"@type":"WebSite","@id":"http:\/\/blogs.ksbe.edu\/pahanakipaepae\/#website","url":"http:\/\/blogs.ksbe.edu\/pahanakipaepae\/","name":"P\u0101hana K\u012bpaepae","description":"1:1 Laptop Project","potentialAction":[{"@type":"SearchAction","target":{"@type":"EntryPoint","urlTemplate":"http:\/\/blogs.ksbe.edu\/pahanakipaepae\/?s={search_term_string}"},"query-input":{"@type":"PropertyValueSpecification","valueRequired":true,"valueName":"search_term_string"}}],"inLanguage":"en-US"}]}},"_links":{"self":[{"href":"http:\/\/blogs.ksbe.edu\/pahanakipaepae\/wp-json\/wp\/v2\/pages\/565","targetHints":{"allow":["GET"]}}],"collection":[{"href":"http:\/\/blogs.ksbe.edu\/pahanakipaepae\/wp-json\/wp\/v2\/pages"}],"about":[{"href":"http:\/\/blogs.ksbe.edu\/pahanakipaepae\/wp-json\/wp\/v2\/types\/page"}],"author":[{"embeddable":true,"href":"http:\/\/blogs.ksbe.edu\/pahanakipaepae\/wp-json\/wp\/v2\/users\/96"}],"replies":[{"embeddable":true,"href":"http:\/\/blogs.ksbe.edu\/pahanakipaepae\/wp-json\/wp\/v2\/comments?post=565"}],"version-history":[{"count":0,"href":"http:\/\/blogs.ksbe.edu\/pahanakipaepae\/wp-json\/wp\/v2\/pages\/565\/revisions"}],"wp:attachment":[{"href":"http:\/\/blogs.ksbe.edu\/pahanakipaepae\/wp-json\/wp\/v2\/media?parent=565"}],"curies":[{"name":"wp","href":"https:\/\/api.w.org\/{rel}","templated":true}]}}