{"id":120,"date":"2019-12-05T20:55:38","date_gmt":"2019-12-05T20:55:38","guid":{"rendered":"http:\/\/blogsksbeedu.wpenginepowered.com\/ohanaengagement\/?page_id=120"},"modified":"2020-05-05T01:18:36","modified_gmt":"2020-05-05T01:18:36","slug":"2020conference","status":"publish","type":"page","link":"http:\/\/blogs.ksbe.edu\/ohanaengagement\/2020conference\/","title":{"rendered":"April 1, 2020 &#8211; Virtual Conference"},"content":{"rendered":"<p><img loading=\"lazy\" decoding=\"async\" class=\"alignnone wp-image-491 \" src=\"http:\/\/blogs.ksbe.edu\/ohanaengagement\/files\/2020\/03\/IMG_4196-150x150.jpg\" alt=\"\" width=\"145\" height=\"145\" srcset=\"http:\/\/blogs.ksbe.edu\/ohanaengagement\/files\/2020\/03\/IMG_4196-150x150.jpg 150w, http:\/\/blogs.ksbe.edu\/ohanaengagement\/files\/2020\/03\/IMG_4196-100x100.jpg 100w\" sizes=\"auto, (max-width: 145px) 100vw, 145px\" \/> <img loading=\"lazy\" decoding=\"async\" class=\"alignnone wp-image-497 \" src=\"http:\/\/blogs.ksbe.edu\/ohanaengagement\/files\/2020\/03\/IMG_7025-150x150.jpg\" alt=\"\" width=\"145\" height=\"145\" srcset=\"http:\/\/blogs.ksbe.edu\/ohanaengagement\/files\/2020\/03\/IMG_7025-150x150.jpg 150w, http:\/\/blogs.ksbe.edu\/ohanaengagement\/files\/2020\/03\/IMG_7025-100x100.jpg 100w\" sizes=\"auto, (max-width: 145px) 100vw, 145px\" \/> <img loading=\"lazy\" decoding=\"async\" class=\"alignnone wp-image-490 \" src=\"http:\/\/blogs.ksbe.edu\/ohanaengagement\/files\/2020\/03\/IMG_4186-150x150.jpg\" alt=\"\" width=\"145\" height=\"145\" srcset=\"http:\/\/blogs.ksbe.edu\/ohanaengagement\/files\/2020\/03\/IMG_4186-150x150.jpg 150w, http:\/\/blogs.ksbe.edu\/ohanaengagement\/files\/2020\/03\/IMG_4186-100x100.jpg 100w\" sizes=\"auto, (max-width: 145px) 100vw, 145px\" \/> <img loading=\"lazy\" decoding=\"async\" class=\"alignnone wp-image-488 \" src=\"http:\/\/blogs.ksbe.edu\/ohanaengagement\/files\/2020\/03\/IMG_4045-150x150.jpg\" alt=\"\" width=\"145\" height=\"145\" srcset=\"http:\/\/blogs.ksbe.edu\/ohanaengagement\/files\/2020\/03\/IMG_4045-150x150.jpg 150w, http:\/\/blogs.ksbe.edu\/ohanaengagement\/files\/2020\/03\/IMG_4045-100x100.jpg 100w\" sizes=\"auto, (max-width: 145px) 100vw, 145px\" \/> <img loading=\"lazy\" decoding=\"async\" class=\"alignnone wp-image-492 \" src=\"http:\/\/blogs.ksbe.edu\/ohanaengagement\/files\/2020\/03\/IMG_4201-150x150.jpg\" alt=\"\" width=\"143\" height=\"143\" srcset=\"http:\/\/blogs.ksbe.edu\/ohanaengagement\/files\/2020\/03\/IMG_4201-150x150.jpg 150w, http:\/\/blogs.ksbe.edu\/ohanaengagement\/files\/2020\/03\/IMG_4201-100x100.jpg 100w\" sizes=\"auto, (max-width: 143px) 100vw, 143px\" \/><\/p>\r\n<p>THANK YOU for attending this year\u2019s \u02bbOhana Engagement Conference.<\/p>\r\n\r\n<figure class=\"wp-block-table\">\r\n<table>\r\n<tbody>\r\n<tr>\r\n<td><strong>TIME <\/strong><\/td>\r\n<td><strong>SESSION\/WORKSHOP<\/strong><\/td>\r\n<td>\u00a0<\/td>\r\n<td>\u00a0<\/td>\r\n<\/tr>\r\n<tr>\r\n<td>9AM-9:10AM<\/td>\r\n<td><span style=\"color: #0000ff;\">WELCOME <\/span><em>By Nani Fujiwara<\/em><\/td>\r\n<td>\u00a0<\/td>\r\n<td>\u00a0<\/td>\r\n<\/tr>\r\n<tr>\r\n<td>9:20AM-9:50AM<\/td>\r\n<td><span style=\"color: #0000ff;\">KEYNOTE<\/span> <em>By Puanani Burgess<\/em><\/td>\r\n<td>\u00a0<\/td>\r\n<td>\u00a0<\/td>\r\n<\/tr>\r\n<tr>\r\n<td>10AM-10:50AM<\/td>\r\n<td><span style=\"color: #0000ff;\">Building the Beloved Community: Focus on interactive activities\u00a0<\/span><br \/><em>By Puanani Burgess<\/em><\/td>\r\n<td>\u00a0<\/td>\r\n<td><em>2 BLOCK SESSION <\/em><br \/>(10AM-11:50AM)<br \/><span style=\"color: #0000ff;\">Ho&#8217;\u014dla N\u0101 Moku o Ke`ehi &#8211; Fostering the Regeneration of Ke`ehi<\/span><br \/><em>By K\u0113haulani Kupihea from Mauliola Ke`ehi-Ho`\u014dla N\u0101 Moku o Ke`ehi &amp; Jason Mehlinger from Division of Aquatic Resources<\/em><\/td>\r\n<\/tr>\r\n<tr>\r\n<td>11AM-11:50AM<\/td>\r\n<td><span style=\"color: #0000ff;\">Is your Kula \u2018Ohana Friendly?: South Dakota\u2019s Process in Hawai\u2018i<\/span><br \/><em>By Morgan VonHaden &amp; Dana Livermont from Black Hills Special Services Cooperative<\/em><\/td>\r\n<td>\u00a0<\/td>\r\n<td>\r\n<p><em>&#8211; Continued-<br \/><\/em><span style=\"color: #0000ff;\">Ho&#8217;\u014dla N\u0101 Moku o Ke`ehi &#8211; Fostering the Regeneration of Ke`ehi<\/span><\/p>\r\n<\/td>\r\n<\/tr>\r\n<tr>\r\n<td>\u00a0<\/td>\r\n<td>BREAK<\/td>\r\n<td>\u00a0<\/td>\r\n<td>\u00a0<\/td>\r\n<\/tr>\r\n<tr>\r\n<td>1PM-1:50PM<\/td>\r\n<td><span style=\"color: #0000ff;\">Family-School Partnerships in Action<\/span><br \/><em>By Angela Matian, Chuan Chinn, &amp; Andrea Alexander from Hawaii Statewide Family Engagement Center\/Center on Disability Studies\/University of Hawaii-Manoa<\/em><\/td>\r\n<td>\u00a0<\/td>\r\n<td><em>2 BLOCK SESSION<\/em><br \/>(1PM-2:50PM)<br \/><span style=\"color: #0000ff;\">Tools for Success:\u00a0 An \u02bbOhana Engagement Tool Kit<\/span><br \/><em>By Missy Agena, Trisha Okawa, &amp; K\u0113hau Wong from Kamehameha Schools Kealapono \u02bbOhana Engagement<\/em><\/td>\r\n<\/tr>\r\n<tr>\r\n<td>2PM-2:50PM<\/td>\r\n<td><span style=\"color: #0000ff;\">Pedagogy of Aloha &#8211; Engaging Hawaiian \u02bbOhana of all Ages<\/span><br \/><em>By K\u016b Kahakalau, Ph.D. from EA Ecoversity<\/em><\/td>\r\n<td>\u00a0<\/td>\r\n<td><em>&#8211; Continued- <\/em><br \/><span style=\"color: #0000ff;\">Tools for Success:\u00a0 An \u02bbOhana Engagement Tool Kit<\/span><\/td>\r\n<\/tr>\r\n<tr>\r\n<td>3PM-3:15PM<\/td>\r\n<td><span style=\"color: #0000ff;\">CLOSING<\/span> <em>By Mark K. Ellis<\/em><\/td>\r\n<td>\u00a0<\/td>\r\n<td>\u00a0<\/td>\r\n<\/tr>\r\n<\/tbody>\r\n<\/table>\r\n<\/figure>\r\n<hr \/>\r\n<p><a href=\"http:\/\/www.ksbe.edu\" target=\"_blank\" rel=\"noopener noreferrer\"><img loading=\"lazy\" decoding=\"async\" class=\"size-full wp-image-587 alignleft\" src=\"http:\/\/blogs.ksbe.edu\/ohanaengagement\/files\/2020\/03\/logoFooter.png\" alt=\"\" width=\"182\" height=\"169\" \/><\/a>\u00a0 \u00a0 \u00a0 \u00a0 \u00a0 \u00a0 \u00a0 \u00a0 \u00a0 \u00a0 \u00a0<a href=\"https:\/\/cds.coe.hawaii.edu\/hfec\/\" target=\"_blank\" rel=\"noopener noreferrer\"><img loading=\"lazy\" decoding=\"async\" class=\"wp-image-585 alignright\" src=\"http:\/\/blogs.ksbe.edu\/ohanaengagement\/files\/2020\/03\/HSFEC.png\" alt=\"\" width=\"165\" height=\"165\" srcset=\"http:\/\/blogs.ksbe.edu\/ohanaengagement\/files\/2020\/03\/HSFEC.png 225w, http:\/\/blogs.ksbe.edu\/ohanaengagement\/files\/2020\/03\/HSFEC-150x150.png 150w, http:\/\/blogs.ksbe.edu\/ohanaengagement\/files\/2020\/03\/HSFEC-100x100.png 100w\" sizes=\"auto, (max-width: 165px) 100vw, 165px\" \/><\/a><\/p>\r\n<p>2020 \u02bbOhana Engagement Conference presented by Kamehameha Schools and Hawai\u02bbi Statewide Family Engagement Center<\/p>\r\n\r\n\r\n","protected":false},"excerpt":{"rendered":"<p>THANK YOU for attending this year\u2019s \u02bbOhana Engagement Conference. TIME SESSION\/WORKSHOP \u00a0 \u00a0 9AM-9:10AM WELCOME By Nani Fujiwara \u00a0 \u00a0 9:20AM-9:50AM KEYNOTE By Puanani Burgess \u00a0 \u00a0 10AM-10:50AM Building the Beloved Community: Focus on interactive activities\u00a0By Puanani Burgess \u00a0 2 BLOCK SESSION (10AM-11:50AM)Ho&#8217;\u014dla N\u0101 Moku o Ke`ehi &#8211; Fostering the Regeneration of Ke`ehiBy K\u0113haulani Kupihea &hellip; <\/p>\n<p class=\"link-more\"><a href=\"http:\/\/blogs.ksbe.edu\/ohanaengagement\/2020conference\/\" class=\"more-link\">Continue reading<span class=\"screen-reader-text\"> &#8220;April 1, 2020 &#8211; Virtual Conference&#8221;<\/span><\/a><\/p>\n","protected":false},"author":1236,"featured_media":0,"parent":0,"menu_order":0,"comment_status":"closed","ping_status":"closed","template":"","meta":{"footnotes":""},"class_list":["post-120","page","type-page","status-publish","hentry"],"yoast_head":"<!-- This site is optimized with the Yoast SEO plugin v25.8 - https:\/\/yoast.com\/wordpress\/plugins\/seo\/ -->\n<title>April 1, 2020 - Virtual Conference - &#039;Ohana Engagement<\/title>\n<meta name=\"robots\" content=\"index, follow, max-snippet:-1, max-image-preview:large, max-video-preview:-1\" \/>\n<link rel=\"canonical\" href=\"https:\/\/blogs.ksbe.edu\/ohanaengagement\/2020conference\/\" \/>\n<meta property=\"og:locale\" content=\"en_US\" \/>\n<meta property=\"og:type\" content=\"article\" \/>\n<meta property=\"og:title\" content=\"April 1, 2020 - Virtual Conference - &#039;Ohana Engagement\" \/>\n<meta property=\"og:description\" content=\"THANK YOU for attending this year\u2019s \u02bbOhana Engagement Conference. TIME SESSION\/WORKSHOP \u00a0 \u00a0 9AM-9:10AM WELCOME By Nani Fujiwara \u00a0 \u00a0 9:20AM-9:50AM KEYNOTE By Puanani Burgess \u00a0 \u00a0 10AM-10:50AM Building the Beloved Community: Focus on interactive activities\u00a0By Puanani Burgess \u00a0 2 BLOCK SESSION (10AM-11:50AM)Ho&#8217;\u014dla N\u0101 Moku o Ke`ehi &#8211; Fostering the Regeneration of Ke`ehiBy K\u0113haulani Kupihea &hellip; Continue reading &quot;April 1, 2020 &#8211; Virtual Conference&quot;\" \/>\n<meta property=\"og:url\" content=\"https:\/\/blogs.ksbe.edu\/ohanaengagement\/2020conference\/\" \/>\n<meta property=\"og:site_name\" content=\"&#039;Ohana Engagement\" \/>\n<meta property=\"article:modified_time\" content=\"2020-05-05T01:18:36+00:00\" \/>\n<meta property=\"og:image\" content=\"http:\/\/blogs.ksbe.edu\/ohanaengagement\/files\/2020\/03\/IMG_4196-150x150.jpg\" \/>\n<meta name=\"twitter:card\" content=\"summary_large_image\" \/>\n<meta name=\"twitter:label1\" content=\"Est. reading time\" \/>\n\t<meta name=\"twitter:data1\" content=\"1 minute\" \/>\n<script type=\"application\/ld+json\" class=\"yoast-schema-graph\">{\"@context\":\"https:\/\/schema.org\",\"@graph\":[{\"@type\":\"WebPage\",\"@id\":\"https:\/\/blogs.ksbe.edu\/ohanaengagement\/2020conference\/\",\"url\":\"https:\/\/blogs.ksbe.edu\/ohanaengagement\/2020conference\/\",\"name\":\"April 1, 2020 - Virtual Conference - &#039;Ohana Engagement\",\"isPartOf\":{\"@id\":\"https:\/\/blogs.ksbe.edu\/ohanaengagement\/#website\"},\"primaryImageOfPage\":{\"@id\":\"https:\/\/blogs.ksbe.edu\/ohanaengagement\/2020conference\/#primaryimage\"},\"image\":{\"@id\":\"https:\/\/blogs.ksbe.edu\/ohanaengagement\/2020conference\/#primaryimage\"},\"thumbnailUrl\":\"http:\/\/blogs.ksbe.edu\/ohanaengagement\/files\/2020\/03\/IMG_4196-150x150.jpg\",\"datePublished\":\"2019-12-05T20:55:38+00:00\",\"dateModified\":\"2020-05-05T01:18:36+00:00\",\"breadcrumb\":{\"@id\":\"https:\/\/blogs.ksbe.edu\/ohanaengagement\/2020conference\/#breadcrumb\"},\"inLanguage\":\"en-US\",\"potentialAction\":[{\"@type\":\"ReadAction\",\"target\":[\"https:\/\/blogs.ksbe.edu\/ohanaengagement\/2020conference\/\"]}]},{\"@type\":\"ImageObject\",\"inLanguage\":\"en-US\",\"@id\":\"https:\/\/blogs.ksbe.edu\/ohanaengagement\/2020conference\/#primaryimage\",\"url\":\"http:\/\/blogs.ksbe.edu\/ohanaengagement\/files\/2020\/03\/IMG_4196.jpg\",\"contentUrl\":\"http:\/\/blogs.ksbe.edu\/ohanaengagement\/files\/2020\/03\/IMG_4196.jpg\",\"width\":1024,\"height\":768},{\"@type\":\"BreadcrumbList\",\"@id\":\"https:\/\/blogs.ksbe.edu\/ohanaengagement\/2020conference\/#breadcrumb\",\"itemListElement\":[{\"@type\":\"ListItem\",\"position\":1,\"name\":\"Home\",\"item\":\"https:\/\/blogs.ksbe.edu\/ohanaengagement\/\"},{\"@type\":\"ListItem\",\"position\":2,\"name\":\"April 1, 2020 &#8211; Virtual Conference\"}]},{\"@type\":\"WebSite\",\"@id\":\"https:\/\/blogs.ksbe.edu\/ohanaengagement\/#website\",\"url\":\"https:\/\/blogs.ksbe.edu\/ohanaengagement\/\",\"name\":\"&#039;Ohana Engagement\",\"description\":\"A partnership strategy for student success\",\"potentialAction\":[{\"@type\":\"SearchAction\",\"target\":{\"@type\":\"EntryPoint\",\"urlTemplate\":\"https:\/\/blogs.ksbe.edu\/ohanaengagement\/?s={search_term_string}\"},\"query-input\":{\"@type\":\"PropertyValueSpecification\",\"valueRequired\":true,\"valueName\":\"search_term_string\"}}],\"inLanguage\":\"en-US\"}]}<\/script>\n<!-- \/ Yoast SEO plugin. -->","yoast_head_json":{"title":"April 1, 2020 - Virtual Conference - &#039;Ohana Engagement","robots":{"index":"index","follow":"follow","max-snippet":"max-snippet:-1","max-image-preview":"max-image-preview:large","max-video-preview":"max-video-preview:-1"},"canonical":"https:\/\/blogs.ksbe.edu\/ohanaengagement\/2020conference\/","og_locale":"en_US","og_type":"article","og_title":"April 1, 2020 - Virtual Conference - &#039;Ohana Engagement","og_description":"THANK YOU for attending this year\u2019s \u02bbOhana Engagement Conference. TIME SESSION\/WORKSHOP \u00a0 \u00a0 9AM-9:10AM WELCOME By Nani Fujiwara \u00a0 \u00a0 9:20AM-9:50AM KEYNOTE By Puanani Burgess \u00a0 \u00a0 10AM-10:50AM Building the Beloved Community: Focus on interactive activities\u00a0By Puanani Burgess \u00a0 2 BLOCK SESSION (10AM-11:50AM)Ho&#8217;\u014dla N\u0101 Moku o Ke`ehi &#8211; Fostering the Regeneration of Ke`ehiBy K\u0113haulani Kupihea &hellip; Continue reading \"April 1, 2020 &#8211; Virtual Conference\"","og_url":"https:\/\/blogs.ksbe.edu\/ohanaengagement\/2020conference\/","og_site_name":"&#039;Ohana Engagement","article_modified_time":"2020-05-05T01:18:36+00:00","og_image":[{"url":"http:\/\/blogs.ksbe.edu\/ohanaengagement\/files\/2020\/03\/IMG_4196-150x150.jpg","type":"","width":"","height":""}],"twitter_card":"summary_large_image","twitter_misc":{"Est. reading time":"1 minute"},"schema":{"@context":"https:\/\/schema.org","@graph":[{"@type":"WebPage","@id":"https:\/\/blogs.ksbe.edu\/ohanaengagement\/2020conference\/","url":"https:\/\/blogs.ksbe.edu\/ohanaengagement\/2020conference\/","name":"April 1, 2020 - Virtual Conference - &#039;Ohana Engagement","isPartOf":{"@id":"https:\/\/blogs.ksbe.edu\/ohanaengagement\/#website"},"primaryImageOfPage":{"@id":"https:\/\/blogs.ksbe.edu\/ohanaengagement\/2020conference\/#primaryimage"},"image":{"@id":"https:\/\/blogs.ksbe.edu\/ohanaengagement\/2020conference\/#primaryimage"},"thumbnailUrl":"http:\/\/blogs.ksbe.edu\/ohanaengagement\/files\/2020\/03\/IMG_4196-150x150.jpg","datePublished":"2019-12-05T20:55:38+00:00","dateModified":"2020-05-05T01:18:36+00:00","breadcrumb":{"@id":"https:\/\/blogs.ksbe.edu\/ohanaengagement\/2020conference\/#breadcrumb"},"inLanguage":"en-US","potentialAction":[{"@type":"ReadAction","target":["https:\/\/blogs.ksbe.edu\/ohanaengagement\/2020conference\/"]}]},{"@type":"ImageObject","inLanguage":"en-US","@id":"https:\/\/blogs.ksbe.edu\/ohanaengagement\/2020conference\/#primaryimage","url":"http:\/\/blogs.ksbe.edu\/ohanaengagement\/files\/2020\/03\/IMG_4196.jpg","contentUrl":"http:\/\/blogs.ksbe.edu\/ohanaengagement\/files\/2020\/03\/IMG_4196.jpg","width":1024,"height":768},{"@type":"BreadcrumbList","@id":"https:\/\/blogs.ksbe.edu\/ohanaengagement\/2020conference\/#breadcrumb","itemListElement":[{"@type":"ListItem","position":1,"name":"Home","item":"https:\/\/blogs.ksbe.edu\/ohanaengagement\/"},{"@type":"ListItem","position":2,"name":"April 1, 2020 &#8211; Virtual Conference"}]},{"@type":"WebSite","@id":"https:\/\/blogs.ksbe.edu\/ohanaengagement\/#website","url":"https:\/\/blogs.ksbe.edu\/ohanaengagement\/","name":"&#039;Ohana Engagement","description":"A partnership strategy for student success","potentialAction":[{"@type":"SearchAction","target":{"@type":"EntryPoint","urlTemplate":"https:\/\/blogs.ksbe.edu\/ohanaengagement\/?s={search_term_string}"},"query-input":{"@type":"PropertyValueSpecification","valueRequired":true,"valueName":"search_term_string"}}],"inLanguage":"en-US"}]}},"_links":{"self":[{"href":"http:\/\/blogs.ksbe.edu\/ohanaengagement\/wp-json\/wp\/v2\/pages\/120","targetHints":{"allow":["GET"]}}],"collection":[{"href":"http:\/\/blogs.ksbe.edu\/ohanaengagement\/wp-json\/wp\/v2\/pages"}],"about":[{"href":"http:\/\/blogs.ksbe.edu\/ohanaengagement\/wp-json\/wp\/v2\/types\/page"}],"author":[{"embeddable":true,"href":"http:\/\/blogs.ksbe.edu\/ohanaengagement\/wp-json\/wp\/v2\/users\/1236"}],"replies":[{"embeddable":true,"href":"http:\/\/blogs.ksbe.edu\/ohanaengagement\/wp-json\/wp\/v2\/comments?post=120"}],"version-history":[{"count":0,"href":"http:\/\/blogs.ksbe.edu\/ohanaengagement\/wp-json\/wp\/v2\/pages\/120\/revisions"}],"wp:attachment":[{"href":"http:\/\/blogs.ksbe.edu\/ohanaengagement\/wp-json\/wp\/v2\/media?parent=120"}],"curies":[{"name":"wp","href":"https:\/\/api.w.org\/{rel}","templated":true}]}}