{"id":2,"date":"2010-09-07T17:14:46","date_gmt":"2010-09-07T17:14:46","guid":{"rendered":"http:\/\/blogsksbeedu.wpenginepowered.com\/mokekahu\/?page_id=2"},"modified":"2013-10-21T14:00:29","modified_gmt":"2013-10-22T00:00:29","slug":"about","status":"publish","type":"page","link":"http:\/\/blogs.ksbe.edu\/mokekahu\/about\/","title":{"rendered":"About"},"content":{"rendered":"<p>Aloha mai k\u0101ua! \u02bbO au \u02bbo Kumu Moani Kekahuna. He kumu \u02bb\u014clelo Hawai\u02bbi au. A\u02bbo au i ka papa \u02bbehiku ma ke kula waena \u02bbo Kamehameha ma Pukalani, Maui. \u00a0Hau\u02bboli n\u014d au e a\u02bbo i\u00a0ku\u02bbu mau\u00a0haum\u0101na i ka \u02bb\u014dlelo makamae o ko k\u0101kou k\u016bpuna.<\/p>\n<p>Aloha! I&#8217;m Kumu Moani Kekahuna. I am a Hawaiian Language teacher. I teach seventh grade at the middle school of Kamehameha School in Pukalani, Maui. I am very happy to teach my students the precious language of our ancestors.<\/p>\n","protected":false},"excerpt":{"rendered":"<p>Aloha mai k\u0101ua! \u02bbO au \u02bbo Kumu Moani Kekahuna. He kumu \u02bb\u014clelo Hawai\u02bbi au. A\u02bbo au i ka papa \u02bbehiku ma ke kula waena \u02bbo Kamehameha ma Pukalani, Maui. \u00a0Hau\u02bboli n\u014d au e a\u02bbo i\u00a0ku\u02bbu mau\u00a0haum\u0101na i ka \u02bb\u014dlelo makamae &hellip; <a href=\"http:\/\/blogs.ksbe.edu\/mokekahu\/about\/\">Continue reading <span class=\"meta-nav\">&rarr;<\/span><\/a><\/p>\n","protected":false},"author":467,"featured_media":0,"parent":0,"menu_order":0,"comment_status":"open","ping_status":"open","template":"","meta":{"footnotes":""},"class_list":["post-2","page","type-page","status-publish","hentry"],"yoast_head":"<!-- This site is optimized with the Yoast SEO plugin v25.8 - https:\/\/yoast.com\/wordpress\/plugins\/seo\/ -->\n<title>About - Kumu Moani Kekahuna<\/title>\n<meta name=\"robots\" content=\"index, follow, max-snippet:-1, max-image-preview:large, max-video-preview:-1\" \/>\n<link rel=\"canonical\" href=\"http:\/\/blogs.ksbe.edu\/mokekahu\/about\/\" \/>\n<meta property=\"og:locale\" content=\"en_US\" \/>\n<meta property=\"og:type\" content=\"article\" \/>\n<meta property=\"og:title\" content=\"About - Kumu Moani Kekahuna\" \/>\n<meta property=\"og:description\" content=\"Aloha mai k\u0101ua! \u02bbO au \u02bbo Kumu Moani Kekahuna. He kumu \u02bb\u014clelo Hawai\u02bbi au. A\u02bbo au i ka papa \u02bbehiku ma ke kula waena \u02bbo Kamehameha ma Pukalani, Maui. \u00a0Hau\u02bboli n\u014d au e a\u02bbo i\u00a0ku\u02bbu mau\u00a0haum\u0101na i ka \u02bb\u014dlelo makamae &hellip; Continue reading &rarr;\" \/>\n<meta property=\"og:url\" content=\"http:\/\/blogs.ksbe.edu\/mokekahu\/about\/\" \/>\n<meta property=\"og:site_name\" content=\"Kumu Moani Kekahuna\" \/>\n<meta property=\"article:modified_time\" content=\"2013-10-22T00:00:29+00:00\" \/>\n<meta name=\"twitter:card\" content=\"summary_large_image\" \/>\n<script type=\"application\/ld+json\" class=\"yoast-schema-graph\">{\"@context\":\"https:\/\/schema.org\",\"@graph\":[{\"@type\":\"WebPage\",\"@id\":\"http:\/\/blogs.ksbe.edu\/mokekahu\/about\/\",\"url\":\"http:\/\/blogs.ksbe.edu\/mokekahu\/about\/\",\"name\":\"About - Kumu Moani Kekahuna\",\"isPartOf\":{\"@id\":\"http:\/\/blogs.ksbe.edu\/mokekahu\/#website\"},\"datePublished\":\"2010-09-07T17:14:46+00:00\",\"dateModified\":\"2013-10-22T00:00:29+00:00\",\"breadcrumb\":{\"@id\":\"http:\/\/blogs.ksbe.edu\/mokekahu\/about\/#breadcrumb\"},\"inLanguage\":\"en-US\",\"potentialAction\":[{\"@type\":\"ReadAction\",\"target\":[\"http:\/\/blogs.ksbe.edu\/mokekahu\/about\/\"]}]},{\"@type\":\"BreadcrumbList\",\"@id\":\"http:\/\/blogs.ksbe.edu\/mokekahu\/about\/#breadcrumb\",\"itemListElement\":[{\"@type\":\"ListItem\",\"position\":1,\"name\":\"Home\",\"item\":\"http:\/\/blogs.ksbe.edu\/mokekahu\/\"},{\"@type\":\"ListItem\",\"position\":2,\"name\":\"About\"}]},{\"@type\":\"WebSite\",\"@id\":\"http:\/\/blogs.ksbe.edu\/mokekahu\/#website\",\"url\":\"http:\/\/blogs.ksbe.edu\/mokekahu\/\",\"name\":\"Kumu Moani Kekahuna\",\"description\":\"Ka Papa \u02bb\u014clelo Hawai\u02bbi (Papa 7)\",\"potentialAction\":[{\"@type\":\"SearchAction\",\"target\":{\"@type\":\"EntryPoint\",\"urlTemplate\":\"http:\/\/blogs.ksbe.edu\/mokekahu\/?s={search_term_string}\"},\"query-input\":{\"@type\":\"PropertyValueSpecification\",\"valueRequired\":true,\"valueName\":\"search_term_string\"}}],\"inLanguage\":\"en-US\"}]}<\/script>\n<!-- \/ Yoast SEO plugin. -->","yoast_head_json":{"title":"About - Kumu Moani Kekahuna","robots":{"index":"index","follow":"follow","max-snippet":"max-snippet:-1","max-image-preview":"max-image-preview:large","max-video-preview":"max-video-preview:-1"},"canonical":"http:\/\/blogs.ksbe.edu\/mokekahu\/about\/","og_locale":"en_US","og_type":"article","og_title":"About - Kumu Moani Kekahuna","og_description":"Aloha mai k\u0101ua! \u02bbO au \u02bbo Kumu Moani Kekahuna. He kumu \u02bb\u014clelo Hawai\u02bbi au. A\u02bbo au i ka papa \u02bbehiku ma ke kula waena \u02bbo Kamehameha ma Pukalani, Maui. \u00a0Hau\u02bboli n\u014d au e a\u02bbo i\u00a0ku\u02bbu mau\u00a0haum\u0101na i ka \u02bb\u014dlelo makamae &hellip; Continue reading &rarr;","og_url":"http:\/\/blogs.ksbe.edu\/mokekahu\/about\/","og_site_name":"Kumu Moani Kekahuna","article_modified_time":"2013-10-22T00:00:29+00:00","twitter_card":"summary_large_image","schema":{"@context":"https:\/\/schema.org","@graph":[{"@type":"WebPage","@id":"http:\/\/blogs.ksbe.edu\/mokekahu\/about\/","url":"http:\/\/blogs.ksbe.edu\/mokekahu\/about\/","name":"About - Kumu Moani Kekahuna","isPartOf":{"@id":"http:\/\/blogs.ksbe.edu\/mokekahu\/#website"},"datePublished":"2010-09-07T17:14:46+00:00","dateModified":"2013-10-22T00:00:29+00:00","breadcrumb":{"@id":"http:\/\/blogs.ksbe.edu\/mokekahu\/about\/#breadcrumb"},"inLanguage":"en-US","potentialAction":[{"@type":"ReadAction","target":["http:\/\/blogs.ksbe.edu\/mokekahu\/about\/"]}]},{"@type":"BreadcrumbList","@id":"http:\/\/blogs.ksbe.edu\/mokekahu\/about\/#breadcrumb","itemListElement":[{"@type":"ListItem","position":1,"name":"Home","item":"http:\/\/blogs.ksbe.edu\/mokekahu\/"},{"@type":"ListItem","position":2,"name":"About"}]},{"@type":"WebSite","@id":"http:\/\/blogs.ksbe.edu\/mokekahu\/#website","url":"http:\/\/blogs.ksbe.edu\/mokekahu\/","name":"Kumu Moani Kekahuna","description":"Ka Papa \u02bb\u014clelo Hawai\u02bbi (Papa 7)","potentialAction":[{"@type":"SearchAction","target":{"@type":"EntryPoint","urlTemplate":"http:\/\/blogs.ksbe.edu\/mokekahu\/?s={search_term_string}"},"query-input":{"@type":"PropertyValueSpecification","valueRequired":true,"valueName":"search_term_string"}}],"inLanguage":"en-US"}]}},"_links":{"self":[{"href":"http:\/\/blogs.ksbe.edu\/mokekahu\/wp-json\/wp\/v2\/pages\/2","targetHints":{"allow":["GET"]}}],"collection":[{"href":"http:\/\/blogs.ksbe.edu\/mokekahu\/wp-json\/wp\/v2\/pages"}],"about":[{"href":"http:\/\/blogs.ksbe.edu\/mokekahu\/wp-json\/wp\/v2\/types\/page"}],"author":[{"embeddable":true,"href":"http:\/\/blogs.ksbe.edu\/mokekahu\/wp-json\/wp\/v2\/users\/467"}],"replies":[{"embeddable":true,"href":"http:\/\/blogs.ksbe.edu\/mokekahu\/wp-json\/wp\/v2\/comments?post=2"}],"version-history":[{"count":0,"href":"http:\/\/blogs.ksbe.edu\/mokekahu\/wp-json\/wp\/v2\/pages\/2\/revisions"}],"wp:attachment":[{"href":"http:\/\/blogs.ksbe.edu\/mokekahu\/wp-json\/wp\/v2\/media?parent=2"}],"curies":[{"name":"wp","href":"https:\/\/api.w.org\/{rel}","templated":true}]}}