{"id":9,"date":"2013-08-02T10:19:58","date_gmt":"2013-08-02T20:19:58","guid":{"rendered":"http:\/\/blogsksbeedu.wpenginepowered.com\/kmslama\/?page_id=9"},"modified":"2017-07-26T06:19:00","modified_gmt":"2017-07-26T16:19:00","slug":"kukui-kumu","status":"publish","type":"page","link":"http:\/\/blogs.ksbe.edu\/kmskukui\/kukui-kumu\/","title":{"rendered":"N\u0101 Kumu"},"content":{"rendered":"<p>P\u016b\u2018ulu\u00a0Kukui is made up of four core teachers (Social Studies, Math, Science, and English\/Language Arts), P.E.,\u00a0 electives, exploratory courses and one educational assistant.<br \/>\n* Kukui advisory teachers<\/p>\n<div>\n<p><strong>Core teachers<\/strong><\/p>\n<p><strong>*Christy Mishina<br \/>\n<\/strong><em>Papa <em>Pelekania<\/em><\/em><br \/>\n<a href=\"mailto:chmishin@ksbe.edu\">chmishin@ksbe.edu<br \/>\n<\/a>Lynn Ka\u02bb\u014dp\u016biki is P\u016b\u02bbulu Kukui\u2019s English teacher. Born on Maui, Ms. K. grew up in \u2018Aiea and earned a B.Ed and P.D. in secondary English from the University of Hawai\u02bbi at M\u0101noa. Previous teaching assignments have included Ilima Intermediate, Moanalua High, Waialua Intermediate and High, L\u0101na\u02bbi High and Elementary, and Mililani Middle School. Having lived on\u00a0L\u0101na\u02bbi for many years, Ms. K. has a special place in her heart for the peaceful afternoons at Hulopo\u02bbe Bay with her three daughters.<\/p>\n<p><strong>*Brad Uy<br \/>\n<\/strong><em>Papa Makemakika<\/em><br \/>\n<a href=\"mailto:bruy@ksbe.edu\">bruy@ksbe.edu<br \/>\n<\/a>Brad Uy is the Math Kumu on P\u016b\u02bbulu Kukui.<\/p>\n<p><strong><a href=\"http:\/\/blogs.ksbe.edu\/kmskukui\/files\/2013\/08\/savage.jpg\" rel=\"attachment wp-att-241\"><img loading=\"lazy\" decoding=\"async\" class=\"alignleft wp-image-241\" src=\"http:\/\/blogs.ksbe.edu\/kmskukui\/files\/2013\/08\/savage.jpg\" alt=\"savage\" width=\"109\" height=\"109\" srcset=\"http:\/\/blogs.ksbe.edu\/kmskukui\/files\/2013\/08\/savage.jpg 225w, http:\/\/blogs.ksbe.edu\/kmskukui\/files\/2013\/08\/savage-150x150.jpg 150w\" sizes=\"auto, (max-width: 109px) 100vw, 109px\" \/><\/a>*Jacqueline Savage<br \/>\n<\/strong><em>Papa \u2018Epekema<\/em><br \/>\n<a href=\"mailto:jasavage@ksbe.edu\">jasavage@ksbe.edu<br \/>\n<\/a>Jacqui Savage is Kukui\u2019s Science teacher. Ms. Savage moved to Hawaii from San Francisco where she taught science in a large public school. Ms. Savage originally comes from Newcastle, England near the Scottish border and moved to the USA in 1989. Ms. Savage has been teaching since 2009 and previously worked as a neurological physical therapist in San Diego. Ms. Savage graduated from Sheffield Hallam University with a Bachelors in Physical Therapy, a teaching credential from University of San Diego and a Masters of Education from Concordia University. Ms. Savage loves the ocean and feels truly blessed to be in such a beautiful place, full of Grace. Her interests include swimming, hiking, traveling and exercise.<\/p>\n<p><strong><a href=\"http:\/\/blogs.ksbe.edu\/kmskukui\/files\/2013\/08\/Joy.jpg\"><img loading=\"lazy\" decoding=\"async\" class=\"alignleft wp-image-167\" src=\"http:\/\/blogs.ksbe.edu\/kmskukui\/files\/2013\/08\/Joy-250x300.jpg\" alt=\"Joy\" width=\"115\" height=\"138\" srcset=\"http:\/\/blogs.ksbe.edu\/kmskukui\/files\/2013\/08\/Joy-250x300.jpg 250w, http:\/\/blogs.ksbe.edu\/kmskukui\/files\/2013\/08\/Joy.jpg 535w\" sizes=\"auto, (max-width: 115px) 100vw, 115px\" \/><\/a>*Joy Aiwohi<br \/>\n<\/strong><em>Papa Pili Kanaka<\/em><br \/>\n<a href=\"mailto:joaiwohi@ksbe.edu\">joaiwohi@ksbe.edu<br \/>\n<\/a>Joy Aiwohi is Pu&#8217;ulu Kukui&#8217;s Social Studies teacher.\u00a0 Kumu Aiwohi is a graduate of &#8216;Iolani School, and earned a B Ed in Secondary Social Studies and an M Ed in Middle Level Education from the University of Hawai&#8217;i at Manoa.\u00a0 Prior to teaching at Kamehameha, Kumu Aiwohi taught at McKinley High School, Wai&#8217;anae Intermediate School, and Waipahu Intermediate School.\u00a0 Kumu Aiwohi enjoys going to the beach, reading, dancing hula, and spending time with her &#8216;ohana.<\/p>\n<p><em><strong><br \/>\n<\/strong><\/em><strong>Kumu Courtney Nichols<\/strong><em><strong><br \/>\n<\/strong><\/em><em>K\u0101ko\u2018o Ho\u2018ona\u2018auao (Educational Assistant)<br \/>\n<\/em><br \/>\n<strong><br \/>\n<\/strong><\/p>\n<p>&nbsp;<\/p>\n<p>&nbsp;<\/p>\n<p><strong>Physical Education<\/strong><\/p>\n<p><strong>Mr. Robert Hesia<\/strong><em><br \/>\nBoys P. E.<br \/>\n<\/em><a href=\"mailto:rohesia@ksbe.edu\">rohesia@ksbe.edu<\/a><\/p>\n<p>&nbsp;<\/p>\n<p><strong>Ms. Mahina Lui-Kwan<\/strong><br \/>\n<em>Girls P.E.<br \/>\n<\/em><a href=\"mailto:erluikwa@ksbe.edu\">erluikwa@ksbe.edu<\/a><\/p>\n<p><em><strong>Electives<\/strong><br \/>\n<\/em><\/p>\n<p><strong>*Kumu Diane Victor<\/strong><br \/>\n<em>Learning Support<\/em><br \/>\n<a href=\"mailto:divictor@ksbe.edu\">divictor@ksbe.edu<\/a><em><br \/>\n<\/em><\/p>\n<p><strong>Kumu Poki<em>\u2018<\/em>i Seto<\/strong><br \/>\n<em>\u2018Olelo Hawai\u2018i<\/em><br \/>\n<a href=\"mailto:cyseto@ksbe.edu\">cyseto@ksbe.edu<\/a><em><br \/>\n<\/em><br \/>\n<strong>Kumu Maka Valdez<\/strong><br \/>\n<em>\u2018Olelo Hawai\u2018i<\/em><br \/>\n<a href=\"mailto:jevaldez@ksbe.edu\">jevaldez@ksbe.edu<\/a><\/p>\n<p><strong>Kumu Leiali<em>\u2018<\/em>i Mano<em>\u2018<\/em>i-Cuban<br \/>\n<em>\u2018Olelo Hawai\u2018i<\/em><br \/>\n<\/strong><a href=\"mailto:lemanoi@ksbe.edu\">lemanoi@ksbe.edu<\/a><\/p>\n<p><strong>Kumu Mia Porrecca<\/strong><br \/>\n<em>Choral Music<\/em><br \/>\n<a href=\"mailto:miporrec@ksbe.edu\">miporrec@ksbe.edu<\/a><\/p>\n<p><strong>Kumu Snowbird Bento<\/strong><br \/>\n<em>Papa oli me hula<br \/>\n<\/em><a href=\"mailto:snbento@ksbe.edu\">snbento@ksbe.edu<\/a><\/p>\n<p><strong>Sensei Midori Burton<\/strong><br \/>\n<em>Japanese<\/em><br \/>\n<a href=\"mailto:miburton@ksbe.edu\">miburton@ksbe.edu<\/a><\/p>\n<p><strong>Senora Jennifer Yurong<\/strong><br \/>\n<em>Spanish<\/em><br \/>\n<a href=\"mailto:jeyurong@ksbe.edu\">jeyurong@ksbe.edu<\/a><\/p>\n<p><strong>Mr. Gordon Tokishi<\/strong><br \/>\n<em>Band<\/em><br \/>\n<a href=\"mailto:gotokish@ksbe.edu\">gotokish@ksbe.edu<\/a><\/p>\n<p><strong>Exploratory Courses<\/strong><\/p>\n<p><strong>*Mr. Wade Inn<\/strong><br \/>\n<em>Speech<\/em><br \/>\n<a href=\"mailto:wainn@ksbe.edu\">wainn@ksbe.edu<\/a><\/p>\n<p><strong>Kumu\u00a0<\/strong><br \/>\n<em>Creative Media<\/em><\/p>\n<p><strong>Kumu Malia Kane<\/strong><br \/>\n<em>Nohona Hawai\u02bbi<br \/>\n<\/em><a href=\"mailto:makane@ksbe.edu\">makane@ksbe.edu<\/a><\/p>\n<\/div>\n<p>&nbsp;<\/p>\n<p><strong>Technology Support<\/strong><\/p>\n<p><strong>Kumu Kamaka Parker<\/strong><br \/>\n<em>Instructional Technology Resource Teacher<\/em><br \/>\n<a href=\"mailto:kaparker@ksbe.edu\">kaparker@ksbe.edu<\/a><\/p>\n<p>&nbsp;<\/p>\n<p>&nbsp;<\/p>\n","protected":false},"excerpt":{"rendered":"<p>P\u016b\u2018ulu\u00a0Kukui is made up of four core teachers (Social Studies, Math, Science, and English\/Language Arts), P.E.,\u00a0 electives, exploratory courses and one educational assistant. * Kukui advisory teachers Core teachers *Christy Mishina Papa Pelekania chmishin@ksbe.edu Lynn Ka\u02bb\u014dp\u016biki is P\u016b\u02bbulu Kukui\u2019s English &hellip; <a href=\"http:\/\/blogs.ksbe.edu\/kmskukui\/kukui-kumu\/\">Continue reading <span class=\"meta-nav\">&rarr;<\/span><\/a><\/p>\n","protected":false},"author":20,"featured_media":0,"parent":0,"menu_order":0,"comment_status":"open","ping_status":"open","template":"","meta":{"footnotes":""},"class_list":["post-9","page","type-page","status-publish","hentry"],"yoast_head":"<!-- This site is optimized with the Yoast SEO plugin v25.8 - https:\/\/yoast.com\/wordpress\/plugins\/seo\/ -->\n<title>N\u0101 Kumu - KMS P\u016b\u02bbulu Kukui<\/title>\n<meta name=\"robots\" content=\"index, follow, max-snippet:-1, max-image-preview:large, max-video-preview:-1\" \/>\n<link rel=\"canonical\" href=\"http:\/\/blogs.ksbe.edu\/kmskukui\/kukui-kumu\/\" \/>\n<meta property=\"og:locale\" content=\"en_US\" \/>\n<meta property=\"og:type\" content=\"article\" \/>\n<meta property=\"og:title\" content=\"N\u0101 Kumu - KMS P\u016b\u02bbulu Kukui\" \/>\n<meta property=\"og:description\" content=\"P\u016b\u2018ulu\u00a0Kukui is made up of four core teachers (Social Studies, Math, Science, and English\/Language Arts), P.E.,\u00a0 electives, exploratory courses and one educational assistant. * Kukui advisory teachers Core teachers *Christy Mishina Papa Pelekania chmishin@ksbe.edu Lynn Ka\u02bb\u014dp\u016biki is P\u016b\u02bbulu Kukui\u2019s English &hellip; Continue reading &rarr;\" \/>\n<meta property=\"og:url\" content=\"http:\/\/blogs.ksbe.edu\/kmskukui\/kukui-kumu\/\" \/>\n<meta property=\"og:site_name\" content=\"KMS P\u016b\u02bbulu Kukui\" \/>\n<meta property=\"article:modified_time\" content=\"2017-07-26T16:19:00+00:00\" \/>\n<meta property=\"og:image\" content=\"http:\/\/blogs.ksbe.edu\/kmskukui\/files\/2013\/08\/savage.jpg\" \/>\n<meta name=\"twitter:card\" content=\"summary_large_image\" \/>\n<meta name=\"twitter:label1\" content=\"Est. reading time\" \/>\n\t<meta name=\"twitter:data1\" content=\"3 minutes\" \/>\n<script type=\"application\/ld+json\" class=\"yoast-schema-graph\">{\"@context\":\"https:\/\/schema.org\",\"@graph\":[{\"@type\":\"WebPage\",\"@id\":\"http:\/\/blogs.ksbe.edu\/kmskukui\/kukui-kumu\/\",\"url\":\"http:\/\/blogs.ksbe.edu\/kmskukui\/kukui-kumu\/\",\"name\":\"N\u0101 Kumu - KMS P\u016b\u02bbulu Kukui\",\"isPartOf\":{\"@id\":\"http:\/\/blogs.ksbe.edu\/kmskukui\/#website\"},\"primaryImageOfPage\":{\"@id\":\"http:\/\/blogs.ksbe.edu\/kmskukui\/kukui-kumu\/#primaryimage\"},\"image\":{\"@id\":\"http:\/\/blogs.ksbe.edu\/kmskukui\/kukui-kumu\/#primaryimage\"},\"thumbnailUrl\":\"http:\/\/blogs.ksbe.edu\/kmskukui\/files\/2013\/08\/savage.jpg\",\"datePublished\":\"2013-08-02T20:19:58+00:00\",\"dateModified\":\"2017-07-26T16:19:00+00:00\",\"breadcrumb\":{\"@id\":\"http:\/\/blogs.ksbe.edu\/kmskukui\/kukui-kumu\/#breadcrumb\"},\"inLanguage\":\"en-US\",\"potentialAction\":[{\"@type\":\"ReadAction\",\"target\":[\"http:\/\/blogs.ksbe.edu\/kmskukui\/kukui-kumu\/\"]}]},{\"@type\":\"ImageObject\",\"inLanguage\":\"en-US\",\"@id\":\"http:\/\/blogs.ksbe.edu\/kmskukui\/kukui-kumu\/#primaryimage\",\"url\":\"http:\/\/blogs.ksbe.edu\/kmskukui\/files\/2013\/08\/savage.jpg\",\"contentUrl\":\"http:\/\/blogs.ksbe.edu\/kmskukui\/files\/2013\/08\/savage.jpg\",\"width\":225,\"height\":225},{\"@type\":\"BreadcrumbList\",\"@id\":\"http:\/\/blogs.ksbe.edu\/kmskukui\/kukui-kumu\/#breadcrumb\",\"itemListElement\":[{\"@type\":\"ListItem\",\"position\":1,\"name\":\"Home\",\"item\":\"http:\/\/blogs.ksbe.edu\/kmskukui\/\"},{\"@type\":\"ListItem\",\"position\":2,\"name\":\"N\u0101 Kumu\"}]},{\"@type\":\"WebSite\",\"@id\":\"http:\/\/blogs.ksbe.edu\/kmskukui\/#website\",\"url\":\"http:\/\/blogs.ksbe.edu\/kmskukui\/\",\"name\":\"KMS P\u016b\u02bbulu Kukui\",\"description\":\"E koho pono - Choose what is right\",\"potentialAction\":[{\"@type\":\"SearchAction\",\"target\":{\"@type\":\"EntryPoint\",\"urlTemplate\":\"http:\/\/blogs.ksbe.edu\/kmskukui\/?s={search_term_string}\"},\"query-input\":{\"@type\":\"PropertyValueSpecification\",\"valueRequired\":true,\"valueName\":\"search_term_string\"}}],\"inLanguage\":\"en-US\"}]}<\/script>\n<!-- \/ Yoast SEO plugin. -->","yoast_head_json":{"title":"N\u0101 Kumu - KMS P\u016b\u02bbulu Kukui","robots":{"index":"index","follow":"follow","max-snippet":"max-snippet:-1","max-image-preview":"max-image-preview:large","max-video-preview":"max-video-preview:-1"},"canonical":"http:\/\/blogs.ksbe.edu\/kmskukui\/kukui-kumu\/","og_locale":"en_US","og_type":"article","og_title":"N\u0101 Kumu - KMS P\u016b\u02bbulu Kukui","og_description":"P\u016b\u2018ulu\u00a0Kukui is made up of four core teachers (Social Studies, Math, Science, and English\/Language Arts), P.E.,\u00a0 electives, exploratory courses and one educational assistant. * Kukui advisory teachers Core teachers *Christy Mishina Papa Pelekania chmishin@ksbe.edu Lynn Ka\u02bb\u014dp\u016biki is P\u016b\u02bbulu Kukui\u2019s English &hellip; Continue reading &rarr;","og_url":"http:\/\/blogs.ksbe.edu\/kmskukui\/kukui-kumu\/","og_site_name":"KMS P\u016b\u02bbulu Kukui","article_modified_time":"2017-07-26T16:19:00+00:00","og_image":[{"url":"http:\/\/blogs.ksbe.edu\/kmskukui\/files\/2013\/08\/savage.jpg","type":"","width":"","height":""}],"twitter_card":"summary_large_image","twitter_misc":{"Est. reading time":"3 minutes"},"schema":{"@context":"https:\/\/schema.org","@graph":[{"@type":"WebPage","@id":"http:\/\/blogs.ksbe.edu\/kmskukui\/kukui-kumu\/","url":"http:\/\/blogs.ksbe.edu\/kmskukui\/kukui-kumu\/","name":"N\u0101 Kumu - KMS P\u016b\u02bbulu Kukui","isPartOf":{"@id":"http:\/\/blogs.ksbe.edu\/kmskukui\/#website"},"primaryImageOfPage":{"@id":"http:\/\/blogs.ksbe.edu\/kmskukui\/kukui-kumu\/#primaryimage"},"image":{"@id":"http:\/\/blogs.ksbe.edu\/kmskukui\/kukui-kumu\/#primaryimage"},"thumbnailUrl":"http:\/\/blogs.ksbe.edu\/kmskukui\/files\/2013\/08\/savage.jpg","datePublished":"2013-08-02T20:19:58+00:00","dateModified":"2017-07-26T16:19:00+00:00","breadcrumb":{"@id":"http:\/\/blogs.ksbe.edu\/kmskukui\/kukui-kumu\/#breadcrumb"},"inLanguage":"en-US","potentialAction":[{"@type":"ReadAction","target":["http:\/\/blogs.ksbe.edu\/kmskukui\/kukui-kumu\/"]}]},{"@type":"ImageObject","inLanguage":"en-US","@id":"http:\/\/blogs.ksbe.edu\/kmskukui\/kukui-kumu\/#primaryimage","url":"http:\/\/blogs.ksbe.edu\/kmskukui\/files\/2013\/08\/savage.jpg","contentUrl":"http:\/\/blogs.ksbe.edu\/kmskukui\/files\/2013\/08\/savage.jpg","width":225,"height":225},{"@type":"BreadcrumbList","@id":"http:\/\/blogs.ksbe.edu\/kmskukui\/kukui-kumu\/#breadcrumb","itemListElement":[{"@type":"ListItem","position":1,"name":"Home","item":"http:\/\/blogs.ksbe.edu\/kmskukui\/"},{"@type":"ListItem","position":2,"name":"N\u0101 Kumu"}]},{"@type":"WebSite","@id":"http:\/\/blogs.ksbe.edu\/kmskukui\/#website","url":"http:\/\/blogs.ksbe.edu\/kmskukui\/","name":"KMS P\u016b\u02bbulu Kukui","description":"E koho pono - Choose what is right","potentialAction":[{"@type":"SearchAction","target":{"@type":"EntryPoint","urlTemplate":"http:\/\/blogs.ksbe.edu\/kmskukui\/?s={search_term_string}"},"query-input":{"@type":"PropertyValueSpecification","valueRequired":true,"valueName":"search_term_string"}}],"inLanguage":"en-US"}]}},"_links":{"self":[{"href":"http:\/\/blogs.ksbe.edu\/kmskukui\/wp-json\/wp\/v2\/pages\/9","targetHints":{"allow":["GET"]}}],"collection":[{"href":"http:\/\/blogs.ksbe.edu\/kmskukui\/wp-json\/wp\/v2\/pages"}],"about":[{"href":"http:\/\/blogs.ksbe.edu\/kmskukui\/wp-json\/wp\/v2\/types\/page"}],"author":[{"embeddable":true,"href":"http:\/\/blogs.ksbe.edu\/kmskukui\/wp-json\/wp\/v2\/users\/20"}],"replies":[{"embeddable":true,"href":"http:\/\/blogs.ksbe.edu\/kmskukui\/wp-json\/wp\/v2\/comments?post=9"}],"version-history":[{"count":0,"href":"http:\/\/blogs.ksbe.edu\/kmskukui\/wp-json\/wp\/v2\/pages\/9\/revisions"}],"wp:attachment":[{"href":"http:\/\/blogs.ksbe.edu\/kmskukui\/wp-json\/wp\/v2\/media?parent=9"}],"curies":[{"name":"wp","href":"https:\/\/api.w.org\/{rel}","templated":true}]}}