{"id":363,"date":"2018-03-08T10:55:50","date_gmt":"2018-03-08T20:55:50","guid":{"rendered":"http:\/\/blogsksbeedu.wpenginepowered.com\/hpkkw\/?page_id=363"},"modified":"2020-03-20T08:11:02","modified_gmt":"2020-03-20T18:11:02","slug":"2018-laptop-roll-in","status":"publish","type":"page","link":"http:\/\/blogs.ksbe.edu\/hpkkw\/","title":{"rendered":"Welina mai e n\u0101 haum\u0101na, n\u0101 kumu, a me n\u0101 \u02bbohana!"},"content":{"rendered":"\n<figure class=\"wp-block-image\"><img decoding=\"async\" src=\"blob:https:\/\/blogs.ksbe.edu\/2a774daa-0dd1-4663-a06c-3559766dedaa\" alt=\"\"\/><\/figure>\n\n\n<p>Welcome to the Hale P\u0101hana K\u012bpaepae, Kula Waena 1:1 progam. Our objective is to prepare and provide assistance to faculty, students and parents on the use of technology for the Kula Waena including training in ethics, expectations, and liability.\u00a0\u00a0<\/p>\n<p style=\"text-align: center;\"><strong>Long Distance Learning Guide Lines<\/strong><\/p>\n<ul>\n<li>Damaged equipment<\/li>\n<li>Trouble with programs<\/li>\n<li>Student laptop locked\u00a0<\/li>\n<\/ul>\n<p><strong>Damage Equipment:<\/strong><\/p>\n<p><span style=\"font-weight: 400;\">Process:\u00a0 Student (or student representative) must bring computer and\/or charger to campus to switch out.\u00a0 The student must communicate via phone and\/or email to HPK direct their username and password so a loaner computer can be set up.\u00a0 Loaner computers must be logged in on campus at least once before students can take home.<\/span><\/p>\n<p><span style=\"font-weight: 400;\">Description:\u00a0 Should a student have their computer and\/or charger damaged, the only way that we will be able to service is if someone brings the damaged item to school and HPK will provide the student with a replacement.<\/span><\/p>\n<p><strong>Application \/ Program Support<\/strong><\/p>\n<p><span style=\"font-weight: 400;\">Process:\u00a0 Students can contact HPK support via phone and\/or email.<\/span><\/p>\n<p><span style=\"font-weight: 400;\">Description:\u00a0 Should a student have questions and\/or concerns regarding certain programs, they will be able to contact HPK staff (808.982.0768 or hpk@ksbe.edu).\u00a0 There will be a single point of contact where calls will then be forwarded to appropriate support.\u00a0 <\/span><span style=\"font-weight: 400;\">Remote assistance available via Lanschool if needed.<\/span><\/p>\n<p><strong>Student Laptop Locked<\/strong><\/p>\n<p><span style=\"font-weight: 400;\">Description:\u00a0 Should a student get locked out of their computer, HPK will work with IT\/ERD to change the amount of times the student has to login to their computer.\u00a0 At present times, students have 3-5 wrong attempts before they get locked out. We will work to increase that number to 8-10 wrong attempts.<\/span><span style=\"font-weight: 400;\">Currently, the default student lockout time is 30 minutes, at which time, the computer will allow students to make attempts again.\u00a0 HPK will work with IT\/ERD to change the amount of time from 30 minutes to 10-15 minutes.<\/span><\/p>\n<p>This support will remain in place as long as distance learning is used and will refer back to standard procedures once school is reopened.\u00a0\u00a0<\/p>\n<p>HPK Support staff and contact information:<\/p>\n\n\n<figure class=\"wp-block-image is-resized\"><img loading=\"lazy\" decoding=\"async\" src=\"https:\/\/blogs.ksbe.edu\/hpkkw\/files\/2019\/11\/welcome-page-2-1024x274.jpg\" alt=\"\" class=\"wp-image-676\" width=\"759\" height=\"203\" srcset=\"http:\/\/blogs.ksbe.edu\/hpkkw\/files\/2019\/11\/welcome-page-2-1024x274.jpg 1024w, http:\/\/blogs.ksbe.edu\/hpkkw\/files\/2019\/11\/welcome-page-2-300x80.jpg 300w, http:\/\/blogs.ksbe.edu\/hpkkw\/files\/2019\/11\/welcome-page-2-768x205.jpg 768w, http:\/\/blogs.ksbe.edu\/hpkkw\/files\/2019\/11\/welcome-page-2-624x167.jpg 624w, http:\/\/blogs.ksbe.edu\/hpkkw\/files\/2019\/11\/welcome-page-2.jpg 1100w\" sizes=\"auto, (max-width: 759px) 100vw, 759px\" \/><\/figure>\n\n\n\n<p><\/p>\n\n\n\n<p><\/p>\n","protected":false},"excerpt":{"rendered":"<p>Welcome to the Hale P\u0101hana K\u012bpaepae, Kula Waena 1:1 progam. Our objective is to prepare and provide assistance to faculty, students and parents on the use of technology for the [&hellip;]<\/p>\n","protected":false},"author":1152,"featured_media":0,"parent":0,"menu_order":0,"comment_status":"closed","ping_status":"closed","template":"","meta":{"footnotes":""},"class_list":["post-363","page","type-page","status-publish","hentry"],"yoast_head":"<!-- This site is optimized with the Yoast SEO plugin v25.8 - https:\/\/yoast.com\/wordpress\/plugins\/seo\/ -->\n<title>Welina mai e n\u0101 haum\u0101na, n\u0101 kumu, a me n\u0101 \u02bbohana! - Hale P\u0101hana K\u012bpaepae Kula Waena<\/title>\n<meta name=\"robots\" content=\"index, follow, max-snippet:-1, max-image-preview:large, max-video-preview:-1\" \/>\n<link rel=\"canonical\" href=\"https:\/\/blogs.ksbe.edu\/hpkkw\/\" \/>\n<meta property=\"og:locale\" content=\"en_US\" \/>\n<meta property=\"og:type\" content=\"article\" \/>\n<meta property=\"og:title\" content=\"Welina mai e n\u0101 haum\u0101na, n\u0101 kumu, a me n\u0101 \u02bbohana! - Hale P\u0101hana K\u012bpaepae Kula Waena\" \/>\n<meta property=\"og:description\" content=\"Welcome to the Hale P\u0101hana K\u012bpaepae, Kula Waena 1:1 progam. Our objective is to prepare and provide assistance to faculty, students and parents on the use of technology for the [&hellip;]\" \/>\n<meta property=\"og:url\" content=\"https:\/\/blogs.ksbe.edu\/hpkkw\/\" \/>\n<meta property=\"og:site_name\" content=\"Hale P\u0101hana K\u012bpaepae Kula Waena\" \/>\n<meta property=\"article:modified_time\" content=\"2020-03-20T18:11:02+00:00\" \/>\n<meta property=\"og:image\" content=\"https:\/\/blogs.ksbe.edu\/hpkkw\/files\/2019\/11\/welcome-page-2-1024x274.jpg\" \/>\n<meta name=\"twitter:card\" content=\"summary_large_image\" \/>\n<meta name=\"twitter:label1\" content=\"Est. reading time\" \/>\n\t<meta name=\"twitter:data1\" content=\"2 minutes\" \/>\n<script type=\"application\/ld+json\" class=\"yoast-schema-graph\">{\"@context\":\"https:\/\/schema.org\",\"@graph\":[{\"@type\":\"WebPage\",\"@id\":\"https:\/\/blogs.ksbe.edu\/hpkkw\/\",\"url\":\"https:\/\/blogs.ksbe.edu\/hpkkw\/\",\"name\":\"Welina mai e n\u0101 haum\u0101na, n\u0101 kumu, a me n\u0101 \u02bbohana! - Hale P\u0101hana K\u012bpaepae Kula Waena\",\"isPartOf\":{\"@id\":\"https:\/\/blogs.ksbe.edu\/hpkkw\/#website\"},\"primaryImageOfPage\":{\"@id\":\"https:\/\/blogs.ksbe.edu\/hpkkw\/#primaryimage\"},\"image\":{\"@id\":\"https:\/\/blogs.ksbe.edu\/hpkkw\/#primaryimage\"},\"thumbnailUrl\":\"https:\/\/blogs.ksbe.edu\/hpkkw\/files\/2019\/11\/welcome-page-2-1024x274.jpg\",\"datePublished\":\"2018-03-08T20:55:50+00:00\",\"dateModified\":\"2020-03-20T18:11:02+00:00\",\"breadcrumb\":{\"@id\":\"https:\/\/blogs.ksbe.edu\/hpkkw\/#breadcrumb\"},\"inLanguage\":\"en-US\",\"potentialAction\":[{\"@type\":\"ReadAction\",\"target\":[\"https:\/\/blogs.ksbe.edu\/hpkkw\/\"]}]},{\"@type\":\"ImageObject\",\"inLanguage\":\"en-US\",\"@id\":\"https:\/\/blogs.ksbe.edu\/hpkkw\/#primaryimage\",\"url\":\"https:\/\/blogs.ksbe.edu\/hpkkw\/files\/2019\/11\/welcome-page-2-1024x274.jpg\",\"contentUrl\":\"https:\/\/blogs.ksbe.edu\/hpkkw\/files\/2019\/11\/welcome-page-2-1024x274.jpg\"},{\"@type\":\"BreadcrumbList\",\"@id\":\"https:\/\/blogs.ksbe.edu\/hpkkw\/#breadcrumb\",\"itemListElement\":[{\"@type\":\"ListItem\",\"position\":1,\"name\":\"Home\",\"item\":\"https:\/\/blogs.ksbe.edu\/hpkkw\/\"},{\"@type\":\"ListItem\",\"position\":2,\"name\":\"Welina mai e n\u0101 haum\u0101na, n\u0101 kumu, a me n\u0101 \u02bbohana!\"}]},{\"@type\":\"WebSite\",\"@id\":\"https:\/\/blogs.ksbe.edu\/hpkkw\/#website\",\"url\":\"https:\/\/blogs.ksbe.edu\/hpkkw\/\",\"name\":\"Hale P\u0101hana K\u012bpaepae Kula Waena\",\"description\":\"\",\"potentialAction\":[{\"@type\":\"SearchAction\",\"target\":{\"@type\":\"EntryPoint\",\"urlTemplate\":\"https:\/\/blogs.ksbe.edu\/hpkkw\/?s={search_term_string}\"},\"query-input\":{\"@type\":\"PropertyValueSpecification\",\"valueRequired\":true,\"valueName\":\"search_term_string\"}}],\"inLanguage\":\"en-US\"}]}<\/script>\n<!-- \/ Yoast SEO plugin. -->","yoast_head_json":{"title":"Welina mai e n\u0101 haum\u0101na, n\u0101 kumu, a me n\u0101 \u02bbohana! - Hale P\u0101hana K\u012bpaepae Kula Waena","robots":{"index":"index","follow":"follow","max-snippet":"max-snippet:-1","max-image-preview":"max-image-preview:large","max-video-preview":"max-video-preview:-1"},"canonical":"https:\/\/blogs.ksbe.edu\/hpkkw\/","og_locale":"en_US","og_type":"article","og_title":"Welina mai e n\u0101 haum\u0101na, n\u0101 kumu, a me n\u0101 \u02bbohana! - Hale P\u0101hana K\u012bpaepae Kula Waena","og_description":"Welcome to the Hale P\u0101hana K\u012bpaepae, Kula Waena 1:1 progam. Our objective is to prepare and provide assistance to faculty, students and parents on the use of technology for the [&hellip;]","og_url":"https:\/\/blogs.ksbe.edu\/hpkkw\/","og_site_name":"Hale P\u0101hana K\u012bpaepae Kula Waena","article_modified_time":"2020-03-20T18:11:02+00:00","og_image":[{"url":"https:\/\/blogs.ksbe.edu\/hpkkw\/files\/2019\/11\/welcome-page-2-1024x274.jpg","type":"","width":"","height":""}],"twitter_card":"summary_large_image","twitter_misc":{"Est. reading time":"2 minutes"},"schema":{"@context":"https:\/\/schema.org","@graph":[{"@type":"WebPage","@id":"https:\/\/blogs.ksbe.edu\/hpkkw\/","url":"https:\/\/blogs.ksbe.edu\/hpkkw\/","name":"Welina mai e n\u0101 haum\u0101na, n\u0101 kumu, a me n\u0101 \u02bbohana! - Hale P\u0101hana K\u012bpaepae Kula Waena","isPartOf":{"@id":"https:\/\/blogs.ksbe.edu\/hpkkw\/#website"},"primaryImageOfPage":{"@id":"https:\/\/blogs.ksbe.edu\/hpkkw\/#primaryimage"},"image":{"@id":"https:\/\/blogs.ksbe.edu\/hpkkw\/#primaryimage"},"thumbnailUrl":"https:\/\/blogs.ksbe.edu\/hpkkw\/files\/2019\/11\/welcome-page-2-1024x274.jpg","datePublished":"2018-03-08T20:55:50+00:00","dateModified":"2020-03-20T18:11:02+00:00","breadcrumb":{"@id":"https:\/\/blogs.ksbe.edu\/hpkkw\/#breadcrumb"},"inLanguage":"en-US","potentialAction":[{"@type":"ReadAction","target":["https:\/\/blogs.ksbe.edu\/hpkkw\/"]}]},{"@type":"ImageObject","inLanguage":"en-US","@id":"https:\/\/blogs.ksbe.edu\/hpkkw\/#primaryimage","url":"https:\/\/blogs.ksbe.edu\/hpkkw\/files\/2019\/11\/welcome-page-2-1024x274.jpg","contentUrl":"https:\/\/blogs.ksbe.edu\/hpkkw\/files\/2019\/11\/welcome-page-2-1024x274.jpg"},{"@type":"BreadcrumbList","@id":"https:\/\/blogs.ksbe.edu\/hpkkw\/#breadcrumb","itemListElement":[{"@type":"ListItem","position":1,"name":"Home","item":"https:\/\/blogs.ksbe.edu\/hpkkw\/"},{"@type":"ListItem","position":2,"name":"Welina mai e n\u0101 haum\u0101na, n\u0101 kumu, a me n\u0101 \u02bbohana!"}]},{"@type":"WebSite","@id":"https:\/\/blogs.ksbe.edu\/hpkkw\/#website","url":"https:\/\/blogs.ksbe.edu\/hpkkw\/","name":"Hale P\u0101hana K\u012bpaepae Kula Waena","description":"","potentialAction":[{"@type":"SearchAction","target":{"@type":"EntryPoint","urlTemplate":"https:\/\/blogs.ksbe.edu\/hpkkw\/?s={search_term_string}"},"query-input":{"@type":"PropertyValueSpecification","valueRequired":true,"valueName":"search_term_string"}}],"inLanguage":"en-US"}]}},"_links":{"self":[{"href":"http:\/\/blogs.ksbe.edu\/hpkkw\/wp-json\/wp\/v2\/pages\/363","targetHints":{"allow":["GET"]}}],"collection":[{"href":"http:\/\/blogs.ksbe.edu\/hpkkw\/wp-json\/wp\/v2\/pages"}],"about":[{"href":"http:\/\/blogs.ksbe.edu\/hpkkw\/wp-json\/wp\/v2\/types\/page"}],"author":[{"embeddable":true,"href":"http:\/\/blogs.ksbe.edu\/hpkkw\/wp-json\/wp\/v2\/users\/1152"}],"replies":[{"embeddable":true,"href":"http:\/\/blogs.ksbe.edu\/hpkkw\/wp-json\/wp\/v2\/comments?post=363"}],"version-history":[{"count":0,"href":"http:\/\/blogs.ksbe.edu\/hpkkw\/wp-json\/wp\/v2\/pages\/363\/revisions"}],"wp:attachment":[{"href":"http:\/\/blogs.ksbe.edu\/hpkkw\/wp-json\/wp\/v2\/media?parent=363"}],"curies":[{"name":"wp","href":"https:\/\/api.w.org\/{rel}","templated":true}]}}