{"id":100,"date":"2010-02-10T14:40:26","date_gmt":"2010-02-11T00:40:26","guid":{"rendered":"http:\/\/blogsksbeedu.wpenginepowered.com\/cydebus\/?page_id=100"},"modified":"2019-08-12T15:44:19","modified_gmt":"2019-08-13T01:44:19","slug":"keiki-choir","status":"publish","type":"page","link":"http:\/\/blogs.ksbe.edu\/cydebus\/keiki-choir\/","title":{"rendered":"Keiki Choir"},"content":{"rendered":"\n<h2 class=\"wp-block-heading\">All Hawai&#8217;i Stand Together<\/h2>\n\n\n\n<figure class=\"wp-block-embed-youtube wp-block-embed is-type-video is-provider-youtube wp-embed-aspect-16-9 wp-has-aspect-ratio\"><div class=\"wp-block-embed__wrapper\">\n<iframe loading=\"lazy\" title=\"All Hawaii Stand Together by Liko Martin\" width=\"640\" height=\"360\" src=\"https:\/\/www.youtube.com\/embed\/LV5qNZox4T8?feature=oembed\" frameborder=\"0\" allow=\"accelerometer; autoplay; clipboard-write; encrypted-media; gyroscope; picture-in-picture; web-share\" referrerpolicy=\"strict-origin-when-cross-origin\" allowfullscreen><\/iframe>\n<\/div><\/figure>\n\n\n\n<h2 class=\"wp-block-heading\"><strong>Kanaka Waiwai<\/strong><\/h2>\n\n\n\n<p>Happy Practicing<\/p>\n\n\n\n<figure class=\"wp-block-embed-youtube wp-block-embed is-type-video is-provider-youtube wp-embed-aspect-16-9 wp-has-aspect-ratio\"><div class=\"wp-block-embed__wrapper\">\n<iframe loading=\"lazy\" title=\"Mark Yamanaka - Kanaka Waiwai (HiSessions.com Acoustic Live!)\" width=\"640\" height=\"360\" src=\"https:\/\/www.youtube.com\/embed\/CVKAJj5HLZ4?feature=oembed\" frameborder=\"0\" allow=\"accelerometer; autoplay; clipboard-write; encrypted-media; gyroscope; picture-in-picture; web-share\" referrerpolicy=\"strict-origin-when-cross-origin\" allowfullscreen><\/iframe>\n<\/div><\/figure>\n\n\n\n<h2 class=\"wp-block-heading\">Click below to practice E N\u0101n\u0101 K\u0101kou I N\u0101 Manu<\/h2>\n\n\n\n<figure class=\"wp-block-audio\"><audio controls src=\"https:\/\/blogs.ksbe.edu\/cydebus\/files\/2019\/04\/E-Na\u0304na\u0304-Ka\u0304kou-I-Na\u0304-Manu.mp3\"><\/audio><\/figure>\n\n\n<h2><strong>\u00a0The Lord\u02bbs Prayer practice video<\/strong><\/h2>\n<p><iframe loading=\"lazy\" title=\"The Lord\u2019s Prayer - practice video\" src=\"https:\/\/player.vimeo.com\/video\/269289252?dnt=1&amp;app_id=122963\" width=\"640\" height=\"360\" frameborder=\"0\" allow=\"autoplay; fullscreen; picture-in-picture; clipboard-write; encrypted-media\"><\/iframe><\/p>\n<p>\u00a0<\/p>\n<h2><strong>\u00a0 \u00a0He \u02bbOno by the choir<\/strong><\/h2>\n<p><iframe loading=\"lazy\" title=\"HE \u2018ONO\" src=\"https:\/\/player.vimeo.com\/video\/269288988?dnt=1&amp;app_id=122963\" width=\"640\" height=\"360\" frameborder=\"0\" allow=\"autoplay; fullscreen; picture-in-picture; clipboard-write; encrypted-media\"><\/iframe><\/p>\n<h1>He \u02bbOno &#8211; Slow Learning Version<\/h1>\n<p><a href=\"https:\/\/vimeo.com\/268073249\">https:\/\/vimeo.com\/268073249<\/a><\/p>\n<h1>He \u02bbOno<\/h1>\n<p>\u00a0<\/p>\n<p><iframe loading=\"lazy\" title=\"He \u02bbOno\" src=\"https:\/\/player.vimeo.com\/video\/268073352?dnt=1&amp;app_id=122963\" width=\"640\" height=\"360\" frameborder=\"0\" allow=\"autoplay; fullscreen; picture-in-picture; clipboard-write; encrypted-media\"><\/iframe><\/p>\n<h1>\u00a0<\/h1>\n<p><strong><a href=\"https:\/\/vimeo.com\/264298638\">https:\/\/vimeo.com\/264298638<\/a>\u00a0 This is the learning version, Kumu Baker sings the mele nice and slow. Have fun!<\/strong><\/p>\n<p><strong><a href=\"https:\/\/vimeo.com\/264298854\">https:\/\/vimeo.com\/264298854<\/a>\u00a0 English then Hawaiian<\/strong><\/p>\n<p><strong><a href=\"https:\/\/vimeo.com\/264298809\">https:\/\/vimeo.com\/264298809<\/a> In Hawaiian and then FAST in Hawaiian<\/strong><\/p>\n<h1>\u00a0<\/h1>\n<p>How Far I&#8217;ll Go<\/p>\n<p><iframe loading=\"lazy\" title=\"Moana How Far I&#039;ll Go Lyrics Auli&#039;i Cravalho\" width=\"640\" height=\"360\" src=\"https:\/\/www.youtube.com\/embed\/i66p0_wZ9F0?feature=oembed\" frameborder=\"0\" allow=\"accelerometer; autoplay; clipboard-write; encrypted-media; gyroscope; picture-in-picture; web-share\" referrerpolicy=\"strict-origin-when-cross-origin\" allowfullscreen><\/iframe><\/p>\n<p>\u00a0<\/p>\n<p>\u00a0<\/p>\n<p><span style=\"color: #0000ff;\"><strong> WEAVE ONE HEART- \u00a0 \u00a0http:\/\/www.vimeo.com\/19079919<\/strong><\/span><\/p>\n<p><span style=\"color: #0000ff;\"><strong>UA MAU- \u00a0 \u00a0http:\/\/www.vimeo.com\/19108944<\/strong><\/span><\/p>\n<p><span style=\"color: #0000ff;\"><strong>\u00a0<\/strong><\/span><\/p>\n<p>\u00a0<\/p>","protected":false},"excerpt":{"rendered":"<p>All Hawai&#8217;i Stand Together Kanaka Waiwai Happy Practicing Click below to practice E N\u0101n\u0101 K\u0101kou I N\u0101 Manu \u00a0The Lord\u02bbs Prayer practice video \u00a0 \u00a0 \u00a0He \u02bbOno by the choir He \u02bbOno &#8211; Slow Learning Version He \u02bbOno \u00a0 \u00a0 &hellip; <a href=\"http:\/\/blogs.ksbe.edu\/cydebus\/keiki-choir\/\">Continue reading <span class=\"meta-nav\">&rarr;<\/span><\/a><\/p>\n","protected":false},"author":159,"featured_media":0,"parent":0,"menu_order":10,"comment_status":"open","ping_status":"closed","template":"","meta":{"footnotes":""},"class_list":["post-100","page","type-page","status-publish","hentry"],"yoast_head":"<!-- This site is optimized with the Yoast SEO plugin v25.8 - https:\/\/yoast.com\/wordpress\/plugins\/seo\/ -->\n<title>Keiki Choir - Mrs.Debus<\/title>\n<meta name=\"robots\" content=\"index, follow, max-snippet:-1, max-image-preview:large, max-video-preview:-1\" \/>\n<link rel=\"canonical\" href=\"http:\/\/blogs.ksbe.edu\/cydebus\/keiki-choir\/\" \/>\n<meta property=\"og:locale\" content=\"en_US\" \/>\n<meta property=\"og:type\" content=\"article\" \/>\n<meta property=\"og:title\" content=\"Keiki Choir - Mrs.Debus\" \/>\n<meta property=\"og:description\" content=\"All Hawai&#8217;i Stand Together Kanaka Waiwai Happy Practicing Click below to practice E N\u0101n\u0101 K\u0101kou I N\u0101 Manu \u00a0The Lord\u02bbs Prayer practice video \u00a0 \u00a0 \u00a0He \u02bbOno by the choir He \u02bbOno &#8211; Slow Learning Version He \u02bbOno \u00a0 \u00a0 &hellip; Continue reading &rarr;\" \/>\n<meta property=\"og:url\" content=\"http:\/\/blogs.ksbe.edu\/cydebus\/keiki-choir\/\" \/>\n<meta property=\"og:site_name\" content=\"Mrs.Debus\" \/>\n<meta property=\"article:modified_time\" content=\"2019-08-13T01:44:19+00:00\" \/>\n<meta name=\"twitter:card\" content=\"summary_large_image\" \/>\n<meta name=\"twitter:label1\" content=\"Est. reading time\" \/>\n\t<meta name=\"twitter:data1\" content=\"1 minute\" \/>\n<script type=\"application\/ld+json\" class=\"yoast-schema-graph\">{\"@context\":\"https:\/\/schema.org\",\"@graph\":[{\"@type\":\"WebPage\",\"@id\":\"http:\/\/blogs.ksbe.edu\/cydebus\/keiki-choir\/\",\"url\":\"http:\/\/blogs.ksbe.edu\/cydebus\/keiki-choir\/\",\"name\":\"Keiki Choir - Mrs.Debus\",\"isPartOf\":{\"@id\":\"https:\/\/blogs.ksbe.edu\/cydebus\/#website\"},\"datePublished\":\"2010-02-11T00:40:26+00:00\",\"dateModified\":\"2019-08-13T01:44:19+00:00\",\"breadcrumb\":{\"@id\":\"http:\/\/blogs.ksbe.edu\/cydebus\/keiki-choir\/#breadcrumb\"},\"inLanguage\":\"en-US\",\"potentialAction\":[{\"@type\":\"ReadAction\",\"target\":[\"http:\/\/blogs.ksbe.edu\/cydebus\/keiki-choir\/\"]}]},{\"@type\":\"BreadcrumbList\",\"@id\":\"http:\/\/blogs.ksbe.edu\/cydebus\/keiki-choir\/#breadcrumb\",\"itemListElement\":[{\"@type\":\"ListItem\",\"position\":1,\"name\":\"Home\",\"item\":\"https:\/\/blogs.ksbe.edu\/cydebus\/\"},{\"@type\":\"ListItem\",\"position\":2,\"name\":\"Keiki Choir\"}]},{\"@type\":\"WebSite\",\"@id\":\"https:\/\/blogs.ksbe.edu\/cydebus\/#website\",\"url\":\"https:\/\/blogs.ksbe.edu\/cydebus\/\",\"name\":\"Mrs.Debus\",\"description\":\"Elementary Music\",\"potentialAction\":[{\"@type\":\"SearchAction\",\"target\":{\"@type\":\"EntryPoint\",\"urlTemplate\":\"https:\/\/blogs.ksbe.edu\/cydebus\/?s={search_term_string}\"},\"query-input\":{\"@type\":\"PropertyValueSpecification\",\"valueRequired\":true,\"valueName\":\"search_term_string\"}}],\"inLanguage\":\"en-US\"}]}<\/script>\n<!-- \/ Yoast SEO plugin. -->","yoast_head_json":{"title":"Keiki Choir - Mrs.Debus","robots":{"index":"index","follow":"follow","max-snippet":"max-snippet:-1","max-image-preview":"max-image-preview:large","max-video-preview":"max-video-preview:-1"},"canonical":"http:\/\/blogs.ksbe.edu\/cydebus\/keiki-choir\/","og_locale":"en_US","og_type":"article","og_title":"Keiki Choir - Mrs.Debus","og_description":"All Hawai&#8217;i Stand Together Kanaka Waiwai Happy Practicing Click below to practice E N\u0101n\u0101 K\u0101kou I N\u0101 Manu \u00a0The Lord\u02bbs Prayer practice video \u00a0 \u00a0 \u00a0He \u02bbOno by the choir He \u02bbOno &#8211; Slow Learning Version He \u02bbOno \u00a0 \u00a0 &hellip; Continue reading &rarr;","og_url":"http:\/\/blogs.ksbe.edu\/cydebus\/keiki-choir\/","og_site_name":"Mrs.Debus","article_modified_time":"2019-08-13T01:44:19+00:00","twitter_card":"summary_large_image","twitter_misc":{"Est. reading time":"1 minute"},"schema":{"@context":"https:\/\/schema.org","@graph":[{"@type":"WebPage","@id":"http:\/\/blogs.ksbe.edu\/cydebus\/keiki-choir\/","url":"http:\/\/blogs.ksbe.edu\/cydebus\/keiki-choir\/","name":"Keiki Choir - Mrs.Debus","isPartOf":{"@id":"https:\/\/blogs.ksbe.edu\/cydebus\/#website"},"datePublished":"2010-02-11T00:40:26+00:00","dateModified":"2019-08-13T01:44:19+00:00","breadcrumb":{"@id":"http:\/\/blogs.ksbe.edu\/cydebus\/keiki-choir\/#breadcrumb"},"inLanguage":"en-US","potentialAction":[{"@type":"ReadAction","target":["http:\/\/blogs.ksbe.edu\/cydebus\/keiki-choir\/"]}]},{"@type":"BreadcrumbList","@id":"http:\/\/blogs.ksbe.edu\/cydebus\/keiki-choir\/#breadcrumb","itemListElement":[{"@type":"ListItem","position":1,"name":"Home","item":"https:\/\/blogs.ksbe.edu\/cydebus\/"},{"@type":"ListItem","position":2,"name":"Keiki Choir"}]},{"@type":"WebSite","@id":"https:\/\/blogs.ksbe.edu\/cydebus\/#website","url":"https:\/\/blogs.ksbe.edu\/cydebus\/","name":"Mrs.Debus","description":"Elementary Music","potentialAction":[{"@type":"SearchAction","target":{"@type":"EntryPoint","urlTemplate":"https:\/\/blogs.ksbe.edu\/cydebus\/?s={search_term_string}"},"query-input":{"@type":"PropertyValueSpecification","valueRequired":true,"valueName":"search_term_string"}}],"inLanguage":"en-US"}]}},"_links":{"self":[{"href":"http:\/\/blogs.ksbe.edu\/cydebus\/wp-json\/wp\/v2\/pages\/100","targetHints":{"allow":["GET"]}}],"collection":[{"href":"http:\/\/blogs.ksbe.edu\/cydebus\/wp-json\/wp\/v2\/pages"}],"about":[{"href":"http:\/\/blogs.ksbe.edu\/cydebus\/wp-json\/wp\/v2\/types\/page"}],"author":[{"embeddable":true,"href":"http:\/\/blogs.ksbe.edu\/cydebus\/wp-json\/wp\/v2\/users\/159"}],"replies":[{"embeddable":true,"href":"http:\/\/blogs.ksbe.edu\/cydebus\/wp-json\/wp\/v2\/comments?post=100"}],"version-history":[{"count":0,"href":"http:\/\/blogs.ksbe.edu\/cydebus\/wp-json\/wp\/v2\/pages\/100\/revisions"}],"wp:attachment":[{"href":"http:\/\/blogs.ksbe.edu\/cydebus\/wp-json\/wp\/v2\/media?parent=100"}],"curies":[{"name":"wp","href":"https:\/\/api.w.org\/{rel}","templated":true}]}}